{"id":9904,"date":"2024-04-26T11:18:00","date_gmt":"2024-04-26T15:18:00","guid":{"rendered":"https:\/\/cog.ca\/policy\/"},"modified":"2025-09-10T15:36:55","modified_gmt":"2025-09-10T19:36:55","slug":"policy","status":"publish","type":"page","link":"https:\/\/cog.ca\/fr\/policy\/","title":{"rendered":"Politiques"},"content":{"rendered":"\n<h2 class=\"wp-block-heading has-text-align-center\">Politique pour un syst\u00e8me alimentaire r\u00e9g\u00e9n\u00e9rateur et r\u00e9silient<\/h2>\n\n\n\n<hr class=\"wp-block-separator has-alpha-channel-opacity is-style-accent-center\"\/>\n\n\n\n<p>Avec l\u2019aggravation des ph\u00e9nom\u00e8nes climatiques et \u00e9conomiques extr\u00eames, les agriculteurs recherchent des moyens de renforcer leur r\u00e9silience. Gr\u00e2ce \u00e0 une gestion \u00e9cologique, l\u2019agriculture peut jouer un r\u00f4le majeur dans la lutte contre le changement climatique, la s\u00e9curit\u00e9 alimentaire et les moyens de subsistance des agriculteurs. L\u2019agriculture biologique et r\u00e9g\u00e9n\u00e9rative augmente les profits, restaure la sant\u00e9 des sols et la biodiversit\u00e9, et fournit des aliments nutritifs tout en r\u00e9duisant les \u00e9missions et en s\u00e9questrant le carbone. Ces syst\u00e8mes de gestion servent de plateformes d\u2019innovation \u00e9cologique, travaillant avec les cycles de la nature pour r\u00e9duire la d\u00e9pendance aux intrants fossiles. L\u2019adoption de ces pratiques profite \u00e0 tous les producteurs en relevant des d\u00e9fis tels que les co\u00fbts des intrants, l\u2019\u00e9rosion des sols et les impacts environnementaux.<br><br>Bien qu\u2019il soit le cinqui\u00e8me march\u00e9 biologique mondial, le Canada ne dispose pas d\u2019une politique f\u00e9d\u00e9rale en faveur de l\u2019agriculture biologique, ce qui d\u00e9savantage nos agriculteurs et creuse l\u2019\u00e9cart de production. Cela limite les revenus et la r\u00e9silience des agriculteurs canadiens, ainsi que l\u2019acc\u00e8s des consommateurs aux produits biologiques canadiens. Alors que les pays du monde entier investissent dans l\u2019agriculture biologique et l\u2019agro\u00e9cologie, nous avons besoin de mesures politiques urgentes pour garantir la r\u00e9silience climatique et la s\u00e9curit\u00e9 alimentaire pour tous. Nous plaidons en faveur de l\u2019agriculture biologique et r\u00e9g\u00e9n\u00e9rative, promouvons des politiques centr\u00e9es sur les agriculteurs et la transition vers un syst\u00e8me alimentaire r\u00e9g\u00e9n\u00e9ratif.<\/p>\n\n\n\n<p>Les agriculteurs sont en premi\u00e8re ligne pour g\u00e9rer de nombreuses menaces li\u00e9es au climat et ils ont besoin d\u00e8s aujourd\u2019hui d\u2019un soutien et de conseils pour assurer leur succ\u00e8s pour les g\u00e9n\u00e9rations \u00e0 venir. Il est essentiel de planifier d\u00e8s aujourd\u2019hui une agriculture durable \u00e0 long terme qui donne la priorit\u00e9 \u00e0 l\u2019objectif z\u00e9ro \u00e9mission nette, \u00e0 la r\u00e9duction des dommages et \u00e0 la sant\u00e9 \u00e0 long terme des sols afin d\u2019assurer la stabilit\u00e9 \u00e0 long terme de la cha\u00eene d\u2019approvisionnement nationale et l\u2019adaptabilit\u00e9 des syst\u00e8mes.<\/p>\n\n\n\n<div style=\"height:20px\" aria-hidden=\"true\" class=\"wp-block-spacer\"><\/div>\n\n\n\n<h2 class=\"wp-block-heading is-style-h3\">Nos domaines politiques prioritaires<\/h2>\n\n\n\n<hr class=\"wp-block-separator has-alpha-channel-opacity is-style-accent\"\/>\n\n\n\n<p>Nous nous engageons \u00e0 promouvoir l\u2019adoption g\u00e9n\u00e9ralis\u00e9e et l\u2019am\u00e9lioration des syst\u00e8mes d\u2019agriculture et d\u2019\u00e9levage biologiques et r\u00e9g\u00e9n\u00e9ratifs. Notre travail politique d\u00e9fend les besoins des producteurs biologiques et r\u00e9g\u00e9n\u00e9ratifs et est actuellement en cours d\u2019\u00e9laboration. Nous sommes impatients de travailler avec nos membres et les producteurs biologiques et r\u00e9g\u00e9n\u00e9ratifs afin de nous assurer que nos priorit\u00e9s refl\u00e8tent les besoins actuels :<\/p>\n\n\n\n<ul class=\"wp-block-list\">\n<li>Recherche, y compris la recherche men\u00e9e par les agriculteurs et dans les exploitations agricoles.<\/li>\n\n\n\n<li>\u00c9ducation et vulgarisation, notamment par le biais de r\u00e9seaux entre pairs.<\/li>\n\n\n\n<li>R\u00e9duction des risques li\u00e9s \u00e0 la transition vers l\u2019agriculture biologique et r\u00e9g\u00e9n\u00e9rative.<\/li>\n\n\n\n<li>Parcours pour les agriculteurs nouveaux, jeunes et d\u00e9favoris\u00e9s.<\/li>\n\n\n\n<li>Att\u00e9nuation du changement climatique, adaptation et r\u00e9silience.<\/li>\n\n\n\n<li>R\u00e9silience de la cha\u00eene d\u2019approvisionnement et syst\u00e8mes alimentaires locaux et r\u00e9gionaux.<\/li>\n\n\n\n<li>Transparence pour les producteurs et les consommateurs biologiques.<\/li>\n<\/ul>\n\n\n\n<div style=\"height:20px\" aria-hidden=\"true\" class=\"wp-block-spacer\"><\/div>\n\n\n\n<div class=\"wp-block-group alignfull has-theme-grey-background-color has-background is-layout-constrained wp-block-group-is-layout-constrained\">\n<h2 class=\"wp-block-heading has-text-align-center is-style-h2\">Actualit\u00e9s politiques<\/h2>\n\n\n\n<hr class=\"wp-block-separator has-alpha-channel-opacity is-style-accent-center\"\/>\n\n\n\r\n\t\t\t<div class=\"wp-block-eup-blocks-posts alignwide cards--wrapper is-grid graphic-image orientation-vertical alignment-left design-border size-medium\">\r\n\t\t\r\n\t<div class=\"cards--inner\">\r\n\r\n\t\r\n\t<div class=\"card--wrapper\">\r\n\r\n\t\t<div class=\"card-header\">\r\n\t\t\t\t\t\t<a href=\"https:\/\/cog.ca\/fr\/blog\/agissez-aidez-nous-a-empecher-la-fermeture-du-programme-de-recherche-sur-lagriculture-biologique-et-regenerative\/\" class=\"card-image--wrapper\">\r\n\t\t\t\t<img src=\"https:\/\/cog.ca\/wp-content\/uploads\/2026\/04\/Insta-Size-Image-6-240x300.png\" decoding=\"async\" loading=\"lazy\"\r\n\t\t srcset=\"https:\/\/cog.ca\/wp-content\/uploads\/2026\/04\/Insta-Size-Image-6-240x300.png 240w, https:\/\/cog.ca\/wp-content\/uploads\/2026\/04\/Insta-Size-Image-6-819x1024.png 819w, https:\/\/cog.ca\/wp-content\/uploads\/2026\/04\/Insta-Size-Image-6.png 1080w\"\r\n\t\t sizes=\"(max-width: 240px) 100vw, 240px\">\t\t\t<\/a>\r\n\t\t\t\t\t\t<div class=\"card-header--text\">\r\n\t\t\t\t<div class=\"card-meta\">\r\n\t\t\t\t\t<span class=\"meta-item category\">Nouvelles,Politique<\/span>\r\n\t\t\t\t\t<span class=\"meta-item\">avril 2, 2026<\/span>\r\n\t\t\t\t<\/div>\r\n\t\t\t\t<a href=\"https:\/\/cog.ca\/fr\/blog\/agissez-aidez-nous-a-empecher-la-fermeture-du-programme-de-recherche-sur-lagriculture-biologique-et-regenerative\/\" class=\"card-title\">Agissez &#8211; Aidez-nous \u00e0 emp\u00eacher la fermeture du programme de recherche en agriculture biologique et r\u00e9g\u00e9n\u00e9rative<\/a>\r\n\t\t\t<\/div>\r\n\t\t<\/div>\r\n\r\n\t\t<div class=\"card-content\">\r\n\t\t\t<div class=\"card-desc\"><p>Cultivons Biologique Canada (COG) s&rsquo;oppose aux r\u00e9centes coupes budg\u00e9taires f\u00e9d\u00e9rales dans la recherche, qui nuisent \u00e0 la s\u00e9curit\u00e9 et \u00e0 la souverainet\u00e9 alimentaires du Canada en affaiblissant les syst\u00e8mes de recherche dont d\u00e9pendent les agriculteurs pour s&rsquo;adapter, innover et rester viables. Agissez &#8211; Aidez-nous \u00e0 emp\u00eacher la fermeture du programme de recherche en agriculture biologique et r\u00e9g\u00e9n\u00e9rative.<\/p>\n<\/div>\r\n\t\t\t<a href=\"https:\/\/cog.ca\/fr\/blog\/agissez-aidez-nous-a-empecher-la-fermeture-du-programme-de-recherche-sur-lagriculture-biologique-et-regenerative\/\" class=\"card-more\">En savoir plus<\/a>\r\n\t\t<\/div>\r\n\r\n\t<\/div>\r\n\r\n\t\r\n\t<div class=\"card--wrapper\">\r\n\r\n\t\t<div class=\"card-header\">\r\n\t\t\t\t\t\t<a href=\"https:\/\/cog.ca\/fr\/blog\/reduction-du-programme-de-recherche-biologique-2\/\" class=\"card-image--wrapper\">\r\n\t\t\t\t<img src=\"https:\/\/cog.ca\/wp-content\/uploads\/2026\/03\/277487_web1_Parliament-tower-in-Ottawa-with-Canadian-flag-as-300x225.jpg\" decoding=\"async\" loading=\"lazy\"\r\n\t\t srcset=\"https:\/\/cog.ca\/wp-content\/uploads\/2026\/03\/277487_web1_Parliament-tower-in-Ottawa-with-Canadian-flag-as-300x225.jpg 300w, https:\/\/cog.ca\/wp-content\/uploads\/2026\/03\/277487_web1_Parliament-tower-in-Ottawa-with-Canadian-flag-as-1024x768.jpg 1024w, https:\/\/cog.ca\/wp-content\/uploads\/2026\/03\/277487_web1_Parliament-tower-in-Ottawa-with-Canadian-flag-as.jpg 1200w\"\r\n\t\t sizes=\"(max-width: 300px) 100vw, 300px\">\t\t\t<\/a>\r\n\t\t\t\t\t\t<div class=\"card-header--text\">\r\n\t\t\t\t<div class=\"card-meta\">\r\n\t\t\t\t\t<span class=\"meta-item category\">Couverture r\u00e9cente,News,Nouvelles,Recent Coverage<\/span>\r\n\t\t\t\t\t<span class=\"meta-item\">mars 17, 2026<\/span>\r\n\t\t\t\t<\/div>\r\n\t\t\t\t<a href=\"https:\/\/cog.ca\/fr\/blog\/reduction-du-programme-de-recherche-biologique-2\/\" class=\"card-title\">Les organisations agricoles demandent au ministre de l&rsquo;Agriculture de suspendre les coupes budg\u00e9taires f\u00e9d\u00e9rales dans la recherche<\/a>\r\n\t\t\t<\/div>\r\n\t\t<\/div>\r\n\r\n\t\t<div class=\"card-content\">\r\n\t\t\t<div class=\"card-desc\"><p>Vingt associations agricoles et de producteurs demandent au gouvernement de suspendre pendant deux ans les coupes budg\u00e9taires dans la recherche men\u00e9e par le minist\u00e8re de l&rsquo;Agriculture et Agroalimentaire Canada (AAC).<\/p>\n<\/div>\r\n\t\t\t<a href=\"https:\/\/cog.ca\/fr\/blog\/reduction-du-programme-de-recherche-biologique-2\/\" class=\"card-more\">En savoir plus<\/a>\r\n\t\t<\/div>\r\n\r\n\t<\/div>\r\n\r\n\t\r\n\t<div class=\"card--wrapper\">\r\n\r\n\t\t<div class=\"card-header\">\r\n\t\t\t\t\t\t<a href=\"https:\/\/cog.ca\/fr\/blog\/reduction-du-programme-de-recherche-biologique\/\" class=\"card-image--wrapper\">\r\n\t\t\t\t<img src=\"https:\/\/cog.ca\/wp-content\/uploads\/2026\/02\/carrot-g78b623cad_1920-300x200.jpg\" decoding=\"async\" loading=\"lazy\"\r\n\t\t srcset=\"https:\/\/cog.ca\/wp-content\/uploads\/2026\/02\/carrot-g78b623cad_1920-300x200.jpg 300w, https:\/\/cog.ca\/wp-content\/uploads\/2026\/02\/carrot-g78b623cad_1920-1024x683.jpg 1024w, https:\/\/cog.ca\/wp-content\/uploads\/2026\/02\/carrot-g78b623cad_1920.jpg 1920w\"\r\n\t\t sizes=\"(max-width: 300px) 100vw, 300px\">\t\t\t<\/a>\r\n\t\t\t\t\t\t<div class=\"card-header--text\">\r\n\t\t\t\t<div class=\"card-meta\">\r\n\t\t\t\t\t<span class=\"meta-item category\">News,Nouvelles,Recent Coverage<\/span>\r\n\t\t\t\t\t<span class=\"meta-item\">f\u00e9vrier 24, 2026<\/span>\r\n\t\t\t\t<\/div>\r\n\t\t\t\t<a href=\"https:\/\/cog.ca\/fr\/blog\/reduction-du-programme-de-recherche-biologique\/\" class=\"card-title\">Les nouvelles normes biologiques canadiennes sont adopt\u00e9es!<\/a>\r\n\t\t\t<\/div>\r\n\t\t<\/div>\r\n\r\n\t\t<div class=\"card-content\">\r\n\t\t\t<div class=\"card-desc\"><p>Les nouvelles normes biologiques canadiennes (NBC) devraient \u00eatre publi\u00e9es en mars 2026.<\/p>\n<\/div>\r\n\t\t\t<a href=\"https:\/\/cog.ca\/fr\/blog\/reduction-du-programme-de-recherche-biologique\/\" class=\"card-more\">En savoir plus<\/a>\r\n\t\t<\/div>\r\n\r\n\t<\/div>\r\n\r\n\t\t\r\n\t<\/div>\r\n\t<\/div>\r\n\r\n\n\n<\/div>\n\n\n\n<div class=\"wp-block-group alignwide is-style-default has-theme-light-background-color has-background is-layout-constrained wp-block-group-is-layout-constrained\">\n<h2 class=\"wp-block-heading has-text-align-center\">Comment nous nous engageons<\/h2>\n\n\n\n<hr class=\"wp-block-separator has-alpha-channel-opacity is-style-accent-center\"\/>\n\n\n\n<div class=\"wp-block-eup-blocks-cards alignwide cards--wrapper is-grid graphic-image orientation-vertical alignment-left design-border size-medium\"><div class=\"cards--inner\">\n<a class=\"wp-block-eup-blocks-card card--wrapper\" href=\"https:\/\/cog.ca\/policy\/organic-task-force\/\"><div class=\"card-header\"><div class=\"card-image--wrapper\"><img decoding=\"async\" class=\"card-image\" src=\"https:\/\/cog.ca\/wp-content\/uploads\/2024\/04\/pexels-matthias-cooper-580853-scaled.jpg\" alt=\"\" data-id=\"4157\"\/><\/div><div class=\"card-header--text\"><div class=\"card-title\">Initiatives de recherche<\/div><\/div><\/div><div class=\"card-content\"><div class=\"card-desc\">Le COG m\u00e8ne des initiatives de recherche politique fond\u00e9es sur les domaines prioritaires que nous avons identifi\u00e9s. Nos projets de recherche sont dirig\u00e9s par des agriculteurs et font progresser les propositions politiques fond\u00e9es sur la science.<\/div><div class=\"card-more\">LIRE LA SUITE<\/div><\/div><\/a>\n\n\n\n<a class=\"wp-block-eup-blocks-card card--wrapper\" href=\"https:\/\/cog.ca\/policy\/coalition-engagement\/\"><div class=\"card-header\"><div class=\"card-image--wrapper\"><img decoding=\"async\" class=\"card-image\" src=\"https:\/\/cog.ca\/wp-content\/uploads\/2024\/04\/bean-g37ceb7ed4_1920.jpg\" alt=\"\" data-id=\"4198\"\/><\/div><div class=\"card-header--text\"><div class=\"card-title\">Engagement de la coalition<\/div><\/div><\/div><div class=\"card-content\"><div class=\"card-desc\">En tant qu&rsquo;organisation nationale, COG collabore avec divers groupes de coalition, comit\u00e9s et groupes consultatifs \u00e0 travers le Canada et y apporte sa contribution.<\/div><div class=\"card-more\">LIRE LA SUITE<\/div><\/div><\/a>\n\n\n\n<a class=\"wp-block-eup-blocks-card card--wrapper\" href=\"https:\/\/cog.ca\/policy\/government-relations\/\"><div class=\"card-header\"><div class=\"card-image--wrapper\"><img decoding=\"async\" class=\"card-image\" src=\"https:\/\/cog.ca\/wp-content\/uploads\/2024\/07\/pexels-djpetty2-756790-scaled.jpg\" alt=\"\" data-id=\"4936\"\/><\/div><div class=\"card-header--text\"><div class=\"card-title\">Relations gouvernementales<\/div><\/div><\/div><div class=\"card-content\"><div class=\"card-desc\">Le COG collabore avec les gouvernements f\u00e9d\u00e9ral et provinciaux sur diverses questions et agit \u00e0 titre de porte-parole des producteurs biologiques et r\u00e9g\u00e9n\u00e9ratifs partout au Canada.<\/div><div class=\"card-more\">LIRE LA SUITE<\/div><\/div><\/a>\n\n\n\n<a class=\"wp-block-eup-blocks-card card--wrapper\" href=\"https:\/\/cog.ca\/policy\/organic-action-plan\/\"><div class=\"card-header\"><div class=\"card-image--wrapper\"><img decoding=\"async\" class=\"card-image\" src=\"https:\/\/cog.ca\/wp-content\/uploads\/2024\/04\/pexels-photo-108941-scaled.jpg\" alt=\"\" data-id=\"4155\"\/><\/div><div class=\"card-header--text\"><div class=\"card-title\">Plan d\u2019action biologique<\/div><\/div><\/div><div class=\"card-content\"><div class=\"card-desc\">\u00c0 mesure que le secteur biologique canadien progresse, un plan d&rsquo;action national cibl\u00e9 est n\u00e9cessaire pour garantir que nos futurs syst\u00e8mes alimentaires reposent sur des bases solides en mati\u00e8re d&rsquo;agriculture biologique.<\/div><div class=\"card-more\">LIRE LA SUITE<\/div><\/div><\/a>\n<\/div><\/div>\n<\/div>\n\n\n\n<div class=\"wp-block-group alignfull has-theme-grey-background-color has-background is-layout-constrained wp-block-group-is-layout-constrained\">\n<h2 class=\"wp-block-heading has-text-align-center\">Contact <\/h2>\n\n\n\n<hr class=\"wp-block-separator has-alpha-channel-opacity is-style-accent-center\"\/>\n\n\n\n<p>Pour plus d&rsquo;informations sur la politique et le travail de d\u00e9fense des int\u00e9r\u00eats du COG, veuillez contacter Katie Fettes \u00e0 l&rsquo;adresse <a href=\"mailto:katie.fettes@cog.ca\">katie.fettes@cog.ca<\/a>.<\/p>\n\n\n\n<p><\/p>\n\n\n\n<p>Si vous souhaitez vous impliquer plus directement dans la politique agricole, devenez membre du COG et recevez r\u00e9guli\u00e8rement des informations sur les politiques, participez \u00e0 notre programme politique annuel, recevez des invitations \u00e0 soumettre des propositions, des p\u00e9titions et bien plus encore.<\/p>\n\n\n\n<div style=\"height:20px\" aria-hidden=\"true\" class=\"wp-block-spacer\"><\/div>\n\n\n\n<div class=\"wp-block-buttons is-content-justification-center is-layout-flex wp-container-core-buttons-is-layout-16018d1d wp-block-buttons-is-layout-flex\">\n<div class=\"wp-block-button is-style-fill\"><a class=\"wp-block-button__link has-inner-accent-background-color has-background has-text-align-center wp-element-button\" href=\"https:\/\/cog.ca\/fr\/become-a-member\/\">devenir membre<\/a><\/div>\n<\/div>\n<\/div>\n\n\n\n<p><\/p>\n","protected":false},"excerpt":{"rendered":"<p>National policy for a regenerative and resilient food system.<\/p>\n","protected":false},"author":4,"featured_media":4280,"parent":0,"menu_order":0,"comment_status":"closed","ping_status":"closed","template":"","meta":{"inline_featured_image":false,"footnotes":""},"class_list":["post-9904","page","type-page","status-publish","has-post-thumbnail","hentry"],"better_featured_image":{"id":4280,"alt_text":"","caption":"","description":"","media_type":"image","media_details":{"width":1920,"height":1127,"file":"2024\/04\/jason-hafso-C2keINMOhIE-unsplash-scaled.jpg","filesize":126266,"sizes":{"medium":{"file":"jason-hafso-C2keINMOhIE-unsplash-300x176.jpg","width":300,"height":176,"mime-type":"image\/jpeg","filesize":8116,"source_url":"https:\/\/cog.ca\/wp-content\/uploads\/2024\/04\/jason-hafso-C2keINMOhIE-unsplash-300x176.jpg"},"large":{"file":"jason-hafso-C2keINMOhIE-unsplash-1024x601.jpg","width":1024,"height":601,"mime-type":"image\/jpeg","filesize":47801,"source_url":"https:\/\/cog.ca\/wp-content\/uploads\/2024\/04\/jason-hafso-C2keINMOhIE-unsplash-1024x601.jpg"},"thumbnail":{"file":"jason-hafso-C2keINMOhIE-unsplash-150x150.jpg","width":150,"height":150,"mime-type":"image\/jpeg","filesize":4579,"source_url":"https:\/\/cog.ca\/wp-content\/uploads\/2024\/04\/jason-hafso-C2keINMOhIE-unsplash-150x150.jpg"},"post-thumbnail":{"file":"jason-hafso-C2keINMOhIE-unsplash-150x150.jpg","width":150,"height":150,"mime-type":"image\/jpeg","filesize":4579,"source_url":"https:\/\/cog.ca\/wp-content\/uploads\/2024\/04\/jason-hafso-C2keINMOhIE-unsplash-150x150.jpg"}},"image_meta":{"aperture":"0","credit":"","camera":"","caption":"","created_timestamp":"0","copyright":"","focal_length":"0","iso":"0","shutter_speed":"0","title":"","orientation":"0","keywords":[]},"original_image":"jason-hafso-C2keINMOhIE-unsplash.jpg"},"post":9904,"source_url":"https:\/\/cog.ca\/wp-content\/uploads\/2024\/04\/jason-hafso-C2keINMOhIE-unsplash-scaled.jpg"},"acf":[],"yoast_head":"<!-- This site is optimized with the Yoast SEO plugin v21.2 - https:\/\/yoast.com\/wordpress\/plugins\/seo\/ -->\n<title>Politiques - Cultivons Biologique Canada<\/title>\n<meta name=\"robots\" content=\"index, follow, max-snippet:-1, max-image-preview:large, max-video-preview:-1\" \/>\n<link rel=\"canonical\" href=\"https:\/\/cog.ca\/fr\/policy\/\" \/>\n<meta property=\"og:locale\" content=\"fr_FR\" \/>\n<meta property=\"og:type\" content=\"article\" \/>\n<meta property=\"og:title\" content=\"Politiques - Cultivons Biologique Canada\" \/>\n<meta property=\"og:description\" content=\"National policy for a regenerative and resilient food system.\" \/>\n<meta property=\"og:url\" content=\"https:\/\/cog.ca\/fr\/policy\/\" \/>\n<meta property=\"og:site_name\" content=\"Cultivons Biologique Canada\" \/>\n<meta property=\"article:modified_time\" content=\"2025-09-10T19:36:55+00:00\" \/>\n<meta property=\"og:image\" content=\"https:\/\/cog.ca\/wp-content\/uploads\/2024\/04\/jason-hafso-C2keINMOhIE-unsplash-scaled.jpg\" \/>\n\t<meta property=\"og:image:width\" content=\"1920\" \/>\n\t<meta property=\"og:image:height\" content=\"1127\" \/>\n\t<meta property=\"og:image:type\" content=\"image\/jpeg\" \/>\n<meta name=\"twitter:card\" content=\"summary_large_image\" \/>\n<meta name=\"twitter:label1\" content=\"Dur\u00e9e de lecture estim\u00e9e\" \/>\n\t<meta name=\"twitter:data1\" content=\"4 minutes\" \/>\n<script type=\"application\/ld+json\" class=\"yoast-schema-graph\">{\"@context\":\"https:\/\/schema.org\",\"@graph\":[{\"@type\":\"WebPage\",\"@id\":\"https:\/\/cog.ca\/fr\/policy\/\",\"url\":\"https:\/\/cog.ca\/fr\/policy\/\",\"name\":\"Politiques - Cultivons Biologique Canada\",\"isPartOf\":{\"@id\":\"https:\/\/cog.ca\/#website\"},\"datePublished\":\"2024-04-26T15:18:00+00:00\",\"dateModified\":\"2025-09-10T19:36:55+00:00\",\"breadcrumb\":{\"@id\":\"https:\/\/cog.ca\/fr\/policy\/#breadcrumb\"},\"inLanguage\":\"fr-FR\",\"potentialAction\":[{\"@type\":\"ReadAction\",\"target\":[\"https:\/\/cog.ca\/fr\/policy\/\"]}]},{\"@type\":\"BreadcrumbList\",\"@id\":\"https:\/\/cog.ca\/fr\/policy\/#breadcrumb\",\"itemListElement\":[{\"@type\":\"ListItem\",\"position\":1,\"name\":\"Home\",\"item\":\"https:\/\/cog.ca\/fr\/\"},{\"@type\":\"ListItem\",\"position\":2,\"name\":\"Politiques\"}]},{\"@type\":\"WebSite\",\"@id\":\"https:\/\/cog.ca\/#website\",\"url\":\"https:\/\/cog.ca\/\",\"name\":\"Cultivons Biologique Canada\",\"description\":\"\",\"publisher\":{\"@id\":\"https:\/\/cog.ca\/#organization\"},\"potentialAction\":[{\"@type\":\"SearchAction\",\"target\":{\"@type\":\"EntryPoint\",\"urlTemplate\":\"https:\/\/cog.ca\/?s={search_term_string}\"},\"query-input\":\"required name=search_term_string\"}],\"inLanguage\":\"fr-FR\"},{\"@type\":\"Organization\",\"@id\":\"https:\/\/cog.ca\/#organization\",\"name\":\"Canadian Organic Growers\",\"url\":\"https:\/\/cog.ca\/\",\"logo\":{\"@type\":\"ImageObject\",\"inLanguage\":\"fr-FR\",\"@id\":\"https:\/\/cog.ca\/#\/schema\/logo\/image\/\",\"url\":\"https:\/\/cog.ca\/wp-content\/uploads\/2023\/07\/COG_WhiteLogo_Transparent-1.png\",\"contentUrl\":\"https:\/\/cog.ca\/wp-content\/uploads\/2023\/07\/COG_WhiteLogo_Transparent-1.png\",\"width\":208,\"height\":110,\"caption\":\"Canadian Organic Growers\"},\"image\":{\"@id\":\"https:\/\/cog.ca\/#\/schema\/logo\/image\/\"}}]}<\/script>\n<!-- \/ Yoast SEO plugin. -->","yoast_head_json":{"title":"Politiques - Cultivons Biologique Canada","robots":{"index":"index","follow":"follow","max-snippet":"max-snippet:-1","max-image-preview":"max-image-preview:large","max-video-preview":"max-video-preview:-1"},"canonical":"https:\/\/cog.ca\/fr\/policy\/","og_locale":"fr_FR","og_type":"article","og_title":"Politiques - Cultivons Biologique Canada","og_description":"National policy for a regenerative and resilient food system.","og_url":"https:\/\/cog.ca\/fr\/policy\/","og_site_name":"Cultivons Biologique Canada","article_modified_time":"2025-09-10T19:36:55+00:00","og_image":[{"width":1920,"height":1127,"url":"https:\/\/cog.ca\/wp-content\/uploads\/2024\/04\/jason-hafso-C2keINMOhIE-unsplash-scaled.jpg","type":"image\/jpeg"}],"twitter_card":"summary_large_image","twitter_misc":{"Dur\u00e9e de lecture estim\u00e9e":"4 minutes"},"schema":{"@context":"https:\/\/schema.org","@graph":[{"@type":"WebPage","@id":"https:\/\/cog.ca\/fr\/policy\/","url":"https:\/\/cog.ca\/fr\/policy\/","name":"Politiques - Cultivons Biologique Canada","isPartOf":{"@id":"https:\/\/cog.ca\/#website"},"datePublished":"2024-04-26T15:18:00+00:00","dateModified":"2025-09-10T19:36:55+00:00","breadcrumb":{"@id":"https:\/\/cog.ca\/fr\/policy\/#breadcrumb"},"inLanguage":"fr-FR","potentialAction":[{"@type":"ReadAction","target":["https:\/\/cog.ca\/fr\/policy\/"]}]},{"@type":"BreadcrumbList","@id":"https:\/\/cog.ca\/fr\/policy\/#breadcrumb","itemListElement":[{"@type":"ListItem","position":1,"name":"Home","item":"https:\/\/cog.ca\/fr\/"},{"@type":"ListItem","position":2,"name":"Politiques"}]},{"@type":"WebSite","@id":"https:\/\/cog.ca\/#website","url":"https:\/\/cog.ca\/","name":"Cultivons Biologique Canada","description":"","publisher":{"@id":"https:\/\/cog.ca\/#organization"},"potentialAction":[{"@type":"SearchAction","target":{"@type":"EntryPoint","urlTemplate":"https:\/\/cog.ca\/?s={search_term_string}"},"query-input":"required name=search_term_string"}],"inLanguage":"fr-FR"},{"@type":"Organization","@id":"https:\/\/cog.ca\/#organization","name":"Canadian Organic Growers","url":"https:\/\/cog.ca\/","logo":{"@type":"ImageObject","inLanguage":"fr-FR","@id":"https:\/\/cog.ca\/#\/schema\/logo\/image\/","url":"https:\/\/cog.ca\/wp-content\/uploads\/2023\/07\/COG_WhiteLogo_Transparent-1.png","contentUrl":"https:\/\/cog.ca\/wp-content\/uploads\/2023\/07\/COG_WhiteLogo_Transparent-1.png","width":208,"height":110,"caption":"Canadian Organic Growers"},"image":{"@id":"https:\/\/cog.ca\/#\/schema\/logo\/image\/"}}]}},"_links":{"self":[{"href":"https:\/\/cog.ca\/fr\/wp-json\/wp\/v2\/pages\/9904","targetHints":{"allow":["GET"]}}],"collection":[{"href":"https:\/\/cog.ca\/fr\/wp-json\/wp\/v2\/pages"}],"about":[{"href":"https:\/\/cog.ca\/fr\/wp-json\/wp\/v2\/types\/page"}],"author":[{"embeddable":true,"href":"https:\/\/cog.ca\/fr\/wp-json\/wp\/v2\/users\/4"}],"replies":[{"embeddable":true,"href":"https:\/\/cog.ca\/fr\/wp-json\/wp\/v2\/comments?post=9904"}],"version-history":[{"count":3,"href":"https:\/\/cog.ca\/fr\/wp-json\/wp\/v2\/pages\/9904\/revisions"}],"predecessor-version":[{"id":9915,"href":"https:\/\/cog.ca\/fr\/wp-json\/wp\/v2\/pages\/9904\/revisions\/9915"}],"wp:featuredmedia":[{"embeddable":true,"href":"https:\/\/cog.ca\/fr\/wp-json\/wp\/v2\/media\/4280"}],"wp:attachment":[{"href":"https:\/\/cog.ca\/fr\/wp-json\/wp\/v2\/media?parent=9904"}],"curies":[{"name":"wp","href":"https:\/\/api.w.org\/{rel}","templated":true}]}}