{"id":8021,"date":"2025-04-23T10:12:33","date_gmt":"2025-04-23T14:12:33","guid":{"rendered":"https:\/\/cog.ca\/?page_id=8021"},"modified":"2025-04-23T10:12:34","modified_gmt":"2025-04-23T14:12:34","slug":"avoine-biologique-regeneratrice-roo-3","status":"publish","type":"page","link":"https:\/\/cog.ca\/fr\/programs\/growing-up-organic\/avoine-biologique-regeneratrice-roo-3\/","title":{"rendered":"Avoine biologique r\u00e9g\u00e9n\u00e9ratrice (ROO)"},"content":{"rendered":"","protected":true},"excerpt":{"rendered":"","protected":true},"author":7,"featured_media":0,"parent":3210,"menu_order":312,"comment_status":"closed","ping_status":"closed","template":"","meta":{"inline_featured_image":false,"footnotes":""},"class_list":["post-8021","page","type-page","status-publish","post-password-required","hentry"],"better_featured_image":null,"acf":[],"yoast_head":"<!-- This site is optimized with the Yoast SEO plugin v21.2 - https:\/\/yoast.com\/wordpress\/plugins\/seo\/ -->\n<title>Avoine biologique r\u00e9g\u00e9n\u00e9ratrice (ROO) - Cultivons Biologique Canada<\/title>\n<meta name=\"robots\" content=\"index, follow, max-snippet:-1, max-image-preview:large, max-video-preview:-1\" \/>\n<link rel=\"canonical\" href=\"https:\/\/cog.ca\/fr\/programs\/growing-up-organic\/avoine-biologique-regeneratrice-roo-3\/\" \/>\n<meta property=\"og:locale\" content=\"fr_FR\" \/>\n<meta property=\"og:type\" content=\"article\" \/>\n<meta property=\"og:title\" content=\"Avoine biologique r\u00e9g\u00e9n\u00e9ratrice (ROO) - Cultivons Biologique Canada\" \/>\n<meta property=\"og:description\" content=\"Il n\u2019y a pas d\u2019extrait, car cette publication est prot\u00e9g\u00e9e.\" \/>\n<meta property=\"og:url\" content=\"https:\/\/cog.ca\/fr\/programs\/growing-up-organic\/avoine-biologique-regeneratrice-roo-3\/\" \/>\n<meta property=\"og:site_name\" content=\"Cultivons Biologique Canada\" \/>\n<meta property=\"article:modified_time\" content=\"2025-04-23T14:12:34+00:00\" \/>\n<meta name=\"twitter:card\" content=\"summary_large_image\" \/>\n<meta name=\"twitter:label1\" content=\"Dur\u00e9e de lecture estim\u00e9e\" \/>\n\t<meta name=\"twitter:data1\" content=\"5 minutes\" \/>\n<script type=\"application\/ld+json\" class=\"yoast-schema-graph\">{\"@context\":\"https:\/\/schema.org\",\"@graph\":[{\"@type\":\"WebPage\",\"@id\":\"https:\/\/cog.ca\/fr\/programs\/growing-up-organic\/avoine-biologique-regeneratrice-roo-3\/\",\"url\":\"https:\/\/cog.ca\/fr\/programs\/growing-up-organic\/avoine-biologique-regeneratrice-roo-3\/\",\"name\":\"Avoine biologique r\u00e9g\u00e9n\u00e9ratrice (ROO) - Cultivons Biologique Canada\",\"isPartOf\":{\"@id\":\"https:\/\/cog.ca\/#website\"},\"datePublished\":\"2025-04-23T14:12:33+00:00\",\"dateModified\":\"2025-04-23T14:12:34+00:00\",\"breadcrumb\":{\"@id\":\"https:\/\/cog.ca\/fr\/programs\/growing-up-organic\/avoine-biologique-regeneratrice-roo-3\/#breadcrumb\"},\"inLanguage\":\"fr-FR\"},{\"@type\":\"WebSite\",\"@id\":\"https:\/\/cog.ca\/#website\",\"url\":\"https:\/\/cog.ca\/\",\"name\":\"Cultivons Biologique Canada\",\"description\":\"\",\"publisher\":{\"@id\":\"https:\/\/cog.ca\/#organization\"},\"potentialAction\":[{\"@type\":\"SearchAction\",\"target\":{\"@type\":\"EntryPoint\",\"urlTemplate\":\"https:\/\/cog.ca\/?s={search_term_string}\"},\"query-input\":\"required name=search_term_string\"}],\"inLanguage\":\"fr-FR\"},{\"@type\":\"Organization\",\"@id\":\"https:\/\/cog.ca\/#organization\",\"name\":\"Canadian Organic Growers\",\"url\":\"https:\/\/cog.ca\/\",\"logo\":{\"@type\":\"ImageObject\",\"inLanguage\":\"fr-FR\",\"@id\":\"https:\/\/cog.ca\/#\/schema\/logo\/image\/\",\"url\":\"https:\/\/cog.ca\/wp-content\/uploads\/2023\/07\/COG_WhiteLogo_Transparent-1.png\",\"contentUrl\":\"https:\/\/cog.ca\/wp-content\/uploads\/2023\/07\/COG_WhiteLogo_Transparent-1.png\",\"width\":208,\"height\":110,\"caption\":\"Canadian Organic Growers\"},\"image\":{\"@id\":\"https:\/\/cog.ca\/#\/schema\/logo\/image\/\"}}]}<\/script>\n<!-- \/ Yoast SEO plugin. -->","yoast_head_json":{"title":"Avoine biologique r\u00e9g\u00e9n\u00e9ratrice (ROO) - Cultivons Biologique Canada","robots":{"index":"index","follow":"follow","max-snippet":"max-snippet:-1","max-image-preview":"max-image-preview:large","max-video-preview":"max-video-preview:-1"},"canonical":"https:\/\/cog.ca\/fr\/programs\/growing-up-organic\/avoine-biologique-regeneratrice-roo-3\/","og_locale":"fr_FR","og_type":"article","og_title":"Avoine biologique r\u00e9g\u00e9n\u00e9ratrice (ROO) - Cultivons Biologique Canada","og_description":"Il n\u2019y a pas d\u2019extrait, car cette publication est prot\u00e9g\u00e9e.","og_url":"https:\/\/cog.ca\/fr\/programs\/growing-up-organic\/avoine-biologique-regeneratrice-roo-3\/","og_site_name":"Cultivons Biologique Canada","article_modified_time":"2025-04-23T14:12:34+00:00","twitter_card":"summary_large_image","twitter_misc":{"Dur\u00e9e de lecture estim\u00e9e":"5 minutes"},"schema":{"@context":"https:\/\/schema.org","@graph":[{"@type":"WebPage","@id":"https:\/\/cog.ca\/fr\/programs\/growing-up-organic\/avoine-biologique-regeneratrice-roo-3\/","url":"https:\/\/cog.ca\/fr\/programs\/growing-up-organic\/avoine-biologique-regeneratrice-roo-3\/","name":"Avoine biologique r\u00e9g\u00e9n\u00e9ratrice (ROO) - Cultivons Biologique Canada","isPartOf":{"@id":"https:\/\/cog.ca\/#website"},"datePublished":"2025-04-23T14:12:33+00:00","dateModified":"2025-04-23T14:12:34+00:00","breadcrumb":{"@id":"https:\/\/cog.ca\/fr\/programs\/growing-up-organic\/avoine-biologique-regeneratrice-roo-3\/#breadcrumb"},"inLanguage":"fr-FR"},{"@type":"WebSite","@id":"https:\/\/cog.ca\/#website","url":"https:\/\/cog.ca\/","name":"Cultivons Biologique Canada","description":"","publisher":{"@id":"https:\/\/cog.ca\/#organization"},"potentialAction":[{"@type":"SearchAction","target":{"@type":"EntryPoint","urlTemplate":"https:\/\/cog.ca\/?s={search_term_string}"},"query-input":"required name=search_term_string"}],"inLanguage":"fr-FR"},{"@type":"Organization","@id":"https:\/\/cog.ca\/#organization","name":"Canadian Organic Growers","url":"https:\/\/cog.ca\/","logo":{"@type":"ImageObject","inLanguage":"fr-FR","@id":"https:\/\/cog.ca\/#\/schema\/logo\/image\/","url":"https:\/\/cog.ca\/wp-content\/uploads\/2023\/07\/COG_WhiteLogo_Transparent-1.png","contentUrl":"https:\/\/cog.ca\/wp-content\/uploads\/2023\/07\/COG_WhiteLogo_Transparent-1.png","width":208,"height":110,"caption":"Canadian Organic Growers"},"image":{"@id":"https:\/\/cog.ca\/#\/schema\/logo\/image\/"}}]}},"_links":{"self":[{"href":"https:\/\/cog.ca\/fr\/wp-json\/wp\/v2\/pages\/8021","targetHints":{"allow":["GET"]}}],"collection":[{"href":"https:\/\/cog.ca\/fr\/wp-json\/wp\/v2\/pages"}],"about":[{"href":"https:\/\/cog.ca\/fr\/wp-json\/wp\/v2\/types\/page"}],"author":[{"embeddable":true,"href":"https:\/\/cog.ca\/fr\/wp-json\/wp\/v2\/users\/7"}],"replies":[{"embeddable":true,"href":"https:\/\/cog.ca\/fr\/wp-json\/wp\/v2\/comments?post=8021"}],"version-history":[{"count":1,"href":"https:\/\/cog.ca\/fr\/wp-json\/wp\/v2\/pages\/8021\/revisions"}],"predecessor-version":[{"id":8390,"href":"https:\/\/cog.ca\/fr\/wp-json\/wp\/v2\/pages\/8021\/revisions\/8390"}],"up":[{"embeddable":true,"href":"https:\/\/cog.ca\/fr\/wp-json\/wp\/v2\/pages\/3210"}],"wp:attachment":[{"href":"https:\/\/cog.ca\/fr\/wp-json\/wp\/v2\/media?parent=8021"}],"curies":[{"name":"wp","href":"https:\/\/api.w.org\/{rel}","templated":true}]}}