{"id":6634,"date":"2024-11-22T16:22:10","date_gmt":"2024-11-22T21:22:10","guid":{"rendered":"https:\/\/cog.ca\/?page_id=6634"},"modified":"2024-11-28T10:11:48","modified_gmt":"2024-11-28T15:11:48","slug":"avoine-biologique-regeneratrice-roo-2","status":"publish","type":"page","link":"https:\/\/cog.ca\/fr\/programs\/growing-up-organic\/avoine-biologique-regeneratrice-roo-2\/","title":{"rendered":"Avoine biologique r\u00e9g\u00e9n\u00e9ratrice (ROO)"},"content":{"rendered":"\n<div class=\"wp-block-group alignfull has-theme-light-background-color has-background is-layout-constrained wp-block-group-is-layout-constrained\">\n<h2 class=\"wp-block-heading has-text-align-center\">Soutenir l&rsquo;approvisionnement en avoine biologique r\u00e9g\u00e9n\u00e9ratrice au Canada<\/h2>\n\n\n\n<hr class=\"wp-block-separator has-alpha-channel-opacity is-style-accent-center\"\/>\n\n\n\n<p>Avione Biologique R\u00e9g\u00e9n\u00e9ratrice (ROO) est un projet pilote de trois ans financ\u00e9 par Nature&rsquo;s Path et Riverside Naturals Foods pour soutenir et favoriser la croissance de l&rsquo;approvisionnement canadien en avoine biologique r\u00e9g\u00e9n\u00e9rative face au changement climatique. Le projet ROO aidera les producteurs d&rsquo;avoine biologique des Prairies \u00e0 adapter leurs pratiques r\u00e9g\u00e9n\u00e9ratives afin de r\u00e9pondre aux exigences de la certification biologique r\u00e9g\u00e9n\u00e9rative. En collaboration avec l&rsquo;\u00e9quipe de conseillers scientifiques de COG, le r\u00e9seau d&rsquo;agriculteurs des Prairies de ROO re\u00e7oit une formation sur les pratiques de culture de l&rsquo;avoine biologique r\u00e9g\u00e9n\u00e9rative et discute de ses d\u00e9fis et de ses succ\u00e8s lors de r\u00e9unions entre agriculteurs. Les s\u00e9ances de formation sont une combinaison de s\u00e9ances virtuelles et de s\u00e9ances \u00e0 la ferme et, comme pour les autres projets du COG, elles sont document\u00e9es pour une distribution plus large \u00e0 une date ult\u00e9rieure. Le COG a l&rsquo;intention de produire des vid\u00e9os montrant le voyage de trois ans avec les fermes participantes.\u00a0<\/p>\n<\/div>\n\n\n\n<div class=\"wp-block-group alignfull has-theme-grey-background-color has-background is-layout-constrained wp-block-group-is-layout-constrained\">\n<h2 class=\"wp-block-heading has-text-align-center\">Le ROO vise \u00e0 fournir<\/h2>\n\n\n\n<hr class=\"wp-block-separator has-alpha-channel-opacity is-style-accent-center\"\/>\n\n\n\n<div class=\"wp-block-eup-blocks-cards alignwide cards--wrapper is-grid graphic-icon orientation-vertical alignment-center design-border size-large\"><div class=\"cards--inner\">\n<div class=\"wp-block-eup-blocks-card card--wrapper\"><div class=\"card-header\"><div class=\"card-image--wrapper\"><img decoding=\"async\" class=\"card-image\" src=\"https:\/\/cog.ca\/wp-content\/uploads\/2023\/08\/plant.svg\" alt=\"\" data-id=\"1010\"\/><\/div><div class=\"card-header--text\"><div class=\"card-title\"><strong>Am\u00e9lioration du captage et de la r\u00e9tention du carbone atmosph\u00e9rique dans les sols des exploitations biologiques<\/strong><\/div><\/div><\/div><div class=\"card-content\"><\/div><\/div>\n\n\n\n<div class=\"wp-block-eup-blocks-card card--wrapper\"><div class=\"card-header\"><div class=\"card-image--wrapper\"><img decoding=\"async\" class=\"card-image\" src=\"https:\/\/cog.ca\/wp-content\/uploads\/2023\/08\/raining.svg\" alt=\"\" data-id=\"1191\"\/><\/div><div class=\"card-header--text\"><div class=\"card-title\"><strong>Renforcement de la r\u00e9silience des sols et des cultures face aux conditions climatiques extr\u00eames<\/strong><\/div><\/div><\/div><div class=\"card-content\"><\/div><\/div>\n\n\n\n<div class=\"wp-block-eup-blocks-card card--wrapper\"><div class=\"card-header\"><div class=\"card-image--wrapper\"><img decoding=\"async\" class=\"card-image\" src=\"https:\/\/cog.ca\/wp-content\/uploads\/2023\/08\/insects.svg\" alt=\"\" data-id=\"1029\"\/><\/div><div class=\"card-header--text\"><div class=\"card-title\"><strong><strong>R\u00e9duction au minimum des ravageurs, des mauvaises herbes et des maladies des cultures gr\u00e2ce \u00e0 une gestion holistique de la r\u00e9g\u00e9n\u00e9ration biologique.<\/strong><\/strong><\/div><\/div><\/div><div class=\"card-content\"><\/div><\/div>\n\n\n\n<div class=\"wp-block-eup-blocks-card card--wrapper\"><div class=\"card-header\"><div class=\"card-image--wrapper\"><img decoding=\"async\" class=\"card-image\" src=\"https:\/\/cog.ca\/wp-content\/uploads\/2023\/08\/shovel.svg\" alt=\"\" data-id=\"1193\"\/><\/div><div class=\"card-header--text\"><div class=\"card-title\"><strong><strong>Am\u00e9lioration de la fertilit\u00e9 des sols<\/strong><\/strong><\/div><\/div><\/div><div class=\"card-content\"><\/div><\/div>\n\n\n\n<div class=\"wp-block-eup-blocks-card card--wrapper\"><div class=\"card-header\"><div class=\"card-image--wrapper\"><img decoding=\"async\" class=\"card-image\" src=\"https:\/\/cog.ca\/wp-content\/uploads\/2023\/08\/wheat.svg\" alt=\"\" data-id=\"1195\"\/><\/div><div class=\"card-header--text\"><div class=\"card-title\"><strong><strong>Augmentation des meilleures pratiques de r\u00e9g\u00e9n\u00e9ration biologique et de planification agricole pour obtenir des rendements plus \u00e9lev\u00e9s et une meilleure qualit\u00e9 des cultures<\/strong><\/strong><\/div><\/div><\/div><div class=\"card-content\"><\/div><\/div>\n\n\n\n<div class=\"wp-block-eup-blocks-card card--wrapper\"><div class=\"card-header\"><div class=\"card-image--wrapper\"><img decoding=\"async\" class=\"card-image\" src=\"https:\/\/cog.ca\/wp-content\/uploads\/2023\/08\/gear.svg\" alt=\"\" data-id=\"1197\"\/><\/div><div class=\"card-header--text\"><div class=\"card-title\"><strong><strong>Minimisation des perturbations pendant p\u00e9riode de transition<\/strong><\/strong><\/div><\/div><\/div><div class=\"card-content\"><\/div><\/div>\n<\/div><\/div>\n<\/div>\n\n\n\n<div class=\"wp-block-media-text alignfull is-stacked-on-mobile is-image-fill is-style-smart-wide\"><figure class=\"wp-block-media-text__media\" style=\"background-image:url(https:\/\/cog.ca\/wp-content\/uploads\/2023\/08\/Screen-Shot-2022-06-24-at-5.54.21-PM-1024x431.webp);background-position:50% 50%\"><img loading=\"lazy\" decoding=\"async\" width=\"1024\" height=\"431\" src=\"https:\/\/cog.ca\/wp-content\/uploads\/2023\/08\/Screen-Shot-2022-06-24-at-5.54.21-PM-1024x431.webp\" alt=\"\" class=\"wp-image-1202 size-full\" srcset=\"https:\/\/cog.ca\/wp-content\/uploads\/2023\/08\/Screen-Shot-2022-06-24-at-5.54.21-PM-1024x431.webp 1024w, https:\/\/cog.ca\/wp-content\/uploads\/2023\/08\/Screen-Shot-2022-06-24-at-5.54.21-PM-300x126.webp 300w, https:\/\/cog.ca\/wp-content\/uploads\/2023\/08\/Screen-Shot-2022-06-24-at-5.54.21-PM.webp 1862w\" sizes=\"auto, (max-width: 1024px) 100vw, 1024px\" \/><\/figure><div class=\"wp-block-media-text__content\">\n<h2 class=\"wp-block-heading is-style-h3\">R\u00e9sultats du projet ROO<\/h2>\n\n\n\n<hr class=\"wp-block-separator has-alpha-channel-opacity is-style-accent\"\/>\n\n\n\n<ul class=\"wp-block-list\">\n<li>Cr\u00e9er et maintenir un r\u00e9seau d&rsquo;agriculteurs \u00e0 agriculteurs de 6 \u00e0 8 fermes la premi\u00e8re ann\u00e9e, puis de 12 \u00e0 15 fermes la troisi\u00e8me ann\u00e9e, afin de relever collectivement les d\u00e9fis.<\/li>\n\n\n\n<li>D\u00e9veloppement d&rsquo;un cours de formation it\u00e9ratif et d\u00e9taill\u00e9 sur l&rsquo;agriculture biologique r\u00e9g\u00e9n\u00e9rative.<\/li>\n\n\n\n<li>Coaching individuel \u00e0 la ferme (virtuellement et avec des visites \u00e0 la ferme).<\/li>\n\n\n\n<li>Le d\u00e9veloppement d&rsquo;outils de mesure du carbone du sol.<\/li>\n\n\n\n<li>Des pratiques biologiques r\u00e9g\u00e9n\u00e9ratrices pionni\u00e8res qui permettent d&rsquo;accro\u00eetre la rentabilit\u00e9 des exploitations, d&rsquo;am\u00e9liorer la fertilit\u00e9 des sols et la s\u00e9questration du carbone, et d&rsquo;\u00eatre \u00e0 la pointe de la lutte contre le changement climatique.<\/li>\n\n\n\n<li>Anticiper l&rsquo;acc\u00e8s aux programmes de paiement du carbone au fur et \u00e0 mesure de leur d\u00e9veloppement.<\/li>\n<\/ul>\n<\/div><\/div>\n\n\n\n<div class=\"wp-block-group alignfull has-theme-grey-background-color has-background is-layout-constrained wp-block-group-is-layout-constrained\">\n<h2 class=\"wp-block-heading has-text-align-center\">Livrables du ROO<\/h2>\n\n\n\n<hr class=\"wp-block-separator has-alpha-channel-opacity is-style-accent-center\"\/>\n\n\n\n<ol class=\"wp-block-list\">\n<li>Un r\u00e9seau de trois cohortes de cultivateurs qui obtiennent la certification ROC et augmentent l&rsquo;offre d&rsquo;avoine biologique r\u00e9g\u00e9n\u00e9rative.<\/li>\n\n\n\n<li>Un programme de formation en agriculture biologique r\u00e9g\u00e9n\u00e9ratrice de l&rsquo;avoine partag\u00e9 \u00e0 grande \u00e9chelle pour un maximum d&rsquo;impact et d&rsquo;adoption par les autres producteurs d&rsquo;avoine, en particulier dans les Prairies.<\/li>\n\n\n\n<li>Un r\u00e9seau continu et en constante expansion de producteurs d&rsquo;avoine biologique r\u00e9g\u00e9n\u00e9rative d&rsquo;agriculteur \u00e0 agriculteur.<\/li>\n\n\n\n<li>Un approvisionnement en avoine plus r\u00e9silient et accru face au changement climatique pour Nature&rsquo;s Path et Riverside Naturals Foods.<\/li>\n\n\n\n<li>Vid\u00e9os documentant le projet.<\/li>\n<\/ol>\n<\/div>\n\n\n\n<div class=\"wp-block-group alignfull has-theme-light-background-color has-background is-layout-flow wp-block-group-is-layout-flow\">\n<h2 class=\"wp-block-heading has-text-align-center\">\u00c9quipe ROO<\/h2>\n\n\n\n<hr class=\"wp-block-separator has-alpha-channel-opacity is-style-accent-center\"\/>\n\n\n\r\n  \r\n\r\n\t<div id=\"block_50431cd2c1f476483d33264598768231\" class=\"wp-block-eup-blocks-posts alignwide cards--wrapper is-grid graphic-image orientation-vertical alignment-left design-flat size-medium\">\r\n\t<div class=\"cards--inner\">\r\n\r\n\t\r\n\t<div class=\"card--wrapper modal-trigger\" aria-label=\"Dorthea Gregoire\" data-micromodal-trigger=\"modal-2667\">\r\n\r\n\t\t<div class=\"card-header\">\r\n\t\t\t\t\t\t<div class=\"card-image--wrapper square\">\r\n\t\t\t\t<img src=\"https:\/\/cog.ca\/wp-content\/uploads\/2023\/08\/Untitled-design-300x300.png\" decoding=\"async\" loading=\"lazy\"\r\n\t\t srcset=\"https:\/\/cog.ca\/wp-content\/uploads\/2023\/08\/Untitled-design-300x300.png 300w, https:\/\/cog.ca\/wp-content\/uploads\/2023\/08\/Untitled-design-150x150.png 150w, https:\/\/cog.ca\/wp-content\/uploads\/2023\/08\/Untitled-design.png 500w\"\r\n\t\t sizes=\"(max-width: 300px) 100vw, 300px\">\t\t\t<\/div>\r\n\t\t\t\t\t\t<div class=\"card-header--text\">\r\n\t\t\t\t<div class=\"card-title\">Dorthea Gregoire<\/div>\r\n\t\t\t\t<div class=\"card-meta\">\r\n\t\t\t\t\t<span class=\"meta-item\">Gestionnaire du programme d\u2019avoine biologique r\u00e9g\u00e9n\u00e9ratrice<\/span>\r\n\t\t\t\t<\/div>\r\n\t\t\t<\/div>\r\n\t\t<\/div>\r\n\r\n\t<\/div>\r\n\r\n\t\r\n\t<a class=\"card--wrapper modal-trigger\" aria-label=\"Julia Kulczynska\" data-micromodal-trigger=\"modal-4352\">\r\n\r\n\t\t<div class=\"card-header\">\r\n\t\t\t\t\t\t<div class=\"card-image--wrapper square\">\r\n\t\t\t\t<img src=\"https:\/\/cog.ca\/wp-content\/uploads\/2024\/05\/processed-3B93E3C9-24B3-4693-916D-BD322556B401-1-225x300.jpeg\" decoding=\"async\" loading=\"lazy\"\r\n\t\t srcset=\"https:\/\/cog.ca\/wp-content\/uploads\/2024\/05\/processed-3B93E3C9-24B3-4693-916D-BD322556B401-1-225x300.jpeg 225w, https:\/\/cog.ca\/wp-content\/uploads\/2024\/05\/processed-3B93E3C9-24B3-4693-916D-BD322556B401-1-768x1024.jpeg 768w, https:\/\/cog.ca\/wp-content\/uploads\/2024\/05\/processed-3B93E3C9-24B3-4693-916D-BD322556B401-1-scaled.jpeg 1441w\"\r\n\t\t sizes=\"(max-width: 225px) 100vw, 225px\">\t\t\t<\/div>\r\n\t\t\t\t\t\t<div class=\"card-header--text\">\r\n\t\t\t\t<div class=\"card-title\">Julia Kulczynska<\/div>\r\n\t\t\t\t<div class=\"card-meta\">\r\n\t\t\t\t\t<span class=\"meta-item\">Extension and Outreach Manager<\/span>\r\n\t\t\t\t<\/div>\r\n\t\t\t<\/div>\r\n\t\t<\/div>\r\n\r\n\t<\/a>\r\n\r\n\t\r\n\t<a class=\"card--wrapper modal-trigger\" aria-label=\"Wes Clark\" data-micromodal-trigger=\"modal-4358\">\r\n\r\n\t\t<div class=\"card-header\">\r\n\t\t\t\t\t\t<div class=\"card-image--wrapper square\">\r\n\t\t\t\t<img src=\"https:\/\/cog.ca\/wp-content\/uploads\/2024\/05\/wes-clark-bio-pic-225x300.jpeg\" decoding=\"async\" loading=\"lazy\"\r\n\t\t srcset=\"https:\/\/cog.ca\/wp-content\/uploads\/2024\/05\/wes-clark-bio-pic-225x300.jpeg 225w, https:\/\/cog.ca\/wp-content\/uploads\/2024\/05\/wes-clark-bio-pic.jpeg 756w\"\r\n\t\t sizes=\"(max-width: 225px) 100vw, 225px\">\t\t\t<\/div>\r\n\t\t\t\t\t\t<div class=\"card-header--text\">\r\n\t\t\t\t<div class=\"card-title\">Wes Clark<\/div>\r\n\t\t\t\t<div class=\"card-meta\">\r\n\t\t\t\t\t<span class=\"meta-item\">Program Coordinator &#8211; Regenerative Organic Oats<\/span>\r\n\t\t\t\t<\/div>\r\n\t\t\t<\/div>\r\n\t\t<\/div>\r\n\r\n\t<\/a>\r\n\r\n\t\t\r\n\t<\/div>\r\n\t<\/div>\r\n\r\n\n\n\n<h2 class=\"wp-block-heading has-text-align-center is-style-h6 has-theme-large-font-size\">Ce programme est possible gr\u00e2ce au soutien g\u00e9n\u00e9reux de nos partenaires :<\/h2>\n\n\n\n<figure class=\"wp-block-gallery has-nested-images columns-default is-cropped is-style-logo wp-block-gallery-1 is-layout-flex wp-block-gallery-is-layout-flex\">\n<figure class=\"wp-block-image size-large\"><img loading=\"lazy\" decoding=\"async\" width=\"191\" height=\"67\" data-id=\"118\" src=\"https:\/\/cog.ca\/wp-content\/uploads\/2023\/08\/image-4.png\" alt=\"\" class=\"wp-image-118\"\/><\/figure>\n\n\n\n<figure class=\"wp-block-image size-large\"><img loading=\"lazy\" decoding=\"async\" width=\"191\" height=\"71\" data-id=\"117\" src=\"https:\/\/cog.ca\/wp-content\/uploads\/2023\/08\/image-3.png\" alt=\"\" class=\"wp-image-117\"\/><\/figure>\n\n\n\n<figure class=\"wp-block-image size-large\"><img loading=\"lazy\" decoding=\"async\" width=\"166\" height=\"127\" data-id=\"116\" src=\"https:\/\/cog.ca\/wp-content\/uploads\/2023\/08\/image-2.png\" alt=\"\" class=\"wp-image-116\"\/><\/figure>\n\n\n\n<figure class=\"wp-block-image size-large\"><img loading=\"lazy\" decoding=\"async\" width=\"184\" height=\"113\" data-id=\"119\" src=\"https:\/\/cog.ca\/wp-content\/uploads\/2023\/08\/image-5.png\" alt=\"\" class=\"wp-image-119\"\/><\/figure>\n\n\n\n<figure class=\"wp-block-image size-large\"><img loading=\"lazy\" decoding=\"async\" width=\"565\" height=\"395\" data-id=\"1210\" src=\"https:\/\/cog.ca\/wp-content\/uploads\/2023\/08\/MG_Logo_CMYK_Print_Stacked_WOT_Yellow.jpg\" alt=\"\" class=\"wp-image-1210\" srcset=\"https:\/\/cog.ca\/wp-content\/uploads\/2023\/08\/MG_Logo_CMYK_Print_Stacked_WOT_Yellow.jpg 565w, https:\/\/cog.ca\/wp-content\/uploads\/2023\/08\/MG_Logo_CMYK_Print_Stacked_WOT_Yellow-300x210.jpg 300w\" sizes=\"auto, (max-width: 565px) 100vw, 565px\" \/><\/figure>\n<\/figure>\n<\/div>\n","protected":false},"excerpt":{"rendered":"<p>Regenerative Organic Oats (ROO) est un projet pilote de trois ans financ\u00e9 par Nature&rsquo;s Path et Riverside Naturals Foods pour soutenir et favoriser la croissance de l&rsquo;approvisionnement canadien en avoine biologique r\u00e9g\u00e9n\u00e9rative face au changement climatique.<\/p>\n","protected":false},"author":4,"featured_media":0,"parent":3210,"menu_order":312,"comment_status":"closed","ping_status":"closed","template":"","meta":{"inline_featured_image":false,"footnotes":""},"class_list":["post-6634","page","type-page","status-publish","hentry"],"better_featured_image":null,"acf":[],"yoast_head":"<!-- This site is optimized with the Yoast SEO plugin v21.2 - https:\/\/yoast.com\/wordpress\/plugins\/seo\/ -->\n<title>Avoine biologique r\u00e9g\u00e9n\u00e9ratrice (ROO) - Cultivons Biologique Canada<\/title>\n<meta name=\"robots\" content=\"index, follow, max-snippet:-1, max-image-preview:large, max-video-preview:-1\" \/>\n<link rel=\"canonical\" href=\"https:\/\/cog.ca\/fr\/programs\/growing-up-organic\/avoine-biologique-regeneratrice-roo-2\/\" \/>\n<meta property=\"og:locale\" content=\"fr_FR\" \/>\n<meta property=\"og:type\" content=\"article\" \/>\n<meta property=\"og:title\" content=\"Avoine biologique r\u00e9g\u00e9n\u00e9ratrice (ROO) - Cultivons Biologique Canada\" \/>\n<meta property=\"og:description\" content=\"Regenerative Organic Oats (ROO) est un projet pilote de trois ans financ\u00e9 par Nature&#039;s Path et Riverside Naturals Foods pour soutenir et favoriser la croissance de l&#039;approvisionnement canadien en avoine biologique r\u00e9g\u00e9n\u00e9rative face au changement climatique.\" \/>\n<meta property=\"og:url\" content=\"https:\/\/cog.ca\/fr\/programs\/growing-up-organic\/avoine-biologique-regeneratrice-roo-2\/\" \/>\n<meta property=\"og:site_name\" content=\"Cultivons Biologique Canada\" \/>\n<meta property=\"article:modified_time\" content=\"2024-11-28T15:11:48+00:00\" \/>\n<meta property=\"og:image\" content=\"https:\/\/cog.ca\/wp-content\/uploads\/2023\/08\/plant.svg\" \/>\n<meta name=\"twitter:card\" content=\"summary_large_image\" \/>\n<meta name=\"twitter:label1\" content=\"Dur\u00e9e de lecture estim\u00e9e\" \/>\n\t<meta name=\"twitter:data1\" content=\"5 minutes\" \/>\n<script type=\"application\/ld+json\" class=\"yoast-schema-graph\">{\"@context\":\"https:\/\/schema.org\",\"@graph\":[{\"@type\":\"WebPage\",\"@id\":\"https:\/\/cog.ca\/fr\/programs\/growing-up-organic\/avoine-biologique-regeneratrice-roo-2\/\",\"url\":\"https:\/\/cog.ca\/fr\/programs\/growing-up-organic\/avoine-biologique-regeneratrice-roo-2\/\",\"name\":\"Avoine biologique r\u00e9g\u00e9n\u00e9ratrice (ROO) - Cultivons Biologique Canada\",\"isPartOf\":{\"@id\":\"https:\/\/cog.ca\/#website\"},\"datePublished\":\"2024-11-22T21:22:10+00:00\",\"dateModified\":\"2024-11-28T15:11:48+00:00\",\"breadcrumb\":{\"@id\":\"https:\/\/cog.ca\/fr\/programs\/growing-up-organic\/avoine-biologique-regeneratrice-roo-2\/#breadcrumb\"},\"inLanguage\":\"fr-FR\",\"potentialAction\":[{\"@type\":\"ReadAction\",\"target\":[\"https:\/\/cog.ca\/fr\/programs\/growing-up-organic\/avoine-biologique-regeneratrice-roo-2\/\"]}]},{\"@type\":\"BreadcrumbList\",\"@id\":\"https:\/\/cog.ca\/fr\/programs\/growing-up-organic\/avoine-biologique-regeneratrice-roo-2\/#breadcrumb\",\"itemListElement\":[{\"@type\":\"ListItem\",\"position\":1,\"name\":\"Home\",\"item\":\"https:\/\/cog.ca\/fr\/\"},{\"@type\":\"ListItem\",\"position\":2,\"name\":\"Programmes\",\"item\":\"https:\/\/cog.ca\/fr\/programs\/\"},{\"@type\":\"ListItem\",\"position\":3,\"name\":\"Grandir Bio\",\"item\":\"https:\/\/cog.ca\/fr\/growing-up-organic\/\"},{\"@type\":\"ListItem\",\"position\":4,\"name\":\"Protected: Avoine biologique r\u00e9g\u00e9n\u00e9ratrice (ROO)\"}]},{\"@type\":\"WebSite\",\"@id\":\"https:\/\/cog.ca\/#website\",\"url\":\"https:\/\/cog.ca\/\",\"name\":\"Cultivons Biologique Canada\",\"description\":\"\",\"publisher\":{\"@id\":\"https:\/\/cog.ca\/#organization\"},\"potentialAction\":[{\"@type\":\"SearchAction\",\"target\":{\"@type\":\"EntryPoint\",\"urlTemplate\":\"https:\/\/cog.ca\/?s={search_term_string}\"},\"query-input\":\"required name=search_term_string\"}],\"inLanguage\":\"fr-FR\"},{\"@type\":\"Organization\",\"@id\":\"https:\/\/cog.ca\/#organization\",\"name\":\"Canadian Organic Growers\",\"url\":\"https:\/\/cog.ca\/\",\"logo\":{\"@type\":\"ImageObject\",\"inLanguage\":\"fr-FR\",\"@id\":\"https:\/\/cog.ca\/#\/schema\/logo\/image\/\",\"url\":\"https:\/\/cog.ca\/wp-content\/uploads\/2023\/07\/COG_WhiteLogo_Transparent-1.png\",\"contentUrl\":\"https:\/\/cog.ca\/wp-content\/uploads\/2023\/07\/COG_WhiteLogo_Transparent-1.png\",\"width\":208,\"height\":110,\"caption\":\"Canadian Organic Growers\"},\"image\":{\"@id\":\"https:\/\/cog.ca\/#\/schema\/logo\/image\/\"}}]}<\/script>\n<!-- \/ Yoast SEO plugin. -->","yoast_head_json":{"title":"Avoine biologique r\u00e9g\u00e9n\u00e9ratrice (ROO) - Cultivons Biologique Canada","robots":{"index":"index","follow":"follow","max-snippet":"max-snippet:-1","max-image-preview":"max-image-preview:large","max-video-preview":"max-video-preview:-1"},"canonical":"https:\/\/cog.ca\/fr\/programs\/growing-up-organic\/avoine-biologique-regeneratrice-roo-2\/","og_locale":"fr_FR","og_type":"article","og_title":"Avoine biologique r\u00e9g\u00e9n\u00e9ratrice (ROO) - Cultivons Biologique Canada","og_description":"Regenerative Organic Oats (ROO) est un projet pilote de trois ans financ\u00e9 par Nature's Path et Riverside Naturals Foods pour soutenir et favoriser la croissance de l'approvisionnement canadien en avoine biologique r\u00e9g\u00e9n\u00e9rative face au changement climatique.","og_url":"https:\/\/cog.ca\/fr\/programs\/growing-up-organic\/avoine-biologique-regeneratrice-roo-2\/","og_site_name":"Cultivons Biologique Canada","article_modified_time":"2024-11-28T15:11:48+00:00","og_image":[{"url":"https:\/\/cog.ca\/wp-content\/uploads\/2023\/08\/plant.svg"}],"twitter_card":"summary_large_image","twitter_misc":{"Dur\u00e9e de lecture estim\u00e9e":"5 minutes"},"schema":{"@context":"https:\/\/schema.org","@graph":[{"@type":"WebPage","@id":"https:\/\/cog.ca\/fr\/programs\/growing-up-organic\/avoine-biologique-regeneratrice-roo-2\/","url":"https:\/\/cog.ca\/fr\/programs\/growing-up-organic\/avoine-biologique-regeneratrice-roo-2\/","name":"Avoine biologique r\u00e9g\u00e9n\u00e9ratrice (ROO) - Cultivons Biologique Canada","isPartOf":{"@id":"https:\/\/cog.ca\/#website"},"datePublished":"2024-11-22T21:22:10+00:00","dateModified":"2024-11-28T15:11:48+00:00","breadcrumb":{"@id":"https:\/\/cog.ca\/fr\/programs\/growing-up-organic\/avoine-biologique-regeneratrice-roo-2\/#breadcrumb"},"inLanguage":"fr-FR","potentialAction":[{"@type":"ReadAction","target":["https:\/\/cog.ca\/fr\/programs\/growing-up-organic\/avoine-biologique-regeneratrice-roo-2\/"]}]},{"@type":"BreadcrumbList","@id":"https:\/\/cog.ca\/fr\/programs\/growing-up-organic\/avoine-biologique-regeneratrice-roo-2\/#breadcrumb","itemListElement":[{"@type":"ListItem","position":1,"name":"Home","item":"https:\/\/cog.ca\/fr\/"},{"@type":"ListItem","position":2,"name":"Programmes","item":"https:\/\/cog.ca\/fr\/programs\/"},{"@type":"ListItem","position":3,"name":"Grandir Bio","item":"https:\/\/cog.ca\/fr\/growing-up-organic\/"},{"@type":"ListItem","position":4,"name":"Protected: Avoine biologique r\u00e9g\u00e9n\u00e9ratrice (ROO)"}]},{"@type":"WebSite","@id":"https:\/\/cog.ca\/#website","url":"https:\/\/cog.ca\/","name":"Cultivons Biologique Canada","description":"","publisher":{"@id":"https:\/\/cog.ca\/#organization"},"potentialAction":[{"@type":"SearchAction","target":{"@type":"EntryPoint","urlTemplate":"https:\/\/cog.ca\/?s={search_term_string}"},"query-input":"required name=search_term_string"}],"inLanguage":"fr-FR"},{"@type":"Organization","@id":"https:\/\/cog.ca\/#organization","name":"Canadian Organic Growers","url":"https:\/\/cog.ca\/","logo":{"@type":"ImageObject","inLanguage":"fr-FR","@id":"https:\/\/cog.ca\/#\/schema\/logo\/image\/","url":"https:\/\/cog.ca\/wp-content\/uploads\/2023\/07\/COG_WhiteLogo_Transparent-1.png","contentUrl":"https:\/\/cog.ca\/wp-content\/uploads\/2023\/07\/COG_WhiteLogo_Transparent-1.png","width":208,"height":110,"caption":"Canadian Organic Growers"},"image":{"@id":"https:\/\/cog.ca\/#\/schema\/logo\/image\/"}}]}},"_links":{"self":[{"href":"https:\/\/cog.ca\/fr\/wp-json\/wp\/v2\/pages\/6634","targetHints":{"allow":["GET"]}}],"collection":[{"href":"https:\/\/cog.ca\/fr\/wp-json\/wp\/v2\/pages"}],"about":[{"href":"https:\/\/cog.ca\/fr\/wp-json\/wp\/v2\/types\/page"}],"author":[{"embeddable":true,"href":"https:\/\/cog.ca\/fr\/wp-json\/wp\/v2\/users\/4"}],"replies":[{"embeddable":true,"href":"https:\/\/cog.ca\/fr\/wp-json\/wp\/v2\/comments?post=6634"}],"version-history":[{"count":1,"href":"https:\/\/cog.ca\/fr\/wp-json\/wp\/v2\/pages\/6634\/revisions"}],"predecessor-version":[{"id":6648,"href":"https:\/\/cog.ca\/fr\/wp-json\/wp\/v2\/pages\/6634\/revisions\/6648"}],"up":[{"embeddable":true,"href":"https:\/\/cog.ca\/fr\/wp-json\/wp\/v2\/pages\/3210"}],"wp:attachment":[{"href":"https:\/\/cog.ca\/fr\/wp-json\/wp\/v2\/media?parent=6634"}],"curies":[{"name":"wp","href":"https:\/\/api.w.org\/{rel}","templated":true}]}}