{"id":4861,"date":"2024-07-05T17:11:45","date_gmt":"2024-07-05T21:11:45","guid":{"rendered":"https:\/\/cog.ca\/?page_id=4861"},"modified":"2025-09-10T14:05:30","modified_gmt":"2025-09-10T18:05:30","slug":"la-transition-des-agriculteurs-vers-une-agriculture-biologique-et-regeneratrice-4","status":"publish","type":"page","link":"https:\/\/cog.ca\/fr\/la-transition-des-agriculteurs-vers-une-agriculture-biologique-et-regeneratrice-4\/","title":{"rendered":"La transition des agriculteurs vers une agriculture biologique et r\u00e9g\u00e9n\u00e9ratrice"},"content":{"rendered":"\n<div class=\"wp-block-group alignfull has-theme-light-background-color has-background is-layout-constrained wp-block-group-is-layout-constrained\">\n<h5 class=\"wp-block-heading has-text-align-center is-style-h2\">Anciennement connu sous le nom de Growing Eastern Ontario Organically.<\/h5>\n\n\n\n<hr class=\"wp-block-separator has-alpha-channel-opacity is-style-accent-center\"\/>\n\n\n\n<p>Growing Eastern Ontario Organically (GEOO), \u00e9tait une initiative de trois ans soutenue par la Fondation Trillium de l&rsquo;Ontario pour aider les agriculteurs \u00e0 faire la transition vers la production biologique. Au cours du programme, GEOO a soutenu directement 57 exploitations agricoles repr\u00e9sentant plus de 10 000 acres par le biais de mentorat, d&rsquo;incitations financi\u00e8res et d&rsquo;apprentissage exp\u00e9rientiel sur place. En outre, les activit\u00e9s de programmation de GEOO ont touch\u00e9 un total combin\u00e9 de 1 500 agriculteurs au cours des trois ann\u00e9es. Le programme GEOO est un mod\u00e8le de r\u00e9ussite \u00e9prouv\u00e9 qui peut \u00eatre reproduit et mis \u00e0 l&rsquo;\u00e9chelle dans votre communaut\u00e9.<\/p>\n\n\n\n<p>Bien que le projet pilote GEOO soit termin\u00e9, la COG travaille sur son successeur : Transitioning Farmers to Regenerative, Organic (TFRO).&nbsp;<\/p>\n\n\n\n<p>TFRO vise \u00e0 concr\u00e9tiser le succ\u00e8s de GEOO en fournissant une formation et un soutien mesurables et fond\u00e9s sur l&rsquo;\u00e9cologie, ainsi que des r\u00e9sultats \u00e9conomiques positifs. TFRO est id\u00e9al pour les entreprises agricoles et les start-ups agroalimentaires qui s&rsquo;engagent \u00e0 renforcer la sant\u00e9 des sols, \u00e0 adopter des pratiques agricoles \u00e9cologiques\/r\u00e9g\u00e9n\u00e9ratives et \u00e0 r\u00e9duire les co\u00fbts des intrants et les impacts n\u00e9gatifs. Les pratiques du TFRO aideront \u00e9galement les terres agricoles \u00e0 devenir plus r\u00e9sistantes aux ravages de notre climat changeant (inondations, s\u00e9cheresses) et \u00e0 am\u00e9liorer la biodiversit\u00e9 locale. De par sa conception, le TFRO renforce \u00e9galement l&rsquo;engagement social dans les communaut\u00e9s agricoles et commerciales afin d&rsquo;enrichir les r\u00e9seaux locaux et de favoriser le bien-\u00eatre des participants.<\/p>\n<\/div>\n\n\n\n<div class=\"wp-block-group alignfull has-theme-grey-background-color has-background is-layout-constrained wp-block-group-is-layout-constrained\">\n<h2 class=\"wp-block-heading has-text-align-center\">Les objectifs du TFRO<\/h2>\n\n\n\n<hr class=\"wp-block-separator has-alpha-channel-opacity is-style-accent-center\"\/>\n\n\n\n<div class=\"wp-block-eup-blocks-cards alignwide cards--wrapper is-grid graphic-icon orientation-horizontal alignment-left design-border size-medium\"><div class=\"cards--inner\">\n<div class=\"wp-block-eup-blocks-card card--wrapper\"><div class=\"card-header\"><div class=\"card-image--wrapper\"><img decoding=\"async\" class=\"card-image\" src=\"https:\/\/cog.ca\/wp-content\/uploads\/2023\/08\/community.svg\" alt=\"\" data-id=\"1265\"\/><\/div><div class=\"card-header--text\"><div class=\"card-title\">Communaut\u00e9s de pratique<\/div><\/div><\/div><div class=\"card-content\"><div class=\"card-desc\">Favoriser des communaut\u00e9s de pratique solides, le mentorat entre agriculteurs et un meilleur bien-\u00eatre social, communautaire et mental.<\/div><\/div><\/div>\n\n\n\n<div class=\"wp-block-eup-blocks-card card--wrapper\"><div class=\"card-header\"><div class=\"card-image--wrapper\"><img decoding=\"async\" class=\"card-image\" src=\"https:\/\/cog.ca\/wp-content\/uploads\/2023\/08\/presentation.svg\" alt=\"\" data-id=\"1239\"\/><\/div><div class=\"card-header--text\"><div class=\"card-title\">Formation et ressources<\/div><\/div><\/div><div class=\"card-content\"><div class=\"card-desc\">Fourni aux agriculteurs enregistr\u00e9s sur une gamme de pratiques r\u00e9g\u00e9n\u00e9ratrices, sur une p\u00e9riode minimale de trois ans.<\/div><\/div><\/div>\n\n\n\n<div class=\"wp-block-eup-blocks-card card--wrapper\"><div class=\"card-header\"><div class=\"card-image--wrapper\"><img decoding=\"async\" class=\"card-image\" src=\"https:\/\/cog.ca\/wp-content\/uploads\/2023\/08\/unlock.svg\" alt=\"\" data-id=\"1261\"\/><\/div><div class=\"card-header--text\"><div class=\"card-title\">Accessibilit\u00e9<\/div><\/div><\/div><div class=\"card-content\"><div class=\"card-desc\">Ouvert \u00e0 tout agriculteur d\u00e9sireux d&rsquo;am\u00e9liorer la sant\u00e9 des sols, d&rsquo;adopter des pratiques \u00e9cologiques\/r\u00e9g\u00e9n\u00e9ratives et de r\u00e9duire les intrants nocifs dans la mesure du possible.<\/div><\/div><\/div>\n\n\n\n<div class=\"wp-block-eup-blocks-card card--wrapper\"><div class=\"card-header\"><div class=\"card-image--wrapper\"><img decoding=\"async\" class=\"card-image\" src=\"https:\/\/cog.ca\/wp-content\/uploads\/2023\/08\/discussion.svg\" alt=\"\" data-id=\"1263\"\/><\/div><div class=\"card-header--text\"><div class=\"card-title\">R\u00e9seau<\/div><\/div><\/div><div class=\"card-content\"><div class=\"card-desc\">Mettre en relation les entreprises agroalimentaires locales et r\u00e9gionales et les autres parties prenantes avec les agriculteurs afin d&rsquo;aligner leurs attentes respectives.<\/div><\/div><\/div>\n\n\n\n<div class=\"wp-block-eup-blocks-card card--wrapper\"><div class=\"card-header\"><div class=\"card-image--wrapper\"><img decoding=\"async\" class=\"card-image\" src=\"https:\/\/cog.ca\/wp-content\/uploads\/2023\/08\/checklist.svg\" alt=\"\" data-id=\"1267\"\/><\/div><div class=\"card-header--text\"><div class=\"card-title\">\u00c9valuation de l&rsquo;exploitation<\/div><\/div><\/div><div class=\"card-content\"><div class=\"card-desc\">Une \u00e9valuation de l&rsquo;exploitation est effectu\u00e9e au d\u00e9but du programme afin de mieux r\u00e9pondre aux besoins agricoles de chaque exploitation.<\/div><\/div><\/div>\n<\/div><\/div>\n<\/div>\n\n\n\n<div class=\"wp-block-media-text alignfull is-stacked-on-mobile is-image-fill is-style-smart-wide has-theme-light-background-color has-background\"><figure class=\"wp-block-media-text__media\" style=\"background-image:url(https:\/\/cog.ca\/wp-content\/uploads\/2023\/08\/Screen-Shot-2022-06-24-at-6.40.33-PM-1024x393.webp);background-position:50% 50%\"><img loading=\"lazy\" decoding=\"async\" width=\"1024\" height=\"393\" src=\"https:\/\/cog.ca\/wp-content\/uploads\/2023\/08\/Screen-Shot-2022-06-24-at-6.40.33-PM-1024x393.webp\" alt=\"\" class=\"wp-image-1273 size-full\" srcset=\"https:\/\/cog.ca\/wp-content\/uploads\/2023\/08\/Screen-Shot-2022-06-24-at-6.40.33-PM-1024x393.webp 1024w, https:\/\/cog.ca\/wp-content\/uploads\/2023\/08\/Screen-Shot-2022-06-24-at-6.40.33-PM-300x115.webp 300w, https:\/\/cog.ca\/wp-content\/uploads\/2023\/08\/Screen-Shot-2022-06-24-at-6.40.33-PM.webp 1314w\" sizes=\"auto, (max-width: 1024px) 100vw, 1024px\" \/><\/figure><div class=\"wp-block-media-text__content\">\n<h2 class=\"wp-block-heading has-text-align-left is-style-h4\">R\u00e9sultats GEOO (2019 &#8211; 2022)<\/h2>\n\n\n\n<figure class=\"wp-block-image size-medium\"><img loading=\"lazy\" decoding=\"async\" width=\"300\" height=\"94\" src=\"https:\/\/cog.ca\/wp-content\/uploads\/2023\/08\/GEO-O-Logo-300x94.webp\" alt=\"\" class=\"wp-image-1276\" srcset=\"https:\/\/cog.ca\/wp-content\/uploads\/2023\/08\/GEO-O-Logo-300x94.webp 300w, https:\/\/cog.ca\/wp-content\/uploads\/2023\/08\/GEO-O-Logo.webp 1000w\" sizes=\"auto, (max-width: 300px) 100vw, 300px\" \/><\/figure>\n\n\n\n<p>L&rsquo;objectif du projet GEOO \u00e9tait d&rsquo;aider les producteurs dans leur transition vers l&rsquo;agriculture biologique et de cr\u00e9er un r\u00e9seau pour soutenir les participants au programme au fur et \u00e0 mesure qu&rsquo;ils se d\u00e9veloppent dans leur production biologique. GEOO a cr\u00e9\u00e9 un ensemble de ressources sur des sujets de pr\u00e9occupation essentiels comme les affaires, l&rsquo;agronomie et la certification. COG a recueilli d&rsquo;importantes donn\u00e9es qualitatives et quantitatives sur les d\u00e9fis et les obstacles auxquels sont confront\u00e9s les producteurs de l&rsquo;Est de l&rsquo;Ontario dans leurs efforts pour adopter des pratiques plus \u00e9cologiques. Le successeur de GEOO &#8211; Transition des agriculteurs vers des pratiques r\u00e9g\u00e9n\u00e9ratrices et biologiques &#8211; s&rsquo;appuiera sur ces le\u00e7ons apprises et pourra \u00eatre \u00e9tendu aux communaut\u00e9s de tout le Canada.<\/p>\n<\/div><\/div>\n\n\n\n<div class=\"wp-block-group alignfull has-theme-grey-background-color has-background is-layout-constrained wp-block-group-is-layout-constrained\">\n<div class=\"wp-block-eup-blocks-cards alignwide cards--wrapper is-grid graphic-icon orientation-vertical alignment-center design-border size-medium\"><div class=\"cards--inner\">\n<div class=\"wp-block-eup-blocks-card card--wrapper\"><div class=\"card-header\"><div class=\"card-image--wrapper\"><img decoding=\"async\" class=\"card-image\" src=\"https:\/\/cog.ca\/wp-content\/uploads\/2023\/08\/farmer.svg\" alt=\"\" data-id=\"1241\"\/><\/div><div class=\"card-header--text\"><div class=\"card-title\"><strong>Les programmes de GEOO ont touch\u00e9 plus de&nbsp;1 500&nbsp;agriculteurs dans l&rsquo;est de l&rsquo;Ontario.<\/strong><\/div><\/div><\/div><div class=\"card-content\"><\/div><\/div>\n\n\n\n<div class=\"wp-block-eup-blocks-card card--wrapper\"><div class=\"card-header\"><div class=\"card-image--wrapper\"><img decoding=\"async\" class=\"card-image\" src=\"https:\/\/cog.ca\/wp-content\/uploads\/2023\/08\/barn.svg\" alt=\"\" data-id=\"994\"\/><\/div><div class=\"card-header--text\"><div class=\"card-title\"><strong>Soutien direct \u00e0 57 fermes de l&rsquo;Est de l&rsquo;Ontario par le biais du programme.<\/strong><\/div><\/div><\/div><div class=\"card-content\"><div class=\"card-desc\">*These 57 Farms represent 10,000+ Acres of land in Eastern Ontario<\/div><\/div><\/div>\n\n\n\n<div class=\"wp-block-eup-blocks-card card--wrapper\"><div class=\"card-header\"><div class=\"card-image--wrapper\"><img decoding=\"async\" class=\"card-image\" src=\"https:\/\/cog.ca\/wp-content\/uploads\/2023\/08\/gear-1.svg\" alt=\"\" data-id=\"1281\"\/><\/div><div class=\"card-header--text\"><div class=\"card-title\"><strong>\u00c9laboration de plus de 100 ressources \u00e0 la disposition des agriculteurs et de la programmation future<\/strong><\/div><\/div><\/div><div class=\"card-content\"><\/div><\/div>\n<\/div><\/div>\n<\/div>\n\n\n\n<div class=\"wp-block-group alignfull has-theme-light-background-color has-background is-layout-constrained wp-block-group-is-layout-constrained\">\n<h2 class=\"wp-block-heading has-text-align-center is-style-h4\">Budget GEOO<\/h2>\n\n\n\n<p class=\"has-text-align-center has-theme-large-font-size\">Budget de 550 000 $ sur 3 ans<\/p>\n\n\n\n<h2 class=\"wp-block-heading has-text-align-center is-style-h4\">Responsable GEOO<\/h2>\n\n\n\r\n  \r\n\r\n\t<div id=\"block_6473fb2213fcd61c2d24a9d82b4809a7\" class=\"wp-block-eup-blocks-posts alignwide cards--wrapper is-grid graphic-image orientation-vertical alignment-left design-flat size-medium\">\r\n\t<div class=\"cards--inner\">\r\n\r\n\t\r\n\t<div class=\"card--wrapper modal-trigger\" aria-label=\"Eric Payseur\" data-micromodal-trigger=\"modal-1283\">\r\n\r\n\t\t<div class=\"card-header\">\r\n\t\t\t\t\t\t<div class=\"card-image--wrapper square\">\r\n\t\t\t\t<img src=\"https:\/\/cog.ca\/wp-content\/uploads\/2023\/08\/1603813953132-300x300.webp\" decoding=\"async\" loading=\"lazy\"\r\n\t\t srcset=\"https:\/\/cog.ca\/wp-content\/uploads\/2023\/08\/1603813953132-300x300.webp 300w, https:\/\/cog.ca\/wp-content\/uploads\/2023\/08\/1603813953132-150x150.webp 150w, https:\/\/cog.ca\/wp-content\/uploads\/2023\/08\/1603813953132.webp 800w\"\r\n\t\t sizes=\"(max-width: 300px) 100vw, 300px\">\t\t\t<\/div>\r\n\t\t\t\t\t\t<div class=\"card-header--text\">\r\n\t\t\t\t<div class=\"card-title\">Eric Payseur<\/div>\r\n\t\t\t\t<div class=\"card-meta\">\r\n\t\t\t\t\t<span class=\"meta-item\">Outreach Manager<\/span>\r\n\t\t\t\t<\/div>\r\n\t\t\t<\/div>\r\n\t\t<\/div>\r\n\r\n\t<\/div>\r\n\r\n\t\t\r\n\t<\/div>\r\n\t<\/div>\r\n\r\n\n\n\n<h2 class=\"wp-block-heading has-text-align-center is-style-h4\">Vous souhaitez obtenir plus d&rsquo;informations ?<\/h2>\n\n\n\n<p class=\"has-text-align-center\">Pour toute question ou information compl\u00e9mentaire, veuillez contacter le personnel de notre programme \u00e0 l&rsquo;adresse&nbsp;<a href=\"mailto:eric.payseur@cog.ca\">eric.payseur@cog.ca.<\/a><\/p>\n\n\n\n<h2 class=\"wp-block-heading has-text-align-center is-style-h6\"><strong>Growing Eastern Ontario Organically a \u00e9t\u00e9 g\u00e9n\u00e9reusement soutenu par :<\/strong><\/h2>\n\n\n\n<figure class=\"wp-block-image aligncenter size-medium\"><img loading=\"lazy\" decoding=\"async\" width=\"300\" height=\"111\" src=\"https:\/\/cog.ca\/wp-content\/uploads\/2023\/08\/OTF-logo-300x111.webp\" alt=\"\" class=\"wp-image-1291\" srcset=\"https:\/\/cog.ca\/wp-content\/uploads\/2023\/08\/OTF-logo-300x111.webp 300w, https:\/\/cog.ca\/wp-content\/uploads\/2023\/08\/OTF-logo-1024x380.webp 1024w, https:\/\/cog.ca\/wp-content\/uploads\/2023\/08\/OTF-logo.webp 1460w\" sizes=\"auto, (max-width: 300px) 100vw, 300px\" \/><\/figure>\n<\/div>\n","protected":false},"excerpt":{"rendered":"<p>Growing Eastern Ontario Organically (GEOO), \u00e9tait une initiative de trois ans soutenue par la Fondation Trillium de l&rsquo;Ontario pour aider les agriculteurs \u00e0 faire la transition vers la production biologique.<\/p>\n","protected":false},"author":4,"featured_media":4156,"parent":0,"menu_order":313,"comment_status":"closed","ping_status":"closed","template":"","meta":{"inline_featured_image":false,"footnotes":""},"class_list":["post-4861","page","type-page","status-publish","has-post-thumbnail","hentry"],"better_featured_image":{"id":4156,"alt_text":"","caption":"","description":"","media_type":"image","media_details":{"width":1920,"height":1280,"file":"2024\/04\/pexels-photo-108941-scaled.jpg","filesize":210347,"sizes":{"medium":{"file":"pexels-photo-108941-300x200.jpg","width":300,"height":200,"mime-type":"image\/jpeg","filesize":7027,"source_url":"https:\/\/cog.ca\/wp-content\/uploads\/2024\/04\/pexels-photo-108941-300x200.jpg"},"large":{"file":"pexels-photo-108941-1024x683.jpg","width":1024,"height":683,"mime-type":"image\/jpeg","filesize":65961,"source_url":"https:\/\/cog.ca\/wp-content\/uploads\/2024\/04\/pexels-photo-108941-1024x683.jpg"},"thumbnail":{"file":"pexels-photo-108941-150x150.jpg","width":150,"height":150,"mime-type":"image\/jpeg","filesize":3197,"source_url":"https:\/\/cog.ca\/wp-content\/uploads\/2024\/04\/pexels-photo-108941-150x150.jpg"},"post-thumbnail":{"file":"pexels-photo-108941-150x150.jpg","width":150,"height":150,"mime-type":"image\/jpeg","filesize":3197,"source_url":"https:\/\/cog.ca\/wp-content\/uploads\/2024\/04\/pexels-photo-108941-150x150.jpg"}},"image_meta":{"aperture":"0","credit":"","camera":"","caption":"","created_timestamp":"0","copyright":"","focal_length":"0","iso":"0","shutter_speed":"0","title":"","orientation":"0","keywords":[]},"original_image":"pexels-photo-108941.jpg"},"post":10533,"source_url":"https:\/\/cog.ca\/wp-content\/uploads\/2024\/04\/pexels-photo-108941-scaled.jpg"},"acf":[],"yoast_head":"<!-- This site is optimized with the Yoast SEO plugin v21.2 - https:\/\/yoast.com\/wordpress\/plugins\/seo\/ -->\n<title>La transition des agriculteurs vers une agriculture biologique et r\u00e9g\u00e9n\u00e9ratrice - Cultivons Biologique Canada<\/title>\n<meta name=\"robots\" content=\"index, follow, max-snippet:-1, max-image-preview:large, max-video-preview:-1\" \/>\n<link rel=\"canonical\" href=\"https:\/\/cog.ca\/fr\/la-transition-des-agriculteurs-vers-une-agriculture-biologique-et-regeneratrice-4\/\" \/>\n<meta property=\"og:locale\" content=\"fr_FR\" \/>\n<meta property=\"og:type\" content=\"article\" \/>\n<meta property=\"og:title\" content=\"La transition des agriculteurs vers une agriculture biologique et r\u00e9g\u00e9n\u00e9ratrice - Cultivons Biologique Canada\" \/>\n<meta property=\"og:description\" content=\"Growing Eastern Ontario Organically (GEOO), \u00e9tait une initiative de trois ans soutenue par la Fondation Trillium de l&#039;Ontario pour aider les agriculteurs \u00e0 faire la transition vers la production biologique.\" \/>\n<meta property=\"og:url\" content=\"https:\/\/cog.ca\/fr\/la-transition-des-agriculteurs-vers-une-agriculture-biologique-et-regeneratrice-4\/\" \/>\n<meta property=\"og:site_name\" content=\"Cultivons Biologique Canada\" \/>\n<meta property=\"article:modified_time\" content=\"2025-09-10T18:05:30+00:00\" \/>\n<meta property=\"og:image\" content=\"https:\/\/cog.ca\/wp-content\/uploads\/2024\/04\/pexels-photo-108941-scaled.jpg\" \/>\n\t<meta property=\"og:image:width\" content=\"1920\" \/>\n\t<meta property=\"og:image:height\" content=\"1280\" \/>\n\t<meta property=\"og:image:type\" content=\"image\/jpeg\" \/>\n<meta name=\"twitter:card\" content=\"summary_large_image\" \/>\n<meta name=\"twitter:label1\" content=\"Dur\u00e9e de lecture estim\u00e9e\" \/>\n\t<meta name=\"twitter:data1\" content=\"5 minutes\" \/>\n<script type=\"application\/ld+json\" class=\"yoast-schema-graph\">{\"@context\":\"https:\/\/schema.org\",\"@graph\":[{\"@type\":\"WebPage\",\"@id\":\"https:\/\/cog.ca\/fr\/la-transition-des-agriculteurs-vers-une-agriculture-biologique-et-regeneratrice-4\/\",\"url\":\"https:\/\/cog.ca\/fr\/la-transition-des-agriculteurs-vers-une-agriculture-biologique-et-regeneratrice-4\/\",\"name\":\"La transition des agriculteurs vers une agriculture biologique et r\u00e9g\u00e9n\u00e9ratrice - Cultivons Biologique Canada\",\"isPartOf\":{\"@id\":\"https:\/\/cog.ca\/#website\"},\"datePublished\":\"2024-07-05T21:11:45+00:00\",\"dateModified\":\"2025-09-10T18:05:30+00:00\",\"breadcrumb\":{\"@id\":\"https:\/\/cog.ca\/fr\/la-transition-des-agriculteurs-vers-une-agriculture-biologique-et-regeneratrice-4\/#breadcrumb\"},\"inLanguage\":\"fr-FR\",\"potentialAction\":[{\"@type\":\"ReadAction\",\"target\":[\"https:\/\/cog.ca\/fr\/la-transition-des-agriculteurs-vers-une-agriculture-biologique-et-regeneratrice-4\/\"]}]},{\"@type\":\"BreadcrumbList\",\"@id\":\"https:\/\/cog.ca\/fr\/la-transition-des-agriculteurs-vers-une-agriculture-biologique-et-regeneratrice-4\/#breadcrumb\",\"itemListElement\":[{\"@type\":\"ListItem\",\"position\":1,\"name\":\"Home\",\"item\":\"https:\/\/cog.ca\/fr\/\"},{\"@type\":\"ListItem\",\"position\":2,\"name\":\"La transition des agriculteurs vers une agriculture biologique et r\u00e9g\u00e9n\u00e9ratrice\"}]},{\"@type\":\"WebSite\",\"@id\":\"https:\/\/cog.ca\/#website\",\"url\":\"https:\/\/cog.ca\/\",\"name\":\"Cultivons Biologique Canada\",\"description\":\"\",\"publisher\":{\"@id\":\"https:\/\/cog.ca\/#organization\"},\"potentialAction\":[{\"@type\":\"SearchAction\",\"target\":{\"@type\":\"EntryPoint\",\"urlTemplate\":\"https:\/\/cog.ca\/?s={search_term_string}\"},\"query-input\":\"required name=search_term_string\"}],\"inLanguage\":\"fr-FR\"},{\"@type\":\"Organization\",\"@id\":\"https:\/\/cog.ca\/#organization\",\"name\":\"Canadian Organic Growers\",\"url\":\"https:\/\/cog.ca\/\",\"logo\":{\"@type\":\"ImageObject\",\"inLanguage\":\"fr-FR\",\"@id\":\"https:\/\/cog.ca\/#\/schema\/logo\/image\/\",\"url\":\"https:\/\/cog.ca\/wp-content\/uploads\/2023\/07\/COG_WhiteLogo_Transparent-1.png\",\"contentUrl\":\"https:\/\/cog.ca\/wp-content\/uploads\/2023\/07\/COG_WhiteLogo_Transparent-1.png\",\"width\":208,\"height\":110,\"caption\":\"Canadian Organic Growers\"},\"image\":{\"@id\":\"https:\/\/cog.ca\/#\/schema\/logo\/image\/\"}}]}<\/script>\n<!-- \/ Yoast SEO plugin. -->","yoast_head_json":{"title":"La transition des agriculteurs vers une agriculture biologique et r\u00e9g\u00e9n\u00e9ratrice - Cultivons Biologique Canada","robots":{"index":"index","follow":"follow","max-snippet":"max-snippet:-1","max-image-preview":"max-image-preview:large","max-video-preview":"max-video-preview:-1"},"canonical":"https:\/\/cog.ca\/fr\/la-transition-des-agriculteurs-vers-une-agriculture-biologique-et-regeneratrice-4\/","og_locale":"fr_FR","og_type":"article","og_title":"La transition des agriculteurs vers une agriculture biologique et r\u00e9g\u00e9n\u00e9ratrice - Cultivons Biologique Canada","og_description":"Growing Eastern Ontario Organically (GEOO), \u00e9tait une initiative de trois ans soutenue par la Fondation Trillium de l'Ontario pour aider les agriculteurs \u00e0 faire la transition vers la production biologique.","og_url":"https:\/\/cog.ca\/fr\/la-transition-des-agriculteurs-vers-une-agriculture-biologique-et-regeneratrice-4\/","og_site_name":"Cultivons Biologique Canada","article_modified_time":"2025-09-10T18:05:30+00:00","og_image":[{"width":1920,"height":1280,"url":"https:\/\/cog.ca\/wp-content\/uploads\/2024\/04\/pexels-photo-108941-scaled.jpg","type":"image\/jpeg"}],"twitter_card":"summary_large_image","twitter_misc":{"Dur\u00e9e de lecture estim\u00e9e":"5 minutes"},"schema":{"@context":"https:\/\/schema.org","@graph":[{"@type":"WebPage","@id":"https:\/\/cog.ca\/fr\/la-transition-des-agriculteurs-vers-une-agriculture-biologique-et-regeneratrice-4\/","url":"https:\/\/cog.ca\/fr\/la-transition-des-agriculteurs-vers-une-agriculture-biologique-et-regeneratrice-4\/","name":"La transition des agriculteurs vers une agriculture biologique et r\u00e9g\u00e9n\u00e9ratrice - Cultivons Biologique Canada","isPartOf":{"@id":"https:\/\/cog.ca\/#website"},"datePublished":"2024-07-05T21:11:45+00:00","dateModified":"2025-09-10T18:05:30+00:00","breadcrumb":{"@id":"https:\/\/cog.ca\/fr\/la-transition-des-agriculteurs-vers-une-agriculture-biologique-et-regeneratrice-4\/#breadcrumb"},"inLanguage":"fr-FR","potentialAction":[{"@type":"ReadAction","target":["https:\/\/cog.ca\/fr\/la-transition-des-agriculteurs-vers-une-agriculture-biologique-et-regeneratrice-4\/"]}]},{"@type":"BreadcrumbList","@id":"https:\/\/cog.ca\/fr\/la-transition-des-agriculteurs-vers-une-agriculture-biologique-et-regeneratrice-4\/#breadcrumb","itemListElement":[{"@type":"ListItem","position":1,"name":"Home","item":"https:\/\/cog.ca\/fr\/"},{"@type":"ListItem","position":2,"name":"La transition des agriculteurs vers une agriculture biologique et r\u00e9g\u00e9n\u00e9ratrice"}]},{"@type":"WebSite","@id":"https:\/\/cog.ca\/#website","url":"https:\/\/cog.ca\/","name":"Cultivons Biologique Canada","description":"","publisher":{"@id":"https:\/\/cog.ca\/#organization"},"potentialAction":[{"@type":"SearchAction","target":{"@type":"EntryPoint","urlTemplate":"https:\/\/cog.ca\/?s={search_term_string}"},"query-input":"required name=search_term_string"}],"inLanguage":"fr-FR"},{"@type":"Organization","@id":"https:\/\/cog.ca\/#organization","name":"Canadian Organic Growers","url":"https:\/\/cog.ca\/","logo":{"@type":"ImageObject","inLanguage":"fr-FR","@id":"https:\/\/cog.ca\/#\/schema\/logo\/image\/","url":"https:\/\/cog.ca\/wp-content\/uploads\/2023\/07\/COG_WhiteLogo_Transparent-1.png","contentUrl":"https:\/\/cog.ca\/wp-content\/uploads\/2023\/07\/COG_WhiteLogo_Transparent-1.png","width":208,"height":110,"caption":"Canadian Organic Growers"},"image":{"@id":"https:\/\/cog.ca\/#\/schema\/logo\/image\/"}}]}},"_links":{"self":[{"href":"https:\/\/cog.ca\/fr\/wp-json\/wp\/v2\/pages\/4861","targetHints":{"allow":["GET"]}}],"collection":[{"href":"https:\/\/cog.ca\/fr\/wp-json\/wp\/v2\/pages"}],"about":[{"href":"https:\/\/cog.ca\/fr\/wp-json\/wp\/v2\/types\/page"}],"author":[{"embeddable":true,"href":"https:\/\/cog.ca\/fr\/wp-json\/wp\/v2\/users\/4"}],"replies":[{"embeddable":true,"href":"https:\/\/cog.ca\/fr\/wp-json\/wp\/v2\/comments?post=4861"}],"version-history":[{"count":1,"href":"https:\/\/cog.ca\/fr\/wp-json\/wp\/v2\/pages\/4861\/revisions"}],"predecessor-version":[{"id":4862,"href":"https:\/\/cog.ca\/fr\/wp-json\/wp\/v2\/pages\/4861\/revisions\/4862"}],"wp:featuredmedia":[{"embeddable":true,"href":"https:\/\/cog.ca\/fr\/wp-json\/wp\/v2\/media\/4156"}],"wp:attachment":[{"href":"https:\/\/cog.ca\/fr\/wp-json\/wp\/v2\/media?parent=4861"}],"curies":[{"name":"wp","href":"https:\/\/api.w.org\/{rel}","templated":true}]}}