{"id":3949,"date":"2024-02-20T16:30:26","date_gmt":"2024-02-20T21:30:26","guid":{"rendered":"https:\/\/cog.ca\/?page_id=3949"},"modified":"2024-02-20T16:30:26","modified_gmt":"2024-02-20T21:30:26","slug":"choisissez-le-bio-pour-un-monde-plus-sain-plus-vert-et-plus-equitable-2","status":"publish","type":"page","link":"https:\/\/cog.ca\/fr\/choisissez-le-bio-pour-un-monde-plus-sain-plus-vert-et-plus-equitable-2\/","title":{"rendered":"Choisissez le bio pour un monde plus sain, plus vert et plus \u00e9quitable"},"content":{"rendered":"\n<h3 class=\"wp-block-heading is-style-h5\"><strong><em>\u201cOui, je veux contribuer \u00e0 construire un avenir plus r\u00e9silient face aux changements climatiques, plus inclusif et plus durable au Canada.\u201d<\/em><\/strong><\/h3>\n\n\n\n<hr class=\"wp-block-separator has-alpha-channel-opacity\"\/>\n\n\n\n<p>En faisant des choix plus respectueux de l&rsquo;environnement lorsque j&rsquo;ach\u00e8te de la nourriture, je peux aider \u00e0 cr\u00e9er un syst\u00e8me alimentaire plus durable au Canada, \u00e0 cr\u00e9er des emplois, \u00e0 renforcer notre \u00e9conomie, favoriser la diversit\u00e9 et pr\u00e9server la plan\u00e8te. C&rsquo;est pourquoi je fais entendre ma voix en soutien \u00e0 la campagne de Cultivons Biologique Canada. Parce que je m&rsquo;engage \u00e0 devenir #BiologiquementCanadien.<\/p>\n\n\n\n<div id=\"mc_embed_shell\">\n      <link href=\"\/\/cdn-images.mailchimp.com\/embedcode\/classic-061523.css\" rel=\"stylesheet\" type=\"text\/css\">\n  <style type=\"text\/css\">\n        #mc_embed_signup{background:#fff; false;clear:left; font:14px Helvetica,Arial,sans-serif; width: px;}\n        \/* Add your own Mailchimp form style overrides in your site stylesheet or in this style block.\n           We recommend moving this block and the preceding CSS link to the HEAD of your HTML file. *\/\n<\/style>\n<div id=\"mc_embed_signup\">\n    <form action=\"https:\/\/cog.us5.list-manage.com\/subscribe\/post?u=bc99d7e38de95fe5433773be9&amp;id=7a237be6d8&amp;f_id=000f2aebf0\" method=\"post\" id=\"mc-embedded-subscribe-form\" name=\"mc-embedded-subscribe-form\" class=\"validate\" target=\"_self\" novalidate=\"\">\n        <div id=\"mc_embed_signup_scroll\"><h2><\/h2>\n            <div class=\"indicates-required\"><span class=\"asterisk\">*<\/span> indicates required<\/div>\n            <div class=\"mc-field-group\"><label for=\"mce-FNAME\">Pr\u00e9nom <span class=\"asterisk\">*<\/span><\/label><input type=\"text\" name=\"FNAME\" class=\"required text\" id=\"mce-FNAME\" required=\"\" value=\"\"><\/div><div class=\"mc-field-group\"><label for=\"mce-LNAME\">Nom <span class=\"asterisk\">*<\/span><\/label><input type=\"text\" name=\"LNAME\" class=\"required text\" id=\"mce-LNAME\" required=\"\" value=\"\"><\/div><div class=\"mc-field-group\"><label for=\"mce-EMAIL\">Adresse courriel <span class=\"asterisk\">*<\/span><\/label><input type=\"email\" name=\"EMAIL\" class=\"required email\" id=\"mce-EMAIL\" required=\"\" value=\"\"><\/div><div class=\"mc-field-group\"><label for=\"mce-PHONE\">Num\u00e9ro de t\u00e9l\u00e9phone <\/label><input type=\"text\" name=\"PHONE\" class=\"REQ_CSS\" id=\"mce-PHONE\" value=\"\"><\/div><div class=\"mc-field-group\"><label for=\"mce-MMERGE5\">Code postal <\/label><input type=\"text\" name=\"MMERGE5\" class=\" text\" id=\"mce-MMERGE5\" value=\"\"><\/div>\n<div hidden=\"\"><input type=\"hidden\" name=\"tags\" value=\"4303600,4303604\"><\/div>\n        <div id=\"mce-responses\" class=\"clear\">\n            <div class=\"response\" id=\"mce-error-response\" style=\"display: none;\"><\/div>\n            <div class=\"response\" id=\"mce-success-response\" style=\"display: none;\"><\/div>\nEn ajoutant votre nom, vous acceptez de rester inform\u00e9 sur le passage \u00e0 l&rsquo;agriculture biologique et le soutien aux agriculteurs et producteurs biologiques canadiens. Vous pouvez vous d\u00e9sabonner \u00e0 tout moment. Consultez notre politique de confidentialit\u00e9 pour en savoir plus : <a>https:\/\/cog.ca\/fr\/legal-disclaimer\/<\/a><br>\n<br>\n<br>\n        <\/div><div aria-hidden=\"true\" style=\"position: absolute; left: -5000px;\"><input type=\"text\" name=\"b_bc99d7e38de95fe5433773be9_7a237be6d8\" tabindex=\"-1\" value=\"\"><\/div><div class=\"clear\"><input type=\"submit\" name=\"subscribe\" id=\"mc-embedded-subscribe\" class=\"button\" value=\"Ajoutez votre nom\"><\/div>\n    <\/div>\n<\/form>\n<\/div>\n<\/div>\n\n\n\n<hr class=\"wp-block-separator has-alpha-channel-opacity\"\/>\n\n\n\n<h2 class=\"wp-block-heading\">Ce que nous achetons est important<\/h2>\n\n\n\n<hr class=\"wp-block-separator has-alpha-channel-opacity\"\/>\n\n\n\n<p>Il y a de forts enjeux dans nos choix alimentaires. <strong>Les produits que nous choisissons ont un impact non seulement sur notre sant\u00e9 et notre bien-\u00eatre, mais aussi sur nos communaut\u00e9s locales et nos \u00e9cosyst\u00e8mes.<\/strong><\/p>\n\n\n\n<p>Cette prise de conscience n&rsquo;est pas nouvelle : de plus en plus de personnes \u00e0 travers le Canada r\u00e9fl\u00e9chissent s\u00e9rieusement \u00e0 leurs d\u00e9cisions d&rsquo;achat en tenant compte de questions li\u00e9es \u00e0 la sant\u00e9, aux impacts sociaux et \u00e0 la durabilit\u00e9. Elles font souvent des efforts suppl\u00e9mentaires pour faire des choix responsables socialement et environnementalement.&nbsp;<\/p>\n\n\n\n<p><strong>Le secteur biologique du Canada joue un r\u00f4le cl\u00e9 dans cette discussion, car les produits biologiques ont des avantages directs pour notre sant\u00e9, la plan\u00e8te et la r\u00e9silience \u00e9conomique.<\/strong><\/p>\n\n\n\n<p>Voici comment :<\/p>\n\n\n\n<ul class=\"wp-block-list\">\n<li><strong>Les aliments biologiques ne sont pas cultiv\u00e9s avec des produits chimiques nocifs et nombreux d&rsquo;entre eux contiennent plus de nutriments.<\/strong> Ces produits chimiques nocifs, tels que les pesticides et les herbicides synth\u00e9tiques, sont li\u00e9s \u00e0 divers probl\u00e8mes de sant\u00e9 tels que le cancer, la perturbation hormonale et la neurotoxicit\u00e9.<\/li>\n<\/ul>\n\n\n\n<ul class=\"wp-block-list\">\n<li><strong>Les pratiques agricoles biologiques ont toujours \u00e9t\u00e9 durables et respectueuses de l&rsquo;environnement.<\/strong> Elles r\u00e9duisent l&rsquo;\u00e9rosion du sol, la pollution de l&rsquo;eau et les menaces pour la biodiversit\u00e9. Les pratiques agricoles biologiques pr\u00e9sentent un plan pour r\u00e9duire les \u00e9missions de gaz \u00e0 effet de serre traditionnellement li\u00e9es \u00e0 l&rsquo;agriculture.<\/li>\n<\/ul>\n\n\n\n<ul class=\"wp-block-list\">\n<li><strong>Les agriculteur<\/strong><strong>\u22c5<\/strong><strong>rice<\/strong><strong>\u22c5<\/strong><strong>s et producteur<\/strong><strong>\u22c5<\/strong><strong>rice<\/strong><strong>\u22c5<\/strong><strong>s biologiques contribuent positivement <\/strong><strong>\u00e0<\/strong><strong> l&rsquo;<\/strong><strong>\u00e9<\/strong><strong>conomie canadienne<\/strong> \u2014 en pr\u00e9servant les r\u00e9serves d&rsquo;\u00e9nergie et d&rsquo;eau, en soutenant les objectifs climatiques du Canada pour une \u00e9conomie neutre en carbone et en assurant un approvisionnement alimentaire durable et fiable pour les g\u00e9n\u00e9rations futures de Canadiens.&nbsp;<\/li>\n<\/ul>\n\n\n\n<p>Pour continuer \u00e0 b\u00e9n\u00e9ficier des avantages des produits biologiques au Canada, nous avons besoin que davantage de personnes placent les produits biologiques canadiens au premier plan lorsqu\u2019elles font leurs courses.<\/p>\n\n\n\n<hr class=\"wp-block-separator has-alpha-channel-opacity\"\/>\n\n\n\n<h2 class=\"wp-block-heading\">Si nous ne changeons pas<\/h2>\n\n\n\n<hr class=\"wp-block-separator has-alpha-channel-opacity\"\/>\n\n\n\n<p>Les id\u00e9es fausses sur les produits biologiques continuent de cr\u00e9er des obstacles inutiles pour de nombreux\u22c5euses Canadien\u22c5es ordinaires. Par cons\u00e9quent, de nombreuses personnes optent pour des produits non biologiques dans les \u00e9piceries, sans comprendre les r\u00e9percussions de ces choix.<\/p>\n\n\n\n<p><strong>Le simple fait est que l&rsquo;on obtient ce pour quoi l&rsquo;on paie \u2014 et investir dans les producteur<\/strong><strong>\u22c5<\/strong><strong>rice<\/strong><strong>\u22c5<\/strong><strong>s biologiques canadiens est un investissement direct dans une meilleure sant<\/strong><strong>\u00e9<\/strong><strong> pour vous, pour les personnes qui ont produit votre nourriture, et pour l&rsquo;<\/strong><strong>\u00e9<\/strong><strong>cosyst<\/strong><strong>\u00e8<\/strong><strong>me dans lequel elle a <\/strong><strong>\u00e9<\/strong><strong>t<\/strong><strong>\u00e9<\/strong><strong> cultiv<\/strong><strong>\u00e9<\/strong><strong>e.<\/strong><\/p>\n\n\n\n<p>Lorsque nous choisissons des produits biologiques, nous am\u00e9liorons non seulement notre propre sant\u00e9, mais nous soutenons \u00e9galement les plus de 7 000 agriculteur\u22c5rice\u22c5s et producteur\u22c5rice\u22c5s biologiques \u00e0 travers le Canada qui accordent la priorit\u00e9 au bien-\u00eatre de la terre et de notre environnement. Beaucoup nourrissent leurs communaut\u00e9s locales sans avoir besoin d&rsquo;un transport \u00e0 forte \u00e9mission de carbone et ils embauchent du personnel local pour soutenir les \u00e9conomies locales. Ils participent \u00e0 des coop\u00e9ratives \u00e9conomiques et au partage des connaissances. <strong>En bref, le secteur biologique du Canada contribue \u00e0 rendre le Canada plus r\u00e9silient face aux changements climatiques, plus inclusif et plus durable.<\/strong><\/p>\n\n\n\n<hr class=\"wp-block-separator has-alpha-channel-opacity\"\/>\n\n\n\n<h2 class=\"wp-block-heading\">Engagez-vous \u00e0 faire une diff\u00e9rence<\/h2>\n\n\n\n<hr class=\"wp-block-separator has-alpha-channel-opacity\"\/>\n\n\n\n<p>Les mouvements comme #BiologiquementCanadien peuvent contribuer \u00e0 plaider en faveur de pratiques agricoles plus saines, plus respectueuses de l&rsquo;environnement et plus \u00e9quitables dans tout le pays.<\/p>\n\n\n\n<p>En tant que plus ancienne association biologique et r\u00e9g\u00e9n\u00e9rative du Canada, Cultivons Biologique Canada s&rsquo;engage \u00e0 responsabiliser les agriculteur\u22c5rice\u22c5s, les producteur\u22c5rice\u22c5s et les consommateur\u22c5rice\u22c5s en faveur de pratiques agricoles biologiques plus durables et respectueuses du climat.<\/p>\n\n\n\n<p><strong>C&rsquo;est pourquoi nous demandons votre soutien aujourd&rsquo;hui \u2014 car chaque achat de produits biologiques a un impact sur un avenir plus r\u00e9silient face aux changements climatiques, plus inclusif et plus durable.<\/strong><\/p>\n\n\n\n<p><br>Ajoutez votre nom et engagez-vous \u00e0 \u00eatre #BiologiquementCanadien d\u00e8s maintenant pour montrer que \u2014 gr\u00e2ce \u00e0 nos choix alimentaires \u2014 nous pouvons cr\u00e9er un Canada plus sain, plus respectueux de l&rsquo;environnement et plus \u00e9quitable.<\/p>\n\n\n\n<div class=\"wp-block-buttons is-layout-flex wp-block-buttons-is-layout-flex\">\n<div class=\"wp-block-button\"><a class=\"wp-block-button__link wp-element-button\" href=\"#top\">Engagez-vous<\/a><\/div>\n<\/div>\n","protected":false},"excerpt":{"rendered":"<p>\u201cOui, je veux contribuer \u00e0 construire un avenir plus r\u00e9silient face aux changements climatiques, plus inclusif et plus durable au Canada.\u201d En faisant des choix plus respectueux de l&rsquo;environnement lorsque j&rsquo;ach\u00e8te de la nourriture, je peux aider \u00e0 cr\u00e9er un syst\u00e8me alimentaire plus durable au Canada, \u00e0 cr\u00e9er des emplois, \u00e0 renforcer notre \u00e9conomie, favoriser [&hellip;]<\/p>\n","protected":false},"author":3,"featured_media":0,"parent":0,"menu_order":101,"comment_status":"closed","ping_status":"closed","template":"","meta":{"inline_featured_image":false,"footnotes":""},"class_list":["post-3949","page","type-page","status-publish","hentry"],"better_featured_image":null,"acf":[],"yoast_head":"<!-- This site is optimized with the Yoast SEO plugin v21.2 - https:\/\/yoast.com\/wordpress\/plugins\/seo\/ -->\n<title>Choisissez le bio pour un monde plus sain, plus vert et plus \u00e9quitable - Cultivons Biologique Canada<\/title>\n<meta name=\"robots\" content=\"index, follow, max-snippet:-1, max-image-preview:large, max-video-preview:-1\" \/>\n<link rel=\"canonical\" href=\"https:\/\/cog.ca\/fr\/choisissez-le-bio-pour-un-monde-plus-sain-plus-vert-et-plus-equitable-2\/\" \/>\n<meta property=\"og:locale\" content=\"fr_FR\" \/>\n<meta property=\"og:type\" content=\"article\" \/>\n<meta property=\"og:title\" content=\"Choisissez le bio pour un monde plus sain, plus vert et plus \u00e9quitable - Cultivons Biologique Canada\" \/>\n<meta property=\"og:description\" content=\"\u201cOui, je veux contribuer \u00e0 construire un avenir plus r\u00e9silient face aux changements climatiques, plus inclusif et plus durable au Canada.\u201d En faisant des choix plus respectueux de l&rsquo;environnement lorsque j&rsquo;ach\u00e8te de la nourriture, je peux aider \u00e0 cr\u00e9er un syst\u00e8me alimentaire plus durable au Canada, \u00e0 cr\u00e9er des emplois, \u00e0 renforcer notre \u00e9conomie, favoriser [&hellip;]\" \/>\n<meta property=\"og:url\" content=\"https:\/\/cog.ca\/fr\/choisissez-le-bio-pour-un-monde-plus-sain-plus-vert-et-plus-equitable-2\/\" \/>\n<meta property=\"og:site_name\" content=\"Cultivons Biologique Canada\" \/>\n<meta name=\"twitter:card\" content=\"summary_large_image\" \/>\n<meta name=\"twitter:label1\" content=\"Dur\u00e9e de lecture estim\u00e9e\" \/>\n\t<meta name=\"twitter:data1\" content=\"4 minutes\" \/>\n<script type=\"application\/ld+json\" class=\"yoast-schema-graph\">{\"@context\":\"https:\/\/schema.org\",\"@graph\":[{\"@type\":\"WebPage\",\"@id\":\"https:\/\/cog.ca\/fr\/choisissez-le-bio-pour-un-monde-plus-sain-plus-vert-et-plus-equitable-2\/\",\"url\":\"https:\/\/cog.ca\/fr\/choisissez-le-bio-pour-un-monde-plus-sain-plus-vert-et-plus-equitable-2\/\",\"name\":\"Choisissez le bio pour un monde plus sain, plus vert et plus \u00e9quitable - Cultivons Biologique Canada\",\"isPartOf\":{\"@id\":\"https:\/\/cog.ca\/#website\"},\"datePublished\":\"2024-02-20T21:30:26+00:00\",\"dateModified\":\"2024-02-20T21:30:26+00:00\",\"breadcrumb\":{\"@id\":\"https:\/\/cog.ca\/fr\/choisissez-le-bio-pour-un-monde-plus-sain-plus-vert-et-plus-equitable-2\/#breadcrumb\"},\"inLanguage\":\"fr-FR\",\"potentialAction\":[{\"@type\":\"ReadAction\",\"target\":[\"https:\/\/cog.ca\/fr\/choisissez-le-bio-pour-un-monde-plus-sain-plus-vert-et-plus-equitable-2\/\"]}]},{\"@type\":\"BreadcrumbList\",\"@id\":\"https:\/\/cog.ca\/fr\/choisissez-le-bio-pour-un-monde-plus-sain-plus-vert-et-plus-equitable-2\/#breadcrumb\",\"itemListElement\":[{\"@type\":\"ListItem\",\"position\":1,\"name\":\"Home\",\"item\":\"https:\/\/cog.ca\/fr\/\"},{\"@type\":\"ListItem\",\"position\":2,\"name\":\"Choisissez le bio pour un monde plus sain, plus vert et plus \u00e9quitable\"}]},{\"@type\":\"WebSite\",\"@id\":\"https:\/\/cog.ca\/#website\",\"url\":\"https:\/\/cog.ca\/\",\"name\":\"Cultivons Biologique Canada\",\"description\":\"\",\"publisher\":{\"@id\":\"https:\/\/cog.ca\/#organization\"},\"potentialAction\":[{\"@type\":\"SearchAction\",\"target\":{\"@type\":\"EntryPoint\",\"urlTemplate\":\"https:\/\/cog.ca\/?s={search_term_string}\"},\"query-input\":\"required name=search_term_string\"}],\"inLanguage\":\"fr-FR\"},{\"@type\":\"Organization\",\"@id\":\"https:\/\/cog.ca\/#organization\",\"name\":\"Canadian Organic Growers\",\"url\":\"https:\/\/cog.ca\/\",\"logo\":{\"@type\":\"ImageObject\",\"inLanguage\":\"fr-FR\",\"@id\":\"https:\/\/cog.ca\/#\/schema\/logo\/image\/\",\"url\":\"https:\/\/cog.ca\/wp-content\/uploads\/2023\/07\/COG_WhiteLogo_Transparent-1.png\",\"contentUrl\":\"https:\/\/cog.ca\/wp-content\/uploads\/2023\/07\/COG_WhiteLogo_Transparent-1.png\",\"width\":208,\"height\":110,\"caption\":\"Canadian Organic Growers\"},\"image\":{\"@id\":\"https:\/\/cog.ca\/#\/schema\/logo\/image\/\"}}]}<\/script>\n<!-- \/ Yoast SEO plugin. -->","yoast_head_json":{"title":"Choisissez le bio pour un monde plus sain, plus vert et plus \u00e9quitable - Cultivons Biologique Canada","robots":{"index":"index","follow":"follow","max-snippet":"max-snippet:-1","max-image-preview":"max-image-preview:large","max-video-preview":"max-video-preview:-1"},"canonical":"https:\/\/cog.ca\/fr\/choisissez-le-bio-pour-un-monde-plus-sain-plus-vert-et-plus-equitable-2\/","og_locale":"fr_FR","og_type":"article","og_title":"Choisissez le bio pour un monde plus sain, plus vert et plus \u00e9quitable - Cultivons Biologique Canada","og_description":"\u201cOui, je veux contribuer \u00e0 construire un avenir plus r\u00e9silient face aux changements climatiques, plus inclusif et plus durable au Canada.\u201d En faisant des choix plus respectueux de l&rsquo;environnement lorsque j&rsquo;ach\u00e8te de la nourriture, je peux aider \u00e0 cr\u00e9er un syst\u00e8me alimentaire plus durable au Canada, \u00e0 cr\u00e9er des emplois, \u00e0 renforcer notre \u00e9conomie, favoriser [&hellip;]","og_url":"https:\/\/cog.ca\/fr\/choisissez-le-bio-pour-un-monde-plus-sain-plus-vert-et-plus-equitable-2\/","og_site_name":"Cultivons Biologique Canada","twitter_card":"summary_large_image","twitter_misc":{"Dur\u00e9e de lecture estim\u00e9e":"4 minutes"},"schema":{"@context":"https:\/\/schema.org","@graph":[{"@type":"WebPage","@id":"https:\/\/cog.ca\/fr\/choisissez-le-bio-pour-un-monde-plus-sain-plus-vert-et-plus-equitable-2\/","url":"https:\/\/cog.ca\/fr\/choisissez-le-bio-pour-un-monde-plus-sain-plus-vert-et-plus-equitable-2\/","name":"Choisissez le bio pour un monde plus sain, plus vert et plus \u00e9quitable - Cultivons Biologique Canada","isPartOf":{"@id":"https:\/\/cog.ca\/#website"},"datePublished":"2024-02-20T21:30:26+00:00","dateModified":"2024-02-20T21:30:26+00:00","breadcrumb":{"@id":"https:\/\/cog.ca\/fr\/choisissez-le-bio-pour-un-monde-plus-sain-plus-vert-et-plus-equitable-2\/#breadcrumb"},"inLanguage":"fr-FR","potentialAction":[{"@type":"ReadAction","target":["https:\/\/cog.ca\/fr\/choisissez-le-bio-pour-un-monde-plus-sain-plus-vert-et-plus-equitable-2\/"]}]},{"@type":"BreadcrumbList","@id":"https:\/\/cog.ca\/fr\/choisissez-le-bio-pour-un-monde-plus-sain-plus-vert-et-plus-equitable-2\/#breadcrumb","itemListElement":[{"@type":"ListItem","position":1,"name":"Home","item":"https:\/\/cog.ca\/fr\/"},{"@type":"ListItem","position":2,"name":"Choisissez le bio pour un monde plus sain, plus vert et plus \u00e9quitable"}]},{"@type":"WebSite","@id":"https:\/\/cog.ca\/#website","url":"https:\/\/cog.ca\/","name":"Cultivons Biologique Canada","description":"","publisher":{"@id":"https:\/\/cog.ca\/#organization"},"potentialAction":[{"@type":"SearchAction","target":{"@type":"EntryPoint","urlTemplate":"https:\/\/cog.ca\/?s={search_term_string}"},"query-input":"required name=search_term_string"}],"inLanguage":"fr-FR"},{"@type":"Organization","@id":"https:\/\/cog.ca\/#organization","name":"Canadian Organic Growers","url":"https:\/\/cog.ca\/","logo":{"@type":"ImageObject","inLanguage":"fr-FR","@id":"https:\/\/cog.ca\/#\/schema\/logo\/image\/","url":"https:\/\/cog.ca\/wp-content\/uploads\/2023\/07\/COG_WhiteLogo_Transparent-1.png","contentUrl":"https:\/\/cog.ca\/wp-content\/uploads\/2023\/07\/COG_WhiteLogo_Transparent-1.png","width":208,"height":110,"caption":"Canadian Organic Growers"},"image":{"@id":"https:\/\/cog.ca\/#\/schema\/logo\/image\/"}}]}},"_links":{"self":[{"href":"https:\/\/cog.ca\/fr\/wp-json\/wp\/v2\/pages\/3949","targetHints":{"allow":["GET"]}}],"collection":[{"href":"https:\/\/cog.ca\/fr\/wp-json\/wp\/v2\/pages"}],"about":[{"href":"https:\/\/cog.ca\/fr\/wp-json\/wp\/v2\/types\/page"}],"author":[{"embeddable":true,"href":"https:\/\/cog.ca\/fr\/wp-json\/wp\/v2\/users\/3"}],"replies":[{"embeddable":true,"href":"https:\/\/cog.ca\/fr\/wp-json\/wp\/v2\/comments?post=3949"}],"version-history":[{"count":1,"href":"https:\/\/cog.ca\/fr\/wp-json\/wp\/v2\/pages\/3949\/revisions"}],"predecessor-version":[{"id":3953,"href":"https:\/\/cog.ca\/fr\/wp-json\/wp\/v2\/pages\/3949\/revisions\/3953"}],"wp:attachment":[{"href":"https:\/\/cog.ca\/fr\/wp-json\/wp\/v2\/media?parent=3949"}],"curies":[{"name":"wp","href":"https:\/\/api.w.org\/{rel}","templated":true}]}}