{"id":3639,"date":"2023-09-22T15:06:27","date_gmt":"2023-09-22T19:06:27","guid":{"rendered":"https:\/\/cog.ca\/?page_id=3639"},"modified":"2023-11-07T14:07:48","modified_gmt":"2023-11-07T19:07:48","slug":"engagez-vous-biologiquement-canadien-merci","status":"publish","type":"page","link":"https:\/\/cog.ca\/fr\/engagez-vous-biologiquement-canadien-merci\/","title":{"rendered":"Merci de vous engager \u00e0 \u00eatre Biologiquement Canadien"},"content":{"rendered":"\n<p>Merci de vous engager \u00e0 \u00eatre #BiologiquementCanadien. En vous joignant \u00e0 nous aujourd&rsquo;hui, vous aurez acc\u00e8s \u00e0 des outils, des ressources et des histoires qui vous aideront \u00e0 mieux saisir l&rsquo;importance des produits biologiques et \u00e0 soutenir les agriculteur\u22c5rice\u22c5s et producteur\u22c5rice\u22c5s biologiques canadien\u22c5ne\u22c5s. <br><br><strong>Ensemble, nous pouvons travailler \u00e0 cr\u00e9er un Canada plus sain, plus respectueux de l&rsquo;environnement et plus \u00e9quitable.<\/strong><\/p>\n","protected":false},"excerpt":{"rendered":"<p>Merci de vous engager \u00e0 \u00eatre #BiologiquementCanadien. En vous joignant \u00e0 nous aujourd&rsquo;hui, vous aurez acc\u00e8s \u00e0 des outils, des ressources et des histoires qui vous aideront \u00e0 mieux saisir l&rsquo;importance des produits biologiques et \u00e0 soutenir les agriculteur\u22c5rice\u22c5s et producteur\u22c5rice\u22c5s biologiques canadien\u22c5ne\u22c5s. Ensemble, nous pouvons travailler \u00e0 cr\u00e9er un Canada plus sain, plus respectueux [&hellip;]<\/p>\n","protected":false},"author":3,"featured_media":0,"parent":0,"menu_order":0,"comment_status":"closed","ping_status":"closed","template":"","meta":{"inline_featured_image":false,"footnotes":""},"class_list":["post-3639","page","type-page","status-publish","hentry"],"better_featured_image":null,"acf":[],"yoast_head":"<!-- This site is optimized with the Yoast SEO plugin v21.2 - https:\/\/yoast.com\/wordpress\/plugins\/seo\/ -->\n<title>Merci de vous engager \u00e0 \u00eatre Biologiquement Canadien - Cultivons Biologique Canada<\/title>\n<meta name=\"robots\" content=\"index, follow, max-snippet:-1, max-image-preview:large, max-video-preview:-1\" \/>\n<link rel=\"canonical\" href=\"https:\/\/cog.ca\/fr\/engagez-vous-biologiquement-canadien-merci\/\" \/>\n<meta property=\"og:locale\" content=\"fr_FR\" \/>\n<meta property=\"og:type\" content=\"article\" \/>\n<meta property=\"og:title\" content=\"Merci de vous engager \u00e0 \u00eatre Biologiquement Canadien - Cultivons Biologique Canada\" \/>\n<meta property=\"og:description\" content=\"Merci de vous engager \u00e0 \u00eatre #BiologiquementCanadien. En vous joignant \u00e0 nous aujourd&rsquo;hui, vous aurez acc\u00e8s \u00e0 des outils, des ressources et des histoires qui vous aideront \u00e0 mieux saisir l&rsquo;importance des produits biologiques et \u00e0 soutenir les agriculteur\u22c5rice\u22c5s et producteur\u22c5rice\u22c5s biologiques canadien\u22c5ne\u22c5s. Ensemble, nous pouvons travailler \u00e0 cr\u00e9er un Canada plus sain, plus respectueux [&hellip;]\" \/>\n<meta property=\"og:url\" content=\"https:\/\/cog.ca\/fr\/engagez-vous-biologiquement-canadien-merci\/\" \/>\n<meta property=\"og:site_name\" content=\"Cultivons Biologique Canada\" \/>\n<meta property=\"article:modified_time\" content=\"2023-11-07T19:07:48+00:00\" \/>\n<meta name=\"twitter:card\" content=\"summary_large_image\" \/>\n<meta name=\"twitter:label1\" content=\"Dur\u00e9e de lecture estim\u00e9e\" \/>\n\t<meta name=\"twitter:data1\" content=\"1 minute\" \/>\n<script type=\"application\/ld+json\" class=\"yoast-schema-graph\">{\"@context\":\"https:\/\/schema.org\",\"@graph\":[{\"@type\":\"WebPage\",\"@id\":\"https:\/\/cog.ca\/fr\/engagez-vous-biologiquement-canadien-merci\/\",\"url\":\"https:\/\/cog.ca\/fr\/engagez-vous-biologiquement-canadien-merci\/\",\"name\":\"Merci de vous engager \u00e0 \u00eatre Biologiquement Canadien - Cultivons Biologique Canada\",\"isPartOf\":{\"@id\":\"https:\/\/cog.ca\/#website\"},\"datePublished\":\"2023-09-22T19:06:27+00:00\",\"dateModified\":\"2023-11-07T19:07:48+00:00\",\"breadcrumb\":{\"@id\":\"https:\/\/cog.ca\/fr\/engagez-vous-biologiquement-canadien-merci\/#breadcrumb\"},\"inLanguage\":\"fr-FR\",\"potentialAction\":[{\"@type\":\"ReadAction\",\"target\":[\"https:\/\/cog.ca\/fr\/engagez-vous-biologiquement-canadien-merci\/\"]}]},{\"@type\":\"BreadcrumbList\",\"@id\":\"https:\/\/cog.ca\/fr\/engagez-vous-biologiquement-canadien-merci\/#breadcrumb\",\"itemListElement\":[{\"@type\":\"ListItem\",\"position\":1,\"name\":\"Home\",\"item\":\"https:\/\/cog.ca\/fr\/\"},{\"@type\":\"ListItem\",\"position\":2,\"name\":\"Merci de vous engager \u00e0 \u00eatre Biologiquement Canadien\"}]},{\"@type\":\"WebSite\",\"@id\":\"https:\/\/cog.ca\/#website\",\"url\":\"https:\/\/cog.ca\/\",\"name\":\"Cultivons Biologique Canada\",\"description\":\"\",\"publisher\":{\"@id\":\"https:\/\/cog.ca\/#organization\"},\"potentialAction\":[{\"@type\":\"SearchAction\",\"target\":{\"@type\":\"EntryPoint\",\"urlTemplate\":\"https:\/\/cog.ca\/?s={search_term_string}\"},\"query-input\":\"required name=search_term_string\"}],\"inLanguage\":\"fr-FR\"},{\"@type\":\"Organization\",\"@id\":\"https:\/\/cog.ca\/#organization\",\"name\":\"Canadian Organic Growers\",\"url\":\"https:\/\/cog.ca\/\",\"logo\":{\"@type\":\"ImageObject\",\"inLanguage\":\"fr-FR\",\"@id\":\"https:\/\/cog.ca\/#\/schema\/logo\/image\/\",\"url\":\"https:\/\/cog.ca\/wp-content\/uploads\/2023\/07\/COG_WhiteLogo_Transparent-1.png\",\"contentUrl\":\"https:\/\/cog.ca\/wp-content\/uploads\/2023\/07\/COG_WhiteLogo_Transparent-1.png\",\"width\":208,\"height\":110,\"caption\":\"Canadian Organic Growers\"},\"image\":{\"@id\":\"https:\/\/cog.ca\/#\/schema\/logo\/image\/\"}}]}<\/script>\n<!-- \/ Yoast SEO plugin. -->","yoast_head_json":{"title":"Merci de vous engager \u00e0 \u00eatre Biologiquement Canadien - Cultivons Biologique Canada","robots":{"index":"index","follow":"follow","max-snippet":"max-snippet:-1","max-image-preview":"max-image-preview:large","max-video-preview":"max-video-preview:-1"},"canonical":"https:\/\/cog.ca\/fr\/engagez-vous-biologiquement-canadien-merci\/","og_locale":"fr_FR","og_type":"article","og_title":"Merci de vous engager \u00e0 \u00eatre Biologiquement Canadien - Cultivons Biologique Canada","og_description":"Merci de vous engager \u00e0 \u00eatre #BiologiquementCanadien. En vous joignant \u00e0 nous aujourd&rsquo;hui, vous aurez acc\u00e8s \u00e0 des outils, des ressources et des histoires qui vous aideront \u00e0 mieux saisir l&rsquo;importance des produits biologiques et \u00e0 soutenir les agriculteur\u22c5rice\u22c5s et producteur\u22c5rice\u22c5s biologiques canadien\u22c5ne\u22c5s. Ensemble, nous pouvons travailler \u00e0 cr\u00e9er un Canada plus sain, plus respectueux [&hellip;]","og_url":"https:\/\/cog.ca\/fr\/engagez-vous-biologiquement-canadien-merci\/","og_site_name":"Cultivons Biologique Canada","article_modified_time":"2023-11-07T19:07:48+00:00","twitter_card":"summary_large_image","twitter_misc":{"Dur\u00e9e de lecture estim\u00e9e":"1 minute"},"schema":{"@context":"https:\/\/schema.org","@graph":[{"@type":"WebPage","@id":"https:\/\/cog.ca\/fr\/engagez-vous-biologiquement-canadien-merci\/","url":"https:\/\/cog.ca\/fr\/engagez-vous-biologiquement-canadien-merci\/","name":"Merci de vous engager \u00e0 \u00eatre Biologiquement Canadien - Cultivons Biologique Canada","isPartOf":{"@id":"https:\/\/cog.ca\/#website"},"datePublished":"2023-09-22T19:06:27+00:00","dateModified":"2023-11-07T19:07:48+00:00","breadcrumb":{"@id":"https:\/\/cog.ca\/fr\/engagez-vous-biologiquement-canadien-merci\/#breadcrumb"},"inLanguage":"fr-FR","potentialAction":[{"@type":"ReadAction","target":["https:\/\/cog.ca\/fr\/engagez-vous-biologiquement-canadien-merci\/"]}]},{"@type":"BreadcrumbList","@id":"https:\/\/cog.ca\/fr\/engagez-vous-biologiquement-canadien-merci\/#breadcrumb","itemListElement":[{"@type":"ListItem","position":1,"name":"Home","item":"https:\/\/cog.ca\/fr\/"},{"@type":"ListItem","position":2,"name":"Merci de vous engager \u00e0 \u00eatre Biologiquement Canadien"}]},{"@type":"WebSite","@id":"https:\/\/cog.ca\/#website","url":"https:\/\/cog.ca\/","name":"Cultivons Biologique Canada","description":"","publisher":{"@id":"https:\/\/cog.ca\/#organization"},"potentialAction":[{"@type":"SearchAction","target":{"@type":"EntryPoint","urlTemplate":"https:\/\/cog.ca\/?s={search_term_string}"},"query-input":"required name=search_term_string"}],"inLanguage":"fr-FR"},{"@type":"Organization","@id":"https:\/\/cog.ca\/#organization","name":"Canadian Organic Growers","url":"https:\/\/cog.ca\/","logo":{"@type":"ImageObject","inLanguage":"fr-FR","@id":"https:\/\/cog.ca\/#\/schema\/logo\/image\/","url":"https:\/\/cog.ca\/wp-content\/uploads\/2023\/07\/COG_WhiteLogo_Transparent-1.png","contentUrl":"https:\/\/cog.ca\/wp-content\/uploads\/2023\/07\/COG_WhiteLogo_Transparent-1.png","width":208,"height":110,"caption":"Canadian Organic Growers"},"image":{"@id":"https:\/\/cog.ca\/#\/schema\/logo\/image\/"}}]}},"_links":{"self":[{"href":"https:\/\/cog.ca\/fr\/wp-json\/wp\/v2\/pages\/3639","targetHints":{"allow":["GET"]}}],"collection":[{"href":"https:\/\/cog.ca\/fr\/wp-json\/wp\/v2\/pages"}],"about":[{"href":"https:\/\/cog.ca\/fr\/wp-json\/wp\/v2\/types\/page"}],"author":[{"embeddable":true,"href":"https:\/\/cog.ca\/fr\/wp-json\/wp\/v2\/users\/3"}],"replies":[{"embeddable":true,"href":"https:\/\/cog.ca\/fr\/wp-json\/wp\/v2\/comments?post=3639"}],"version-history":[{"count":2,"href":"https:\/\/cog.ca\/fr\/wp-json\/wp\/v2\/pages\/3639\/revisions"}],"predecessor-version":[{"id":3641,"href":"https:\/\/cog.ca\/fr\/wp-json\/wp\/v2\/pages\/3639\/revisions\/3641"}],"wp:attachment":[{"href":"https:\/\/cog.ca\/fr\/wp-json\/wp\/v2\/media?parent=3639"}],"curies":[{"name":"wp","href":"https:\/\/api.w.org\/{rel}","templated":true}]}}