{"id":3232,"date":"2023-09-20T16:57:48","date_gmt":"2023-09-20T20:57:48","guid":{"rendered":"https:\/\/cog-01.eproofs.ca\/programmes\/"},"modified":"2023-09-21T16:17:44","modified_gmt":"2023-09-21T20:17:44","slug":"programs","status":"publish","type":"page","link":"https:\/\/cog.ca\/fr\/programs\/","title":{"rendered":"Programmes"},"content":{"rendered":"\r\n\t<div id=\"block_9ecdbc95549101e8ce91016169de958d\" class=\"wp-block-eup-blocks-posts alignwide cards--wrapper is-grid graphic-image orientation-vertical alignment-left design-flat size-medium\">\r\n\t<div class=\"cards--inner\">\r\n\r\n\t\r\n\t<div class=\"card--wrapper\">\r\n\r\n\t\t<div class=\"card-header\">\r\n\t\t\t\t\t\t<a href=\"https:\/\/cog.ca\/fr\/cover-crop-training\/\" class=\"card-image--wrapper\">\r\n\t\t\t\t<img src=\"https:\/\/cog.ca\/wp-content\/uploads\/2023\/09\/Copy-of-buckwheat-wallace-2-min-300x200.jpg\" decoding=\"async\" loading=\"lazy\"\r\n\t\t srcset=\"https:\/\/cog.ca\/wp-content\/uploads\/2023\/09\/Copy-of-buckwheat-wallace-2-min-300x200.jpg 300w, https:\/\/cog.ca\/wp-content\/uploads\/2023\/09\/Copy-of-buckwheat-wallace-2-min-1024x683.jpg 1024w, https:\/\/cog.ca\/wp-content\/uploads\/2023\/09\/Copy-of-buckwheat-wallace-2-min.jpg 1200w\"\r\n\t\t sizes=\"(max-width: 300px) 100vw, 300px\">\t\t\t<\/a>\r\n\t\t\t\t\t\t<div class=\"card-header--text\">\r\n\t\t\t\t\t\t\t\t<a href=\"https:\/\/cog.ca\/fr\/cover-crop-training\/\" class=\"card-title\">Formation sur les cultures de couverture<\/a>\r\n\t\t\t<\/div>\r\n\t\t<\/div>\r\n\r\n\t\t<div class=\"card-content\">\r\n\t\t\t<div class=\"card-desc\"><p>COG a travaill\u00e9 avec Farmers for Climate Solutions (FCS) pour lancer un nouveau projet appel\u00e9 le programme Farm Resilience Management (FaRM). FCS<\/p>\n<\/div>\r\n\r\n\t\t\t\t\t\t\t\r\n\t\t\t<a href=\"https:\/\/cog.ca\/fr\/cover-crop-training\/\" class=\"card-more\">En savoir plus<\/a>\r\n\t\t<\/div>\r\n\r\n\t<\/div>\r\n\r\n\t\r\n\t<div class=\"card--wrapper\">\r\n\r\n\t\t<div class=\"card-header\">\r\n\t\t\t\t\t\t<a href=\"https:\/\/cog.ca\/fr\/regenerative-organic-oats\/\" class=\"card-image--wrapper\">\r\n\t\t\t\t<img src=\"https:\/\/cog.ca\/wp-content\/uploads\/2023\/08\/oats-scaled-1-300x200.jpg\" decoding=\"async\" loading=\"lazy\"\r\n\t\t srcset=\"https:\/\/cog.ca\/wp-content\/uploads\/2023\/08\/oats-scaled-1-300x200.jpg 300w, https:\/\/cog.ca\/wp-content\/uploads\/2023\/08\/oats-scaled-1-1024x683.jpg 1024w, https:\/\/cog.ca\/wp-content\/uploads\/2023\/08\/oats-scaled-1-scaled.jpg 1920w\"\r\n\t\t sizes=\"(max-width: 300px) 100vw, 300px\">\t\t\t<\/a>\r\n\t\t\t\t\t\t<div class=\"card-header--text\">\r\n\t\t\t\t\t\t\t\t<a href=\"https:\/\/cog.ca\/fr\/regenerative-organic-oats\/\" class=\"card-title\">Avoine biologique r\u00e9g\u00e9n\u00e9ratrice (ROO)<\/a>\r\n\t\t\t<\/div>\r\n\t\t<\/div>\r\n\r\n\t\t<div class=\"card-content\">\r\n\t\t\t<div class=\"card-desc\"><p>Regenerative Organic Oats (ROO) est un projet pilote de trois ans financ\u00e9 par Nature&rsquo;s Path et Riverside Naturals Foods pour soutenir et favoriser la croissance de l&rsquo;approvisionnement canadien en avoine biologique r\u00e9g\u00e9n\u00e9rative face au changement climatique.<\/p>\n<\/div>\r\n\r\n\t\t\t\t\t\t\t\r\n\t\t\t<a href=\"https:\/\/cog.ca\/fr\/regenerative-organic-oats\/\" class=\"card-more\">En savoir plus<\/a>\r\n\t\t<\/div>\r\n\r\n\t<\/div>\r\n\r\n\t\r\n\t<div class=\"card--wrapper\">\r\n\r\n\t\t<div class=\"card-header\">\r\n\t\t\t\t\t\t<a href=\"https:\/\/cog.ca\/fr\/programs\/growing-up-organic\/\" class=\"card-image--wrapper\">\r\n\t\t\t\t<img src=\"https:\/\/cog.ca\/wp-content\/uploads\/2023\/09\/growing-up-organic-min-300x248.jpg\" decoding=\"async\" loading=\"lazy\"\r\n\t\t srcset=\"https:\/\/cog.ca\/wp-content\/uploads\/2023\/09\/growing-up-organic-min-300x248.jpg 300w, https:\/\/cog.ca\/wp-content\/uploads\/2023\/09\/growing-up-organic-min.jpg 940w\"\r\n\t\t sizes=\"(max-width: 300px) 100vw, 300px\">\t\t\t<\/a>\r\n\t\t\t\t\t\t<div class=\"card-header--text\">\r\n\t\t\t\t\t\t\t\t<a href=\"https:\/\/cog.ca\/fr\/programs\/growing-up-organic\/\" class=\"card-title\">Grandir Bio<\/a>\r\n\t\t\t<\/div>\r\n\t\t<\/div>\r\n\r\n\t\t<div class=\"card-content\">\r\n\t\t\t<div class=\"card-desc\"><p>Grandir Bio est un programme de jardins p\u00e9dagogiques pour enfants et pour les jeunes.<\/p>\n<\/div>\r\n\r\n\t\t\t\t\t\t\t\r\n\t\t\t<a href=\"https:\/\/cog.ca\/fr\/programs\/growing-up-organic\/\" class=\"card-more\">En savoir plus<\/a>\r\n\t\t<\/div>\r\n\r\n\t<\/div>\r\n\r\n\t\r\n\t<div class=\"card--wrapper\">\r\n\r\n\t\t<div class=\"card-header\">\r\n\t\t\t\t\t\t<a href=\"https:\/\/cog.ca\/fr\/tfro\/\" class=\"card-image--wrapper\">\r\n\t\t\t\t<img src=\"https:\/\/cog.ca\/wp-content\/uploads\/2023\/08\/Screen-Shot-2022-07-04-at-9.38.07-AM-300x168.png\" decoding=\"async\" loading=\"lazy\"\r\n\t\t srcset=\"https:\/\/cog.ca\/wp-content\/uploads\/2023\/08\/Screen-Shot-2022-07-04-at-9.38.07-AM-300x168.png 300w, https:\/\/cog.ca\/wp-content\/uploads\/2023\/08\/Screen-Shot-2022-07-04-at-9.38.07-AM-1024x573.png 1024w\"\r\n\t\t sizes=\"(max-width: 300px) 100vw, 300px\">\t\t\t<\/a>\r\n\t\t\t\t\t\t<div class=\"card-header--text\">\r\n\t\t\t\t\t\t\t\t<a href=\"https:\/\/cog.ca\/fr\/tfro\/\" class=\"card-title\">La transition des agriculteurs vers une agriculture biologique et r\u00e9g\u00e9n\u00e9ratrice<\/a>\r\n\t\t\t<\/div>\r\n\t\t<\/div>\r\n\r\n\t\t<div class=\"card-content\">\r\n\t\t\t<div class=\"card-desc\"><p>Growing Eastern Ontario Organically (GEOO), \u00e9tait une initiative de trois ans soutenue par la Fondation Trillium de l&rsquo;Ontario pour aider les agriculteurs \u00e0 faire la transition vers la production biologique.<\/p>\n<\/div>\r\n\r\n\t\t\t\t\t\t\t\r\n\t\t\t<a href=\"https:\/\/cog.ca\/fr\/tfro\/\" class=\"card-more\">En savoir plus<\/a>\r\n\t\t<\/div>\r\n\r\n\t<\/div>\r\n\r\n\t\t\r\n\t<\/div>\r\n\t<\/div>\r\n\r\n","protected":false},"excerpt":{"rendered":"","protected":false},"author":1,"featured_media":0,"parent":0,"menu_order":0,"comment_status":"closed","ping_status":"closed","template":"","meta":{"inline_featured_image":false,"footnotes":""},"class_list":["post-3232","page","type-page","status-publish","hentry"],"better_featured_image":null,"acf":[],"yoast_head":"<!-- This site is optimized with the Yoast SEO plugin v21.2 - https:\/\/yoast.com\/wordpress\/plugins\/seo\/ -->\n<title>Programmes - Cultivons Biologique Canada<\/title>\n<meta name=\"robots\" content=\"index, follow, max-snippet:-1, max-image-preview:large, max-video-preview:-1\" \/>\n<link rel=\"canonical\" href=\"https:\/\/cog.ca\/fr\/programs\/\" \/>\n<meta property=\"og:locale\" content=\"fr_FR\" \/>\n<meta property=\"og:type\" content=\"article\" \/>\n<meta property=\"og:title\" content=\"Programmes - Cultivons Biologique Canada\" \/>\n<meta property=\"og:url\" content=\"https:\/\/cog.ca\/fr\/programs\/\" \/>\n<meta property=\"og:site_name\" content=\"Cultivons Biologique Canada\" \/>\n<meta property=\"article:modified_time\" content=\"2023-09-21T20:17:44+00:00\" \/>\n<meta name=\"twitter:card\" content=\"summary_large_image\" \/>\n<script type=\"application\/ld+json\" class=\"yoast-schema-graph\">{\"@context\":\"https:\/\/schema.org\",\"@graph\":[{\"@type\":\"WebPage\",\"@id\":\"https:\/\/cog.ca\/fr\/programs\/\",\"url\":\"https:\/\/cog.ca\/fr\/programs\/\",\"name\":\"Programmes - Cultivons Biologique Canada\",\"isPartOf\":{\"@id\":\"https:\/\/cog.ca\/#website\"},\"datePublished\":\"2023-09-20T20:57:48+00:00\",\"dateModified\":\"2023-09-21T20:17:44+00:00\",\"breadcrumb\":{\"@id\":\"https:\/\/cog.ca\/fr\/programs\/#breadcrumb\"},\"inLanguage\":\"fr-FR\",\"potentialAction\":[{\"@type\":\"ReadAction\",\"target\":[\"https:\/\/cog.ca\/fr\/programs\/\"]}]},{\"@type\":\"BreadcrumbList\",\"@id\":\"https:\/\/cog.ca\/fr\/programs\/#breadcrumb\",\"itemListElement\":[{\"@type\":\"ListItem\",\"position\":1,\"name\":\"Home\",\"item\":\"https:\/\/cog.ca\/fr\/\"},{\"@type\":\"ListItem\",\"position\":2,\"name\":\"Programmes\"}]},{\"@type\":\"WebSite\",\"@id\":\"https:\/\/cog.ca\/#website\",\"url\":\"https:\/\/cog.ca\/\",\"name\":\"Cultivons Biologique Canada\",\"description\":\"\",\"publisher\":{\"@id\":\"https:\/\/cog.ca\/#organization\"},\"potentialAction\":[{\"@type\":\"SearchAction\",\"target\":{\"@type\":\"EntryPoint\",\"urlTemplate\":\"https:\/\/cog.ca\/?s={search_term_string}\"},\"query-input\":\"required name=search_term_string\"}],\"inLanguage\":\"fr-FR\"},{\"@type\":\"Organization\",\"@id\":\"https:\/\/cog.ca\/#organization\",\"name\":\"Canadian Organic Growers\",\"url\":\"https:\/\/cog.ca\/\",\"logo\":{\"@type\":\"ImageObject\",\"inLanguage\":\"fr-FR\",\"@id\":\"https:\/\/cog.ca\/#\/schema\/logo\/image\/\",\"url\":\"https:\/\/cog.ca\/wp-content\/uploads\/2023\/07\/COG_WhiteLogo_Transparent-1.png\",\"contentUrl\":\"https:\/\/cog.ca\/wp-content\/uploads\/2023\/07\/COG_WhiteLogo_Transparent-1.png\",\"width\":208,\"height\":110,\"caption\":\"Canadian Organic Growers\"},\"image\":{\"@id\":\"https:\/\/cog.ca\/#\/schema\/logo\/image\/\"}}]}<\/script>\n<!-- \/ Yoast SEO plugin. -->","yoast_head_json":{"title":"Programmes - Cultivons Biologique Canada","robots":{"index":"index","follow":"follow","max-snippet":"max-snippet:-1","max-image-preview":"max-image-preview:large","max-video-preview":"max-video-preview:-1"},"canonical":"https:\/\/cog.ca\/fr\/programs\/","og_locale":"fr_FR","og_type":"article","og_title":"Programmes - Cultivons Biologique Canada","og_url":"https:\/\/cog.ca\/fr\/programs\/","og_site_name":"Cultivons Biologique Canada","article_modified_time":"2023-09-21T20:17:44+00:00","twitter_card":"summary_large_image","schema":{"@context":"https:\/\/schema.org","@graph":[{"@type":"WebPage","@id":"https:\/\/cog.ca\/fr\/programs\/","url":"https:\/\/cog.ca\/fr\/programs\/","name":"Programmes - Cultivons Biologique Canada","isPartOf":{"@id":"https:\/\/cog.ca\/#website"},"datePublished":"2023-09-20T20:57:48+00:00","dateModified":"2023-09-21T20:17:44+00:00","breadcrumb":{"@id":"https:\/\/cog.ca\/fr\/programs\/#breadcrumb"},"inLanguage":"fr-FR","potentialAction":[{"@type":"ReadAction","target":["https:\/\/cog.ca\/fr\/programs\/"]}]},{"@type":"BreadcrumbList","@id":"https:\/\/cog.ca\/fr\/programs\/#breadcrumb","itemListElement":[{"@type":"ListItem","position":1,"name":"Home","item":"https:\/\/cog.ca\/fr\/"},{"@type":"ListItem","position":2,"name":"Programmes"}]},{"@type":"WebSite","@id":"https:\/\/cog.ca\/#website","url":"https:\/\/cog.ca\/","name":"Cultivons Biologique Canada","description":"","publisher":{"@id":"https:\/\/cog.ca\/#organization"},"potentialAction":[{"@type":"SearchAction","target":{"@type":"EntryPoint","urlTemplate":"https:\/\/cog.ca\/?s={search_term_string}"},"query-input":"required name=search_term_string"}],"inLanguage":"fr-FR"},{"@type":"Organization","@id":"https:\/\/cog.ca\/#organization","name":"Canadian Organic Growers","url":"https:\/\/cog.ca\/","logo":{"@type":"ImageObject","inLanguage":"fr-FR","@id":"https:\/\/cog.ca\/#\/schema\/logo\/image\/","url":"https:\/\/cog.ca\/wp-content\/uploads\/2023\/07\/COG_WhiteLogo_Transparent-1.png","contentUrl":"https:\/\/cog.ca\/wp-content\/uploads\/2023\/07\/COG_WhiteLogo_Transparent-1.png","width":208,"height":110,"caption":"Canadian Organic Growers"},"image":{"@id":"https:\/\/cog.ca\/#\/schema\/logo\/image\/"}}]}},"_links":{"self":[{"href":"https:\/\/cog.ca\/fr\/wp-json\/wp\/v2\/pages\/3232","targetHints":{"allow":["GET"]}}],"collection":[{"href":"https:\/\/cog.ca\/fr\/wp-json\/wp\/v2\/pages"}],"about":[{"href":"https:\/\/cog.ca\/fr\/wp-json\/wp\/v2\/types\/page"}],"author":[{"embeddable":true,"href":"https:\/\/cog.ca\/fr\/wp-json\/wp\/v2\/users\/1"}],"replies":[{"embeddable":true,"href":"https:\/\/cog.ca\/fr\/wp-json\/wp\/v2\/comments?post=3232"}],"version-history":[{"count":3,"href":"https:\/\/cog.ca\/fr\/wp-json\/wp\/v2\/pages\/3232\/revisions"}],"predecessor-version":[{"id":3235,"href":"https:\/\/cog.ca\/fr\/wp-json\/wp\/v2\/pages\/3232\/revisions\/3235"}],"wp:attachment":[{"href":"https:\/\/cog.ca\/fr\/wp-json\/wp\/v2\/media?parent=3232"}],"curies":[{"name":"wp","href":"https:\/\/api.w.org\/{rel}","templated":true}]}}