{"id":2764,"date":"2023-08-08T13:09:25","date_gmt":"2023-08-08T17:09:25","guid":{"rendered":"https:\/\/cog-01.eproofs.ca\/?page_id=2764"},"modified":"2023-09-19T13:47:22","modified_gmt":"2023-09-19T17:47:22","slug":"sustainable-development-goals","status":"publish","type":"page","link":"https:\/\/cog.ca\/fr\/sustainable-development-goals\/","title":{"rendered":"Les objectifs de d\u00e9veloppement durable"},"content":{"rendered":"\n<div class=\"wp-block-group alignfull has-theme-grey-background-color has-background is-layout-constrained wp-block-group-is-layout-constrained\">\n<h2 class=\"wp-block-heading has-text-align-center\">Quels sont les objectifs de d\u00e9veloppement durable?<\/h2>\n\n\n\n<p>L&rsquo;Agenda 2030 pour le d\u00e9veloppement durable, adopt\u00e9 par tous les \u00c9tats membres des Nations unies en 2015, fournit un sch\u00e9ma directeur commun pour la paix et la prosp\u00e9rit\u00e9 des peuples et de la plan\u00e8te. Ce plan directeur comprend 17 objectifs de d\u00e9veloppement durable qui fournissent une feuille de route aux \u00c9tats membres des Nations unies pour am\u00e9liorer la sant\u00e9 et le bien-\u00eatre de la plan\u00e8te et de tous les \u00eatres vivants.<\/p>\n\n\n\n<div class=\"wp-block-buttons is-content-justification-center is-layout-flex wp-container-core-buttons-is-layout-16018d1d wp-block-buttons-is-layout-flex\">\n<div class=\"wp-block-button\"><a class=\"wp-block-button__link has-inner-accent-background-color has-background wp-element-button\" href=\"https:\/\/www.un.org\/sustainabledevelopment\/\">EN SAVOIR PLUS SUR LES OBJECTIFS DE D\u00c9VELOPPEMENT DURABLE<\/a><\/div>\n<\/div>\n\n\n\n<figure class=\"wp-block-image aligncenter size-large\"><img loading=\"lazy\" decoding=\"async\" width=\"1024\" height=\"187\" src=\"https:\/\/cog.ca\/wp-content\/uploads\/2023\/08\/E_SDG_logo_without_UN_emblem_horizontal_Transparent_WEB-1024x187.webp\" alt=\"\" class=\"wp-image-1109\" srcset=\"https:\/\/cog.ca\/wp-content\/uploads\/2023\/08\/E_SDG_logo_without_UN_emblem_horizontal_Transparent_WEB-1024x187.webp 1024w, https:\/\/cog.ca\/wp-content\/uploads\/2023\/08\/E_SDG_logo_without_UN_emblem_horizontal_Transparent_WEB-300x55.webp 300w, https:\/\/cog.ca\/wp-content\/uploads\/2023\/08\/E_SDG_logo_without_UN_emblem_horizontal_Transparent_WEB-scaled.webp 1920w\" sizes=\"auto, (max-width: 1024px) 100vw, 1024px\" \/><\/figure>\n\n\n\n<div class=\"wp-block-eup-blocks-cards alignwide cards--wrapper is-carousel graphic-icon orientation-horizontal alignment-left design-border size-medium\"><div class=\"cards--inner\">\n<div class=\"wp-block-eup-blocks-card card--wrapper\"><div class=\"card-header\"><div class=\"card-image--wrapper\"><img decoding=\"async\" class=\"card-image\" src=\"https:\/\/cog.ca\/wp-content\/uploads\/2023\/08\/crowd.svg\" alt=\"\" data-id=\"1116\"\/><\/div><div class=\"card-header--text\"><div class=\"card-title\">Pas de pauvret\u00e9<\/div><\/div><\/div><div class=\"card-content\"><\/div><\/div>\n\n\n\n<div class=\"wp-block-eup-blocks-card card--wrapper\"><div class=\"card-header\"><div class=\"card-image--wrapper\"><img decoding=\"async\" class=\"card-image\" src=\"https:\/\/cog.ca\/wp-content\/uploads\/2023\/08\/soup-1.svg\" alt=\"\" data-id=\"1118\"\/><\/div><div class=\"card-header--text\"><div class=\"card-title\">Pas de faim<\/div><\/div><\/div><div class=\"card-content\"><\/div><\/div>\n\n\n\n<div class=\"wp-block-eup-blocks-card card--wrapper\"><div class=\"card-header\"><div class=\"card-image--wrapper\"><img decoding=\"async\" class=\"card-image\" src=\"https:\/\/cog.ca\/wp-content\/uploads\/2023\/08\/heart.svg\" alt=\"\" data-id=\"1120\"\/><\/div><div class=\"card-header--text\"><div class=\"card-title\">Bonne sant\u00e9 et bien-\u00eatre<\/div><\/div><\/div><div class=\"card-content\"><\/div><\/div>\n\n\n\n<div class=\"wp-block-eup-blocks-card card--wrapper\"><div class=\"card-header\"><div class=\"card-image--wrapper\"><img decoding=\"async\" class=\"card-image\" src=\"https:\/\/cog.ca\/wp-content\/uploads\/2023\/08\/homework.svg\" alt=\"\" data-id=\"1122\"\/><\/div><div class=\"card-header--text\"><div class=\"card-title\">\u00c9ducation de qualit\u00e9<\/div><\/div><\/div><div class=\"card-content\"><\/div><\/div>\n\n\n\n<div class=\"wp-block-eup-blocks-card card--wrapper\"><div class=\"card-header\"><div class=\"card-image--wrapper\"><img decoding=\"async\" class=\"card-image\" src=\"https:\/\/cog.ca\/wp-content\/uploads\/2023\/08\/gender-equality.svg\" alt=\"\" data-id=\"1124\"\/><\/div><div class=\"card-header--text\"><div class=\"card-title\">\u00c9galit\u00e9 des sexes<\/div><\/div><\/div><div class=\"card-content\"><\/div><\/div>\n\n\n\n<div class=\"wp-block-eup-blocks-card card--wrapper\"><div class=\"card-header\"><div class=\"card-image--wrapper\"><img decoding=\"async\" class=\"card-image\" src=\"https:\/\/cog.ca\/wp-content\/uploads\/2023\/08\/water.svg\" alt=\"\" data-id=\"1126\"\/><\/div><div class=\"card-header--text\"><div class=\"card-title\">Eau propre et assainissement<\/div><\/div><\/div><div class=\"card-content\"><\/div><\/div>\n\n\n\n<div class=\"wp-block-eup-blocks-card card--wrapper\"><div class=\"card-header\"><div class=\"card-image--wrapper\"><img decoding=\"async\" class=\"card-image\" src=\"https:\/\/cog.ca\/wp-content\/uploads\/2023\/08\/sun-energy.svg\" alt=\"\" data-id=\"1128\"\/><\/div><div class=\"card-header--text\"><div class=\"card-title\">\u00c9nergie abordable et propre<\/div><\/div><\/div><div class=\"card-content\"><\/div><\/div>\n\n\n\n<div class=\"wp-block-eup-blocks-card card--wrapper\"><div class=\"card-header\"><div class=\"card-image--wrapper\"><img decoding=\"async\" class=\"card-image\" src=\"https:\/\/cog.ca\/wp-content\/uploads\/2023\/08\/trend.svg\" alt=\"\" data-id=\"1130\"\/><\/div><div class=\"card-header--text\"><div class=\"card-title\">Travail d\u00e9cent et croissance \u00e9conomique<\/div><\/div><\/div><div class=\"card-content\"><\/div><\/div>\n\n\n\n<div class=\"wp-block-eup-blocks-card card--wrapper\"><div class=\"card-header\"><div class=\"card-image--wrapper\"><img decoding=\"async\" class=\"card-image\" src=\"https:\/\/cog.ca\/wp-content\/uploads\/2023\/08\/in-stock.svg\" alt=\"\" data-id=\"1132\"\/><\/div><div class=\"card-header--text\"><div class=\"card-title\">Industrie, innovation et infrastructures<\/div><\/div><\/div><div class=\"card-content\"><\/div><\/div>\n\n\n\n<div class=\"wp-block-eup-blocks-card card--wrapper\"><div class=\"card-header\"><div class=\"card-image--wrapper\"><img decoding=\"async\" class=\"card-image\" src=\"https:\/\/cog.ca\/wp-content\/uploads\/2023\/08\/arrows.svg\" alt=\"\" data-id=\"1134\"\/><\/div><div class=\"card-header--text\"><div class=\"card-title\">In\u00e9galit\u00e9s r\u00e9duites<\/div><\/div><\/div><div class=\"card-content\"><\/div><\/div>\n\n\n\n<div class=\"wp-block-eup-blocks-card card--wrapper\"><div class=\"card-header\"><div class=\"card-image--wrapper\"><img decoding=\"async\" class=\"card-image\" src=\"https:\/\/cog.ca\/wp-content\/uploads\/2023\/08\/city.svg\" alt=\"\" data-id=\"1136\"\/><\/div><div class=\"card-header--text\"><div class=\"card-title\">Villes et communaut\u00e9s durables<\/div><\/div><\/div><div class=\"card-content\"><\/div><\/div>\n\n\n\n<div class=\"wp-block-eup-blocks-card card--wrapper\"><div class=\"card-header\"><div class=\"card-image--wrapper\"><img decoding=\"async\" class=\"card-image\" src=\"https:\/\/cog.ca\/wp-content\/uploads\/2023\/08\/responsible-consumption.svg\" alt=\"\" data-id=\"1138\"\/><\/div><div class=\"card-header--text\"><div class=\"card-title\">Consommation et production responsables<\/div><\/div><\/div><div class=\"card-content\"><\/div><\/div>\n\n\n\n<div class=\"wp-block-eup-blocks-card card--wrapper\"><div class=\"card-header\"><div class=\"card-image--wrapper\"><img decoding=\"async\" class=\"card-image\" src=\"https:\/\/cog.ca\/wp-content\/uploads\/2023\/08\/earth-1.svg\" alt=\"\" data-id=\"1146\"\/><\/div><div class=\"card-header--text\"><div class=\"card-title\">Action climatique<\/div><\/div><\/div><div class=\"card-content\"><\/div><\/div>\n\n\n\n<div class=\"wp-block-eup-blocks-card card--wrapper\"><div class=\"card-header\"><div class=\"card-image--wrapper\"><img decoding=\"async\" class=\"card-image\" src=\"https:\/\/cog.ca\/wp-content\/uploads\/2023\/08\/fish.svg\" alt=\"\" data-id=\"1148\"\/><\/div><div class=\"card-header--text\"><div class=\"card-title\">La vie sous l&rsquo;eau<\/div><\/div><\/div><div class=\"card-content\"><\/div><\/div>\n\n\n\n<div class=\"wp-block-eup-blocks-card card--wrapper\"><div class=\"card-header\"><div class=\"card-image--wrapper\"><img decoding=\"async\" class=\"card-image\" src=\"https:\/\/cog.ca\/wp-content\/uploads\/2023\/08\/trees.svg\" alt=\"\" data-id=\"1150\"\/><\/div><div class=\"card-header--text\"><div class=\"card-title\">La vie sur terre<\/div><\/div><\/div><div class=\"card-content\"><\/div><\/div>\n\n\n\n<div class=\"wp-block-eup-blocks-card card--wrapper\"><div class=\"card-header\"><div class=\"card-image--wrapper\"><img decoding=\"async\" class=\"card-image\" src=\"https:\/\/cog.ca\/wp-content\/uploads\/2023\/08\/dove.svg\" alt=\"\" data-id=\"1152\"\/><\/div><div class=\"card-header--text\"><div class=\"card-title\">Paix, justice et institutions fortes<\/div><\/div><\/div><div class=\"card-content\"><\/div><\/div>\n\n\n\n<div class=\"wp-block-eup-blocks-card card--wrapper\"><div class=\"card-header\"><div class=\"card-image--wrapper\"><img decoding=\"async\" class=\"card-image\" src=\"https:\/\/cog.ca\/wp-content\/uploads\/2023\/08\/overlapping-circles.svg\" alt=\"\" data-id=\"1154\"\/><\/div><div class=\"card-header--text\"><div class=\"card-title\">Partenariats pour les objectifs<\/div><\/div><\/div><div class=\"card-content\"><\/div><\/div>\n<\/div><\/div>\n\n\n\n<p>Ces objectifs visent \u00e0 relever des d\u00e9fis environnementaux, \u00e9conomiques et sociaux, et sont organis\u00e9s de fa\u00e7on \u00e0 ne laisser personne pour compte. Le Canada, qui fait partie des 192 \u00c9tats membres ayant adopt\u00e9 les dix-sept objectifs, se concentre sur six domaines principaux:<\/p>\n\n\n\n<div class=\"wp-block-eup-blocks-cards alignwide cards--wrapper is-grid graphic-icon orientation-horizontal alignment-left design-border size-medium\"><div class=\"cards--inner\">\n<div class=\"wp-block-eup-blocks-card card--wrapper\"><div class=\"card-header\"><div class=\"card-image--wrapper\"><img decoding=\"async\" class=\"card-image\" src=\"https:\/\/cog.ca\/wp-content\/uploads\/2023\/08\/money.svg\" alt=\"\" data-id=\"992\"\/><\/div><div class=\"card-header--text\"><div class=\"card-title\">\u00c9liminer la pauvret\u00e9<\/div><\/div><\/div><div class=\"card-content\"><\/div><\/div>\n\n\n\n<div class=\"wp-block-eup-blocks-card card--wrapper\"><div class=\"card-header\"><div class=\"card-image--wrapper\"><img decoding=\"async\" class=\"card-image\" src=\"https:\/\/cog.ca\/wp-content\/uploads\/2023\/08\/handshake.svg\" alt=\"\" data-id=\"1162\"\/><\/div><div class=\"card-header--text\"><div class=\"card-title\"><strong>Faire progresser l&rsquo;autod\u00e9termination et am\u00e9liorer les relations avec les peuples autochtones<\/strong><\/div><\/div><\/div><div class=\"card-content\"><\/div><\/div>\n\n\n\n<div class=\"wp-block-eup-blocks-card card--wrapper\"><div class=\"card-header\"><div class=\"card-image--wrapper\"><img decoding=\"async\" class=\"card-image\" src=\"https:\/\/cog.ca\/wp-content\/uploads\/2023\/08\/feminism.svg\" alt=\"\" data-id=\"1164\"\/><\/div><div class=\"card-header--text\"><div class=\"card-title\"><strong><strong>Faire progresser l&rsquo;\u00e9galit\u00e9 des sexes et l&rsquo;autonomisation des femmes et des filles<\/strong><\/strong><\/div><\/div><\/div><div class=\"card-content\"><\/div><\/div>\n\n\n\n<div class=\"wp-block-eup-blocks-card card--wrapper\"><div class=\"card-header\"><div class=\"card-image--wrapper\"><img decoding=\"async\" class=\"card-image\" src=\"https:\/\/cog.ca\/wp-content\/uploads\/2023\/08\/team.svg\" alt=\"\" data-id=\"1168\"\/><\/div><div class=\"card-header--text\"><div class=\"card-title\"><strong><strong>Favoriser l&rsquo;inclusion<\/strong><\/strong><\/div><\/div><\/div><div class=\"card-content\"><\/div><\/div>\n\n\n\n<div class=\"wp-block-eup-blocks-card card--wrapper\"><div class=\"card-header\"><div class=\"card-image--wrapper\"><img decoding=\"async\" class=\"card-image\" src=\"https:\/\/cog.ca\/wp-content\/uploads\/2023\/08\/trend.svg\" alt=\"\" data-id=\"1130\"\/><\/div><div class=\"card-header--text\"><div class=\"card-title\"><strong><strong>D\u00e9velopper l&rsquo;\u00e9conomie et r\u00e9duire les \u00e9carts socio-\u00e9conomiques qui existent entre les diff\u00e9rents groupes.<\/strong><\/strong><\/div><\/div><\/div><div class=\"card-content\"><\/div><\/div>\n\n\n\n<div class=\"wp-block-eup-blocks-card card--wrapper\"><div class=\"card-header\"><div class=\"card-image--wrapper\"><img decoding=\"async\" class=\"card-image\" src=\"https:\/\/cog.ca\/wp-content\/uploads\/2023\/08\/globe.svg\" alt=\"\" data-id=\"1166\"\/><\/div><div class=\"card-header--text\"><div class=\"card-title\"><strong><strong>Faire avancer l&rsquo;action sur le changement climatique et la croissance propre<\/strong><\/strong><\/div><\/div><\/div><div class=\"card-content\"><\/div><\/div>\n<\/div><\/div>\n<\/div>\n\n\n\n<div class=\"wp-block-group alignfull has-theme-light-background-color has-background is-layout-constrained wp-block-group-is-layout-constrained\">\n<h2 class=\"wp-block-heading has-text-align-center\">Comment l&rsquo;agriculture biologique r\u00e9g\u00e9n\u00e9ratrice peut-elle aider le Canada ?<\/h2>\n\n\n\n<p>Pour que le Canada puisse remplir ses engagements g\u00e9n\u00e9raux et sp\u00e9cifiques envers les objectifs de d\u00e9veloppement durable, les communaut\u00e9s de tout le pays ont besoin d&rsquo;un leadership \u00e0 tous les niveaux, y compris les gouvernements f\u00e9d\u00e9ral, provinciaux et territoriaux, les municipalit\u00e9s et les organisations autochtones nationales. L&rsquo;approche doit \u00eatre inclusive et globale, tout comme les objectifs.<\/p>\n\n\n\n<div class=\"wp-block-buttons is-content-justification-center is-layout-flex wp-container-core-buttons-is-layout-16018d1d wp-block-buttons-is-layout-flex\">\n<div class=\"wp-block-button\"><a class=\"wp-block-button__link has-inner-accent-background-color has-background wp-element-button\" href=\"https:\/\/cog.ca\/sustainable-development-goals\/how-can-regenerative-organic-agriculture-help-canada\/\">EN SAVOIR PLUS<\/a><\/div>\n<\/div>\n<\/div>\n","protected":false},"excerpt":{"rendered":"<p>Quels sont les objectifs de d\u00e9veloppement durable? L&rsquo;Agenda 2030 pour le d\u00e9veloppement durable, adopt\u00e9 par tous les \u00c9tats membres des Nations unies en 2015, fournit un sch\u00e9ma directeur commun pour la paix et la prosp\u00e9rit\u00e9 des peuples et de la plan\u00e8te. Ce plan directeur comprend 17 objectifs de d\u00e9veloppement durable qui fournissent une feuille de [&hellip;]<\/p>\n","protected":false},"author":1,"featured_media":0,"parent":0,"menu_order":323,"comment_status":"closed","ping_status":"closed","template":"","meta":{"inline_featured_image":false,"footnotes":""},"class_list":["post-2764","page","type-page","status-publish","hentry"],"better_featured_image":null,"acf":[],"yoast_head":"<!-- This site is optimized with the Yoast SEO plugin v21.2 - https:\/\/yoast.com\/wordpress\/plugins\/seo\/ -->\n<title>Les objectifs de d\u00e9veloppement durable - Cultivons Biologique Canada<\/title>\n<meta name=\"robots\" content=\"index, follow, max-snippet:-1, max-image-preview:large, max-video-preview:-1\" \/>\n<link rel=\"canonical\" href=\"https:\/\/cog.ca\/fr\/sustainable-development-goals\/\" \/>\n<meta property=\"og:locale\" content=\"fr_FR\" \/>\n<meta property=\"og:type\" content=\"article\" \/>\n<meta property=\"og:title\" content=\"Les objectifs de d\u00e9veloppement durable - Cultivons Biologique Canada\" \/>\n<meta property=\"og:description\" content=\"Quels sont les objectifs de d\u00e9veloppement durable? L&rsquo;Agenda 2030 pour le d\u00e9veloppement durable, adopt\u00e9 par tous les \u00c9tats membres des Nations unies en 2015, fournit un sch\u00e9ma directeur commun pour la paix et la prosp\u00e9rit\u00e9 des peuples et de la plan\u00e8te. Ce plan directeur comprend 17 objectifs de d\u00e9veloppement durable qui fournissent une feuille de [&hellip;]\" \/>\n<meta property=\"og:url\" content=\"https:\/\/cog.ca\/fr\/sustainable-development-goals\/\" \/>\n<meta property=\"og:site_name\" content=\"Cultivons Biologique Canada\" \/>\n<meta property=\"article:modified_time\" content=\"2023-09-19T17:47:22+00:00\" \/>\n<meta property=\"og:image\" content=\"https:\/\/cog.ca\/wp-content\/uploads\/2023\/08\/E_SDG_logo_without_UN_emblem_horizontal_Transparent_WEB-1024x187.webp\" \/>\n<meta name=\"twitter:card\" content=\"summary_large_image\" \/>\n<meta name=\"twitter:label1\" content=\"Dur\u00e9e de lecture estim\u00e9e\" \/>\n\t<meta name=\"twitter:data1\" content=\"7 minutes\" \/>\n<script type=\"application\/ld+json\" class=\"yoast-schema-graph\">{\"@context\":\"https:\/\/schema.org\",\"@graph\":[{\"@type\":\"WebPage\",\"@id\":\"https:\/\/cog.ca\/fr\/sustainable-development-goals\/\",\"url\":\"https:\/\/cog.ca\/fr\/sustainable-development-goals\/\",\"name\":\"Les objectifs de d\u00e9veloppement durable - Cultivons Biologique Canada\",\"isPartOf\":{\"@id\":\"https:\/\/cog.ca\/#website\"},\"datePublished\":\"2023-08-08T17:09:25+00:00\",\"dateModified\":\"2023-09-19T17:47:22+00:00\",\"breadcrumb\":{\"@id\":\"https:\/\/cog.ca\/fr\/sustainable-development-goals\/#breadcrumb\"},\"inLanguage\":\"fr-FR\",\"potentialAction\":[{\"@type\":\"ReadAction\",\"target\":[\"https:\/\/cog.ca\/fr\/sustainable-development-goals\/\"]}]},{\"@type\":\"BreadcrumbList\",\"@id\":\"https:\/\/cog.ca\/fr\/sustainable-development-goals\/#breadcrumb\",\"itemListElement\":[{\"@type\":\"ListItem\",\"position\":1,\"name\":\"Home\",\"item\":\"https:\/\/cog.ca\/fr\/\"},{\"@type\":\"ListItem\",\"position\":2,\"name\":\"Les objectifs de d\u00e9veloppement durable\"}]},{\"@type\":\"WebSite\",\"@id\":\"https:\/\/cog.ca\/#website\",\"url\":\"https:\/\/cog.ca\/\",\"name\":\"Cultivons Biologique Canada\",\"description\":\"\",\"publisher\":{\"@id\":\"https:\/\/cog.ca\/#organization\"},\"potentialAction\":[{\"@type\":\"SearchAction\",\"target\":{\"@type\":\"EntryPoint\",\"urlTemplate\":\"https:\/\/cog.ca\/?s={search_term_string}\"},\"query-input\":\"required name=search_term_string\"}],\"inLanguage\":\"fr-FR\"},{\"@type\":\"Organization\",\"@id\":\"https:\/\/cog.ca\/#organization\",\"name\":\"Canadian Organic Growers\",\"url\":\"https:\/\/cog.ca\/\",\"logo\":{\"@type\":\"ImageObject\",\"inLanguage\":\"fr-FR\",\"@id\":\"https:\/\/cog.ca\/#\/schema\/logo\/image\/\",\"url\":\"https:\/\/cog.ca\/wp-content\/uploads\/2023\/07\/COG_WhiteLogo_Transparent-1.png\",\"contentUrl\":\"https:\/\/cog.ca\/wp-content\/uploads\/2023\/07\/COG_WhiteLogo_Transparent-1.png\",\"width\":208,\"height\":110,\"caption\":\"Canadian Organic Growers\"},\"image\":{\"@id\":\"https:\/\/cog.ca\/#\/schema\/logo\/image\/\"}}]}<\/script>\n<!-- \/ Yoast SEO plugin. -->","yoast_head_json":{"title":"Les objectifs de d\u00e9veloppement durable - Cultivons Biologique Canada","robots":{"index":"index","follow":"follow","max-snippet":"max-snippet:-1","max-image-preview":"max-image-preview:large","max-video-preview":"max-video-preview:-1"},"canonical":"https:\/\/cog.ca\/fr\/sustainable-development-goals\/","og_locale":"fr_FR","og_type":"article","og_title":"Les objectifs de d\u00e9veloppement durable - Cultivons Biologique Canada","og_description":"Quels sont les objectifs de d\u00e9veloppement durable? L&rsquo;Agenda 2030 pour le d\u00e9veloppement durable, adopt\u00e9 par tous les \u00c9tats membres des Nations unies en 2015, fournit un sch\u00e9ma directeur commun pour la paix et la prosp\u00e9rit\u00e9 des peuples et de la plan\u00e8te. Ce plan directeur comprend 17 objectifs de d\u00e9veloppement durable qui fournissent une feuille de [&hellip;]","og_url":"https:\/\/cog.ca\/fr\/sustainable-development-goals\/","og_site_name":"Cultivons Biologique Canada","article_modified_time":"2023-09-19T17:47:22+00:00","og_image":[{"url":"https:\/\/cog.ca\/wp-content\/uploads\/2023\/08\/E_SDG_logo_without_UN_emblem_horizontal_Transparent_WEB-1024x187.webp"}],"twitter_card":"summary_large_image","twitter_misc":{"Dur\u00e9e de lecture estim\u00e9e":"7 minutes"},"schema":{"@context":"https:\/\/schema.org","@graph":[{"@type":"WebPage","@id":"https:\/\/cog.ca\/fr\/sustainable-development-goals\/","url":"https:\/\/cog.ca\/fr\/sustainable-development-goals\/","name":"Les objectifs de d\u00e9veloppement durable - Cultivons Biologique Canada","isPartOf":{"@id":"https:\/\/cog.ca\/#website"},"datePublished":"2023-08-08T17:09:25+00:00","dateModified":"2023-09-19T17:47:22+00:00","breadcrumb":{"@id":"https:\/\/cog.ca\/fr\/sustainable-development-goals\/#breadcrumb"},"inLanguage":"fr-FR","potentialAction":[{"@type":"ReadAction","target":["https:\/\/cog.ca\/fr\/sustainable-development-goals\/"]}]},{"@type":"BreadcrumbList","@id":"https:\/\/cog.ca\/fr\/sustainable-development-goals\/#breadcrumb","itemListElement":[{"@type":"ListItem","position":1,"name":"Home","item":"https:\/\/cog.ca\/fr\/"},{"@type":"ListItem","position":2,"name":"Les objectifs de d\u00e9veloppement durable"}]},{"@type":"WebSite","@id":"https:\/\/cog.ca\/#website","url":"https:\/\/cog.ca\/","name":"Cultivons Biologique Canada","description":"","publisher":{"@id":"https:\/\/cog.ca\/#organization"},"potentialAction":[{"@type":"SearchAction","target":{"@type":"EntryPoint","urlTemplate":"https:\/\/cog.ca\/?s={search_term_string}"},"query-input":"required name=search_term_string"}],"inLanguage":"fr-FR"},{"@type":"Organization","@id":"https:\/\/cog.ca\/#organization","name":"Canadian Organic Growers","url":"https:\/\/cog.ca\/","logo":{"@type":"ImageObject","inLanguage":"fr-FR","@id":"https:\/\/cog.ca\/#\/schema\/logo\/image\/","url":"https:\/\/cog.ca\/wp-content\/uploads\/2023\/07\/COG_WhiteLogo_Transparent-1.png","contentUrl":"https:\/\/cog.ca\/wp-content\/uploads\/2023\/07\/COG_WhiteLogo_Transparent-1.png","width":208,"height":110,"caption":"Canadian Organic Growers"},"image":{"@id":"https:\/\/cog.ca\/#\/schema\/logo\/image\/"}}]}},"_links":{"self":[{"href":"https:\/\/cog.ca\/fr\/wp-json\/wp\/v2\/pages\/2764","targetHints":{"allow":["GET"]}}],"collection":[{"href":"https:\/\/cog.ca\/fr\/wp-json\/wp\/v2\/pages"}],"about":[{"href":"https:\/\/cog.ca\/fr\/wp-json\/wp\/v2\/types\/page"}],"author":[{"embeddable":true,"href":"https:\/\/cog.ca\/fr\/wp-json\/wp\/v2\/users\/1"}],"replies":[{"embeddable":true,"href":"https:\/\/cog.ca\/fr\/wp-json\/wp\/v2\/comments?post=2764"}],"version-history":[{"count":3,"href":"https:\/\/cog.ca\/fr\/wp-json\/wp\/v2\/pages\/2764\/revisions"}],"predecessor-version":[{"id":2934,"href":"https:\/\/cog.ca\/fr\/wp-json\/wp\/v2\/pages\/2764\/revisions\/2934"}],"wp:attachment":[{"href":"https:\/\/cog.ca\/fr\/wp-json\/wp\/v2\/media?parent=2764"}],"curies":[{"name":"wp","href":"https:\/\/api.w.org\/{rel}","templated":true}]}}