{"id":2742,"date":"2023-08-09T14:15:04","date_gmt":"2023-08-09T18:15:04","guid":{"rendered":"https:\/\/cog-01.eproofs.ca\/?page_id=2742"},"modified":"2023-09-21T16:11:29","modified_gmt":"2023-09-21T20:11:29","slug":"cover-crop-training","status":"publish","type":"page","link":"https:\/\/cog.ca\/fr\/cover-crop-training\/","title":{"rendered":"Formation sur les cultures de couverture"},"content":{"rendered":"\n<div class=\"wp-block-group alignfull has-theme-light-background-color has-background is-layout-flow wp-block-group-is-layout-flow\">\n<h2 class=\"wp-block-heading has-text-align-center\">Offrir des outils pratiques aux agriculteurs canadiens d&rsquo;un oc\u00e9an \u00e0 l&rsquo;autre<\/h2>\n\n\n\n<hr class=\"wp-block-separator has-alpha-channel-opacity is-style-accent-center\"\/>\n\n\n\n<p>COG a travaill\u00e9 avec Farmers for Climate Solutions (FCS) pour lancer un nouveau projet appel\u00e9 le programme Farm Resilience Management (FaRM). FCS est une coalition nationale d&rsquo;organisations agricoles qui se consacre \u00e0 la mise en place de solutions \u00e0 la crise climatique dirig\u00e9es par des agriculteurs. Le programme de formation des agriculteurs comprendra trois cours uniques sur la gestion de l&rsquo;azote, le p\u00e2turage en rotation et les cultures de couverture.<\/p>\n\n\n\n<p>La COG a fourni le programme du cours ax\u00e9 sur les cultures de couverture. Ce programme \u00e9ducatif gratuit est accessible \u00e0 tous les agriculteurs, qu&rsquo;ils soient biologiques, r\u00e9g\u00e9n\u00e9ratifs, transitoires ou conventionnels. Il comprendra une composante d&rsquo;apprentissage autonome en ligne et une partie th\u00e9orique dispens\u00e9e par des pairs de la r\u00e9gion.&nbsp;<\/p>\n\n\n\n<p>Le programme est fond\u00e9 sur l&rsquo;exp\u00e9rience pratique des agriculteurs de diff\u00e9rentes r\u00e9gions du pays. Le projet, d&rsquo;une dur\u00e9e de quatre ans, comprendra un nouveau contenu chaque ann\u00e9e et \u00e9voluera \u00e9galement en fonction des r\u00e9actions des ann\u00e9es pr\u00e9c\u00e9dentes.<\/p>\n<\/div>\n\n\n\n<div class=\"wp-block-group alignfull has-theme-grey-background-color has-background is-layout-constrained wp-block-group-is-layout-constrained\">\n<h2 class=\"wp-block-heading has-text-align-center\">D\u00e9couvrez comment les cultures de couverture peuvent vous aider dans votre exploitation agricole<\/h2>\n\n\n\n<figure class=\"wp-block-image alignleft size-full\"><img loading=\"lazy\" decoding=\"async\" width=\"750\" height=\"750\" src=\"https:\/\/cog.ca\/wp-content\/uploads\/2023\/08\/CoverCropping.webp\" alt=\"\" class=\"wp-image-1224\" srcset=\"https:\/\/cog.ca\/wp-content\/uploads\/2023\/08\/CoverCropping.webp 750w, https:\/\/cog.ca\/wp-content\/uploads\/2023\/08\/CoverCropping-300x300.webp 300w, https:\/\/cog.ca\/wp-content\/uploads\/2023\/08\/CoverCropping-150x150.webp 150w\" sizes=\"auto, (max-width: 750px) 100vw, 750px\" \/><\/figure>\n\n\n\n<p>Gr\u00e2ce \u00e0 ce cours, vous serez en mesure d&rsquo;identifier comment les cultures de couverture peuvent r\u00e9soudre certains des probl\u00e8mes de sol de votre exploitation et comment ces plantes peuvent am\u00e9liorer vos r\u00e9sultats. En utilisant des cultures de couverture, vous pouvez r\u00e9duire votre utilisation d&rsquo;engrais, d&rsquo;amendements du sol et de pulv\u00e9risations, et ajouter de la biodiversit\u00e9 \u00e0 votre exploitation.<\/p>\n\n\n\n<h3 class=\"wp-block-heading is-style-h5\"><strong>En terminant ce cours, vous repartirez avec :<\/strong><\/h3>\n\n\n\n<ul class=\"wp-block-list\">\n<li><strong>Un plan de cultures de couverture<\/strong>&nbsp;adapt\u00e9 \u00e0 votre r\u00e9gion, au microclimat, au type de sol, \u00e0 l&rsquo;\u00e9quipement, \u00e0 la rotation des cultures et \u00e0 d&rsquo;autres caract\u00e9ristiques. Vous saurez comment et quand planter et terminer les cultures de couverture et vous aurez m\u00eame des plans de secours en cas d&rsquo;impr\u00e9vu.<\/li>\n\n\n\n<li><strong>Des outils pour vous aider \u00e0 adapter et \u00e0 d\u00e9velopper votre plan de cultures de couverture.<\/strong>&nbsp;Vous disposerez des ressources n\u00e9cessaires pour modifier votre plan de cultures de couverture si votre exploitation change et si vous vous sentez plus \u00e0 l&rsquo;aise avec les cultures de couverture.<\/li>\n\n\n\n<li><strong>Un r\u00e9seau de contacts.<\/strong>&nbsp;Pendant le cours, vous rencontrerez des mentors et d&rsquo;autres agriculteurs de votre r\u00e9gion. Vous d\u00e9velopperez un r\u00e9seau de personnes \u00e0 qui vous pourrez poser des questions ou que vous pourrez suivre sur les m\u00e9dias sociaux pour vous informer des ateliers et des visites de fermes \u00e0 venir.<\/li>\n<\/ul>\n\n\n\n<div class=\"wp-block-buttons is-layout-flex wp-block-buttons-is-layout-flex\">\n<div class=\"wp-block-button\"><a class=\"wp-block-button__link has-inner-accent-background-color has-background wp-element-button\" href=\"https:\/\/farmersforclimatesolutions.ca\/mentorship\">EN SAVOIR PLUS ET S&rsquo;INSCRIRE<\/a><\/div>\n<\/div>\n<\/div>\n\n\n\n<div class=\"wp-block-group alignfull has-theme-light-background-color has-background is-layout-constrained wp-block-group-is-layout-constrained\">\n<h2 class=\"wp-block-heading has-text-align-center\">Approche de la formation<\/h2>\n\n\n\n<hr class=\"wp-block-separator has-alpha-channel-opacity is-style-accent-center\"\/>\n\n\n\n<p class=\"has-text-align-center has-theme-large-font-size\">La formation consistera en une approche mixte :<\/p>\n\n\n\n<div class=\"wp-block-eup-blocks-cards alignwide cards--wrapper is-grid graphic-icon orientation-vertical alignment-center design-border size-medium\"><div class=\"cards--inner\">\n<div class=\"wp-block-eup-blocks-card card--wrapper\"><div class=\"card-header\"><div class=\"card-image--wrapper\"><img decoding=\"async\" class=\"card-image\" src=\"https:\/\/cog.ca\/wp-content\/uploads\/2023\/08\/online-learning.svg\" alt=\"\" data-id=\"1230\"\/><\/div><div class=\"card-header--text\"><div class=\"card-title\">Programme d&rsquo;\u00e9tudes en ligne \u00e0 votre rythme<\/div><\/div><\/div><div class=\"card-content\"><div class=\"card-desc\">Un programme d&rsquo;\u00e9tudes en ligne, \u00e0 un rythme soutenu, utilisant du mat\u00e9riel d&rsquo;apprentissage multim\u00e9dia et compl\u00e9t\u00e9 par un manuel d&rsquo;accompagnement.<\/div><\/div><\/div>\n\n\n\n<div class=\"wp-block-eup-blocks-card card--wrapper\"><div class=\"card-header\"><div class=\"card-image--wrapper\"><img decoding=\"async\" class=\"card-image\" src=\"https:\/\/cog.ca\/wp-content\/uploads\/2023\/08\/crowd.svg\" alt=\"\" data-id=\"1116\"\/><\/div><div class=\"card-header--text\"><div class=\"card-title\">S\u00e9ances de formation en groupe<\/div><\/div><\/div><div class=\"card-content\"><div class=\"card-desc\">Sessions de formation en groupe avec un mentor dans la m\u00eame r\u00e9gion, souvent avec des cultures\/\u00e9levages et des \u00e9chelles de production similaires.<\/div><\/div><\/div>\n<\/div><\/div>\n\n\n\n<p class=\"has-text-align-center has-theme-large-font-size\">La liste des ressources comprendra une s\u00e9rie de m\u00e9dias, notamment des vid\u00e9os, des podcasts, des fiches d&rsquo;information, des articles de journaux \u00e9valu\u00e9s par des pairs, des bases de donn\u00e9es et des sites web.<\/p>\n<\/div>\n\n\n\n<div class=\"wp-block-group alignfull has-theme-grey-background-color has-background is-layout-constrained wp-block-group-is-layout-constrained\">\n<h2 class=\"wp-block-heading has-text-align-center\">Programme national sur les cultures de couverture de la COG<\/h2>\n\n\n\n<hr class=\"wp-block-separator has-alpha-channel-opacity is-style-accent-center\"\/>\n\n\n\n<div class=\"wp-block-eup-blocks-accordion\"><div class=\"eup-folded-content accordion\" data-aria-accordion=\"\">\n<div class=\"wp-block-eup-blocks-fold-item eup-fold-toggle\" data-fold-toggle=\"\">1. Cultures de couverture 101<\/div><div class=\"eup-fold-panel\" data-fold-content=\"\">\n<ul class=\"wp-block-list\">\n<li>1.1. Introduction \u00e0 la culture de couverture<\/li>\n\n\n\n<li>1.2. Gestion pour la sant\u00e9 du sol<\/li>\n<\/ul>\n<\/div>\n\n\n\n<div class=\"wp-block-eup-blocks-fold-item eup-fold-toggle\" data-fold-toggle=\"\">2. Les cultures de couverture \u00e0 la ferme<\/div><div class=\"eup-fold-panel\" data-fold-content=\"\">\n<ul class=\"wp-block-list\">\n<li>2.1. Consid\u00e9rations r\u00e9gionales<\/li>\n\n\n\n<li>2.2. Consid\u00e9rations saisonni\u00e8res<\/li>\n\n\n\n<li>2.3. Principaux syst\u00e8mes de production<\/li>\n\n\n\n<li>2.4. \u00c9chelle<\/li>\n\n\n\n<li>2.5. Ensemencement<\/li>\n\n\n\n<li>2.5. Terminaison<\/li>\n\n\n\n<li>2.6. Biologique et non biologique<\/li>\n\n\n\n<li>2.7. Analyse du sol<\/li>\n\n\n\n<li>2.8. \u00c9quipement<\/li>\n<\/ul>\n<\/div>\n\n\n\n<div class=\"wp-block-eup-blocks-fold-item eup-fold-toggle\" data-fold-toggle=\"\">3. Les aspects \u00e9conomiques des cultures de couverture<\/div><div class=\"eup-fold-panel\" data-fold-content=\"\">\n<ul class=\"wp-block-list\">\n<li>3.1. Argent comptant &#8211; Co\u00fbts-avantages et programmes de partage des co\u00fbts<\/li>\n\n\n\n<li>3.2. Avantages pour le climat<\/li>\n\n\n\n<li>3.3. Les services \u00e9cosyst\u00e9miques<\/li>\n<\/ul>\n<\/div>\n\n\n\n<div class=\"wp-block-eup-blocks-fold-item eup-fold-toggle\" data-fold-toggle=\"\">4. Cahier de travail sur les cultures de couverture<\/div><div class=\"eup-fold-panel\" data-fold-content=\"\">\n<ul class=\"wp-block-list\">\n<li>4.1. Introduction au cahier d&rsquo;exercices<\/li>\n\n\n\n<li>4.2. R\u00e9vision des sections \u00e0 compl\u00e9ter avant l&rsquo;atelier de groupe avec un agriculteur mentor<\/li>\n<\/ul>\n<\/div>\n<\/div><\/div>\n<\/div>\n\n\n\n<div class=\"wp-block-group alignfull has-theme-grey-background-color has-background is-layout-constrained wp-block-group-is-layout-constrained\">\n<h2 class=\"wp-block-heading has-text-align-center\">R\u00e9sultats de la formation sur les cultures de couverture<\/h2>\n\n\n\n<hr class=\"wp-block-separator has-alpha-channel-opacity is-style-accent-center\"\/>\n\n\n\n<div class=\"wp-block-eup-blocks-cards alignwide cards--wrapper is-grid graphic-icon orientation-vertical alignment-center design-border size-medium\"><div class=\"cards--inner\">\n<div class=\"wp-block-eup-blocks-card card--wrapper\"><div class=\"card-header\"><div class=\"card-image--wrapper\"><img decoding=\"async\" class=\"card-image\" src=\"https:\/\/cog.ca\/wp-content\/uploads\/2023\/08\/presentation.svg\" alt=\"\" data-id=\"1239\"\/><\/div><div class=\"card-header--text\"><div class=\"card-title\">Former plus de 10 000 agriculteurs sur 2 millions d&rsquo;acres \u00e0 travers le Canada en quatre ans<\/div><\/div><\/div><div class=\"card-content\"><\/div><\/div>\n\n\n\n<div class=\"wp-block-eup-blocks-card card--wrapper\"><div class=\"card-header\"><div class=\"card-image--wrapper\"><img decoding=\"async\" class=\"card-image\" src=\"https:\/\/cog.ca\/wp-content\/uploads\/2023\/08\/farmer.svg\" alt=\"\" data-id=\"1241\"\/><\/div><div class=\"card-header--text\"><div class=\"card-title\"><strong>Augmenter le nombre d&rsquo;agriculteurs adoptant des pratiques \u00e9cologiques \u00e0 la ferme.<\/strong><\/div><\/div><\/div><div class=\"card-content\"><\/div><\/div>\n\n\n\n<div class=\"wp-block-eup-blocks-card card--wrapper\"><div class=\"card-header\"><div class=\"card-image--wrapper\"><img decoding=\"async\" class=\"card-image\" src=\"https:\/\/cog.ca\/wp-content\/uploads\/2023\/08\/sprout.svg\" alt=\"\" data-id=\"1244\"\/><\/div><div class=\"card-header--text\"><div class=\"card-title\"><strong>Am\u00e9liorer la rentabilit\u00e9 des agriculteurs en renfor\u00e7ant les sols et en r\u00e9duisant les co\u00fbts des intrants.<\/strong><\/div><\/div><\/div><div class=\"card-content\"><\/div><\/div>\n<\/div><\/div>\n<\/div>\n\n\n\n<div class=\"wp-block-group alignfull has-theme-light-background-color has-background is-layout-constrained wp-block-group-is-layout-constrained\">\n<h2 class=\"wp-block-heading has-text-align-center\">\u00c9quipe CCT<\/h2>\n\n\n\n<hr class=\"wp-block-separator has-alpha-channel-opacity is-style-accent-center\"\/>\n\n\n\r\n  \r\n\r\n\t<div id=\"block_353417c2c972c8b75287b2e25ceafe92\" class=\"wp-block-eup-blocks-posts alignwide cards--wrapper is-grid graphic-image orientation-vertical alignment-left design-flat size-medium\">\r\n\t<div class=\"cards--inner\">\r\n\r\n\t\r\n\t<div class=\"card--wrapper modal-trigger\" aria-label=\"Janet Wallace\" data-micromodal-trigger=\"modal-2468\">\r\n\r\n\t\t<div class=\"card-header\">\r\n\t\t\t\t\t\t<div class=\"card-image--wrapper square\">\r\n\t\t\t\t<img src=\"https:\/\/cog.ca\/wp-content\/uploads\/2023\/08\/17-300x300.webp\" decoding=\"async\" loading=\"lazy\"\r\n\t\t srcset=\"https:\/\/cog.ca\/wp-content\/uploads\/2023\/08\/17-300x300.webp 300w, https:\/\/cog.ca\/wp-content\/uploads\/2023\/08\/17-150x150.webp 150w, https:\/\/cog.ca\/wp-content\/uploads\/2023\/08\/17.webp 500w\"\r\n\t\t sizes=\"(max-width: 300px) 100vw, 300px\">\t\t\t<\/div>\r\n\t\t\t\t\t\t<div class=\"card-header--text\">\r\n\t\t\t\t<div class=\"card-title\">Janet Wallace<\/div>\r\n\t\t\t\t<div class=\"card-meta\">\r\n\t\t\t\t\t<span class=\"meta-item\">\u00c9diteur et r\u00e9dacteur<\/span>\r\n\t\t\t\t<\/div>\r\n\t\t\t<\/div>\r\n\t\t<\/div>\r\n\r\n\t<\/div>\r\n\r\n\t\r\n\t<div class=\"card--wrapper modal-trigger\" aria-label=\"Sarah Mackenzie\" data-micromodal-trigger=\"modal-2467\">\r\n\r\n\t\t<div class=\"card-header\">\r\n\t\t\t\t\t\t<div class=\"card-image--wrapper square\">\r\n\t\t\t\t<img src=\"https:\/\/cog.ca\/wp-content\/uploads\/2023\/08\/11-1-300x300.jpg\" decoding=\"async\" loading=\"lazy\"\r\n\t\t srcset=\"https:\/\/cog.ca\/wp-content\/uploads\/2023\/08\/11-1-300x300.jpg 300w, https:\/\/cog.ca\/wp-content\/uploads\/2023\/08\/11-1-150x150.jpg 150w, https:\/\/cog.ca\/wp-content\/uploads\/2023\/08\/11-1.jpg 500w\"\r\n\t\t sizes=\"(max-width: 300px) 100vw, 300px\">\t\t\t<\/div>\r\n\t\t\t\t\t\t<div class=\"card-header--text\">\r\n\t\t\t\t<div class=\"card-title\">Sarah Mackenzie<\/div>\r\n\t\t\t\t<div class=\"card-meta\">\r\n\t\t\t\t\t<span class=\"meta-item\">Gestionnaire du programme de formation aux cultures de couverture<\/span>\r\n\t\t\t\t<\/div>\r\n\t\t\t<\/div>\r\n\t\t<\/div>\r\n\r\n\t<\/div>\r\n\r\n\t\t\r\n\t<\/div>\r\n\t<\/div>\r\n\r\n\n\n\n<h2 class=\"wp-block-heading has-text-align-center is-style-h6\">Partenaires du programme<\/h2>\n\n\n\n<figure class=\"wp-block-image aligncenter size-medium\"><img loading=\"lazy\" decoding=\"async\" width=\"300\" height=\"108\" src=\"https:\/\/cog.ca\/wp-content\/uploads\/2023\/09\/Horizontal-Inverse--300x108.png\" alt=\"\" class=\"wp-image-2914\" srcset=\"https:\/\/cog.ca\/wp-content\/uploads\/2023\/09\/Horizontal-Inverse--300x108.png 300w, https:\/\/cog.ca\/wp-content\/uploads\/2023\/09\/Horizontal-Inverse-.png 883w\" sizes=\"auto, (max-width: 300px) 100vw, 300px\" \/><\/figure>\n<\/div>\n","protected":false},"excerpt":{"rendered":"<p>COG a travaill\u00e9 avec Farmers for Climate Solutions (FCS) pour lancer un nouveau projet appel\u00e9 le programme Farm Resilience Management (FaRM). FCS<\/p>\n","protected":false},"author":1,"featured_media":3227,"parent":0,"menu_order":311,"comment_status":"closed","ping_status":"closed","template":"","meta":{"inline_featured_image":false,"footnotes":""},"class_list":["post-2742","page","type-page","status-publish","has-post-thumbnail","hentry"],"better_featured_image":{"id":3227,"alt_text":"","caption":"","description":"","media_type":"image","media_details":{"width":1200,"height":800,"file":"2023\/09\/Copy-of-buckwheat-wallace-2-min.jpg","filesize":119850,"sizes":{"medium":{"file":"Copy-of-buckwheat-wallace-2-min-300x200.jpg","width":300,"height":200,"mime-type":"image\/jpeg","filesize":14936,"source_url":"https:\/\/cog.ca\/wp-content\/uploads\/2023\/09\/Copy-of-buckwheat-wallace-2-min-300x200.jpg"},"large":{"file":"Copy-of-buckwheat-wallace-2-min-1024x683.jpg","width":1024,"height":683,"mime-type":"image\/jpeg","filesize":88372,"source_url":"https:\/\/cog.ca\/wp-content\/uploads\/2023\/09\/Copy-of-buckwheat-wallace-2-min-1024x683.jpg"},"thumbnail":{"file":"Copy-of-buckwheat-wallace-2-min-150x150.jpg","width":150,"height":150,"mime-type":"image\/jpeg","filesize":7168,"source_url":"https:\/\/cog.ca\/wp-content\/uploads\/2023\/09\/Copy-of-buckwheat-wallace-2-min-150x150.jpg"},"post-thumbnail":{"file":"Copy-of-buckwheat-wallace-2-min-150x150.jpg","width":150,"height":150,"mime-type":"image\/jpeg","filesize":7168,"source_url":"https:\/\/cog.ca\/wp-content\/uploads\/2023\/09\/Copy-of-buckwheat-wallace-2-min-150x150.jpg"}},"image_meta":{"aperture":"0","credit":"","camera":"","caption":"","created_timestamp":"0","copyright":"","focal_length":"0","iso":"0","shutter_speed":"0","title":"","orientation":"0","keywords":[]}},"post":2742,"source_url":"https:\/\/cog.ca\/wp-content\/uploads\/2023\/09\/Copy-of-buckwheat-wallace-2-min.jpg"},"acf":[],"yoast_head":"<!-- This site is optimized with the Yoast SEO plugin v21.2 - https:\/\/yoast.com\/wordpress\/plugins\/seo\/ -->\n<title>Formation sur les cultures de couverture - Cultivons Biologique Canada<\/title>\n<meta name=\"robots\" content=\"index, follow, max-snippet:-1, max-image-preview:large, max-video-preview:-1\" \/>\n<link rel=\"canonical\" href=\"https:\/\/cog.ca\/fr\/cover-crop-training\/\" \/>\n<meta property=\"og:locale\" content=\"fr_FR\" \/>\n<meta property=\"og:type\" content=\"article\" \/>\n<meta property=\"og:title\" content=\"Formation sur les cultures de couverture - Cultivons Biologique Canada\" \/>\n<meta property=\"og:description\" content=\"COG a travaill\u00e9 avec Farmers for Climate Solutions (FCS) pour lancer un nouveau projet appel\u00e9 le programme Farm Resilience Management (FaRM). FCS\" \/>\n<meta property=\"og:url\" content=\"https:\/\/cog.ca\/fr\/cover-crop-training\/\" \/>\n<meta property=\"og:site_name\" content=\"Cultivons Biologique Canada\" \/>\n<meta property=\"article:modified_time\" content=\"2023-09-21T20:11:29+00:00\" \/>\n<meta property=\"og:image\" content=\"https:\/\/cog.ca\/wp-content\/uploads\/2023\/09\/Copy-of-buckwheat-wallace-2-min.jpg\" \/>\n\t<meta property=\"og:image:width\" content=\"1200\" \/>\n\t<meta property=\"og:image:height\" content=\"800\" \/>\n\t<meta property=\"og:image:type\" content=\"image\/jpeg\" \/>\n<meta name=\"twitter:card\" content=\"summary_large_image\" \/>\n<meta name=\"twitter:label1\" content=\"Dur\u00e9e de lecture estim\u00e9e\" \/>\n\t<meta name=\"twitter:data1\" content=\"5 minutes\" \/>\n<script type=\"application\/ld+json\" class=\"yoast-schema-graph\">{\"@context\":\"https:\/\/schema.org\",\"@graph\":[{\"@type\":\"WebPage\",\"@id\":\"https:\/\/cog.ca\/fr\/cover-crop-training\/\",\"url\":\"https:\/\/cog.ca\/fr\/cover-crop-training\/\",\"name\":\"Formation sur les cultures de couverture - Cultivons Biologique Canada\",\"isPartOf\":{\"@id\":\"https:\/\/cog.ca\/#website\"},\"datePublished\":\"2023-08-09T18:15:04+00:00\",\"dateModified\":\"2023-09-21T20:11:29+00:00\",\"breadcrumb\":{\"@id\":\"https:\/\/cog.ca\/fr\/cover-crop-training\/#breadcrumb\"},\"inLanguage\":\"fr-FR\",\"potentialAction\":[{\"@type\":\"ReadAction\",\"target\":[\"https:\/\/cog.ca\/fr\/cover-crop-training\/\"]}]},{\"@type\":\"BreadcrumbList\",\"@id\":\"https:\/\/cog.ca\/fr\/cover-crop-training\/#breadcrumb\",\"itemListElement\":[{\"@type\":\"ListItem\",\"position\":1,\"name\":\"Home\",\"item\":\"https:\/\/cog.ca\/fr\/\"},{\"@type\":\"ListItem\",\"position\":2,\"name\":\"Formation sur les cultures de couverture\"}]},{\"@type\":\"WebSite\",\"@id\":\"https:\/\/cog.ca\/#website\",\"url\":\"https:\/\/cog.ca\/\",\"name\":\"Cultivons Biologique Canada\",\"description\":\"\",\"publisher\":{\"@id\":\"https:\/\/cog.ca\/#organization\"},\"potentialAction\":[{\"@type\":\"SearchAction\",\"target\":{\"@type\":\"EntryPoint\",\"urlTemplate\":\"https:\/\/cog.ca\/?s={search_term_string}\"},\"query-input\":\"required name=search_term_string\"}],\"inLanguage\":\"fr-FR\"},{\"@type\":\"Organization\",\"@id\":\"https:\/\/cog.ca\/#organization\",\"name\":\"Canadian Organic Growers\",\"url\":\"https:\/\/cog.ca\/\",\"logo\":{\"@type\":\"ImageObject\",\"inLanguage\":\"fr-FR\",\"@id\":\"https:\/\/cog.ca\/#\/schema\/logo\/image\/\",\"url\":\"https:\/\/cog.ca\/wp-content\/uploads\/2023\/07\/COG_WhiteLogo_Transparent-1.png\",\"contentUrl\":\"https:\/\/cog.ca\/wp-content\/uploads\/2023\/07\/COG_WhiteLogo_Transparent-1.png\",\"width\":208,\"height\":110,\"caption\":\"Canadian Organic Growers\"},\"image\":{\"@id\":\"https:\/\/cog.ca\/#\/schema\/logo\/image\/\"}}]}<\/script>\n<!-- \/ Yoast SEO plugin. -->","yoast_head_json":{"title":"Formation sur les cultures de couverture - Cultivons Biologique Canada","robots":{"index":"index","follow":"follow","max-snippet":"max-snippet:-1","max-image-preview":"max-image-preview:large","max-video-preview":"max-video-preview:-1"},"canonical":"https:\/\/cog.ca\/fr\/cover-crop-training\/","og_locale":"fr_FR","og_type":"article","og_title":"Formation sur les cultures de couverture - Cultivons Biologique Canada","og_description":"COG a travaill\u00e9 avec Farmers for Climate Solutions (FCS) pour lancer un nouveau projet appel\u00e9 le programme Farm Resilience Management (FaRM). FCS","og_url":"https:\/\/cog.ca\/fr\/cover-crop-training\/","og_site_name":"Cultivons Biologique Canada","article_modified_time":"2023-09-21T20:11:29+00:00","og_image":[{"width":1200,"height":800,"url":"https:\/\/cog.ca\/wp-content\/uploads\/2023\/09\/Copy-of-buckwheat-wallace-2-min.jpg","type":"image\/jpeg"}],"twitter_card":"summary_large_image","twitter_misc":{"Dur\u00e9e de lecture estim\u00e9e":"5 minutes"},"schema":{"@context":"https:\/\/schema.org","@graph":[{"@type":"WebPage","@id":"https:\/\/cog.ca\/fr\/cover-crop-training\/","url":"https:\/\/cog.ca\/fr\/cover-crop-training\/","name":"Formation sur les cultures de couverture - Cultivons Biologique Canada","isPartOf":{"@id":"https:\/\/cog.ca\/#website"},"datePublished":"2023-08-09T18:15:04+00:00","dateModified":"2023-09-21T20:11:29+00:00","breadcrumb":{"@id":"https:\/\/cog.ca\/fr\/cover-crop-training\/#breadcrumb"},"inLanguage":"fr-FR","potentialAction":[{"@type":"ReadAction","target":["https:\/\/cog.ca\/fr\/cover-crop-training\/"]}]},{"@type":"BreadcrumbList","@id":"https:\/\/cog.ca\/fr\/cover-crop-training\/#breadcrumb","itemListElement":[{"@type":"ListItem","position":1,"name":"Home","item":"https:\/\/cog.ca\/fr\/"},{"@type":"ListItem","position":2,"name":"Formation sur les cultures de couverture"}]},{"@type":"WebSite","@id":"https:\/\/cog.ca\/#website","url":"https:\/\/cog.ca\/","name":"Cultivons Biologique Canada","description":"","publisher":{"@id":"https:\/\/cog.ca\/#organization"},"potentialAction":[{"@type":"SearchAction","target":{"@type":"EntryPoint","urlTemplate":"https:\/\/cog.ca\/?s={search_term_string}"},"query-input":"required name=search_term_string"}],"inLanguage":"fr-FR"},{"@type":"Organization","@id":"https:\/\/cog.ca\/#organization","name":"Canadian Organic Growers","url":"https:\/\/cog.ca\/","logo":{"@type":"ImageObject","inLanguage":"fr-FR","@id":"https:\/\/cog.ca\/#\/schema\/logo\/image\/","url":"https:\/\/cog.ca\/wp-content\/uploads\/2023\/07\/COG_WhiteLogo_Transparent-1.png","contentUrl":"https:\/\/cog.ca\/wp-content\/uploads\/2023\/07\/COG_WhiteLogo_Transparent-1.png","width":208,"height":110,"caption":"Canadian Organic Growers"},"image":{"@id":"https:\/\/cog.ca\/#\/schema\/logo\/image\/"}}]}},"_links":{"self":[{"href":"https:\/\/cog.ca\/fr\/wp-json\/wp\/v2\/pages\/2742","targetHints":{"allow":["GET"]}}],"collection":[{"href":"https:\/\/cog.ca\/fr\/wp-json\/wp\/v2\/pages"}],"about":[{"href":"https:\/\/cog.ca\/fr\/wp-json\/wp\/v2\/types\/page"}],"author":[{"embeddable":true,"href":"https:\/\/cog.ca\/fr\/wp-json\/wp\/v2\/users\/1"}],"replies":[{"embeddable":true,"href":"https:\/\/cog.ca\/fr\/wp-json\/wp\/v2\/comments?post=2742"}],"version-history":[{"count":8,"href":"https:\/\/cog.ca\/fr\/wp-json\/wp\/v2\/pages\/2742\/revisions"}],"predecessor-version":[{"id":3231,"href":"https:\/\/cog.ca\/fr\/wp-json\/wp\/v2\/pages\/2742\/revisions\/3231"}],"wp:featuredmedia":[{"embeddable":true,"href":"https:\/\/cog.ca\/fr\/wp-json\/wp\/v2\/media\/3227"}],"wp:attachment":[{"href":"https:\/\/cog.ca\/fr\/wp-json\/wp\/v2\/media?parent=2742"}],"curies":[{"name":"wp","href":"https:\/\/api.w.org\/{rel}","templated":true}]}}