{"id":2623,"date":"2023-08-03T17:01:26","date_gmt":"2023-08-03T21:01:26","guid":{"rendered":"https:\/\/cog-01.eproofs.ca\/parrainage-et-publicite\/"},"modified":"2023-09-19T16:45:30","modified_gmt":"2023-09-19T20:45:30","slug":"sponsorship","status":"publish","type":"page","link":"https:\/\/cog.ca\/fr\/sponsorship\/","title":{"rendered":"Parrainage et publicit\u00e9"},"content":{"rendered":"\n<div class=\"wp-block-group alignfull has-theme-light-background-color has-background is-layout-constrained wp-block-group-is-layout-constrained\">\n<h2 class=\"wp-block-heading\">Opportunit\u00e9s de parrainage<\/h2>\n\n\n\n<hr class=\"wp-block-separator has-alpha-channel-opacity is-style-accent\"\/>\n\n\n\n<p>Canadian Organic Growers (COG), un organisme de bienfaisance national \u00e0 vocation \u00e9ducative cr\u00e9\u00e9 en 1988, envisage un syst\u00e8me alimentaire et agricole biologique r\u00e9g\u00e9n\u00e9rateur et r\u00e9silient dans tout le Canada. COG fait progresser le secteur agricole en offrant des programmes, des recherches, des activit\u00e9s de d\u00e9fense des int\u00e9r\u00eats, des formations \u00e0 la ferme et de nombreuses ressources pour guider les producteurs dans l&rsquo;adoption de pratiques de gestion optimales fond\u00e9es sur l&rsquo;\u00e9cologie. Nous sommes engag\u00e9s dans le travail politique et le d\u00e9veloppement de l&rsquo;industrie au niveau local, r\u00e9gional et national et nous offrons une voix aux agriculteurs biologiques et aux consommateurs aupr\u00e8s des gouvernements sur les questions li\u00e9es \u00e0 l&rsquo;alimentation et \u00e0 l&rsquo;agriculture. Le COG compte sur le soutien g\u00e9n\u00e9reux de ses commanditaires pour nous aider \u00e0 d\u00e9velopper, soutenir et prot\u00e9ger le secteur biologique r\u00e9g\u00e9n\u00e9rateur \u00e0 travers le Canada. Rejoignez le COG en tant que commanditaire et faites partie du mouvement !<\/p>\n\n\n\n<p><strong>Pour plus d&rsquo;informations sur les possibilit\u00e9s de parrainage avec le COG, veuillez contacter <a href=\"mailto:sponsorship@cog.ca\">sponsorship@cog.ca<\/a>.<\/strong><\/p>\n\n\n\n<h2 class=\"wp-block-heading\">COG National<\/h2>\n\n\n\n<p>En devenant un commanditaire du COG, vous contribuez \u00e0 la formation, aux ressources, \u00e0 la recherche et \u00e0 la d\u00e9fense des int\u00e9r\u00eats que le COG offre \u00e0 plus de 7 200 cultivateurs et producteurs biologiques canadiens. Il est \u00e9galement essentiel de soutenir la demande croissante de milliers de producteurs r\u00e9g\u00e9n\u00e9rateurs qui souhaitent adopter des pratiques de gestion optimales plus \u00e9cologiques et plus respectueuses du climat. <\/p>\n\n\n\n<div class=\"wp-block-buttons is-layout-flex wp-block-buttons-is-layout-flex\">\n<div class=\"wp-block-button is-style-fill\"><a class=\"wp-block-button__link has-inner-accent-background-color has-background wp-element-button\" href=\"https:\/\/cog.ca\/wp-content\/uploads\/2023\/09\/COG_National-Overview_2022.pdf\">En savoir plus<\/a><\/div>\n<\/div>\n<\/div>\n\n\n\n<div class=\"wp-block-group alignfull has-theme-grey-background-color has-background is-layout-constrained wp-block-group-is-layout-constrained\">\n<h2 class=\"wp-block-heading has-text-align-center is-style-h4\">Pour en savoir plus sur notre travail, veuillez regarder cette br\u00e8ve vid\u00e9o :<\/h2>\n\n\n\n<figure class=\"wp-block-embed is-type-video is-provider-youtube wp-block-embed-youtube wp-embed-aspect-16-9 wp-has-aspect-ratio\"><div class=\"wp-block-embed__wrapper\">\n<iframe loading=\"lazy\" title=\"COG Promotional Video (2 Mins)\" width=\"1778\" height=\"1000\" src=\"https:\/\/www.youtube.com\/embed\/oYPTUuoKUdg?feature=oembed\" frameborder=\"0\" allow=\"accelerometer; autoplay; clipboard-write; encrypted-media; gyroscope; picture-in-picture; web-share\" allowfullscreen><\/iframe>\n<\/div><\/figure>\n<\/div>\n\n\n\n<div class=\"wp-block-group alignfull is-layout-constrained wp-block-group-is-layout-constrained\">\n<h2 class=\"wp-block-heading\">Programmes<\/h2>\n\n\n\n<div class=\"wp-block-eup-blocks-cards alignwide cards--wrapper is-grid graphic-image orientation-horizontal alignment-left design-flat size-huge\"><div class=\"cards--inner\">\n<div class=\"wp-block-eup-blocks-card card--wrapper\"><div class=\"card-header\"><a class=\"card-image--wrapper\" href=\"https:\/\/cog.ca\/wp-content\/uploads\/2023\/09\/COG_ROO-Program_2022.pdf\"><img decoding=\"async\" class=\"card-image\" src=\"https:\/\/cog.ca\/wp-content\/uploads\/2023\/08\/Screen-Shot-2022-12-09-at-1.15.24-PM-scaled.jpg\" alt=\"\" data-id=\"512\"\/><\/a><div class=\"card-header--text\"><div class=\"card-title\"><a href=\"https:\/\/cog.ca\/wp-content\/uploads\/2023\/09\/COG_ROO-Program_2022.pdf\">Avoine biologique r\u00e9g\u00e9n\u00e9ratrice (ROO)<\/a><\/div><\/div><\/div><div class=\"card-content\"><div class=\"card-desc\">Le ROO de COG est une premi\u00e8re du genre au Canada pour soutenir la production d&rsquo;avoine biologique r\u00e9g\u00e9n\u00e9rative certifi\u00e9e et am\u00e9liorer la r\u00e9silience des fermes face aux changements climatiques. Le ROO aide actuellement les producteurs d&rsquo;avoine biologique des Prairies \u00e0 adapter les meilleures pratiques de gestion pour r\u00e9pondre aux exigences de la certification biologique r\u00e9g\u00e9n\u00e9rative.<\/div><div class=\"card-more\"><a href=\"https:\/\/cog.ca\/wp-content\/uploads\/2023\/09\/COG_ROO-Program_2022.pdf\">En savoir plus<\/a><\/div><\/div><\/div>\n\n\n\n<div class=\"wp-block-eup-blocks-card card--wrapper\"><div class=\"card-header\"><a class=\"card-image--wrapper\" href=\"https:\/\/cog.ca\/wp-content\/uploads\/2023\/09\/COG_CCT-Program_2022.pdf\"><img decoding=\"async\" class=\"card-image\" src=\"https:\/\/cog.ca\/wp-content\/uploads\/2023\/08\/Untitled-design-1.jpg\" alt=\"\" data-id=\"513\"\/><\/a><div class=\"card-header--text\"><div class=\"card-title\"><a href=\"https:\/\/cog.ca\/wp-content\/uploads\/2023\/09\/COG_CCT-Program_2022.pdf\"><strong>Formation sur les cultures de couverture (CCT)<\/strong><\/a><\/div><\/div><\/div><div class=\"card-content\"><div class=\"card-desc\">Un programme national de formation sur les cultures de couverture \u00e9labor\u00e9 par COG et dispens\u00e9 en partenariat avec Farmers for Climate Solutions et son programme FaRM. Le programme du COG peut \u00eatre adapt\u00e9 aux r\u00e9gions pour former les agriculteurs de tout le Canada. Vous souhaitez soutenir l&rsquo;expansion de la formation sur les cultures de couverture aux agriculteurs de tout le pays ?<\/div><div class=\"card-more\"><a href=\"https:\/\/cog.ca\/wp-content\/uploads\/2023\/09\/COG_CCT-Program_2022.pdf\">En savoir plus<\/a><\/div><\/div><\/div>\n\n\n\n<div class=\"wp-block-eup-blocks-card card--wrapper\"><div class=\"card-header\"><a class=\"card-image--wrapper\" href=\"https:\/\/cog.ca\/wp-content\/uploads\/2023\/09\/COG_CAP-Program_2022.pdf\"><img decoding=\"async\" class=\"card-image\" src=\"https:\/\/cog.ca\/wp-content\/uploads\/2023\/08\/1-1.png\" alt=\"\" data-id=\"516\"\/><\/a><div class=\"card-header--text\"><div class=\"card-title\"><a href=\"https:\/\/cog.ca\/wp-content\/uploads\/2023\/09\/COG_CAP-Program_2022.pdf\">Obstacles et solutions dans la cha\u00eene d&rsquo;approvisionnement des aliments biologiques au Canada<\/a><\/div><\/div><\/div><div class=\"card-content\"><div class=\"card-desc\">Le projet de recherche de 2,5 ans de COG qui a examin\u00e9 les obstacles syst\u00e9miques de la cha\u00eene d&rsquo;approvisionnement biologique dans six produits biologiques canadiens (b\u0153uf, carottes, bleuets, salades vertes, avoine et pois des champs). Notre recherche a class\u00e9 chaque obstacle en fonction de ces six fili\u00e8res de produits biologiques. Le CAP a examin\u00e9 l&rsquo;impact sur le march\u00e9 de chacun d&rsquo;eux et a identifi\u00e9 les leaders les plus qualifi\u00e9s pour mettre en \u0153uvre des mesures visant \u00e0 att\u00e9nuer ou \u00e0 \u00e9liminer chaque obstacle.<\/div><div class=\"card-more\"><a href=\"https:\/\/cog.ca\/wp-content\/uploads\/2023\/09\/COG_CAP-Program_2022.pdf\">En savoir plus<\/a><\/div><\/div><\/div>\n\n\n\n<div class=\"wp-block-eup-blocks-card card--wrapper\"><div class=\"card-header\"><a class=\"card-image--wrapper\" href=\"https:\/\/cog.ca\/wp-content\/uploads\/2023\/09\/COG_TFRO-Program_2022.pdf\"><img decoding=\"async\" class=\"card-image\" src=\"https:\/\/cog.ca\/wp-content\/uploads\/2023\/08\/2-1.png\" alt=\"\" data-id=\"517\"\/><\/a><div class=\"card-header--text\"><div class=\"card-title\"><a href=\"https:\/\/cog.ca\/wp-content\/uploads\/2023\/09\/COG_TFRO-Program_2022.pdf\">Transition des agriculteurs vers l&rsquo;agriculture biologique r\u00e9g\u00e9n\u00e9rative (TFRO)<\/a><\/div><\/div><\/div><div class=\"card-content\"><div class=\"card-desc\">S&rsquo;appuyant sur le succ\u00e8s de notre programme Growing Eastern Ontario Organically (GEOO), COG pr\u00e9voit de continuer \u00e0 fournir aux agriculteurs les comp\u00e9tences et les connaissances n\u00e9cessaires pour devenir plus r\u00e9silients face \u00e0 nos climats changeants et am\u00e9liorer la biodiversit\u00e9 locale. Vous souhaitez soutenir la r\u00e9silience climatique dans votre r\u00e9gion ?<\/div><div class=\"card-more\"><a href=\"https:\/\/cog.ca\/wp-content\/uploads\/2023\/09\/COG_TFRO-Program_2022.pdf\">En savoir plus<\/a><\/div><\/div><\/div>\n\n\n\n<div class=\"wp-block-eup-blocks-card card--wrapper\"><div class=\"card-header\"><a class=\"card-image--wrapper\" href=\"https:\/\/cog.ca\/wp-content\/uploads\/2023\/09\/COG_GUO-Program_2022.pdf\"><img decoding=\"async\" class=\"card-image\" src=\"https:\/\/cog.ca\/wp-content\/uploads\/2023\/08\/3-1.png\" alt=\"\" data-id=\"518\"\/><\/a><div class=\"card-header--text\"><div class=\"card-title\"><a href=\"https:\/\/cog.ca\/wp-content\/uploads\/2023\/09\/COG_GUO-Program_2022.pdf\">Growing Up Organic (GUO)<\/a><\/div><\/div><\/div><div class=\"card-content\"><div class=\"card-desc\">Notre programme pratique, bas\u00e9 sur les \u00e9coles et li\u00e9 au programme d&rsquo;\u00e9tudes, enseigne aux jeunes et aux enfants le jardinage biologique, la nutrition saine et les questions environnementales. Actuellement, GUO s&rsquo;associe \u00e0 des \u00e9coles individuelles pour cr\u00e9er des jardins potagers sur les terrains de l&rsquo;\u00e9cole comme base de l&rsquo;\u00e9ducation exp\u00e9rimentale \u00e0 tous les niveaux scolaires. Nous d\u00e9veloppons et offrons des ateliers sur le jardinage qui sont li\u00e9s au curriculum de l&rsquo;Ontario, mais nous souhaitons \u00e9tendre le programme \u00e0 d&rsquo;autres villes et provinces. Soutenez la prochaine g\u00e9n\u00e9ration de cultivateurs.<\/div><div class=\"card-more\"><a href=\"https:\/\/cog.ca\/wp-content\/uploads\/2023\/09\/COG_GUO-Program_2022.pdf\">En savoir plus<\/a><\/div><\/div><\/div>\n<\/div><\/div>\n<\/div>\n\n\n\n<div class=\"wp-block-group alignfull has-theme-grey-background-color has-background is-layout-constrained wp-block-group-is-layout-constrained\">\n<div class=\"wp-block-columns is-layout-flex wp-container-core-columns-is-layout-9d6595d7 wp-block-columns-is-layout-flex\">\n<div class=\"wp-block-column is-vertically-aligned-center is-layout-flow wp-block-column-is-layout-flow\" style=\"flex-basis:35%\">\n<figure class=\"wp-block-image alignfull size-large\"><img loading=\"lazy\" decoding=\"async\" width=\"856\" height=\"1024\" src=\"https:\/\/cog.ca\/wp-content\/uploads\/2023\/08\/Screen-Shot-2022-12-09-at-12.29.54-PM-856x1024.webp\" alt=\"\" class=\"wp-image-521\" srcset=\"https:\/\/cog.ca\/wp-content\/uploads\/2023\/08\/Screen-Shot-2022-12-09-at-12.29.54-PM-856x1024.webp 856w, https:\/\/cog.ca\/wp-content\/uploads\/2023\/08\/Screen-Shot-2022-12-09-at-12.29.54-PM-251x300.webp 251w, https:\/\/cog.ca\/wp-content\/uploads\/2023\/08\/Screen-Shot-2022-12-09-at-12.29.54-PM.webp 1040w\" sizes=\"auto, (max-width: 856px) 100vw, 856px\" \/><\/figure>\n<\/div>\n\n\n\n<div class=\"wp-block-column is-layout-flow wp-block-column-is-layout-flow\" style=\"flex-basis:65%\">\n<h2 class=\"wp-block-heading\">Mat\u00e9riel p\u00e9dagogique<\/h2>\n\n\n\n<p>Aidez COG \u00e0 d\u00e9velopper sa biblioth\u00e8que de ressources \u00e9ducatives. Le COG publie depuis plus de dix ans des manuels agricoles de r\u00e9f\u00e9rence et met r\u00e9guli\u00e8rement \u00e0 jour ses \u00e9ditions.<\/p>\n\n\n\n<p>COG propose \u00e9galement des cours sur une vari\u00e9t\u00e9 de sujets aux agriculteurs et aux cultivateurs de tout le pays. Le COG recherche actuellement des sponsors pour soutenir le d\u00e9veloppement d&rsquo;un cours de formation sur les cultures de couverture destin\u00e9 aux professionnels.<\/p>\n\n\n\n<div class=\"wp-block-buttons is-layout-flex wp-block-buttons-is-layout-flex\">\n<div class=\"wp-block-button\"><a class=\"wp-block-button__link has-inner-accent-background-color has-background wp-element-button\" href=\"https:\/\/cog-shop.myshopify.com\/collections\/all-publications\">Publications<\/a><\/div>\n<\/div>\n<\/div>\n<\/div>\n<\/div>\n\n\n\n<div class=\"wp-block-group alignfull is-layout-constrained wp-block-group-is-layout-constrained\">\n<h2 class=\"wp-block-heading has-text-align-center\">Sponsors actuels<\/h2>\n\n\n\n<hr class=\"wp-block-separator has-alpha-channel-opacity is-style-accent-center\"\/>\n\n\n\n<figure class=\"wp-block-gallery alignwide has-nested-images columns-3 is-cropped is-style-logo-rotate wp-block-gallery-1 is-layout-flex wp-block-gallery-is-layout-flex\">\n<figure class=\"wp-block-image size-large\"><img loading=\"lazy\" decoding=\"async\" width=\"166\" height=\"127\" data-id=\"116\" src=\"https:\/\/cog.ca\/wp-content\/uploads\/2023\/08\/image-2.png\" alt=\"\" class=\"wp-image-116\"\/><\/figure>\n\n\n\n<figure class=\"wp-block-image size-large\"><img loading=\"lazy\" decoding=\"async\" width=\"191\" height=\"71\" data-id=\"117\" src=\"https:\/\/cog.ca\/wp-content\/uploads\/2023\/08\/image-3.png\" alt=\"\" class=\"wp-image-117\"\/><\/figure>\n\n\n\n<figure class=\"wp-block-image size-large\"><img loading=\"lazy\" decoding=\"async\" width=\"191\" height=\"67\" data-id=\"118\" src=\"https:\/\/cog.ca\/wp-content\/uploads\/2023\/08\/image-4.png\" alt=\"\" class=\"wp-image-118\"\/><\/figure>\n\n\n\n<figure class=\"wp-block-image size-large\"><img loading=\"lazy\" decoding=\"async\" width=\"184\" height=\"113\" data-id=\"119\" src=\"https:\/\/cog.ca\/wp-content\/uploads\/2023\/08\/image-5.png\" alt=\"\" class=\"wp-image-119\"\/><\/figure>\n<\/figure>\n<\/div>\n\n\n\n<div class=\"wp-block-group alignfull has-theme-grey-background-color has-background is-layout-constrained wp-block-group-is-layout-constrained\">\n<h2 class=\"wp-block-heading\">Opportunit\u00e9s de publicit\u00e9<\/h2>\n\n\n\n<hr class=\"wp-block-separator has-alpha-channel-opacity is-style-accent\"\/>\n\n\n\n<p>Faites de la publicit\u00e9 avec l&rsquo;organisation nationale des agriculteurs biologiques r\u00e9g\u00e9n\u00e9rateurs et des consommateurs du Canada. Le COG offre une gamme compl\u00e8te de possibilit\u00e9s de publicit\u00e9 num\u00e9rique \u00e0 notre vaste public national en pleine croissance. Pour obtenir des informations d\u00e9taill\u00e9es sur ces possibilit\u00e9s, t\u00e9l\u00e9chargez notre kit de publicit\u00e9 en cliquant sur le bouton ci-dessous.<\/p>\n\n\n\n<p>Si vous avez des questions sur l&rsquo;une des informations contenues dans le kit, ou si vous souhaitez profiter de l&rsquo;une de ces opportunit\u00e9s publicitaires, n&rsquo;h\u00e9sitez pas \u00e0 nous contacter. Pour toute demande de publicit\u00e9, veuillez contacter ads@cog.ca (toutes les demandes de publicit\u00e9 sont soumises \u00e0 une approbation interne).<\/p>\n\n\n\n<div class=\"wp-block-eup-blocks-cards alignwide cards--wrapper is-grid graphic-icon orientation-vertical alignment-center design-border size-medium\"><div class=\"cards--inner\">\n<div class=\"wp-block-eup-blocks-card card--wrapper\"><div class=\"card-header\"><div class=\"card-image--wrapper\"><img decoding=\"async\" class=\"card-image\" src=\"https:\/\/cog.ca\/wp-content\/uploads\/2023\/08\/DarkGreen_Computer.webp\" alt=\"\" data-id=\"757\"\/><\/div><div class=\"card-header--text\"><div class=\"card-title\">Site web<\/div><\/div><\/div><div class=\"card-content\"><div class=\"card-desc\">2.6K-2.7K+ Visiteurs mensuels<br>Annonces continues de Google dirig\u00e9es vers cog.ca<\/div><\/div><\/div>\n\n\n\n<div class=\"wp-block-eup-blocks-card card--wrapper\"><div class=\"card-header\"><div class=\"card-image--wrapper\"><img decoding=\"async\" class=\"card-image\" src=\"https:\/\/cog.ca\/wp-content\/uploads\/2023\/08\/DarkGreen_Newsletter.webp\" alt=\"\" data-id=\"759\"\/><\/div><div class=\"card-header--text\"><div class=\"card-title\">Bulletin d&rsquo;information<\/div><\/div><\/div><div class=\"card-content\"><div class=\"card-desc\">Plus de 10 000 abonn\u00e9s<br>26 bulletins d&rsquo;information sur les r\u00e9coltes envoy\u00e9s chaque ann\u00e9e<\/div><\/div><\/div>\n\n\n\n<div class=\"wp-block-eup-blocks-card card--wrapper\"><div class=\"card-header\"><div class=\"card-image--wrapper\"><img decoding=\"async\" class=\"card-image\" src=\"https:\/\/cog.ca\/wp-content\/uploads\/2023\/08\/DarkGreen_SocialMedia.webp\" alt=\"\" data-id=\"761\"\/><\/div><div class=\"card-header--text\"><div class=\"card-title\">Social Media<\/div><\/div><\/div><div class=\"card-content\"><div class=\"card-desc\">25,600+ Followers on 5 Platforms<\/div><\/div><\/div>\n<\/div><\/div>\n\n\n\n<div class=\"wp-block-buttons is-content-justification-center is-layout-flex wp-container-core-buttons-is-layout-16018d1d wp-block-buttons-is-layout-flex\">\n<div class=\"wp-block-button\"><a class=\"wp-block-button__link has-inner-accent-background-color has-background wp-element-button\" href=\"https:\/\/cog.ca\/wp-content\/uploads\/2023\/08\/Ad-Rates-2022-2023.pdf\">En savoir plus<\/a><\/div>\n<\/div>\n<\/div>\n","protected":false},"excerpt":{"rendered":"<p>Opportunit\u00e9s de parrainage Canadian Organic Growers (COG), un organisme de bienfaisance national \u00e0 vocation \u00e9ducative cr\u00e9\u00e9 en 1988, envisage un syst\u00e8me alimentaire et agricole biologique r\u00e9g\u00e9n\u00e9rateur et r\u00e9silient dans tout le Canada. COG fait progresser le secteur agricole en offrant des programmes, des recherches, des activit\u00e9s de d\u00e9fense des int\u00e9r\u00eats, des formations \u00e0 la ferme [&hellip;]<\/p>\n","protected":false},"author":1,"featured_media":0,"parent":0,"menu_order":417,"comment_status":"closed","ping_status":"closed","template":"","meta":{"inline_featured_image":false,"footnotes":""},"class_list":["post-2623","page","type-page","status-publish","hentry"],"better_featured_image":null,"acf":[],"yoast_head":"<!-- This site is optimized with the Yoast SEO plugin v21.2 - https:\/\/yoast.com\/wordpress\/plugins\/seo\/ -->\n<title>Parrainage et publicit\u00e9 - Cultivons Biologique Canada<\/title>\n<meta name=\"robots\" content=\"index, follow, max-snippet:-1, max-image-preview:large, max-video-preview:-1\" \/>\n<link rel=\"canonical\" href=\"https:\/\/cog.ca\/fr\/sponsorship\/\" \/>\n<meta property=\"og:locale\" content=\"fr_FR\" \/>\n<meta property=\"og:type\" content=\"article\" \/>\n<meta property=\"og:title\" content=\"Parrainage et publicit\u00e9 - Cultivons Biologique Canada\" \/>\n<meta property=\"og:description\" content=\"Opportunit\u00e9s de parrainage Canadian Organic Growers (COG), un organisme de bienfaisance national \u00e0 vocation \u00e9ducative cr\u00e9\u00e9 en 1988, envisage un syst\u00e8me alimentaire et agricole biologique r\u00e9g\u00e9n\u00e9rateur et r\u00e9silient dans tout le Canada. COG fait progresser le secteur agricole en offrant des programmes, des recherches, des activit\u00e9s de d\u00e9fense des int\u00e9r\u00eats, des formations \u00e0 la ferme [&hellip;]\" \/>\n<meta property=\"og:url\" content=\"https:\/\/cog.ca\/fr\/sponsorship\/\" \/>\n<meta property=\"og:site_name\" content=\"Cultivons Biologique Canada\" \/>\n<meta property=\"article:modified_time\" content=\"2023-09-19T20:45:30+00:00\" \/>\n<meta property=\"og:image\" content=\"https:\/\/cog.ca\/wp-content\/uploads\/2023\/08\/Screen-Shot-2022-12-09-at-1.15.24-PM-scaled.jpg\" \/>\n<meta name=\"twitter:card\" content=\"summary_large_image\" \/>\n<meta name=\"twitter:label1\" content=\"Dur\u00e9e de lecture estim\u00e9e\" \/>\n\t<meta name=\"twitter:data1\" content=\"7 minutes\" \/>\n<script type=\"application\/ld+json\" class=\"yoast-schema-graph\">{\"@context\":\"https:\/\/schema.org\",\"@graph\":[{\"@type\":\"WebPage\",\"@id\":\"https:\/\/cog.ca\/fr\/sponsorship\/\",\"url\":\"https:\/\/cog.ca\/fr\/sponsorship\/\",\"name\":\"Parrainage et publicit\u00e9 - Cultivons Biologique Canada\",\"isPartOf\":{\"@id\":\"https:\/\/cog.ca\/#website\"},\"datePublished\":\"2023-08-03T21:01:26+00:00\",\"dateModified\":\"2023-09-19T20:45:30+00:00\",\"breadcrumb\":{\"@id\":\"https:\/\/cog.ca\/fr\/sponsorship\/#breadcrumb\"},\"inLanguage\":\"fr-FR\",\"potentialAction\":[{\"@type\":\"ReadAction\",\"target\":[\"https:\/\/cog.ca\/fr\/sponsorship\/\"]}]},{\"@type\":\"BreadcrumbList\",\"@id\":\"https:\/\/cog.ca\/fr\/sponsorship\/#breadcrumb\",\"itemListElement\":[{\"@type\":\"ListItem\",\"position\":1,\"name\":\"Home\",\"item\":\"https:\/\/cog.ca\/fr\/\"},{\"@type\":\"ListItem\",\"position\":2,\"name\":\"Parrainage et publicit\u00e9\"}]},{\"@type\":\"WebSite\",\"@id\":\"https:\/\/cog.ca\/#website\",\"url\":\"https:\/\/cog.ca\/\",\"name\":\"Cultivons Biologique Canada\",\"description\":\"\",\"publisher\":{\"@id\":\"https:\/\/cog.ca\/#organization\"},\"potentialAction\":[{\"@type\":\"SearchAction\",\"target\":{\"@type\":\"EntryPoint\",\"urlTemplate\":\"https:\/\/cog.ca\/?s={search_term_string}\"},\"query-input\":\"required name=search_term_string\"}],\"inLanguage\":\"fr-FR\"},{\"@type\":\"Organization\",\"@id\":\"https:\/\/cog.ca\/#organization\",\"name\":\"Canadian Organic Growers\",\"url\":\"https:\/\/cog.ca\/\",\"logo\":{\"@type\":\"ImageObject\",\"inLanguage\":\"fr-FR\",\"@id\":\"https:\/\/cog.ca\/#\/schema\/logo\/image\/\",\"url\":\"https:\/\/cog.ca\/wp-content\/uploads\/2023\/07\/COG_WhiteLogo_Transparent-1.png\",\"contentUrl\":\"https:\/\/cog.ca\/wp-content\/uploads\/2023\/07\/COG_WhiteLogo_Transparent-1.png\",\"width\":208,\"height\":110,\"caption\":\"Canadian Organic Growers\"},\"image\":{\"@id\":\"https:\/\/cog.ca\/#\/schema\/logo\/image\/\"}}]}<\/script>\n<!-- \/ Yoast SEO plugin. -->","yoast_head_json":{"title":"Parrainage et publicit\u00e9 - Cultivons Biologique Canada","robots":{"index":"index","follow":"follow","max-snippet":"max-snippet:-1","max-image-preview":"max-image-preview:large","max-video-preview":"max-video-preview:-1"},"canonical":"https:\/\/cog.ca\/fr\/sponsorship\/","og_locale":"fr_FR","og_type":"article","og_title":"Parrainage et publicit\u00e9 - Cultivons Biologique Canada","og_description":"Opportunit\u00e9s de parrainage Canadian Organic Growers (COG), un organisme de bienfaisance national \u00e0 vocation \u00e9ducative cr\u00e9\u00e9 en 1988, envisage un syst\u00e8me alimentaire et agricole biologique r\u00e9g\u00e9n\u00e9rateur et r\u00e9silient dans tout le Canada. COG fait progresser le secteur agricole en offrant des programmes, des recherches, des activit\u00e9s de d\u00e9fense des int\u00e9r\u00eats, des formations \u00e0 la ferme [&hellip;]","og_url":"https:\/\/cog.ca\/fr\/sponsorship\/","og_site_name":"Cultivons Biologique Canada","article_modified_time":"2023-09-19T20:45:30+00:00","og_image":[{"url":"https:\/\/cog.ca\/wp-content\/uploads\/2023\/08\/Screen-Shot-2022-12-09-at-1.15.24-PM-scaled.jpg"}],"twitter_card":"summary_large_image","twitter_misc":{"Dur\u00e9e de lecture estim\u00e9e":"7 minutes"},"schema":{"@context":"https:\/\/schema.org","@graph":[{"@type":"WebPage","@id":"https:\/\/cog.ca\/fr\/sponsorship\/","url":"https:\/\/cog.ca\/fr\/sponsorship\/","name":"Parrainage et publicit\u00e9 - Cultivons Biologique Canada","isPartOf":{"@id":"https:\/\/cog.ca\/#website"},"datePublished":"2023-08-03T21:01:26+00:00","dateModified":"2023-09-19T20:45:30+00:00","breadcrumb":{"@id":"https:\/\/cog.ca\/fr\/sponsorship\/#breadcrumb"},"inLanguage":"fr-FR","potentialAction":[{"@type":"ReadAction","target":["https:\/\/cog.ca\/fr\/sponsorship\/"]}]},{"@type":"BreadcrumbList","@id":"https:\/\/cog.ca\/fr\/sponsorship\/#breadcrumb","itemListElement":[{"@type":"ListItem","position":1,"name":"Home","item":"https:\/\/cog.ca\/fr\/"},{"@type":"ListItem","position":2,"name":"Parrainage et publicit\u00e9"}]},{"@type":"WebSite","@id":"https:\/\/cog.ca\/#website","url":"https:\/\/cog.ca\/","name":"Cultivons Biologique Canada","description":"","publisher":{"@id":"https:\/\/cog.ca\/#organization"},"potentialAction":[{"@type":"SearchAction","target":{"@type":"EntryPoint","urlTemplate":"https:\/\/cog.ca\/?s={search_term_string}"},"query-input":"required name=search_term_string"}],"inLanguage":"fr-FR"},{"@type":"Organization","@id":"https:\/\/cog.ca\/#organization","name":"Canadian Organic Growers","url":"https:\/\/cog.ca\/","logo":{"@type":"ImageObject","inLanguage":"fr-FR","@id":"https:\/\/cog.ca\/#\/schema\/logo\/image\/","url":"https:\/\/cog.ca\/wp-content\/uploads\/2023\/07\/COG_WhiteLogo_Transparent-1.png","contentUrl":"https:\/\/cog.ca\/wp-content\/uploads\/2023\/07\/COG_WhiteLogo_Transparent-1.png","width":208,"height":110,"caption":"Canadian Organic Growers"},"image":{"@id":"https:\/\/cog.ca\/#\/schema\/logo\/image\/"}}]}},"_links":{"self":[{"href":"https:\/\/cog.ca\/fr\/wp-json\/wp\/v2\/pages\/2623","targetHints":{"allow":["GET"]}}],"collection":[{"href":"https:\/\/cog.ca\/fr\/wp-json\/wp\/v2\/pages"}],"about":[{"href":"https:\/\/cog.ca\/fr\/wp-json\/wp\/v2\/types\/page"}],"author":[{"embeddable":true,"href":"https:\/\/cog.ca\/fr\/wp-json\/wp\/v2\/users\/1"}],"replies":[{"embeddable":true,"href":"https:\/\/cog.ca\/fr\/wp-json\/wp\/v2\/comments?post=2623"}],"version-history":[{"count":13,"href":"https:\/\/cog.ca\/fr\/wp-json\/wp\/v2\/pages\/2623\/revisions"}],"predecessor-version":[{"id":3037,"href":"https:\/\/cog.ca\/fr\/wp-json\/wp\/v2\/pages\/2623\/revisions\/3037"}],"wp:attachment":[{"href":"https:\/\/cog.ca\/fr\/wp-json\/wp\/v2\/media?parent=2623"}],"curies":[{"name":"wp","href":"https:\/\/api.w.org\/{rel}","templated":true}]}}