{"id":2536,"date":"2023-08-04T13:38:38","date_gmt":"2023-08-04T17:38:38","guid":{"rendered":"https:\/\/cog-01.eproofs.ca\/?page_id=2536"},"modified":"2023-09-18T15:34:20","modified_gmt":"2023-09-18T19:34:20","slug":"work-for-us","status":"publish","type":"page","link":"https:\/\/cog.ca\/fr\/work-for-us\/","title":{"rendered":"Travail pour nous"},"content":{"rendered":"\n<div class=\"wp-block-group alignfull has-theme-light-background-color has-background is-layout-constrained wp-block-group-is-layout-constrained\">\n<h2 class=\"wp-block-heading\">Occasions d&#8217;emploi<\/h2>\n\n\n\n<hr class=\"wp-block-separator has-alpha-channel-opacity is-style-accent\"\/>\n\n\n\n<p>Vous cherchez un nouveau d\u00e9fi dans le secteur du bio? Vous aimeriez travailler pour COG? Nous avons parfois des postes ouverts pour des professionnels \u00e0 tous les stades de leur carri\u00e8re. Consultez ci-dessous les perspectives d&#8217;emploi actuelles. Nous publions aussi occasionnellement les offres d&#8217;emploi de nos organismes partenaires.<\/p>\n\n\n\n<div class=\"wp-block-eup-blocks-accordion\"><div class=\"eup-folded-content accordion\" data-aria-accordion=\"\"><\/div><\/div>\n<\/div>\n\n\n\n<div class=\"wp-block-group alignfull has-theme-grey-background-color has-background is-layout-constrained wp-block-group-is-layout-constrained\">\n<h2 class=\"wp-block-heading\">Ouvertures pr\u00e9c\u00e9dentes<\/h2>\n\n\n\n<hr class=\"wp-block-separator has-alpha-channel-opacity is-style-accent\"\/>\n\n\n\n<div class=\"wp-block-eup-blocks-accordion\"><div class=\"eup-folded-content accordion\" data-aria-accordion=\"\">\n<div class=\"wp-block-eup-blocks-fold-item eup-fold-toggle\" data-fold-toggle=\"\">Director Of Policy And Research<\/div><div class=\"eup-fold-panel\" data-fold-content=\"\">\n<p>The Director of Policy and Research will develop, implement, and oversee all aspects of Canadian Organic Growers\u2019 policy and research programming and activities in alignment with the organization\u2019s strategic objectives. The Director will manage policy analysis, conduct policy research, write policy briefs and reports, develop and maintain relationships with key stakeholders, and represent the organization at external meetings and events. They will also assist with some technical aspects of programming and provide guidance and expertise for successful grant and proposal writing.<\/p>\n\n\n\n<div class=\"wp-block-buttons is-layout-flex wp-block-buttons-is-layout-flex\">\n<div class=\"wp-block-button\"><a class=\"wp-block-button__link has-inner-accent-background-color has-background wp-element-button\" href=\"https:\/\/cog.ca\/wp-content\/uploads\/2023\/08\/COG_JD_Executive-Director_2023_FINAL.docx.pdf\">T\u00e9l\u00e9chargez l&rsquo;offre d&#8217;emploi<\/a><\/div>\n<\/div>\n<\/div>\n\n\n\n<div class=\"wp-block-eup-blocks-fold-item eup-fold-toggle\" data-fold-toggle=\"\">Executive Director<\/div><div class=\"eup-fold-panel\" data-fold-content=\"\">\n<p>\u00c0 une \u00e9poque o\u00f9 le secteur biologique et agricole conna\u00eet des changements sans pr\u00e9c\u00e9dent, le COG est \u00e0 la recherche d&rsquo;un directeur g\u00e9n\u00e9ral dynamique et passionn\u00e9 qui conna\u00eet le secteur biologique ou d&rsquo;autres secteurs environnementaux et qui poss\u00e8de les comp\u00e9tences pratiques n\u00e9cessaires pour aider \u00e0 diriger une organisation nationale engag\u00e9e dans un large \u00e9ventail de programmes pratiques fond\u00e9s sur des projets et d&rsquo;activit\u00e9s de d\u00e9fense des int\u00e9r\u00eats. Les candidats retenus aideront \u00e0 diriger et \u00e0 renforcer une \u00e9quipe d&#8217;employ\u00e9s d\u00e9vou\u00e9s et professionnels qui cherchent \u00e0 promouvoir, \u00e0 d\u00e9velopper et \u00e0 soutenir le secteur biologique du Canada. Une connaissance approfondie de la mise en \u0153uvre de programmes, de l&rsquo;administration d&rsquo;organismes \u00e0 but non lucratif, de la gestion financi\u00e8re et de l&rsquo;\u00e9tablissement de rapports est souhait\u00e9e.<\/p>\n\n\n\n<div class=\"wp-block-buttons is-layout-flex wp-block-buttons-is-layout-flex\">\n<div class=\"wp-block-button\"><a class=\"wp-block-button__link has-inner-accent-background-color has-background wp-element-button\" href=\"https:\/\/cog.ca\/wp-content\/uploads\/2023\/08\/COG_JD_Executive-Director_2023_FINAL.docx.pdf\">T\u00e9l\u00e9chargez l&rsquo;offre d&#8217;emploi<\/a><\/div>\n<\/div>\n<\/div>\n\n\n\n<div class=\"wp-block-eup-blocks-fold-item eup-fold-toggle\" data-fold-toggle=\"\">Responsable marketing et communication<\/div><div class=\"eup-fold-panel\" data-fold-content=\"\">\n<p>Nous sommes \u00e0 la recherche d&rsquo;une personne&nbsp;passionn\u00e9(e) et d\u00e9termin\u00e9(e) \u00e0 rejoindre notre \u00e9quipe au COG.&nbsp;En tant que visionnaire av\u00e9r\u00e9 en mati\u00e8re de communication et de marketing et en tant que collaborateur solide de l&rsquo;\u00e9quipe, le&nbsp;Gestionnaire du marketing et des communications&nbsp;g\u00e9rera un projet et une campagne nationale de marketing d&rsquo;une dur\u00e9e d&rsquo;un an ax\u00e9s sur les consommateurs canadiens.&nbsp;Le gestionnaire du marketing et des communications g\u00e9rera et soutiendra le d\u00e9veloppement de contenu destin\u00e9 au public ainsi que l&rsquo;ex\u00e9cution de campagnes de marketing et d&rsquo;\u00e9v\u00e9nements par le biais de m\u00e9dias num\u00e9riques et traditionnels. Il est imp\u00e9ratif d&rsquo;avoir une passion pour la sensibilisation \u00e0 la marque et un sens aigu de la conception pour exceller au sein de notre \u00e9quipe gagnante.<\/p>\n\n\n\n<p>Ce poste restera ouvert jusqu&rsquo;\u00e0 ce qu&rsquo;un candidat appropri\u00e9 soit embauch\u00e9.<\/p>\n\n\n\n<div class=\"wp-block-buttons is-layout-flex wp-block-buttons-is-layout-flex\">\n<div class=\"wp-block-button\"><a class=\"wp-block-button__link has-inner-accent-background-color has-background wp-element-button\" href=\"https:\/\/cog.ca\/wp-content\/uploads\/2023\/08\/COG_MARKETING-COMMUNICATIONS-MANAGER_2023.pdf\">T\u00e9l\u00e9chargez l&rsquo;offre d&#8217;emploi<\/a><\/div>\n<\/div>\n<\/div>\n\n\n\n<div class=\"wp-block-eup-blocks-fold-item eup-fold-toggle\" data-fold-toggle=\"\">Gestionnaire de programme CCT<\/div><div class=\"eup-fold-panel\" data-fold-content=\"\">\n<p>Nous sommes \u00e0 la recherche d&rsquo;une personne passionn\u00e9e et d\u00e9termin\u00e9e pour se joindre \u00e0 l&rsquo;\u00e9quipe de Canadian Organic Growers (COG). En tant que gestionnaire de projet ayant fait ses preuves, le gestionnaire de programme (gestionnaire) g\u00e9rera et mettra en \u0153uvre les am\u00e9liorations apport\u00e9es au programme de formation sur les cultures de couverture (CCT) de COG. Le gestionnaire g\u00e9rera \u00e9galement les relations avec les parties prenantes li\u00e9es au programme et \u00e0 la formation des producteurs agricoles.<\/p>\n\n\n\n<p>Le CCT fait partie d&rsquo;un programme national plus vaste intitul\u00e9 \u00ab\u00a0Farm Resilience Mentorship Program\u00a0\u00bb (FaRM), g\u00e9r\u00e9 par Farmers for Climate Solutions (FCS). Le programme FaRM vise \u00e0 former 10 000 agriculteurs \u00e0 la culture de couverture par le biais d&rsquo;une approche de pair \u00e0 pair. Le COG et le responsable du programme sont charg\u00e9s d&rsquo;am\u00e9liorer le programme, de former les agriculteurs mentors deux fois par an et de participer \u00e0 deux sessions de retour d&rsquo;information par an.<\/p>\n\n\n\n<p>Ce poste restera ouvert jusqu&rsquo;\u00e0 ce qu&rsquo;un candidat appropri\u00e9 soit embauch\u00e9.<\/p>\n\n\n\n<div class=\"wp-block-buttons is-layout-flex wp-block-buttons-is-layout-flex\">\n<div class=\"wp-block-button\"><a class=\"wp-block-button__link has-inner-accent-background-color has-background wp-element-button\" href=\"https:\/\/cog.ca\/wp-content\/uploads\/2023\/08\/COG_JD_CCT_Program-Manager_-March-2023.pdf\">T\u00e9l\u00e9chargez l&rsquo;offre d&#8217;emploi<\/a><\/div>\n<\/div>\n<\/div>\n\n\n\n<div class=\"wp-block-eup-blocks-fold-item eup-fold-toggle\" data-fold-toggle=\"\">Responsable de programme<\/div><div class=\"eup-fold-panel\" data-fold-content=\"\">\n<p>Canadian Organic Growers est secherche une&nbsp;passionn\u00e9(e) et qualifi\u00e9(e) pour se joindre \u00e0 notre \u00e9quipe dynamique \u00e0 COG dans le r\u00f4le de gestionnaire de programme.&nbsp;En tant que solide collaborateur de l&rsquo;\u00e9quipe, le&nbsp;gestionnaire de programme (le gestionnaire) dirigera et soutiendra la programmation de COG, la priorit\u00e9 \u00e9tant actuellement accord\u00e9e \u00e0 un programme \u00e9tabli appel\u00e9 \u00a0\u00bb Regenerative Organic Oats \u00a0\u00bb (ROO).&nbsp;<a href=\"https:\/\/cog.ca\/fr\/regenerative-organic-oats\/\">Avoine biologique r\u00e9g\u00e9n\u00e9ratrice (ROO)<\/a>.<\/p>\n\n\n\n<p>Le programme ROO implique que le gestionnaire travaille directement avec les producteurs d&rsquo;avoine pour am\u00e9liorer la cha\u00eene d&rsquo;approvisionnement en avoine biologique r\u00e9g\u00e9n\u00e9rative du Canada et, en fin de compte, rendre les cultures plus r\u00e9sistantes aux effets du changement climatique. Les principaux objectifs du programme sont les suivants : offrir de l&rsquo;\u00e9ducation et du soutien aux producteurs d&rsquo;avoine biologique ; accro\u00eetre l&rsquo;utilisation de pratiques biologiques ; am\u00e9liorer l&rsquo;approvisionnement en avoine certifi\u00e9e biologique ; enrichir les services \u00e9cosyst\u00e9miques ; am\u00e9liorer la qualit\u00e9 de l&rsquo;eau et de l&rsquo;air ; et att\u00e9nuer les changements climatiques. Il y aura jusqu&rsquo;\u00e0 treize producteurs engag\u00e9s dans le programme en 2023.<\/p>\n\n\n\n<p>Ce poste restera ouvert jusqu&rsquo;\u00e0 ce qu&rsquo;il soit pourvu.<\/p>\n\n\n\n<div class=\"wp-block-buttons is-layout-flex wp-block-buttons-is-layout-flex\">\n<div class=\"wp-block-button\"><a class=\"wp-block-button__link has-inner-accent-background-color has-background wp-element-button\" href=\"https:\/\/cog.ca\/wp-content\/uploads\/2023\/08\/COG_Program-Manager-Job-Call_Dec2022.pdf\">T\u00e9l\u00e9chargez l&rsquo;offre d&#8217;emploi<\/a><\/div>\n<\/div>\n<\/div>\n\n\n\n<div class=\"wp-block-eup-blocks-fold-item eup-fold-toggle\" data-fold-toggle=\"\">Animateur d&rsquo;atelier<\/div><div class=\"eup-fold-panel\" data-fold-content=\"\">\n<p>Canadian Organic Growers est \u00e0 la recherche d&rsquo;un animateur d&rsquo;atelier pour mettre en \u0153uvre le programme d&rsquo;\u00e9ducation sur le jardinage Growing Up Organic dans la ville d&rsquo;Ottawa.<\/p>\n\n\n\n<p>Growing Up Organic (GUO) s&rsquo;associe \u00e0 des \u00e9coles pour \u00e9tablir des programmes de jardins comestibles en tant qu&rsquo;outils d&rsquo;\u00e9ducation exp\u00e9rimentale pour tous les niveaux scolaires. Nous fournissons aux \u00e9ducateurs le soutien et les ressources de base pour lancer des initiatives de jardinage en toute confiance, ainsi qu&rsquo;un mod\u00e8le pour int\u00e9grer l&rsquo;\u00e9ducation alimentaire pratique dans leur p\u00e9dagogie. Nos ateliers sur le jardinage sont dispens\u00e9s sur place, dans les jardins scolaires, et se concentrent sur les impacts environnementaux de nos choix alimentaires. En mettant l&rsquo;accent sur l&rsquo;\u00e9ducation, nous esp\u00e9rons favoriser l&rsquo;\u00e9mergence d&rsquo;une g\u00e9n\u00e9ration d&rsquo;enfants et de jeunes ayant une meilleure connaissance des aliments, des habitudes alimentaires saines, des comp\u00e9tences alimentaires accrues et une compr\u00e9hension des questions de sant\u00e9 environnementale. GUO fonctionne sous l&rsquo;\u00e9gide du Canadian Organic Growers National (COGN) et de la section Ottawa &#8211; Saint-Laurent &#8211; Outaouais (COG OSO).<\/p>\n\n\n\n<p>Ce poste restera ouvert jusqu&rsquo;\u00e0 ce qu&rsquo;il soit pourvu.<\/p>\n\n\n\n<div class=\"wp-block-buttons is-layout-flex wp-block-buttons-is-layout-flex\">\n<div class=\"wp-block-button\"><a class=\"wp-block-button__link has-inner-accent-background-color has-background wp-element-button\" href=\"https:\/\/cog.ca\/wp-content\/uploads\/2023\/08\/COG_GUO_WorkshopFacilitator_September_2022_FINAL.pdf\">T\u00e9l\u00e9chargez l&rsquo;offre d&#8217;emploi<\/a><\/div>\n<\/div>\n<\/div>\n\n\n\n<div class=\"wp-block-eup-blocks-fold-item eup-fold-toggle\" data-fold-toggle=\"\">Animateur d&rsquo;atelier<\/div><div class=\"eup-fold-panel\" data-fold-content=\"\">\n<p>Canadian Organic Growers est \u00e0 la recherche d&rsquo;un animateur d&rsquo;atelier pour mettre en \u0153uvre le programme d&rsquo;\u00e9ducation sur le jardinage Growing Up Organic dans la ville d&rsquo;Ottawa.<\/p>\n\n\n\n<p>Growing Up Organic (GUO) s&rsquo;associe \u00e0 des \u00e9coles pour \u00e9tablir des programmes de jardins comestibles en tant qu&rsquo;outils d&rsquo;\u00e9ducation exp\u00e9rimentale pour tous les niveaux scolaires. Nous fournissons aux \u00e9ducateurs le soutien et les ressources de base pour lancer des initiatives de jardinage en toute confiance, ainsi qu&rsquo;un mod\u00e8le pour int\u00e9grer l&rsquo;\u00e9ducation alimentaire pratique dans leur p\u00e9dagogie. Nos ateliers sur le jardinage sont dispens\u00e9s sur place, dans les jardins scolaires, et se concentrent sur les impacts environnementaux de nos choix alimentaires. En mettant l&rsquo;accent sur l&rsquo;\u00e9ducation, nous esp\u00e9rons favoriser l&rsquo;\u00e9mergence d&rsquo;une g\u00e9n\u00e9ration d&rsquo;enfants et de jeunes ayant une meilleure connaissance des aliments, des habitudes alimentaires saines, des comp\u00e9tences alimentaires accrues et une compr\u00e9hension des questions de sant\u00e9 environnementale. GUO fonctionne sous l&rsquo;\u00e9gide du Canadian Organic Growers National (COGN) et de la section Ottawa &#8211; Saint-Laurent &#8211; Outaouais (COG OSO).<\/p>\n\n\n\n<p>Ce poste restera ouvert jusqu&rsquo;\u00e0 ce qu&rsquo;il soit pourvu.<\/p>\n\n\n\n<div class=\"wp-block-buttons is-layout-flex wp-block-buttons-is-layout-flex\">\n<div class=\"wp-block-button\"><a class=\"wp-block-button__link has-inner-accent-background-color has-background wp-element-button\" href=\"https:\/\/cog.ca\/wp-content\/uploads\/2023\/08\/COG_GUO_WorkshopFacilitator_September_2022_FINAL.pdf\">T\u00e9l\u00e9chargez l&rsquo;offre d&#8217;emploi<\/a><\/div>\n<\/div>\n<\/div>\n\n\n\n<div class=\"wp-block-eup-blocks-fold-item eup-fold-toggle\" data-fold-toggle=\"\">Demande de proposition &#8211; Consultant<\/div><div class=\"eup-fold-panel\" data-fold-content=\"\">\n<p><strong>Demande de proposition<\/strong><\/p>\n\n\n\n<p><strong>Cr\u00e9ation d&rsquo;une structure de financement permanente pour soutenir la croissance de l&rsquo;industrie biologique canadienne.<\/strong><\/p>\n\n\n\n<p>Afin d&rsquo;assurer la croissance du secteur biologique canadien, l&rsquo;Association canadienne du commerce des produits biologiques (ACCT), les Producteurs biologiques du Canada (PBC) et la F\u00e9d\u00e9ration biologique du Canada (FBC) se sont regroup\u00e9s afin de renforcer leur coop\u00e9ration et de pr\u00e9senter une position unifi\u00e9e sur le secteur biologique au public et au gouvernement. L&rsquo;Alliance biologique canadienne (ACO) est le nom de l&rsquo;initiative de collaboration de nos trois organisations qui ont sign\u00e9 un protocole d&rsquo;entente pour coop\u00e9rer pour le plus grand bien du mouvement et pour cr\u00e9er un mod\u00e8le de financement \u00e0 long terme.<\/p>\n\n\n\n<p>Au nom de l&rsquo;ACO, l&rsquo;OFC recherche un consultant exp\u00e9riment\u00e9 pour l&rsquo;aider \u00e0 d\u00e9finir les param\u00e8tres juridiques et op\u00e9rationnels d&rsquo;une entit\u00e9 enregistr\u00e9e aupr\u00e8s de l&rsquo;ACO, dot\u00e9e d&rsquo;un mod\u00e8le de collecte de fonds viable et durable, afin d&rsquo;assurer la sant\u00e9 et la viabilit\u00e9 sectorielles \u00e0 long terme de l&rsquo;industrie biologique canadienne.<\/p>\n\n\n\n<p>Des travaux r\u00e9cents ont \u00e9t\u00e9 entrepris en 2022, avec des recommandations sur le mod\u00e8le de gouvernance de l&rsquo;ACO ainsi que sur le ou les mod\u00e8les de financement les plus viables. Ces travaux ant\u00e9rieurs seront d\u00e9terminants pour orienter les r\u00e9sultats de la pr\u00e9sente demande de propositions : d\u00e9finir l&rsquo;entit\u00e9 juridique et la feuille de route viable que l&rsquo;ACO mettra en \u0153uvre en vue d&rsquo;un mod\u00e8le de financement durable.<\/p>\n\n\n\n<div class=\"wp-block-buttons is-layout-flex wp-block-buttons-is-layout-flex\">\n<div class=\"wp-block-button\"><a class=\"wp-block-button__link has-inner-accent-background-color has-background wp-element-button\" href=\"https:\/\/cog.ca\/wp-content\/uploads\/2023\/08\/JOB-posting-for-Canadian-Organic-Alliance.pdf\">T\u00e9l\u00e9chargez l&rsquo;offre d&#8217;emploi<\/a><\/div>\n<\/div>\n<\/div>\n<\/div><\/div>\n<\/div>\n","protected":false},"excerpt":{"rendered":"<p>Occasions d&#8217;emploi Vous cherchez un nouveau d\u00e9fi dans le secteur du bio? Vous aimeriez travailler pour COG? Nous avons parfois des postes ouverts pour des professionnels \u00e0 tous les stades de leur carri\u00e8re. Consultez ci-dessous les perspectives d&#8217;emploi actuelles. Nous publions aussi occasionnellement les offres d&#8217;emploi de nos organismes partenaires. Ouvertures pr\u00e9c\u00e9dentes<\/p>\n","protected":false},"author":1,"featured_media":0,"parent":0,"menu_order":503,"comment_status":"closed","ping_status":"closed","template":"","meta":{"inline_featured_image":false,"footnotes":""},"class_list":["post-2536","page","type-page","status-publish","hentry"],"better_featured_image":null,"acf":[],"yoast_head":"<!-- This site is optimized with the Yoast SEO plugin v21.2 - https:\/\/yoast.com\/wordpress\/plugins\/seo\/ -->\n<title>Travail pour nous - Cultivons Biologique Canada<\/title>\n<meta name=\"robots\" content=\"index, follow, max-snippet:-1, max-image-preview:large, max-video-preview:-1\" \/>\n<link rel=\"canonical\" href=\"https:\/\/cog.ca\/fr\/work-for-us\/\" \/>\n<meta property=\"og:locale\" content=\"fr_FR\" \/>\n<meta property=\"og:type\" content=\"article\" \/>\n<meta property=\"og:title\" content=\"Travail pour nous - Cultivons Biologique Canada\" \/>\n<meta property=\"og:description\" content=\"Occasions d&#8217;emploi Vous cherchez un nouveau d\u00e9fi dans le secteur du bio? Vous aimeriez travailler pour COG? Nous avons parfois des postes ouverts pour des professionnels \u00e0 tous les stades de leur carri\u00e8re. Consultez ci-dessous les perspectives d&#8217;emploi actuelles. Nous publions aussi occasionnellement les offres d&#8217;emploi de nos organismes partenaires. Ouvertures pr\u00e9c\u00e9dentes\" \/>\n<meta property=\"og:url\" content=\"https:\/\/cog.ca\/fr\/work-for-us\/\" \/>\n<meta property=\"og:site_name\" content=\"Cultivons Biologique Canada\" \/>\n<meta property=\"article:modified_time\" content=\"2023-09-18T19:34:20+00:00\" \/>\n<meta name=\"twitter:card\" content=\"summary_large_image\" \/>\n<meta name=\"twitter:label1\" content=\"Dur\u00e9e de lecture estim\u00e9e\" \/>\n\t<meta name=\"twitter:data1\" content=\"6 minutes\" \/>\n<script type=\"application\/ld+json\" class=\"yoast-schema-graph\">{\"@context\":\"https:\/\/schema.org\",\"@graph\":[{\"@type\":\"WebPage\",\"@id\":\"https:\/\/cog.ca\/fr\/work-for-us\/\",\"url\":\"https:\/\/cog.ca\/fr\/work-for-us\/\",\"name\":\"Travail pour nous - Cultivons Biologique Canada\",\"isPartOf\":{\"@id\":\"https:\/\/cog.ca\/#website\"},\"datePublished\":\"2023-08-04T17:38:38+00:00\",\"dateModified\":\"2023-09-18T19:34:20+00:00\",\"breadcrumb\":{\"@id\":\"https:\/\/cog.ca\/fr\/work-for-us\/#breadcrumb\"},\"inLanguage\":\"fr-FR\",\"potentialAction\":[{\"@type\":\"ReadAction\",\"target\":[\"https:\/\/cog.ca\/fr\/work-for-us\/\"]}]},{\"@type\":\"BreadcrumbList\",\"@id\":\"https:\/\/cog.ca\/fr\/work-for-us\/#breadcrumb\",\"itemListElement\":[{\"@type\":\"ListItem\",\"position\":1,\"name\":\"Home\",\"item\":\"https:\/\/cog.ca\/fr\/\"},{\"@type\":\"ListItem\",\"position\":2,\"name\":\"Travail pour nous\"}]},{\"@type\":\"WebSite\",\"@id\":\"https:\/\/cog.ca\/#website\",\"url\":\"https:\/\/cog.ca\/\",\"name\":\"Cultivons Biologique Canada\",\"description\":\"\",\"publisher\":{\"@id\":\"https:\/\/cog.ca\/#organization\"},\"potentialAction\":[{\"@type\":\"SearchAction\",\"target\":{\"@type\":\"EntryPoint\",\"urlTemplate\":\"https:\/\/cog.ca\/?s={search_term_string}\"},\"query-input\":\"required name=search_term_string\"}],\"inLanguage\":\"fr-FR\"},{\"@type\":\"Organization\",\"@id\":\"https:\/\/cog.ca\/#organization\",\"name\":\"Canadian Organic Growers\",\"url\":\"https:\/\/cog.ca\/\",\"logo\":{\"@type\":\"ImageObject\",\"inLanguage\":\"fr-FR\",\"@id\":\"https:\/\/cog.ca\/#\/schema\/logo\/image\/\",\"url\":\"https:\/\/cog.ca\/wp-content\/uploads\/2023\/07\/COG_WhiteLogo_Transparent-1.png\",\"contentUrl\":\"https:\/\/cog.ca\/wp-content\/uploads\/2023\/07\/COG_WhiteLogo_Transparent-1.png\",\"width\":208,\"height\":110,\"caption\":\"Canadian Organic Growers\"},\"image\":{\"@id\":\"https:\/\/cog.ca\/#\/schema\/logo\/image\/\"}}]}<\/script>\n<!-- \/ Yoast SEO plugin. -->","yoast_head_json":{"title":"Travail pour nous - Cultivons Biologique Canada","robots":{"index":"index","follow":"follow","max-snippet":"max-snippet:-1","max-image-preview":"max-image-preview:large","max-video-preview":"max-video-preview:-1"},"canonical":"https:\/\/cog.ca\/fr\/work-for-us\/","og_locale":"fr_FR","og_type":"article","og_title":"Travail pour nous - Cultivons Biologique Canada","og_description":"Occasions d&#8217;emploi Vous cherchez un nouveau d\u00e9fi dans le secteur du bio? Vous aimeriez travailler pour COG? Nous avons parfois des postes ouverts pour des professionnels \u00e0 tous les stades de leur carri\u00e8re. Consultez ci-dessous les perspectives d&#8217;emploi actuelles. Nous publions aussi occasionnellement les offres d&#8217;emploi de nos organismes partenaires. Ouvertures pr\u00e9c\u00e9dentes","og_url":"https:\/\/cog.ca\/fr\/work-for-us\/","og_site_name":"Cultivons Biologique Canada","article_modified_time":"2023-09-18T19:34:20+00:00","twitter_card":"summary_large_image","twitter_misc":{"Dur\u00e9e de lecture estim\u00e9e":"6 minutes"},"schema":{"@context":"https:\/\/schema.org","@graph":[{"@type":"WebPage","@id":"https:\/\/cog.ca\/fr\/work-for-us\/","url":"https:\/\/cog.ca\/fr\/work-for-us\/","name":"Travail pour nous - Cultivons Biologique Canada","isPartOf":{"@id":"https:\/\/cog.ca\/#website"},"datePublished":"2023-08-04T17:38:38+00:00","dateModified":"2023-09-18T19:34:20+00:00","breadcrumb":{"@id":"https:\/\/cog.ca\/fr\/work-for-us\/#breadcrumb"},"inLanguage":"fr-FR","potentialAction":[{"@type":"ReadAction","target":["https:\/\/cog.ca\/fr\/work-for-us\/"]}]},{"@type":"BreadcrumbList","@id":"https:\/\/cog.ca\/fr\/work-for-us\/#breadcrumb","itemListElement":[{"@type":"ListItem","position":1,"name":"Home","item":"https:\/\/cog.ca\/fr\/"},{"@type":"ListItem","position":2,"name":"Travail pour nous"}]},{"@type":"WebSite","@id":"https:\/\/cog.ca\/#website","url":"https:\/\/cog.ca\/","name":"Cultivons Biologique Canada","description":"","publisher":{"@id":"https:\/\/cog.ca\/#organization"},"potentialAction":[{"@type":"SearchAction","target":{"@type":"EntryPoint","urlTemplate":"https:\/\/cog.ca\/?s={search_term_string}"},"query-input":"required name=search_term_string"}],"inLanguage":"fr-FR"},{"@type":"Organization","@id":"https:\/\/cog.ca\/#organization","name":"Canadian Organic Growers","url":"https:\/\/cog.ca\/","logo":{"@type":"ImageObject","inLanguage":"fr-FR","@id":"https:\/\/cog.ca\/#\/schema\/logo\/image\/","url":"https:\/\/cog.ca\/wp-content\/uploads\/2023\/07\/COG_WhiteLogo_Transparent-1.png","contentUrl":"https:\/\/cog.ca\/wp-content\/uploads\/2023\/07\/COG_WhiteLogo_Transparent-1.png","width":208,"height":110,"caption":"Canadian Organic Growers"},"image":{"@id":"https:\/\/cog.ca\/#\/schema\/logo\/image\/"}}]}},"_links":{"self":[{"href":"https:\/\/cog.ca\/fr\/wp-json\/wp\/v2\/pages\/2536","targetHints":{"allow":["GET"]}}],"collection":[{"href":"https:\/\/cog.ca\/fr\/wp-json\/wp\/v2\/pages"}],"about":[{"href":"https:\/\/cog.ca\/fr\/wp-json\/wp\/v2\/types\/page"}],"author":[{"embeddable":true,"href":"https:\/\/cog.ca\/fr\/wp-json\/wp\/v2\/users\/1"}],"replies":[{"embeddable":true,"href":"https:\/\/cog.ca\/fr\/wp-json\/wp\/v2\/comments?post=2536"}],"version-history":[{"count":4,"href":"https:\/\/cog.ca\/fr\/wp-json\/wp\/v2\/pages\/2536\/revisions"}],"predecessor-version":[{"id":2872,"href":"https:\/\/cog.ca\/fr\/wp-json\/wp\/v2\/pages\/2536\/revisions\/2872"}],"wp:attachment":[{"href":"https:\/\/cog.ca\/fr\/wp-json\/wp\/v2\/media?parent=2536"}],"curies":[{"name":"wp","href":"https:\/\/api.w.org\/{rel}","templated":true}]}}