{"id":2407,"date":"2023-09-01T15:51:35","date_gmt":"2023-09-01T19:51:35","guid":{"rendered":"https:\/\/cog-01.eproofs.ca\/?page_id=2407"},"modified":"2023-09-29T11:48:20","modified_gmt":"2023-09-29T15:48:20","slug":"reconnaissance-fonciere","status":"publish","type":"page","link":"https:\/\/cog.ca\/fr\/reconnaissance-fonciere\/","title":{"rendered":"Reconnaissance fonci\u00e8re"},"content":{"rendered":"\n<p>En tant qu\u2019organisation nationale, le travail de COG s\u2019\u00e9tend sur de nombreuses terres autochtones, y compris les territoires non c\u00e9d\u00e9s et les terres reconnues comme faisant l\u2019objet d\u2019un trait\u00e9. COG reconna\u00eet que ces terres continuent d\u2019abriter divers peuples autochtones que nous consid\u00e9rons comme de v\u00e9ritables gardiens de la terre et des contributeurs essentiels aux syst\u00e8mes agricoles et \u00e0 la soci\u00e9t\u00e9 dans son ensemble.<\/p>\n\n\n\n<p>Le bureau de COG est situ\u00e9 sur des terres qui font partie du territoire traditionnel non c\u00e9d\u00e9 et non renonc\u00e9 du peuple algonquin. Nous reconnaissons et honorons le peuple algonquin et ses anciens, dont les anc\u00eatres ont occup\u00e9 ce territoire depuis des temps imm\u00e9moriaux, et dont la culture a nourri et continue de nourrir cette terre et son peuple.<\/p>\n\n\n\n<p>En tant que membre fondateur de Fermiers Pour La Transition Climatique, COG salue le travail entrepris pour produire le&nbsp;<a href=\"https:\/\/fermierspourlatransitionclimatique.ca\/notre-engagement-equite\" target=\"_blank\" rel=\"noreferrer noopener\">cadre d\u2019\u00e9quit\u00e9<\/a>&nbsp;de Fermiers Pour La Transition Climatique et nous approuvons les principes de ce cadre dans notre travail.&nbsp;<a href=\"https:\/\/static1.squarespace.com\/static\/5e3ae809dadf160326753bc1\/t\/61e892819f74fa362c4ea50a\/1642631811339\/Cadre+d%27%C3%A9quit%C3%A9+FTC_Janvier+2022.pdf\" target=\"_blank\" rel=\"noreferrer noopener\">T\u00e9l\u00e9chargez<\/a>&nbsp;le cadre pour plus d\u2019informations.<\/p>\n\n\n\n<p>COG encourage tous ses membres et partenaires \u00e0 d\u00e9couvrir l\u2019histoire des terres avec lesquelles nous sommes en relation en visitant les sites suivants :\u00a0<a href=\"https:\/\/www.whose.land\/fr\" target=\"_blank\" rel=\"noreferrer noopener\">whose.land<\/a>\u00a0et <a href=\"http:\/\/native-land.ca\">native-land.ca<\/a>.<\/p>\n","protected":false},"excerpt":{"rendered":"<p>En tant qu\u2019organisation nationale, le travail de COG s\u2019\u00e9tend sur de nombreuses terres autochtones, y compris les territoires non c\u00e9d\u00e9s et les terres reconnues comme faisant l\u2019objet d\u2019un trait\u00e9. COG reconna\u00eet que ces terres continuent d\u2019abriter divers peuples autochtones que nous consid\u00e9rons comme de v\u00e9ritables gardiens de la terre et des contributeurs essentiels aux syst\u00e8mes [&hellip;]<\/p>\n","protected":false},"author":1,"featured_media":0,"parent":0,"menu_order":416,"comment_status":"closed","ping_status":"closed","template":"","meta":{"inline_featured_image":false,"footnotes":""},"class_list":["post-2407","page","type-page","status-publish","hentry"],"better_featured_image":null,"acf":[],"yoast_head":"<!-- This site is optimized with the Yoast SEO plugin v21.2 - https:\/\/yoast.com\/wordpress\/plugins\/seo\/ -->\n<title>Reconnaissance fonci\u00e8re - Cultivons Biologique Canada<\/title>\n<meta name=\"robots\" content=\"index, follow, max-snippet:-1, max-image-preview:large, max-video-preview:-1\" \/>\n<link rel=\"canonical\" href=\"https:\/\/cog.ca\/fr\/reconnaissance-fonciere\/\" \/>\n<meta property=\"og:locale\" content=\"fr_FR\" \/>\n<meta property=\"og:type\" content=\"article\" \/>\n<meta property=\"og:title\" content=\"Reconnaissance fonci\u00e8re - Cultivons Biologique Canada\" \/>\n<meta property=\"og:description\" content=\"En tant qu\u2019organisation nationale, le travail de COG s\u2019\u00e9tend sur de nombreuses terres autochtones, y compris les territoires non c\u00e9d\u00e9s et les terres reconnues comme faisant l\u2019objet d\u2019un trait\u00e9. COG reconna\u00eet que ces terres continuent d\u2019abriter divers peuples autochtones que nous consid\u00e9rons comme de v\u00e9ritables gardiens de la terre et des contributeurs essentiels aux syst\u00e8mes [&hellip;]\" \/>\n<meta property=\"og:url\" content=\"https:\/\/cog.ca\/fr\/reconnaissance-fonciere\/\" \/>\n<meta property=\"og:site_name\" content=\"Cultivons Biologique Canada\" \/>\n<meta property=\"article:modified_time\" content=\"2023-09-29T15:48:20+00:00\" \/>\n<meta name=\"twitter:card\" content=\"summary_large_image\" \/>\n<meta name=\"twitter:label1\" content=\"Dur\u00e9e de lecture estim\u00e9e\" \/>\n\t<meta name=\"twitter:data1\" content=\"1 minute\" \/>\n<script type=\"application\/ld+json\" class=\"yoast-schema-graph\">{\"@context\":\"https:\/\/schema.org\",\"@graph\":[{\"@type\":\"WebPage\",\"@id\":\"https:\/\/cog.ca\/fr\/reconnaissance-fonciere\/\",\"url\":\"https:\/\/cog.ca\/fr\/reconnaissance-fonciere\/\",\"name\":\"Reconnaissance fonci\u00e8re - Cultivons Biologique Canada\",\"isPartOf\":{\"@id\":\"https:\/\/cog.ca\/#website\"},\"datePublished\":\"2023-09-01T19:51:35+00:00\",\"dateModified\":\"2023-09-29T15:48:20+00:00\",\"breadcrumb\":{\"@id\":\"https:\/\/cog.ca\/fr\/reconnaissance-fonciere\/#breadcrumb\"},\"inLanguage\":\"fr-FR\",\"potentialAction\":[{\"@type\":\"ReadAction\",\"target\":[\"https:\/\/cog.ca\/fr\/reconnaissance-fonciere\/\"]}]},{\"@type\":\"BreadcrumbList\",\"@id\":\"https:\/\/cog.ca\/fr\/reconnaissance-fonciere\/#breadcrumb\",\"itemListElement\":[{\"@type\":\"ListItem\",\"position\":1,\"name\":\"Home\",\"item\":\"https:\/\/cog.ca\/fr\/\"},{\"@type\":\"ListItem\",\"position\":2,\"name\":\"Reconnaissance fonci\u00e8re\"}]},{\"@type\":\"WebSite\",\"@id\":\"https:\/\/cog.ca\/#website\",\"url\":\"https:\/\/cog.ca\/\",\"name\":\"Cultivons Biologique Canada\",\"description\":\"\",\"publisher\":{\"@id\":\"https:\/\/cog.ca\/#organization\"},\"potentialAction\":[{\"@type\":\"SearchAction\",\"target\":{\"@type\":\"EntryPoint\",\"urlTemplate\":\"https:\/\/cog.ca\/?s={search_term_string}\"},\"query-input\":\"required name=search_term_string\"}],\"inLanguage\":\"fr-FR\"},{\"@type\":\"Organization\",\"@id\":\"https:\/\/cog.ca\/#organization\",\"name\":\"Canadian Organic Growers\",\"url\":\"https:\/\/cog.ca\/\",\"logo\":{\"@type\":\"ImageObject\",\"inLanguage\":\"fr-FR\",\"@id\":\"https:\/\/cog.ca\/#\/schema\/logo\/image\/\",\"url\":\"https:\/\/cog.ca\/wp-content\/uploads\/2023\/07\/COG_WhiteLogo_Transparent-1.png\",\"contentUrl\":\"https:\/\/cog.ca\/wp-content\/uploads\/2023\/07\/COG_WhiteLogo_Transparent-1.png\",\"width\":208,\"height\":110,\"caption\":\"Canadian Organic Growers\"},\"image\":{\"@id\":\"https:\/\/cog.ca\/#\/schema\/logo\/image\/\"}}]}<\/script>\n<!-- \/ Yoast SEO plugin. -->","yoast_head_json":{"title":"Reconnaissance fonci\u00e8re - Cultivons Biologique Canada","robots":{"index":"index","follow":"follow","max-snippet":"max-snippet:-1","max-image-preview":"max-image-preview:large","max-video-preview":"max-video-preview:-1"},"canonical":"https:\/\/cog.ca\/fr\/reconnaissance-fonciere\/","og_locale":"fr_FR","og_type":"article","og_title":"Reconnaissance fonci\u00e8re - Cultivons Biologique Canada","og_description":"En tant qu\u2019organisation nationale, le travail de COG s\u2019\u00e9tend sur de nombreuses terres autochtones, y compris les territoires non c\u00e9d\u00e9s et les terres reconnues comme faisant l\u2019objet d\u2019un trait\u00e9. COG reconna\u00eet que ces terres continuent d\u2019abriter divers peuples autochtones que nous consid\u00e9rons comme de v\u00e9ritables gardiens de la terre et des contributeurs essentiels aux syst\u00e8mes [&hellip;]","og_url":"https:\/\/cog.ca\/fr\/reconnaissance-fonciere\/","og_site_name":"Cultivons Biologique Canada","article_modified_time":"2023-09-29T15:48:20+00:00","twitter_card":"summary_large_image","twitter_misc":{"Dur\u00e9e de lecture estim\u00e9e":"1 minute"},"schema":{"@context":"https:\/\/schema.org","@graph":[{"@type":"WebPage","@id":"https:\/\/cog.ca\/fr\/reconnaissance-fonciere\/","url":"https:\/\/cog.ca\/fr\/reconnaissance-fonciere\/","name":"Reconnaissance fonci\u00e8re - Cultivons Biologique Canada","isPartOf":{"@id":"https:\/\/cog.ca\/#website"},"datePublished":"2023-09-01T19:51:35+00:00","dateModified":"2023-09-29T15:48:20+00:00","breadcrumb":{"@id":"https:\/\/cog.ca\/fr\/reconnaissance-fonciere\/#breadcrumb"},"inLanguage":"fr-FR","potentialAction":[{"@type":"ReadAction","target":["https:\/\/cog.ca\/fr\/reconnaissance-fonciere\/"]}]},{"@type":"BreadcrumbList","@id":"https:\/\/cog.ca\/fr\/reconnaissance-fonciere\/#breadcrumb","itemListElement":[{"@type":"ListItem","position":1,"name":"Home","item":"https:\/\/cog.ca\/fr\/"},{"@type":"ListItem","position":2,"name":"Reconnaissance fonci\u00e8re"}]},{"@type":"WebSite","@id":"https:\/\/cog.ca\/#website","url":"https:\/\/cog.ca\/","name":"Cultivons Biologique Canada","description":"","publisher":{"@id":"https:\/\/cog.ca\/#organization"},"potentialAction":[{"@type":"SearchAction","target":{"@type":"EntryPoint","urlTemplate":"https:\/\/cog.ca\/?s={search_term_string}"},"query-input":"required name=search_term_string"}],"inLanguage":"fr-FR"},{"@type":"Organization","@id":"https:\/\/cog.ca\/#organization","name":"Canadian Organic Growers","url":"https:\/\/cog.ca\/","logo":{"@type":"ImageObject","inLanguage":"fr-FR","@id":"https:\/\/cog.ca\/#\/schema\/logo\/image\/","url":"https:\/\/cog.ca\/wp-content\/uploads\/2023\/07\/COG_WhiteLogo_Transparent-1.png","contentUrl":"https:\/\/cog.ca\/wp-content\/uploads\/2023\/07\/COG_WhiteLogo_Transparent-1.png","width":208,"height":110,"caption":"Canadian Organic Growers"},"image":{"@id":"https:\/\/cog.ca\/#\/schema\/logo\/image\/"}}]}},"_links":{"self":[{"href":"https:\/\/cog.ca\/fr\/wp-json\/wp\/v2\/pages\/2407","targetHints":{"allow":["GET"]}}],"collection":[{"href":"https:\/\/cog.ca\/fr\/wp-json\/wp\/v2\/pages"}],"about":[{"href":"https:\/\/cog.ca\/fr\/wp-json\/wp\/v2\/types\/page"}],"author":[{"embeddable":true,"href":"https:\/\/cog.ca\/fr\/wp-json\/wp\/v2\/users\/1"}],"replies":[{"embeddable":true,"href":"https:\/\/cog.ca\/fr\/wp-json\/wp\/v2\/comments?post=2407"}],"version-history":[{"count":3,"href":"https:\/\/cog.ca\/fr\/wp-json\/wp\/v2\/pages\/2407\/revisions"}],"predecessor-version":[{"id":3375,"href":"https:\/\/cog.ca\/fr\/wp-json\/wp\/v2\/pages\/2407\/revisions\/3375"}],"wp:attachment":[{"href":"https:\/\/cog.ca\/fr\/wp-json\/wp\/v2\/media?parent=2407"}],"curies":[{"name":"wp","href":"https:\/\/api.w.org\/{rel}","templated":true}]}}