{"id":2349,"date":"2023-09-01T15:26:13","date_gmt":"2023-09-01T19:26:13","guid":{"rendered":"https:\/\/cog-01.eproofs.ca\/?page_id=2349"},"modified":"2023-09-07T15:02:14","modified_gmt":"2023-09-07T19:02:14","slug":"cog-news","status":"publish","type":"page","link":"https:\/\/cog.ca\/fr\/cog-news\/","title":{"rendered":"COG nouvelles"},"content":{"rendered":"\n<div class=\"wp-block-group alignfull has-theme-grey-background-color has-background is-layout-constrained wp-block-group-is-layout-constrained\">\r\n\t\t\t<div class=\"wp-block-eup-blocks-posts alignwide cards--wrapper is-grid graphic-image orientation-vertical alignment-left design-border size-large\">\r\n\t\t\r\n\t<div class=\"cards--inner\">\r\n\r\n\t\r\n\t<div class=\"card--wrapper\">\r\n\r\n\t\t<div class=\"card-header\">\r\n\t\t\t\t\t\t<a href=\"https:\/\/cog.ca\/fr\/blog\/agissez-aidez-nous-a-empecher-la-fermeture-du-programme-de-recherche-sur-lagriculture-biologique-et-regenerative\/\" class=\"card-image--wrapper\">\r\n\t\t\t\t<img src=\"https:\/\/cog.ca\/wp-content\/uploads\/2026\/04\/Insta-Size-Image-6-240x300.png\" decoding=\"async\" loading=\"lazy\"\r\n\t\t srcset=\"https:\/\/cog.ca\/wp-content\/uploads\/2026\/04\/Insta-Size-Image-6-240x300.png 240w, https:\/\/cog.ca\/wp-content\/uploads\/2026\/04\/Insta-Size-Image-6-819x1024.png 819w, https:\/\/cog.ca\/wp-content\/uploads\/2026\/04\/Insta-Size-Image-6.png 1080w\"\r\n\t\t sizes=\"(max-width: 240px) 100vw, 240px\">\t\t\t<\/a>\r\n\t\t\t\t\t\t<div class=\"card-header--text\">\r\n\t\t\t\t<div class=\"card-meta\">\r\n\t\t\t\t\t<span class=\"meta-item category\">Nouvelles,Politique<\/span>\r\n\t\t\t\t\t<span class=\"meta-item\">avril 2, 2026<\/span>\r\n\t\t\t\t<\/div>\r\n\t\t\t\t<a href=\"https:\/\/cog.ca\/fr\/blog\/agissez-aidez-nous-a-empecher-la-fermeture-du-programme-de-recherche-sur-lagriculture-biologique-et-regenerative\/\" class=\"card-title\">Agissez &#8211; Aidez-nous \u00e0 emp\u00eacher la fermeture du programme de recherche en agriculture biologique et r\u00e9g\u00e9n\u00e9rative<\/a>\r\n\t\t\t<\/div>\r\n\t\t<\/div>\r\n\r\n\t\t<div class=\"card-content\">\r\n\t\t\t<div class=\"card-desc\"><p>Cultivons Biologique Canada (COG) s&rsquo;oppose aux r\u00e9centes coupes budg\u00e9taires f\u00e9d\u00e9rales dans la recherche, qui nuisent \u00e0 la s\u00e9curit\u00e9 et \u00e0 la souverainet\u00e9 alimentaires du Canada en affaiblissant les syst\u00e8mes de recherche dont d\u00e9pendent les agriculteurs pour s&rsquo;adapter, innover et rester viables. Agissez &#8211; Aidez-nous \u00e0 emp\u00eacher la fermeture du programme de recherche en agriculture biologique et r\u00e9g\u00e9n\u00e9rative.<\/p>\n<\/div>\r\n\t\t\t<a href=\"https:\/\/cog.ca\/fr\/blog\/agissez-aidez-nous-a-empecher-la-fermeture-du-programme-de-recherche-sur-lagriculture-biologique-et-regenerative\/\" class=\"card-more\">En savoir plus<\/a>\r\n\t\t<\/div>\r\n\r\n\t<\/div>\r\n\r\n\t\r\n\t<div class=\"card--wrapper\">\r\n\r\n\t\t<div class=\"card-header\">\r\n\t\t\t\t\t\t<a href=\"https:\/\/cog.ca\/fr\/blog\/les-nouvelles-normes-biologiques-canadiennes-sont-publiees\/\" class=\"card-image--wrapper\">\r\n\t\t\t\t<img src=\"https:\/\/cog.ca\/wp-content\/uploads\/2026\/02\/carrot-g78b623cad_1920-300x200.jpg\" decoding=\"async\" loading=\"lazy\"\r\n\t\t srcset=\"https:\/\/cog.ca\/wp-content\/uploads\/2026\/02\/carrot-g78b623cad_1920-300x200.jpg 300w, https:\/\/cog.ca\/wp-content\/uploads\/2026\/02\/carrot-g78b623cad_1920-1024x683.jpg 1024w, https:\/\/cog.ca\/wp-content\/uploads\/2026\/02\/carrot-g78b623cad_1920.jpg 1920w\"\r\n\t\t sizes=\"(max-width: 300px) 100vw, 300px\">\t\t\t<\/a>\r\n\t\t\t\t\t\t<div class=\"card-header--text\">\r\n\t\t\t\t<div class=\"card-meta\">\r\n\t\t\t\t\t<span class=\"meta-item category\">News,Nouvelles,Recent Coverage<\/span>\r\n\t\t\t\t\t<span class=\"meta-item\">avril 1, 2026<\/span>\r\n\t\t\t\t<\/div>\r\n\t\t\t\t<a href=\"https:\/\/cog.ca\/fr\/blog\/les-nouvelles-normes-biologiques-canadiennes-sont-publiees\/\" class=\"card-title\">Les Normes\u00a0biologiques\u00a0canadiennes 2026 sont publi\u00e9es<\/a>\r\n\t\t\t<\/div>\r\n\t\t<\/div>\r\n\r\n\t\t<div class=\"card-content\">\r\n\t\t\t<div class=\"card-desc\"><p>Consultez les nouvelles Normes nationales du Canada pour l&rsquo;agriculture biologique et inscrivez-vous \u00e0 un webinaire de l&rsquo;OFC pour en savoir plus sur les modifications apport\u00e9es aux pratiques prescrites.<\/p>\n<\/div>\r\n\t\t\t<a href=\"https:\/\/cog.ca\/fr\/blog\/les-nouvelles-normes-biologiques-canadiennes-sont-publiees\/\" class=\"card-more\">En savoir plus<\/a>\r\n\t\t<\/div>\r\n\r\n\t<\/div>\r\n\r\n\t\r\n\t<div class=\"card--wrapper\">\r\n\r\n\t\t<div class=\"card-header\">\r\n\t\t\t\t\t\t<a href=\"https:\/\/cog.ca\/fr\/blog\/liste-des-evenements-de-avril-2026\/\" class=\"card-image--wrapper\">\r\n\t\t\t\t<img src=\"https:\/\/cog.ca\/wp-content\/uploads\/2026\/03\/April-240x300.png\" decoding=\"async\" loading=\"lazy\"\r\n\t\t srcset=\"https:\/\/cog.ca\/wp-content\/uploads\/2026\/03\/April-240x300.png 240w, https:\/\/cog.ca\/wp-content\/uploads\/2026\/03\/April-819x1024.png 819w, https:\/\/cog.ca\/wp-content\/uploads\/2026\/03\/April.png 1080w\"\r\n\t\t sizes=\"(max-width: 240px) 100vw, 240px\">\t\t\t<\/a>\r\n\t\t\t\t\t\t<div class=\"card-header--text\">\r\n\t\t\t\t<div class=\"card-meta\">\r\n\t\t\t\t\t<span class=\"meta-item category\">Nouvelles<\/span>\r\n\t\t\t\t\t<span class=\"meta-item\">mars 30, 2026<\/span>\r\n\t\t\t\t<\/div>\r\n\t\t\t\t<a href=\"https:\/\/cog.ca\/fr\/blog\/liste-des-evenements-de-avril-2026\/\" class=\"card-title\">Liste des \u00e9v\u00e9nements de avril 2026<\/a>\r\n\t\t\t<\/div>\r\n\t\t<\/div>\r\n\r\n\t\t<div class=\"card-content\">\r\n\t\t\t<div class=\"card-desc\"><p>De nombreux \u00e9v\u00e9nements int\u00e9ressants consacr\u00e9s \u00e0 l&rsquo;agriculture biologique, r\u00e9g\u00e9n\u00e9rative et \u00e9cologique auront lieu en avril, et nous sommes ravis de vous les pr\u00e9senter ici! Vous souhaitez partager un \u00e9v\u00e9nement?<\/p>\n<\/div>\r\n\t\t\t<a href=\"https:\/\/cog.ca\/fr\/blog\/liste-des-evenements-de-avril-2026\/\" class=\"card-more\">En savoir plus<\/a>\r\n\t\t<\/div>\r\n\r\n\t<\/div>\r\n\r\n\t\r\n\t<div class=\"card--wrapper\">\r\n\r\n\t\t<div class=\"card-header\">\r\n\t\t\t\t\t\t<a href=\"https:\/\/cog.ca\/fr\/blog\/les-cochons-viennent-a-bout-de-la-pression-des-mauvaises-herbes-lhistoire-dune-ferme-roo\/\" class=\"card-image--wrapper\">\r\n\t\t\t\t<img src=\"https:\/\/cog.ca\/wp-content\/uploads\/2026\/03\/Pigs-Grazing-225x300.jpeg\" decoding=\"async\" loading=\"lazy\"\r\n\t\t srcset=\"https:\/\/cog.ca\/wp-content\/uploads\/2026\/03\/Pigs-Grazing-225x300.jpeg 225w, https:\/\/cog.ca\/wp-content\/uploads\/2026\/03\/Pigs-Grazing-768x1024.jpeg 768w, https:\/\/cog.ca\/wp-content\/uploads\/2026\/03\/Pigs-Grazing-scaled.jpeg 1440w\"\r\n\t\t sizes=\"(max-width: 225px) 100vw, 225px\">\t\t\t<\/a>\r\n\t\t\t\t\t\t<div class=\"card-header--text\">\r\n\t\t\t\t<div class=\"card-meta\">\r\n\t\t\t\t\t<span class=\"meta-item category\">\u00c9ducation,Environnement,Nouvelles<\/span>\r\n\t\t\t\t\t<span class=\"meta-item\">mars 23, 2026<\/span>\r\n\t\t\t\t<\/div>\r\n\t\t\t\t<a href=\"https:\/\/cog.ca\/fr\/blog\/les-cochons-viennent-a-bout-de-la-pression-des-mauvaises-herbes-lhistoire-dune-ferme-roo\/\" class=\"card-title\">Les cochons viennent \u00e0 bout de la pression des mauvaises herbes : l&rsquo;histoire d&rsquo;une ferme ROO<\/a>\r\n\t\t\t<\/div>\r\n\t\t<\/div>\r\n\r\n\t\t<div class=\"card-content\">\r\n\t\t\t<div class=\"card-desc\"><p>Les agriculteurs biologiques r\u00e9g\u00e9n\u00e9ratifs sont constamment \u00e0 la recherche de moyens de r\u00e9duire la pression des mauvaises herbes d&rsquo;une mani\u00e8re qui soit conforme aux pratiques biologiques (comme le refus des intrants synth\u00e9tiques) et aux principes de l&rsquo;agriculture r\u00e9g\u00e9n\u00e9rative. \u00c0 Balcarres, en Saskatchewan, Rob et Lisa dirigent la Schill Family Farm. V\u00e9ritablement ouverts \u00e0 l&rsquo;id\u00e9e d&rsquo;essayer [&hellip;]<\/p>\n<\/div>\r\n\t\t\t<a href=\"https:\/\/cog.ca\/fr\/blog\/les-cochons-viennent-a-bout-de-la-pression-des-mauvaises-herbes-lhistoire-dune-ferme-roo\/\" class=\"card-more\">En savoir plus<\/a>\r\n\t\t<\/div>\r\n\r\n\t<\/div>\r\n\r\n\t\r\n\t<div class=\"card--wrapper\">\r\n\r\n\t\t<div class=\"card-header\">\r\n\t\t\t\t\t\t<a href=\"https:\/\/cog.ca\/fr\/blog\/des-agriculteurs-biologiques-de-tout-le-canada-se-reunissent-avec-des-dirigeants-federaux-a-ottawa-pour-promouvoir-le-developpement-du-secteur-biologique\/\" class=\"card-image--wrapper\">\r\n\t\t\t\t<img src=\"https:\/\/cog.ca\/wp-content\/uploads\/2026\/03\/IMG_4085-300x225.jpeg\" decoding=\"async\" loading=\"lazy\"\r\n\t\t srcset=\"https:\/\/cog.ca\/wp-content\/uploads\/2026\/03\/IMG_4085-300x225.jpeg 300w, https:\/\/cog.ca\/wp-content\/uploads\/2026\/03\/IMG_4085-1024x768.jpeg 1024w, https:\/\/cog.ca\/wp-content\/uploads\/2026\/03\/IMG_4085-scaled.jpeg 1920w\"\r\n\t\t sizes=\"(max-width: 300px) 100vw, 300px\">\t\t\t<\/a>\r\n\t\t\t\t\t\t<div class=\"card-header--text\">\r\n\t\t\t\t<div class=\"card-meta\">\r\n\t\t\t\t\t<span class=\"meta-item category\">Nouvelles<\/span>\r\n\t\t\t\t\t<span class=\"meta-item\">mars 19, 2026<\/span>\r\n\t\t\t\t<\/div>\r\n\t\t\t\t<a href=\"https:\/\/cog.ca\/fr\/blog\/des-agriculteurs-biologiques-de-tout-le-canada-se-reunissent-avec-des-dirigeants-federaux-a-ottawa-pour-promouvoir-le-developpement-du-secteur-biologique\/\" class=\"card-title\">Des agriculteurs biologiques de tout le Canada se r\u00e9unissent avec des dirigeants f\u00e9d\u00e9raux \u00e0 Ottawa pour promouvoir le d\u00e9veloppement du secteur biologique<\/a>\r\n\t\t\t<\/div>\r\n\t\t<\/div>\r\n\r\n\t\t<div class=\"card-content\">\r\n\t\t\t<div class=\"card-desc\"><p>Les 9 et 10 mars, des agriculteurs biologiques de partout au Canada se sont r\u00e9unis \u00e0 Ottawa avec l\u2019association Canadian Organic Growers (COG) pour deux journ\u00e9es de rencontres avec des d\u00e9put\u00e9s, des s\u00e9nateurs et des repr\u00e9sentants du gouvernement f\u00e9d\u00e9ral, afin de faire passer un message clair : le Canada a une occasion unique de d\u00e9velopper sa production biologique nationale et de r\u00e9duire sa d\u00e9pendance vis-\u00e0-vis des importations, tout en favorisant l\u2019augmentation des exportations.<\/p>\n<\/div>\r\n\t\t\t<a href=\"https:\/\/cog.ca\/fr\/blog\/des-agriculteurs-biologiques-de-tout-le-canada-se-reunissent-avec-des-dirigeants-federaux-a-ottawa-pour-promouvoir-le-developpement-du-secteur-biologique\/\" class=\"card-more\">En savoir plus<\/a>\r\n\t\t<\/div>\r\n\r\n\t<\/div>\r\n\r\n\t\r\n\t<div class=\"card--wrapper\">\r\n\r\n\t\t<div class=\"card-header\">\r\n\t\t\t\t\t\t<a href=\"https:\/\/cog.ca\/fr\/blog\/reduction-du-programme-de-recherche-biologique-2\/\" class=\"card-image--wrapper\">\r\n\t\t\t\t<img src=\"https:\/\/cog.ca\/wp-content\/uploads\/2026\/03\/277487_web1_Parliament-tower-in-Ottawa-with-Canadian-flag-as-300x225.jpg\" decoding=\"async\" loading=\"lazy\"\r\n\t\t srcset=\"https:\/\/cog.ca\/wp-content\/uploads\/2026\/03\/277487_web1_Parliament-tower-in-Ottawa-with-Canadian-flag-as-300x225.jpg 300w, https:\/\/cog.ca\/wp-content\/uploads\/2026\/03\/277487_web1_Parliament-tower-in-Ottawa-with-Canadian-flag-as-1024x768.jpg 1024w, https:\/\/cog.ca\/wp-content\/uploads\/2026\/03\/277487_web1_Parliament-tower-in-Ottawa-with-Canadian-flag-as.jpg 1200w\"\r\n\t\t sizes=\"(max-width: 300px) 100vw, 300px\">\t\t\t<\/a>\r\n\t\t\t\t\t\t<div class=\"card-header--text\">\r\n\t\t\t\t<div class=\"card-meta\">\r\n\t\t\t\t\t<span class=\"meta-item category\">Couverture r\u00e9cente,News,Nouvelles,Recent Coverage<\/span>\r\n\t\t\t\t\t<span class=\"meta-item\">mars 17, 2026<\/span>\r\n\t\t\t\t<\/div>\r\n\t\t\t\t<a href=\"https:\/\/cog.ca\/fr\/blog\/reduction-du-programme-de-recherche-biologique-2\/\" class=\"card-title\">Les organisations agricoles demandent au ministre de l&rsquo;Agriculture de suspendre les coupes budg\u00e9taires f\u00e9d\u00e9rales dans la recherche<\/a>\r\n\t\t\t<\/div>\r\n\t\t<\/div>\r\n\r\n\t\t<div class=\"card-content\">\r\n\t\t\t<div class=\"card-desc\"><p>Vingt associations agricoles et de producteurs demandent au gouvernement de suspendre pendant deux ans les coupes budg\u00e9taires dans la recherche men\u00e9e par le minist\u00e8re de l&rsquo;Agriculture et Agroalimentaire Canada (AAC).<\/p>\n<\/div>\r\n\t\t\t<a href=\"https:\/\/cog.ca\/fr\/blog\/reduction-du-programme-de-recherche-biologique-2\/\" class=\"card-more\">En savoir plus<\/a>\r\n\t\t<\/div>\r\n\r\n\t<\/div>\r\n\r\n\t\t\r\n\t<\/div>\r\n\t<\/div>\r\n\r\n<\/div>\n","protected":false},"excerpt":{"rendered":"","protected":false},"author":1,"featured_media":3219,"parent":0,"menu_order":11,"comment_status":"closed","ping_status":"closed","template":"","meta":{"inline_featured_image":false,"footnotes":""},"class_list":["post-2349","page","type-page","status-publish","has-post-thumbnail","hentry"],"better_featured_image":{"id":3219,"alt_text":"","caption":"","description":"","media_type":"image","media_details":{"width":1200,"height":900,"file":"2023\/09\/Copy-of-pexels-jennifer-13262362-min.jpg","filesize":211420,"sizes":{"medium":{"file":"Copy-of-pexels-jennifer-13262362-min-300x225.jpg","width":300,"height":225,"mime-type":"image\/jpeg","filesize":21523,"source_url":"https:\/\/cog.ca\/wp-content\/uploads\/2023\/09\/Copy-of-pexels-jennifer-13262362-min-300x225.jpg"},"large":{"file":"Copy-of-pexels-jennifer-13262362-min-1024x768.jpg","width":1024,"height":768,"mime-type":"image\/jpeg","filesize":140988,"source_url":"https:\/\/cog.ca\/wp-content\/uploads\/2023\/09\/Copy-of-pexels-jennifer-13262362-min-1024x768.jpg"},"thumbnail":{"file":"Copy-of-pexels-jennifer-13262362-min-150x150.jpg","width":150,"height":150,"mime-type":"image\/jpeg","filesize":8707,"source_url":"https:\/\/cog.ca\/wp-content\/uploads\/2023\/09\/Copy-of-pexels-jennifer-13262362-min-150x150.jpg"},"post-thumbnail":{"file":"Copy-of-pexels-jennifer-13262362-min-150x150.jpg","width":150,"height":150,"mime-type":"image\/jpeg","filesize":8707,"source_url":"https:\/\/cog.ca\/wp-content\/uploads\/2023\/09\/Copy-of-pexels-jennifer-13262362-min-150x150.jpg"}},"image_meta":{"aperture":"0","credit":"","camera":"","caption":"","created_timestamp":"0","copyright":"","focal_length":"0","iso":"0","shutter_speed":"0","title":"","orientation":"0","keywords":[]}},"post":null,"source_url":"https:\/\/cog.ca\/wp-content\/uploads\/2023\/09\/Copy-of-pexels-jennifer-13262362-min.jpg"},"acf":[],"yoast_head":"<!-- This site is optimized with the Yoast SEO plugin v21.2 - https:\/\/yoast.com\/wordpress\/plugins\/seo\/ -->\n<title>COG nouvelles - Cultivons Biologique Canada<\/title>\n<meta name=\"robots\" content=\"index, follow, max-snippet:-1, max-image-preview:large, max-video-preview:-1\" \/>\n<link rel=\"canonical\" href=\"https:\/\/cog.ca\/fr\/cog-news\/\" \/>\n<meta property=\"og:locale\" content=\"fr_FR\" \/>\n<meta property=\"og:type\" content=\"article\" \/>\n<meta property=\"og:title\" content=\"COG nouvelles - Cultivons Biologique Canada\" \/>\n<meta property=\"og:url\" content=\"https:\/\/cog.ca\/fr\/cog-news\/\" \/>\n<meta property=\"og:site_name\" content=\"Cultivons Biologique Canada\" \/>\n<meta property=\"article:modified_time\" content=\"2023-09-07T19:02:14+00:00\" \/>\n<meta name=\"twitter:card\" content=\"summary_large_image\" \/>\n<script type=\"application\/ld+json\" class=\"yoast-schema-graph\">{\"@context\":\"https:\/\/schema.org\",\"@graph\":[{\"@type\":\"WebPage\",\"@id\":\"https:\/\/cog.ca\/fr\/cog-news\/\",\"url\":\"https:\/\/cog.ca\/fr\/cog-news\/\",\"name\":\"COG nouvelles - Cultivons Biologique Canada\",\"isPartOf\":{\"@id\":\"https:\/\/cog.ca\/#website\"},\"datePublished\":\"2023-09-01T19:26:13+00:00\",\"dateModified\":\"2023-09-07T19:02:14+00:00\",\"breadcrumb\":{\"@id\":\"https:\/\/cog.ca\/fr\/cog-news\/#breadcrumb\"},\"inLanguage\":\"fr-FR\",\"potentialAction\":[{\"@type\":\"ReadAction\",\"target\":[\"https:\/\/cog.ca\/fr\/cog-news\/\"]}]},{\"@type\":\"BreadcrumbList\",\"@id\":\"https:\/\/cog.ca\/fr\/cog-news\/#breadcrumb\",\"itemListElement\":[{\"@type\":\"ListItem\",\"position\":1,\"name\":\"Home\",\"item\":\"https:\/\/cog.ca\/fr\/\"},{\"@type\":\"ListItem\",\"position\":2,\"name\":\"COG nouvelles\"}]},{\"@type\":\"WebSite\",\"@id\":\"https:\/\/cog.ca\/#website\",\"url\":\"https:\/\/cog.ca\/\",\"name\":\"Cultivons Biologique Canada\",\"description\":\"\",\"publisher\":{\"@id\":\"https:\/\/cog.ca\/#organization\"},\"potentialAction\":[{\"@type\":\"SearchAction\",\"target\":{\"@type\":\"EntryPoint\",\"urlTemplate\":\"https:\/\/cog.ca\/?s={search_term_string}\"},\"query-input\":\"required name=search_term_string\"}],\"inLanguage\":\"fr-FR\"},{\"@type\":\"Organization\",\"@id\":\"https:\/\/cog.ca\/#organization\",\"name\":\"Canadian Organic Growers\",\"url\":\"https:\/\/cog.ca\/\",\"logo\":{\"@type\":\"ImageObject\",\"inLanguage\":\"fr-FR\",\"@id\":\"https:\/\/cog.ca\/#\/schema\/logo\/image\/\",\"url\":\"https:\/\/cog.ca\/wp-content\/uploads\/2023\/07\/COG_WhiteLogo_Transparent-1.png\",\"contentUrl\":\"https:\/\/cog.ca\/wp-content\/uploads\/2023\/07\/COG_WhiteLogo_Transparent-1.png\",\"width\":208,\"height\":110,\"caption\":\"Canadian Organic Growers\"},\"image\":{\"@id\":\"https:\/\/cog.ca\/#\/schema\/logo\/image\/\"}}]}<\/script>\n<!-- \/ Yoast SEO plugin. -->","yoast_head_json":{"title":"COG nouvelles - Cultivons Biologique Canada","robots":{"index":"index","follow":"follow","max-snippet":"max-snippet:-1","max-image-preview":"max-image-preview:large","max-video-preview":"max-video-preview:-1"},"canonical":"https:\/\/cog.ca\/fr\/cog-news\/","og_locale":"fr_FR","og_type":"article","og_title":"COG nouvelles - Cultivons Biologique Canada","og_url":"https:\/\/cog.ca\/fr\/cog-news\/","og_site_name":"Cultivons Biologique Canada","article_modified_time":"2023-09-07T19:02:14+00:00","twitter_card":"summary_large_image","schema":{"@context":"https:\/\/schema.org","@graph":[{"@type":"WebPage","@id":"https:\/\/cog.ca\/fr\/cog-news\/","url":"https:\/\/cog.ca\/fr\/cog-news\/","name":"COG nouvelles - Cultivons Biologique Canada","isPartOf":{"@id":"https:\/\/cog.ca\/#website"},"datePublished":"2023-09-01T19:26:13+00:00","dateModified":"2023-09-07T19:02:14+00:00","breadcrumb":{"@id":"https:\/\/cog.ca\/fr\/cog-news\/#breadcrumb"},"inLanguage":"fr-FR","potentialAction":[{"@type":"ReadAction","target":["https:\/\/cog.ca\/fr\/cog-news\/"]}]},{"@type":"BreadcrumbList","@id":"https:\/\/cog.ca\/fr\/cog-news\/#breadcrumb","itemListElement":[{"@type":"ListItem","position":1,"name":"Home","item":"https:\/\/cog.ca\/fr\/"},{"@type":"ListItem","position":2,"name":"COG nouvelles"}]},{"@type":"WebSite","@id":"https:\/\/cog.ca\/#website","url":"https:\/\/cog.ca\/","name":"Cultivons Biologique Canada","description":"","publisher":{"@id":"https:\/\/cog.ca\/#organization"},"potentialAction":[{"@type":"SearchAction","target":{"@type":"EntryPoint","urlTemplate":"https:\/\/cog.ca\/?s={search_term_string}"},"query-input":"required name=search_term_string"}],"inLanguage":"fr-FR"},{"@type":"Organization","@id":"https:\/\/cog.ca\/#organization","name":"Canadian Organic Growers","url":"https:\/\/cog.ca\/","logo":{"@type":"ImageObject","inLanguage":"fr-FR","@id":"https:\/\/cog.ca\/#\/schema\/logo\/image\/","url":"https:\/\/cog.ca\/wp-content\/uploads\/2023\/07\/COG_WhiteLogo_Transparent-1.png","contentUrl":"https:\/\/cog.ca\/wp-content\/uploads\/2023\/07\/COG_WhiteLogo_Transparent-1.png","width":208,"height":110,"caption":"Canadian Organic Growers"},"image":{"@id":"https:\/\/cog.ca\/#\/schema\/logo\/image\/"}}]}},"_links":{"self":[{"href":"https:\/\/cog.ca\/fr\/wp-json\/wp\/v2\/pages\/2349","targetHints":{"allow":["GET"]}}],"collection":[{"href":"https:\/\/cog.ca\/fr\/wp-json\/wp\/v2\/pages"}],"about":[{"href":"https:\/\/cog.ca\/fr\/wp-json\/wp\/v2\/types\/page"}],"author":[{"embeddable":true,"href":"https:\/\/cog.ca\/fr\/wp-json\/wp\/v2\/users\/1"}],"replies":[{"embeddable":true,"href":"https:\/\/cog.ca\/fr\/wp-json\/wp\/v2\/comments?post=2349"}],"version-history":[{"count":3,"href":"https:\/\/cog.ca\/fr\/wp-json\/wp\/v2\/pages\/2349\/revisions"}],"predecessor-version":[{"id":2659,"href":"https:\/\/cog.ca\/fr\/wp-json\/wp\/v2\/pages\/2349\/revisions\/2659"}],"wp:featuredmedia":[{"embeddable":true,"href":"https:\/\/cog.ca\/fr\/wp-json\/wp\/v2\/media\/3219"}],"wp:attachment":[{"href":"https:\/\/cog.ca\/fr\/wp-json\/wp\/v2\/media?parent=2349"}],"curies":[{"name":"wp","href":"https:\/\/api.w.org\/{rel}","templated":true}]}}