{"id":2338,"date":"2023-09-01T15:12:59","date_gmt":"2023-09-01T19:12:59","guid":{"rendered":"https:\/\/cog-01.eproofs.ca\/?page_id=2338"},"modified":"2023-09-07T12:51:34","modified_gmt":"2023-09-07T16:51:34","slug":"recent-coverage","status":"publish","type":"page","link":"https:\/\/cog.ca\/fr\/recent-coverage\/","title":{"rendered":"Couverture r\u00e9cente"},"content":{"rendered":"\n<div class=\"wp-block-group alignfull has-theme-grey-background-color has-background is-layout-constrained wp-block-group-is-layout-constrained\">\r\n\t\t\t<div class=\"wp-block-eup-blocks-posts alignwide cards--wrapper is-grid graphic-image orientation-vertical alignment-left design-border size-large\">\r\n\t\t\r\n\t<div class=\"cards--inner\">\r\n\r\n\t\r\n\t<div class=\"card--wrapper\">\r\n\r\n\t\t<div class=\"card-header\">\r\n\t\t\t\t\t\t<a href=\"https:\/\/cog.ca\/fr\/blog\/reduction-du-programme-de-recherche-biologique-2\/\" class=\"card-image--wrapper\">\r\n\t\t\t\t<img src=\"https:\/\/cog.ca\/wp-content\/uploads\/2026\/03\/277487_web1_Parliament-tower-in-Ottawa-with-Canadian-flag-as-300x225.jpg\" decoding=\"async\" loading=\"lazy\"\r\n\t\t srcset=\"https:\/\/cog.ca\/wp-content\/uploads\/2026\/03\/277487_web1_Parliament-tower-in-Ottawa-with-Canadian-flag-as-300x225.jpg 300w, https:\/\/cog.ca\/wp-content\/uploads\/2026\/03\/277487_web1_Parliament-tower-in-Ottawa-with-Canadian-flag-as-1024x768.jpg 1024w, https:\/\/cog.ca\/wp-content\/uploads\/2026\/03\/277487_web1_Parliament-tower-in-Ottawa-with-Canadian-flag-as.jpg 1200w\"\r\n\t\t sizes=\"(max-width: 300px) 100vw, 300px\">\t\t\t<\/a>\r\n\t\t\t\t\t\t<div class=\"card-header--text\">\r\n\t\t\t\t<div class=\"card-meta\">\r\n\t\t\t\t\t<span class=\"meta-item category\">Couverture r\u00e9cente,News,Nouvelles,Recent Coverage<\/span>\r\n\t\t\t\t\t<span class=\"meta-item\">mars 17, 2026<\/span>\r\n\t\t\t\t<\/div>\r\n\t\t\t\t<a href=\"https:\/\/cog.ca\/fr\/blog\/reduction-du-programme-de-recherche-biologique-2\/\" class=\"card-title\">Les organisations agricoles demandent au ministre de l&rsquo;Agriculture de suspendre les coupes budg\u00e9taires f\u00e9d\u00e9rales dans la recherche<\/a>\r\n\t\t\t<\/div>\r\n\t\t<\/div>\r\n\r\n\t\t<div class=\"card-content\">\r\n\t\t\t<div class=\"card-desc\"><p>Vingt associations agricoles et de producteurs demandent au gouvernement de suspendre pendant deux ans les coupes budg\u00e9taires dans la recherche men\u00e9e par le minist\u00e8re de l&rsquo;Agriculture et Agroalimentaire Canada (AAC).<\/p>\n<\/div>\r\n\t\t\t<a href=\"https:\/\/cog.ca\/fr\/blog\/reduction-du-programme-de-recherche-biologique-2\/\" class=\"card-more\">En savoir plus<\/a>\r\n\t\t<\/div>\r\n\r\n\t<\/div>\r\n\r\n\t\r\n\t<div class=\"card--wrapper\">\r\n\r\n\t\t<div class=\"card-header\">\r\n\t\t\t\t\t\t<a href=\"https:\/\/cog.ca\/fr\/blog\/organic-research-program-cut\/\" class=\"card-image--wrapper\">\r\n\t\t\t\t<img src=\"https:\/\/cog.ca\/wp-content\/uploads\/2026\/02\/RKA033117_fernandez-1200-300x225.jpg\" decoding=\"async\" loading=\"lazy\"\r\n\t\t srcset=\"https:\/\/cog.ca\/wp-content\/uploads\/2026\/02\/RKA033117_fernandez-1200-300x225.jpg 300w, https:\/\/cog.ca\/wp-content\/uploads\/2026\/02\/RKA033117_fernandez-1200-1024x768.jpg 1024w, https:\/\/cog.ca\/wp-content\/uploads\/2026\/02\/RKA033117_fernandez-1200.jpg 1200w\"\r\n\t\t sizes=\"(max-width: 300px) 100vw, 300px\">\t\t\t<\/a>\r\n\t\t\t\t\t\t<div class=\"card-header--text\">\r\n\t\t\t\t<div class=\"card-meta\">\r\n\t\t\t\t\t<span class=\"meta-item category\">Couverture r\u00e9cente,News,Nouvelles,Recent Coverage<\/span>\r\n\t\t\t\t\t<span class=\"meta-item\">f\u00e9vrier 5, 2026<\/span>\r\n\t\t\t\t<\/div>\r\n\t\t\t\t<a href=\"https:\/\/cog.ca\/fr\/blog\/organic-research-program-cut\/\" class=\"card-title\">R\u00e9duction du programme de recherche biologique<\/a>\r\n\t\t\t<\/div>\r\n\t\t<\/div>\r\n\r\n\t\t<div class=\"card-content\">\r\n\t\t\t<div class=\"card-desc\"><p>Le programme de recherche sur l&rsquo;agriculture biologique et r\u00e9g\u00e9n\u00e9rative de Swift Current, en Saskatchewan, dirig\u00e9 par Myriam Fernandez, a \u00e9t\u00e9 victime des coupes budg\u00e9taires f\u00e9d\u00e9rales dans le domaine de l&rsquo;agriculture annonc\u00e9es en janvier 2026.<\/p>\n<\/div>\r\n\t\t\t<a href=\"https:\/\/cog.ca\/fr\/blog\/organic-research-program-cut\/\" class=\"card-more\">En savoir plus<\/a>\r\n\t\t<\/div>\r\n\r\n\t<\/div>\r\n\r\n\t\r\n\t<div class=\"card--wrapper\">\r\n\r\n\t\t<div class=\"card-header\">\r\n\t\t\t\t\t\t<a href=\"https:\/\/cog.ca\/fr\/blog\/lagriculture-pour-lavenir-lopportunite-biologique-que-le-canada-ne-peut-pas-manquer\/\" class=\"card-image--wrapper\">\r\n\t\t\t\t<img src=\"https:\/\/cog.ca\/wp-content\/uploads\/2025\/11\/The-Homestead-1-300x200.jpeg\" decoding=\"async\" loading=\"lazy\"\r\n\t\t srcset=\"https:\/\/cog.ca\/wp-content\/uploads\/2025\/11\/The-Homestead-1-300x200.jpeg 300w, https:\/\/cog.ca\/wp-content\/uploads\/2025\/11\/The-Homestead-1-1024x683.jpeg 1024w, https:\/\/cog.ca\/wp-content\/uploads\/2025\/11\/The-Homestead-1-scaled.jpeg 1920w\"\r\n\t\t sizes=\"(max-width: 300px) 100vw, 300px\">\t\t\t<\/a>\r\n\t\t\t\t\t\t<div class=\"card-header--text\">\r\n\t\t\t\t<div class=\"card-meta\">\r\n\t\t\t\t\t<span class=\"meta-item category\">Couverture r\u00e9cente,News,Nouvelles,Recent Coverage<\/span>\r\n\t\t\t\t\t<span class=\"meta-item\">novembre 8, 2025<\/span>\r\n\t\t\t\t<\/div>\r\n\t\t\t\t<a href=\"https:\/\/cog.ca\/fr\/blog\/lagriculture-pour-lavenir-lopportunite-biologique-que-le-canada-ne-peut-pas-manquer\/\" class=\"card-title\">L&rsquo;agriculture pour l&rsquo;avenir : l&rsquo;opportunit\u00e9 biologique que le Canada ne peut pas manquer<\/a>\r\n\t\t\t<\/div>\r\n\t\t<\/div>\r\n\r\n\t\t<div class=\"card-content\">\r\n\t\t\t<div class=\"card-desc\"><p>Lisez notre article publi\u00e9 dans le num\u00e9ro d&rsquo;automne du magazine Organic Alberta sur notre groupe de travail sur l&rsquo;agriculture biologique.<\/p>\n<\/div>\r\n\t\t\t<a href=\"https:\/\/cog.ca\/fr\/blog\/lagriculture-pour-lavenir-lopportunite-biologique-que-le-canada-ne-peut-pas-manquer\/\" class=\"card-more\">En savoir plus<\/a>\r\n\t\t<\/div>\r\n\r\n\t<\/div>\r\n\r\n\t\r\n\t<div class=\"card--wrapper\">\r\n\r\n\t\t<div class=\"card-header\">\r\n\t\t\t\t\t\t<a href=\"https:\/\/cog.ca\/fr\/blog\/lalliance-biologique-canadienne-lance-un-plan-daction-national\/\" class=\"card-image--wrapper\">\r\n\t\t\t\t<img src=\"https:\/\/cog.ca\/wp-content\/uploads\/2025\/11\/Screen-Shot-2025-11-07-at-2.29.45-PM-300x125.png\" decoding=\"async\" loading=\"lazy\"\r\n\t\t srcset=\"https:\/\/cog.ca\/wp-content\/uploads\/2025\/11\/Screen-Shot-2025-11-07-at-2.29.45-PM-300x125.png 300w, https:\/\/cog.ca\/wp-content\/uploads\/2025\/11\/Screen-Shot-2025-11-07-at-2.29.45-PM-1024x428.png 1024w, https:\/\/cog.ca\/wp-content\/uploads\/2025\/11\/Screen-Shot-2025-11-07-at-2.29.45-PM.png 1106w\"\r\n\t\t sizes=\"(max-width: 300px) 100vw, 300px\">\t\t\t<\/a>\r\n\t\t\t\t\t\t<div class=\"card-header--text\">\r\n\t\t\t\t<div class=\"card-meta\">\r\n\t\t\t\t\t<span class=\"meta-item category\">Couverture r\u00e9cente,News,Nouvelles,Recent Coverage<\/span>\r\n\t\t\t\t\t<span class=\"meta-item\">novembre 7, 2025<\/span>\r\n\t\t\t\t<\/div>\r\n\t\t\t\t<a href=\"https:\/\/cog.ca\/fr\/blog\/lalliance-biologique-canadienne-lance-un-plan-daction-national\/\" class=\"card-title\">COG pr\u00e9sent\u00e9 dans le magazine The Organic Voice<\/a>\r\n\t\t\t<\/div>\r\n\t\t<\/div>\r\n\r\n\t\t<div class=\"card-content\">\r\n\t\t\t<div class=\"card-desc\"><p>Lisez notre article publi\u00e9 dans le magazine The Organic Voice de l&rsquo;Association des agriculteurs biologiques, dans leur num\u00e9ro de novembre 2025.<\/p>\n<\/div>\r\n\t\t\t<a href=\"https:\/\/cog.ca\/fr\/blog\/lalliance-biologique-canadienne-lance-un-plan-daction-national\/\" class=\"card-more\">En savoir plus<\/a>\r\n\t\t<\/div>\r\n\r\n\t<\/div>\r\n\r\n\t\r\n\t<div class=\"card--wrapper\">\r\n\r\n\t\t<div class=\"card-header\">\r\n\t\t\t\t\t\t<a href=\"https:\/\/cog.ca\/fr\/blog\/un-rapport-sur-lagriculture-biologique-souligne-la-necessite-dun-soutien-a-la-transition\/\" class=\"card-image--wrapper\">\r\n\t\t\t\t<img src=\"https:\/\/cog.ca\/wp-content\/uploads\/2025\/11\/GettyImages-871231060-scaled-e1761763385125-300x200.jpg\" decoding=\"async\" loading=\"lazy\"\r\n\t\t srcset=\"https:\/\/cog.ca\/wp-content\/uploads\/2025\/11\/GettyImages-871231060-scaled-e1761763385125-300x200.jpg 300w, https:\/\/cog.ca\/wp-content\/uploads\/2025\/11\/GettyImages-871231060-scaled-e1761763385125-1024x683.jpg 1024w, https:\/\/cog.ca\/wp-content\/uploads\/2025\/11\/GettyImages-871231060-scaled-e1761763385125.jpg 1200w\"\r\n\t\t sizes=\"(max-width: 300px) 100vw, 300px\">\t\t\t<\/a>\r\n\t\t\t\t\t\t<div class=\"card-header--text\">\r\n\t\t\t\t<div class=\"card-meta\">\r\n\t\t\t\t\t<span class=\"meta-item category\">Couverture r\u00e9cente,News,Nouvelles,Recent Coverage<\/span>\r\n\t\t\t\t\t<span class=\"meta-item\">novembre 3, 2025<\/span>\r\n\t\t\t\t<\/div>\r\n\t\t\t\t<a href=\"https:\/\/cog.ca\/fr\/blog\/un-rapport-sur-lagriculture-biologique-souligne-la-necessite-dun-soutien-a-la-transition\/\" class=\"card-title\">Les groupes du secteur biologique publient un plan d&rsquo;action public-priv\u00e9 pour la croissance du secteur<\/a>\r\n\t\t\t<\/div>\r\n\t\t<\/div>\r\n\r\n\t\t<div class=\"card-content\">\r\n\t\t\t<div class=\"card-desc\"><p>Ce plan donne au gouvernement une feuille de route claire pour d\u00e9bloquer des milliards de dollars de revenus agricoles nets et aider les agriculteurs et les transformateurs canadiens \u00e0 \u00eatre comp\u00e9titifs \u00e0 l&rsquo;\u00e9chelle mondiale tout en stimulant la croissance ici m\u00eame, chez nous.<\/p>\n<\/div>\r\n\t\t\t<a href=\"https:\/\/cog.ca\/fr\/blog\/un-rapport-sur-lagriculture-biologique-souligne-la-necessite-dun-soutien-a-la-transition\/\" class=\"card-more\">En savoir plus<\/a>\r\n\t\t<\/div>\r\n\r\n\t<\/div>\r\n\r\n\t\r\n\t<div class=\"card--wrapper\">\r\n\r\n\t\t<div class=\"card-header\">\r\n\t\t\t\t\t\t<a href=\"https:\/\/cog.ca\/fr\/blog\/lagriculture-biologique-pourrait-generer-des-rendements-superieurs-de-117-par-acre\/\" class=\"card-image--wrapper\">\r\n\t\t\t\t<img src=\"https:\/\/cog.ca\/wp-content\/uploads\/2025\/09\/Copy-of-newfarm-6-1-1-300x200.jpg\" decoding=\"async\" loading=\"lazy\"\r\n\t\t srcset=\"https:\/\/cog.ca\/wp-content\/uploads\/2025\/09\/Copy-of-newfarm-6-1-1-300x200.jpg 300w, https:\/\/cog.ca\/wp-content\/uploads\/2025\/09\/Copy-of-newfarm-6-1-1-1024x683.jpg 1024w, https:\/\/cog.ca\/wp-content\/uploads\/2025\/09\/Copy-of-newfarm-6-1-1-scaled.jpg 1920w\"\r\n\t\t sizes=\"(max-width: 300px) 100vw, 300px\">\t\t\t<\/a>\r\n\t\t\t\t\t\t<div class=\"card-header--text\">\r\n\t\t\t\t<div class=\"card-meta\">\r\n\t\t\t\t\t<span class=\"meta-item category\">Couverture r\u00e9cente,News,Nouvelles,Recent Coverage<\/span>\r\n\t\t\t\t\t<span class=\"meta-item\">octobre 3, 2025<\/span>\r\n\t\t\t\t<\/div>\r\n\t\t\t\t<a href=\"https:\/\/cog.ca\/fr\/blog\/lagriculture-biologique-pourrait-generer-des-rendements-superieurs-de-117-par-acre\/\" class=\"card-title\">L&rsquo;agriculture biologique pourrait g\u00e9n\u00e9rer des rendements sup\u00e9rieurs de 117 % par acre<\/a>\r\n\t\t\t<\/div>\r\n\t\t<\/div>\r\n\r\n\t\t<div class=\"card-content\">\r\n\t\t\t<div class=\"card-desc\"><p>Un article publi\u00e9 par Farms.com sur le rapport r\u00e9cemment publi\u00e9 par le groupe de travail sur l&rsquo;agriculture biologique du COG.<\/p>\n<\/div>\r\n\t\t\t<a href=\"https:\/\/cog.ca\/fr\/blog\/lagriculture-biologique-pourrait-generer-des-rendements-superieurs-de-117-par-acre\/\" class=\"card-more\">En savoir plus<\/a>\r\n\t\t<\/div>\r\n\r\n\t<\/div>\r\n\r\n\t\t\r\n\t<\/div>\r\n\t<\/div>\r\n\r\n<\/div>\n","protected":false},"excerpt":{"rendered":"","protected":false},"author":1,"featured_media":0,"parent":0,"menu_order":12,"comment_status":"closed","ping_status":"closed","template":"","meta":{"inline_featured_image":false,"footnotes":""},"class_list":["post-2338","page","type-page","status-publish","hentry"],"better_featured_image":null,"acf":[],"yoast_head":"<!-- This site is optimized with the Yoast SEO plugin v21.2 - https:\/\/yoast.com\/wordpress\/plugins\/seo\/ -->\n<title>Couverture r\u00e9cente - Cultivons Biologique Canada<\/title>\n<meta name=\"robots\" content=\"index, follow, max-snippet:-1, max-image-preview:large, max-video-preview:-1\" \/>\n<link rel=\"canonical\" href=\"https:\/\/cog.ca\/fr\/recent-coverage\/\" \/>\n<meta property=\"og:locale\" content=\"fr_FR\" \/>\n<meta property=\"og:type\" content=\"article\" \/>\n<meta property=\"og:title\" content=\"Couverture r\u00e9cente - Cultivons Biologique Canada\" \/>\n<meta property=\"og:url\" content=\"https:\/\/cog.ca\/fr\/recent-coverage\/\" \/>\n<meta property=\"og:site_name\" content=\"Cultivons Biologique Canada\" \/>\n<meta property=\"article:modified_time\" content=\"2023-09-07T16:51:34+00:00\" \/>\n<meta name=\"twitter:card\" content=\"summary_large_image\" \/>\n<script type=\"application\/ld+json\" class=\"yoast-schema-graph\">{\"@context\":\"https:\/\/schema.org\",\"@graph\":[{\"@type\":\"WebPage\",\"@id\":\"https:\/\/cog.ca\/fr\/recent-coverage\/\",\"url\":\"https:\/\/cog.ca\/fr\/recent-coverage\/\",\"name\":\"Couverture r\u00e9cente - Cultivons Biologique Canada\",\"isPartOf\":{\"@id\":\"https:\/\/cog.ca\/#website\"},\"datePublished\":\"2023-09-01T19:12:59+00:00\",\"dateModified\":\"2023-09-07T16:51:34+00:00\",\"breadcrumb\":{\"@id\":\"https:\/\/cog.ca\/fr\/recent-coverage\/#breadcrumb\"},\"inLanguage\":\"fr-FR\",\"potentialAction\":[{\"@type\":\"ReadAction\",\"target\":[\"https:\/\/cog.ca\/fr\/recent-coverage\/\"]}]},{\"@type\":\"BreadcrumbList\",\"@id\":\"https:\/\/cog.ca\/fr\/recent-coverage\/#breadcrumb\",\"itemListElement\":[{\"@type\":\"ListItem\",\"position\":1,\"name\":\"Home\",\"item\":\"https:\/\/cog.ca\/fr\/\"},{\"@type\":\"ListItem\",\"position\":2,\"name\":\"Couverture r\u00e9cente\"}]},{\"@type\":\"WebSite\",\"@id\":\"https:\/\/cog.ca\/#website\",\"url\":\"https:\/\/cog.ca\/\",\"name\":\"Cultivons Biologique Canada\",\"description\":\"\",\"publisher\":{\"@id\":\"https:\/\/cog.ca\/#organization\"},\"potentialAction\":[{\"@type\":\"SearchAction\",\"target\":{\"@type\":\"EntryPoint\",\"urlTemplate\":\"https:\/\/cog.ca\/?s={search_term_string}\"},\"query-input\":\"required name=search_term_string\"}],\"inLanguage\":\"fr-FR\"},{\"@type\":\"Organization\",\"@id\":\"https:\/\/cog.ca\/#organization\",\"name\":\"Canadian Organic Growers\",\"url\":\"https:\/\/cog.ca\/\",\"logo\":{\"@type\":\"ImageObject\",\"inLanguage\":\"fr-FR\",\"@id\":\"https:\/\/cog.ca\/#\/schema\/logo\/image\/\",\"url\":\"https:\/\/cog.ca\/wp-content\/uploads\/2023\/07\/COG_WhiteLogo_Transparent-1.png\",\"contentUrl\":\"https:\/\/cog.ca\/wp-content\/uploads\/2023\/07\/COG_WhiteLogo_Transparent-1.png\",\"width\":208,\"height\":110,\"caption\":\"Canadian Organic Growers\"},\"image\":{\"@id\":\"https:\/\/cog.ca\/#\/schema\/logo\/image\/\"}}]}<\/script>\n<!-- \/ Yoast SEO plugin. -->","yoast_head_json":{"title":"Couverture r\u00e9cente - Cultivons Biologique Canada","robots":{"index":"index","follow":"follow","max-snippet":"max-snippet:-1","max-image-preview":"max-image-preview:large","max-video-preview":"max-video-preview:-1"},"canonical":"https:\/\/cog.ca\/fr\/recent-coverage\/","og_locale":"fr_FR","og_type":"article","og_title":"Couverture r\u00e9cente - Cultivons Biologique Canada","og_url":"https:\/\/cog.ca\/fr\/recent-coverage\/","og_site_name":"Cultivons Biologique Canada","article_modified_time":"2023-09-07T16:51:34+00:00","twitter_card":"summary_large_image","schema":{"@context":"https:\/\/schema.org","@graph":[{"@type":"WebPage","@id":"https:\/\/cog.ca\/fr\/recent-coverage\/","url":"https:\/\/cog.ca\/fr\/recent-coverage\/","name":"Couverture r\u00e9cente - Cultivons Biologique Canada","isPartOf":{"@id":"https:\/\/cog.ca\/#website"},"datePublished":"2023-09-01T19:12:59+00:00","dateModified":"2023-09-07T16:51:34+00:00","breadcrumb":{"@id":"https:\/\/cog.ca\/fr\/recent-coverage\/#breadcrumb"},"inLanguage":"fr-FR","potentialAction":[{"@type":"ReadAction","target":["https:\/\/cog.ca\/fr\/recent-coverage\/"]}]},{"@type":"BreadcrumbList","@id":"https:\/\/cog.ca\/fr\/recent-coverage\/#breadcrumb","itemListElement":[{"@type":"ListItem","position":1,"name":"Home","item":"https:\/\/cog.ca\/fr\/"},{"@type":"ListItem","position":2,"name":"Couverture r\u00e9cente"}]},{"@type":"WebSite","@id":"https:\/\/cog.ca\/#website","url":"https:\/\/cog.ca\/","name":"Cultivons Biologique Canada","description":"","publisher":{"@id":"https:\/\/cog.ca\/#organization"},"potentialAction":[{"@type":"SearchAction","target":{"@type":"EntryPoint","urlTemplate":"https:\/\/cog.ca\/?s={search_term_string}"},"query-input":"required name=search_term_string"}],"inLanguage":"fr-FR"},{"@type":"Organization","@id":"https:\/\/cog.ca\/#organization","name":"Canadian Organic Growers","url":"https:\/\/cog.ca\/","logo":{"@type":"ImageObject","inLanguage":"fr-FR","@id":"https:\/\/cog.ca\/#\/schema\/logo\/image\/","url":"https:\/\/cog.ca\/wp-content\/uploads\/2023\/07\/COG_WhiteLogo_Transparent-1.png","contentUrl":"https:\/\/cog.ca\/wp-content\/uploads\/2023\/07\/COG_WhiteLogo_Transparent-1.png","width":208,"height":110,"caption":"Canadian Organic Growers"},"image":{"@id":"https:\/\/cog.ca\/#\/schema\/logo\/image\/"}}]}},"_links":{"self":[{"href":"https:\/\/cog.ca\/fr\/wp-json\/wp\/v2\/pages\/2338","targetHints":{"allow":["GET"]}}],"collection":[{"href":"https:\/\/cog.ca\/fr\/wp-json\/wp\/v2\/pages"}],"about":[{"href":"https:\/\/cog.ca\/fr\/wp-json\/wp\/v2\/types\/page"}],"author":[{"embeddable":true,"href":"https:\/\/cog.ca\/fr\/wp-json\/wp\/v2\/users\/1"}],"replies":[{"embeddable":true,"href":"https:\/\/cog.ca\/fr\/wp-json\/wp\/v2\/comments?post=2338"}],"version-history":[{"count":6,"href":"https:\/\/cog.ca\/fr\/wp-json\/wp\/v2\/pages\/2338\/revisions"}],"predecessor-version":[{"id":2615,"href":"https:\/\/cog.ca\/fr\/wp-json\/wp\/v2\/pages\/2338\/revisions\/2615"}],"wp:attachment":[{"href":"https:\/\/cog.ca\/fr\/wp-json\/wp\/v2\/media?parent=2338"}],"curies":[{"name":"wp","href":"https:\/\/api.w.org\/{rel}","templated":true}]}}