{"id":2334,"date":"2023-09-01T13:58:30","date_gmt":"2023-09-01T17:58:30","guid":{"rendered":"https:\/\/cog-01.eproofs.ca\/?page_id=2334"},"modified":"2023-09-22T14:17:49","modified_gmt":"2023-09-22T18:17:49","slug":"events","status":"publish","type":"page","link":"https:\/\/cog.ca\/fr\/events\/","title":{"rendered":"\u00c9v\u00e9nements"},"content":{"rendered":"\n<div class=\"wp-block-group alignfull has-theme-grey-background-color has-background is-layout-constrained wp-block-group-is-layout-constrained\">\r\n\t\t\t<div class=\"wp-block-eup-blocks-events alignwide cards--wrapper is-grid graphic-image orientation-vertical alignment-left design-border size-large\">\r\n\t\t\r\n\t<div class=\"cards--inner\">\r\n\r\n\t\r\n\t<div class=\"card--wrapper\">\r\n\r\n\t\t<div class=\"card-header\">\r\n\t\t\t\t\t\t<a href=\"https:\/\/cog.ca\/fr\/event\/cog-agm-2026\/\" class=\"card-image--wrapper\">\r\n\t\t\t\t<img src=\"https:\/\/cog.ca\/wp-content\/uploads\/2026\/01\/Copy-of-Annual-General-Meeting-1-240x300.png\" decoding=\"async\" loading=\"lazy\"\r\n\t\t srcset=\"https:\/\/cog.ca\/wp-content\/uploads\/2026\/01\/Copy-of-Annual-General-Meeting-1-240x300.png 240w, https:\/\/cog.ca\/wp-content\/uploads\/2026\/01\/Copy-of-Annual-General-Meeting-1-819x1024.png 819w, https:\/\/cog.ca\/wp-content\/uploads\/2026\/01\/Copy-of-Annual-General-Meeting-1.png 1080w\"\r\n\t\t sizes=\"(max-width: 240px) 100vw, 240px\">\t\t\t<\/a>\r\n\t\t\t\t\t\t<div class=\"card-header--text\">\r\n\t\t\t\t<a href=\"https:\/\/cog.ca\/fr\/event\/cog-agm-2026\/\" class=\"card-title\">Assembl\u00e9e g\u00e9n\u00e9rale annuelle du COG<\/a>\r\n\t\t\t<\/div>\r\n\t\t<\/div>\r\n\r\n\t\t<div class=\"card-content\">\r\n\t\t\t<div class=\"card-desc\"><p>Tout le monde est invit\u00e9 \u00e0 participer \u00e0 l&rsquo;assembl\u00e9e g\u00e9n\u00e9rale annuelle (AGA) en ligne de Canadian Organic Growers, qui aura lieu le mercredi 25 mars 2026, de 16 h \u00e0 17 h 30 (HAE), via Zoom.<\/p>\n<\/div>\r\n\t\t\t<div class=\"card-meta2\">\t\t\t<span class=\"meta-item date\"><svg width=\"16\" height=\"17\" viewBox=\"0 0 16 17\" fill=\"none\" xmlns=\"http:\/\/www.w3.org\/2000\/svg\">\r\n<path d=\"M3.33333 15.1666C2.96667 15.1666 2.65267 15.0359 2.39133 14.7746C2.13 14.5133 1.99956 14.1995 2 13.8333V4.49992C2 4.13325 2.13067 3.81925 2.392 3.55792C2.65333 3.29659 2.96711 3.16614 3.33333 3.16659H4V2.49992C4 2.31103 4.064 2.15259 4.192 2.02459C4.32 1.89659 4.47822 1.83281 4.66667 1.83325C4.85556 1.83325 5.014 1.89725 5.142 2.02525C5.27 2.15325 5.33378 2.31148 5.33333 2.49992V3.16659H10.6667V2.49992C10.6667 2.31103 10.7307 2.15259 10.8587 2.02459C10.9867 1.89659 11.1449 1.83281 11.3333 1.83325C11.5222 1.83325 11.6807 1.89725 11.8087 2.02525C11.9367 2.15325 12.0004 2.31148 12 2.49992V3.16659H12.6667C13.0333 3.16659 13.3473 3.29725 13.6087 3.55859C13.87 3.81992 14.0004 4.1337 14 4.49992V13.8333C14 14.1999 13.8693 14.5139 13.608 14.7753C13.3467 15.0366 13.0329 15.167 12.6667 15.1666H3.33333ZM3.33333 13.8333H12.6667V7.16659H3.33333V13.8333ZM3.33333 5.83325H12.6667V4.49992H3.33333V5.83325ZM8 9.83325C7.81111 9.83325 7.65267 9.76925 7.52467 9.64125C7.39667 9.51325 7.33289 9.35503 7.33333 9.16659C7.33333 8.9777 7.39734 8.81925 7.52533 8.69125C7.65333 8.56325 7.81156 8.49948 8 8.49992C8.18889 8.49992 8.34733 8.56392 8.47534 8.69192C8.60333 8.81992 8.66711 8.97814 8.66667 9.16659C8.66667 9.35548 8.60267 9.51392 8.47467 9.64192C8.34667 9.76992 8.18845 9.8337 8 9.83325ZM5.33333 9.83325C5.14445 9.83325 4.986 9.76925 4.858 9.64125C4.73 9.51325 4.66622 9.35503 4.66667 9.16659C4.66667 8.9777 4.73067 8.81925 4.85867 8.69125C4.98667 8.56325 5.14489 8.49948 5.33333 8.49992C5.52222 8.49992 5.68067 8.56392 5.80867 8.69192C5.93667 8.81992 6.00045 8.97814 6 9.16659C6 9.35548 5.936 9.51392 5.808 9.64192C5.68 9.76992 5.52178 9.8337 5.33333 9.83325ZM10.6667 9.83325C10.4778 9.83325 10.3193 9.76925 10.1913 9.64125C10.0633 9.51325 9.99956 9.35503 10 9.16659C10 8.9777 10.064 8.81925 10.192 8.69125C10.32 8.56325 10.4782 8.49948 10.6667 8.49992C10.8556 8.49992 11.014 8.56392 11.142 8.69192C11.27 8.81992 11.3338 8.97814 11.3333 9.16659C11.3333 9.35548 11.2693 9.51392 11.1413 9.64192C11.0133 9.76992 10.8551 9.8337 10.6667 9.83325ZM8 12.4999C7.81111 12.4999 7.65267 12.4359 7.52467 12.3079C7.39667 12.1799 7.33289 12.0217 7.33333 11.8333C7.33333 11.6444 7.39734 11.4859 7.52533 11.3579C7.65333 11.2299 7.81156 11.1661 8 11.1666C8.18889 11.1666 8.34733 11.2306 8.47534 11.3586C8.60333 11.4866 8.66711 11.6448 8.66667 11.8333C8.66667 12.0221 8.60267 12.1806 8.47467 12.3086C8.34667 12.4366 8.18845 12.5004 8 12.4999ZM5.33333 12.4999C5.14445 12.4999 4.986 12.4359 4.858 12.3079C4.73 12.1799 4.66622 12.0217 4.66667 11.8333C4.66667 11.6444 4.73067 11.4859 4.85867 11.3579C4.98667 11.2299 5.14489 11.1661 5.33333 11.1666C5.52222 11.1666 5.68067 11.2306 5.80867 11.3586C5.93667 11.4866 6.00045 11.6448 6 11.8333C6 12.0221 5.936 12.1806 5.808 12.3086C5.68 12.4366 5.52178 12.5004 5.33333 12.4999ZM10.6667 12.4999C10.4778 12.4999 10.3193 12.4359 10.1913 12.3079C10.0633 12.1799 9.99956 12.0217 10 11.8333C10 11.6444 10.064 11.4859 10.192 11.3579C10.32 11.2299 10.4782 11.1661 10.6667 11.1666C10.8556 11.1666 11.014 11.2306 11.142 11.3586C11.27 11.4866 11.3338 11.6448 11.3333 11.8333C11.3333 12.0221 11.2693 12.1806 11.1413 12.3086C11.0133 12.4366 10.8551 12.5004 10.6667 12.4999Z\" fill=\"#636363\"\/>\r\n<\/svg>\r\nmars 25, 2026<\/span>\r\n\t\t\t\t\t\t<span class=\"meta-item time\"><svg width=\"16\" height=\"17\" viewBox=\"0 0 16 17\" fill=\"none\" xmlns=\"http:\/\/www.w3.org\/2000\/svg\">\r\n<path d=\"M8.66671 8.23325V5.83325C8.66671 5.64436 8.60271 5.48592 8.47471 5.35792C8.34671 5.22992 8.18849 5.16614 8.00004 5.16659C7.81115 5.16659 7.65271 5.23059 7.52471 5.35859C7.39671 5.48659 7.33293 5.64481 7.33337 5.83325V8.48325C7.33337 8.57214 7.35004 8.65836 7.38337 8.74192C7.41671 8.82547 7.46671 8.90036 7.53337 8.96659L9.73337 11.1666C9.8556 11.2888 10.0112 11.3499 10.2 11.3499C10.3889 11.3499 10.5445 11.2888 10.6667 11.1666C10.7889 11.0444 10.85 10.8888 10.85 10.6999C10.85 10.511 10.7889 10.3555 10.6667 10.2333L8.66671 8.23325ZM8.00004 15.1666C7.07782 15.1666 6.21115 14.9915 5.40004 14.6413C4.58893 14.291 3.88337 13.8161 3.28337 13.2166C2.68337 12.6166 2.20849 11.911 1.85871 11.0999C1.50893 10.2888 1.33382 9.42214 1.33337 8.49992C1.33337 7.5777 1.50849 6.71103 1.85871 5.89992C2.20893 5.08881 2.68382 4.38325 3.28337 3.78325C3.88337 3.18325 4.58893 2.70836 5.40004 2.35859C6.21115 2.00881 7.07782 1.8337 8.00004 1.83325C8.92226 1.83325 9.78893 2.00836 10.6 2.35859C11.4112 2.70881 12.1167 3.1837 12.7167 3.78325C13.3167 4.38325 13.7918 5.08881 14.142 5.89992C14.4923 6.71103 14.6672 7.5777 14.6667 8.49992C14.6667 9.42214 14.4916 10.2888 14.1414 11.0999C13.7912 11.911 13.3163 12.6166 12.7167 13.2166C12.1167 13.8166 11.4112 14.2917 10.6 14.6419C9.78893 14.9921 8.92226 15.167 8.00004 15.1666ZM8.00004 13.8333C9.47782 13.8333 10.7363 13.3139 11.7754 12.2753C12.8145 11.2366 13.3338 9.97814 13.3334 8.49992C13.3334 7.02214 12.814 5.7637 11.7754 4.72459C10.7367 3.68547 9.47826 3.16614 8.00004 3.16659C6.52226 3.16659 5.26382 3.68592 4.22471 4.72459C3.1856 5.76325 2.66626 7.0217 2.66671 8.49992C2.66671 9.9777 3.18604 11.2361 4.22471 12.2753C5.26337 13.3144 6.52182 13.8337 8.00004 13.8333Z\" fill=\"#636363\"\/>\r\n<\/svg>\r\n4:00 pm &#8211; 5:30 pm<\/span>\r\n\t\t\t\t\t\t<\/div>\r\n\t\t\t\t\t<\/div>\r\n\r\n\t<\/div>\r\n\r\n\t\r\n\t<div class=\"card--wrapper\">\r\n\r\n\t\t<div class=\"card-header\">\r\n\t\t\t\t\t\t<div class=\"card-header--text\">\r\n\t\t\t\t<a href=\"https:\/\/cog.ca\/fr\/event\/organic-vegetable-seed-production-course-2020\/\" class=\"card-title\">Cours sur la production de semences de l\u00e9gumes biologiques en 2020<\/a>\r\n\t\t\t<\/div>\r\n\t\t<\/div>\r\n\r\n\t\t<div class=\"card-content\">\r\n\t\t\t<div class=\"card-desc\"><p>Si vous le souhaitez : ALORS REJOIGNEZ-NOUS DANS LE COURS DE PRODUCTION DE SEMENCES DE L\u00c9GUMES BIOLOGIQUES 2020 ! En partenariat avec&nbsp;USC Canada&nbsp;par le biais de&nbsp;Le&nbsp;Initiative de la famille Bauta sur la s\u00e9curit\u00e9 des semences au CanadaLe COG est heureux d&rsquo;ouvrir l&rsquo;inscription au seul certificat d&rsquo;apprentissage en ligne de niveau interm\u00e9diaire sur la&nbsp;production de semences [&hellip;]<\/p>\n<\/div>\r\n\t\t\t<div class=\"card-meta2\">\t\t\t<span class=\"meta-item date\"><svg width=\"16\" height=\"17\" viewBox=\"0 0 16 17\" fill=\"none\" xmlns=\"http:\/\/www.w3.org\/2000\/svg\">\r\n<path d=\"M3.33333 15.1666C2.96667 15.1666 2.65267 15.0359 2.39133 14.7746C2.13 14.5133 1.99956 14.1995 2 13.8333V4.49992C2 4.13325 2.13067 3.81925 2.392 3.55792C2.65333 3.29659 2.96711 3.16614 3.33333 3.16659H4V2.49992C4 2.31103 4.064 2.15259 4.192 2.02459C4.32 1.89659 4.47822 1.83281 4.66667 1.83325C4.85556 1.83325 5.014 1.89725 5.142 2.02525C5.27 2.15325 5.33378 2.31148 5.33333 2.49992V3.16659H10.6667V2.49992C10.6667 2.31103 10.7307 2.15259 10.8587 2.02459C10.9867 1.89659 11.1449 1.83281 11.3333 1.83325C11.5222 1.83325 11.6807 1.89725 11.8087 2.02525C11.9367 2.15325 12.0004 2.31148 12 2.49992V3.16659H12.6667C13.0333 3.16659 13.3473 3.29725 13.6087 3.55859C13.87 3.81992 14.0004 4.1337 14 4.49992V13.8333C14 14.1999 13.8693 14.5139 13.608 14.7753C13.3467 15.0366 13.0329 15.167 12.6667 15.1666H3.33333ZM3.33333 13.8333H12.6667V7.16659H3.33333V13.8333ZM3.33333 5.83325H12.6667V4.49992H3.33333V5.83325ZM8 9.83325C7.81111 9.83325 7.65267 9.76925 7.52467 9.64125C7.39667 9.51325 7.33289 9.35503 7.33333 9.16659C7.33333 8.9777 7.39734 8.81925 7.52533 8.69125C7.65333 8.56325 7.81156 8.49948 8 8.49992C8.18889 8.49992 8.34733 8.56392 8.47534 8.69192C8.60333 8.81992 8.66711 8.97814 8.66667 9.16659C8.66667 9.35548 8.60267 9.51392 8.47467 9.64192C8.34667 9.76992 8.18845 9.8337 8 9.83325ZM5.33333 9.83325C5.14445 9.83325 4.986 9.76925 4.858 9.64125C4.73 9.51325 4.66622 9.35503 4.66667 9.16659C4.66667 8.9777 4.73067 8.81925 4.85867 8.69125C4.98667 8.56325 5.14489 8.49948 5.33333 8.49992C5.52222 8.49992 5.68067 8.56392 5.80867 8.69192C5.93667 8.81992 6.00045 8.97814 6 9.16659C6 9.35548 5.936 9.51392 5.808 9.64192C5.68 9.76992 5.52178 9.8337 5.33333 9.83325ZM10.6667 9.83325C10.4778 9.83325 10.3193 9.76925 10.1913 9.64125C10.0633 9.51325 9.99956 9.35503 10 9.16659C10 8.9777 10.064 8.81925 10.192 8.69125C10.32 8.56325 10.4782 8.49948 10.6667 8.49992C10.8556 8.49992 11.014 8.56392 11.142 8.69192C11.27 8.81992 11.3338 8.97814 11.3333 9.16659C11.3333 9.35548 11.2693 9.51392 11.1413 9.64192C11.0133 9.76992 10.8551 9.8337 10.6667 9.83325ZM8 12.4999C7.81111 12.4999 7.65267 12.4359 7.52467 12.3079C7.39667 12.1799 7.33289 12.0217 7.33333 11.8333C7.33333 11.6444 7.39734 11.4859 7.52533 11.3579C7.65333 11.2299 7.81156 11.1661 8 11.1666C8.18889 11.1666 8.34733 11.2306 8.47534 11.3586C8.60333 11.4866 8.66711 11.6448 8.66667 11.8333C8.66667 12.0221 8.60267 12.1806 8.47467 12.3086C8.34667 12.4366 8.18845 12.5004 8 12.4999ZM5.33333 12.4999C5.14445 12.4999 4.986 12.4359 4.858 12.3079C4.73 12.1799 4.66622 12.0217 4.66667 11.8333C4.66667 11.6444 4.73067 11.4859 4.85867 11.3579C4.98667 11.2299 5.14489 11.1661 5.33333 11.1666C5.52222 11.1666 5.68067 11.2306 5.80867 11.3586C5.93667 11.4866 6.00045 11.6448 6 11.8333C6 12.0221 5.936 12.1806 5.808 12.3086C5.68 12.4366 5.52178 12.5004 5.33333 12.4999ZM10.6667 12.4999C10.4778 12.4999 10.3193 12.4359 10.1913 12.3079C10.0633 12.1799 9.99956 12.0217 10 11.8333C10 11.6444 10.064 11.4859 10.192 11.3579C10.32 11.2299 10.4782 11.1661 10.6667 11.1666C10.8556 11.1666 11.014 11.2306 11.142 11.3586C11.27 11.4866 11.3338 11.6448 11.3333 11.8333C11.3333 12.0221 11.2693 12.1806 11.1413 12.3086C11.0133 12.4366 10.8551 12.5004 10.6667 12.4999Z\" fill=\"#636363\"\/>\r\n<\/svg>\r\nseptembre 18, 2019 &#8211; septembre 11, 2020<\/span>\r\n\t\t\t\t\t\t<\/div>\r\n\t\t\t\t\t<\/div>\r\n\r\n\t<\/div>\r\n\r\n\t\r\n\t<div class=\"card--wrapper\">\r\n\r\n\t\t<div class=\"card-header\">\r\n\t\t\t\t\t\t<a href=\"https:\/\/cog.ca\/fr\/event\/organic-master-gardener-kingston\/\" class=\"card-image--wrapper\">\r\n\t\t\t\t<img src=\"https:\/\/cog.ca\/wp-content\/uploads\/2023\/08\/OMG-crop-300x115.jpg\" decoding=\"async\" loading=\"lazy\"\r\n\t\t srcset=\"https:\/\/cog.ca\/wp-content\/uploads\/2023\/08\/OMG-crop-300x115.jpg 300w, https:\/\/cog.ca\/wp-content\/uploads\/2023\/08\/OMG-crop.jpg 892w\"\r\n\t\t sizes=\"(max-width: 300px) 100vw, 300px\">\t\t\t<\/a>\r\n\t\t\t\t\t\t<div class=\"card-header--text\">\r\n\t\t\t\t<a href=\"https:\/\/cog.ca\/fr\/event\/organic-master-gardener-kingston\/\" class=\"card-title\">Ma\u00eetre jardinier bio &#8211; Kingston<\/a>\r\n\t\t\t<\/div>\r\n\t\t<\/div>\r\n\r\n\t\t<div class=\"card-content\">\r\n\t\t\t<div class=\"card-desc\"><p>Qu&rsquo;est-ce que le cours de ma\u00eetre jardinier biologique ? Le cours Organic Master Gardener (OMG) est un cours de jardinage biologique et d&rsquo;entretien des terres con\u00e7u pour toute personne int\u00e9ress\u00e9e par l&rsquo;entretien des pelouses et des jardins sans l&rsquo;utilisation de pesticides et de produits chimiques. Le cours OMG est le cours le plus populaire et [&hellip;]<\/p>\n<\/div>\r\n\t\t\t<div class=\"card-meta2\">\t\t\t<span class=\"meta-item date\"><svg width=\"16\" height=\"17\" viewBox=\"0 0 16 17\" fill=\"none\" xmlns=\"http:\/\/www.w3.org\/2000\/svg\">\r\n<path d=\"M3.33333 15.1666C2.96667 15.1666 2.65267 15.0359 2.39133 14.7746C2.13 14.5133 1.99956 14.1995 2 13.8333V4.49992C2 4.13325 2.13067 3.81925 2.392 3.55792C2.65333 3.29659 2.96711 3.16614 3.33333 3.16659H4V2.49992C4 2.31103 4.064 2.15259 4.192 2.02459C4.32 1.89659 4.47822 1.83281 4.66667 1.83325C4.85556 1.83325 5.014 1.89725 5.142 2.02525C5.27 2.15325 5.33378 2.31148 5.33333 2.49992V3.16659H10.6667V2.49992C10.6667 2.31103 10.7307 2.15259 10.8587 2.02459C10.9867 1.89659 11.1449 1.83281 11.3333 1.83325C11.5222 1.83325 11.6807 1.89725 11.8087 2.02525C11.9367 2.15325 12.0004 2.31148 12 2.49992V3.16659H12.6667C13.0333 3.16659 13.3473 3.29725 13.6087 3.55859C13.87 3.81992 14.0004 4.1337 14 4.49992V13.8333C14 14.1999 13.8693 14.5139 13.608 14.7753C13.3467 15.0366 13.0329 15.167 12.6667 15.1666H3.33333ZM3.33333 13.8333H12.6667V7.16659H3.33333V13.8333ZM3.33333 5.83325H12.6667V4.49992H3.33333V5.83325ZM8 9.83325C7.81111 9.83325 7.65267 9.76925 7.52467 9.64125C7.39667 9.51325 7.33289 9.35503 7.33333 9.16659C7.33333 8.9777 7.39734 8.81925 7.52533 8.69125C7.65333 8.56325 7.81156 8.49948 8 8.49992C8.18889 8.49992 8.34733 8.56392 8.47534 8.69192C8.60333 8.81992 8.66711 8.97814 8.66667 9.16659C8.66667 9.35548 8.60267 9.51392 8.47467 9.64192C8.34667 9.76992 8.18845 9.8337 8 9.83325ZM5.33333 9.83325C5.14445 9.83325 4.986 9.76925 4.858 9.64125C4.73 9.51325 4.66622 9.35503 4.66667 9.16659C4.66667 8.9777 4.73067 8.81925 4.85867 8.69125C4.98667 8.56325 5.14489 8.49948 5.33333 8.49992C5.52222 8.49992 5.68067 8.56392 5.80867 8.69192C5.93667 8.81992 6.00045 8.97814 6 9.16659C6 9.35548 5.936 9.51392 5.808 9.64192C5.68 9.76992 5.52178 9.8337 5.33333 9.83325ZM10.6667 9.83325C10.4778 9.83325 10.3193 9.76925 10.1913 9.64125C10.0633 9.51325 9.99956 9.35503 10 9.16659C10 8.9777 10.064 8.81925 10.192 8.69125C10.32 8.56325 10.4782 8.49948 10.6667 8.49992C10.8556 8.49992 11.014 8.56392 11.142 8.69192C11.27 8.81992 11.3338 8.97814 11.3333 9.16659C11.3333 9.35548 11.2693 9.51392 11.1413 9.64192C11.0133 9.76992 10.8551 9.8337 10.6667 9.83325ZM8 12.4999C7.81111 12.4999 7.65267 12.4359 7.52467 12.3079C7.39667 12.1799 7.33289 12.0217 7.33333 11.8333C7.33333 11.6444 7.39734 11.4859 7.52533 11.3579C7.65333 11.2299 7.81156 11.1661 8 11.1666C8.18889 11.1666 8.34733 11.2306 8.47534 11.3586C8.60333 11.4866 8.66711 11.6448 8.66667 11.8333C8.66667 12.0221 8.60267 12.1806 8.47467 12.3086C8.34667 12.4366 8.18845 12.5004 8 12.4999ZM5.33333 12.4999C5.14445 12.4999 4.986 12.4359 4.858 12.3079C4.73 12.1799 4.66622 12.0217 4.66667 11.8333C4.66667 11.6444 4.73067 11.4859 4.85867 11.3579C4.98667 11.2299 5.14489 11.1661 5.33333 11.1666C5.52222 11.1666 5.68067 11.2306 5.80867 11.3586C5.93667 11.4866 6.00045 11.6448 6 11.8333C6 12.0221 5.936 12.1806 5.808 12.3086C5.68 12.4366 5.52178 12.5004 5.33333 12.4999ZM10.6667 12.4999C10.4778 12.4999 10.3193 12.4359 10.1913 12.3079C10.0633 12.1799 9.99956 12.0217 10 11.8333C10 11.6444 10.064 11.4859 10.192 11.3579C10.32 11.2299 10.4782 11.1661 10.6667 11.1666C10.8556 11.1666 11.014 11.2306 11.142 11.3586C11.27 11.4866 11.3338 11.6448 11.3333 11.8333C11.3333 12.0221 11.2693 12.1806 11.1413 12.3086C11.0133 12.4366 10.8551 12.5004 10.6667 12.4999Z\" fill=\"#636363\"\/>\r\n<\/svg>\r\nseptembre 6, 2019 &#8211; septembre 11, 2020<\/span>\r\n\t\t\t\t\t\t<\/div>\r\n\t\t\t\t\t<\/div>\r\n\r\n\t<\/div>\r\n\r\n\t\t\r\n\t<\/div>\r\n\t<\/div>\r\n\r\n<\/div>\n","protected":false},"excerpt":{"rendered":"","protected":false},"author":1,"featured_media":0,"parent":0,"menu_order":501,"comment_status":"closed","ping_status":"closed","template":"","meta":{"inline_featured_image":false,"footnotes":""},"class_list":["post-2334","page","type-page","status-publish","hentry"],"better_featured_image":null,"acf":[],"yoast_head":"<!-- This site is optimized with the Yoast SEO plugin v21.2 - https:\/\/yoast.com\/wordpress\/plugins\/seo\/ -->\n<title>\u00c9v\u00e9nements - Cultivons Biologique Canada<\/title>\n<meta name=\"robots\" content=\"index, follow, max-snippet:-1, max-image-preview:large, max-video-preview:-1\" \/>\n<link rel=\"canonical\" href=\"https:\/\/cog.ca\/fr\/events\/\" \/>\n<meta property=\"og:locale\" content=\"fr_FR\" \/>\n<meta property=\"og:type\" content=\"article\" \/>\n<meta property=\"og:title\" content=\"\u00c9v\u00e9nements - Cultivons Biologique Canada\" \/>\n<meta property=\"og:url\" content=\"https:\/\/cog.ca\/fr\/events\/\" \/>\n<meta property=\"og:site_name\" content=\"Cultivons Biologique Canada\" \/>\n<meta property=\"article:modified_time\" content=\"2023-09-22T18:17:49+00:00\" \/>\n<meta name=\"twitter:card\" content=\"summary_large_image\" \/>\n<script type=\"application\/ld+json\" class=\"yoast-schema-graph\">{\"@context\":\"https:\/\/schema.org\",\"@graph\":[{\"@type\":\"WebPage\",\"@id\":\"https:\/\/cog.ca\/fr\/events\/\",\"url\":\"https:\/\/cog.ca\/fr\/events\/\",\"name\":\"\u00c9v\u00e9nements - Cultivons Biologique Canada\",\"isPartOf\":{\"@id\":\"https:\/\/cog.ca\/#website\"},\"datePublished\":\"2023-09-01T17:58:30+00:00\",\"dateModified\":\"2023-09-22T18:17:49+00:00\",\"breadcrumb\":{\"@id\":\"https:\/\/cog.ca\/fr\/events\/#breadcrumb\"},\"inLanguage\":\"fr-FR\",\"potentialAction\":[{\"@type\":\"ReadAction\",\"target\":[\"https:\/\/cog.ca\/fr\/events\/\"]}]},{\"@type\":\"BreadcrumbList\",\"@id\":\"https:\/\/cog.ca\/fr\/events\/#breadcrumb\",\"itemListElement\":[{\"@type\":\"ListItem\",\"position\":1,\"name\":\"Home\",\"item\":\"https:\/\/cog.ca\/fr\/\"},{\"@type\":\"ListItem\",\"position\":2,\"name\":\"\u00c9v\u00e9nements\"}]},{\"@type\":\"WebSite\",\"@id\":\"https:\/\/cog.ca\/#website\",\"url\":\"https:\/\/cog.ca\/\",\"name\":\"Cultivons Biologique Canada\",\"description\":\"\",\"publisher\":{\"@id\":\"https:\/\/cog.ca\/#organization\"},\"potentialAction\":[{\"@type\":\"SearchAction\",\"target\":{\"@type\":\"EntryPoint\",\"urlTemplate\":\"https:\/\/cog.ca\/?s={search_term_string}\"},\"query-input\":\"required name=search_term_string\"}],\"inLanguage\":\"fr-FR\"},{\"@type\":\"Organization\",\"@id\":\"https:\/\/cog.ca\/#organization\",\"name\":\"Canadian Organic Growers\",\"url\":\"https:\/\/cog.ca\/\",\"logo\":{\"@type\":\"ImageObject\",\"inLanguage\":\"fr-FR\",\"@id\":\"https:\/\/cog.ca\/#\/schema\/logo\/image\/\",\"url\":\"https:\/\/cog.ca\/wp-content\/uploads\/2023\/07\/COG_WhiteLogo_Transparent-1.png\",\"contentUrl\":\"https:\/\/cog.ca\/wp-content\/uploads\/2023\/07\/COG_WhiteLogo_Transparent-1.png\",\"width\":208,\"height\":110,\"caption\":\"Canadian Organic Growers\"},\"image\":{\"@id\":\"https:\/\/cog.ca\/#\/schema\/logo\/image\/\"}}]}<\/script>\n<!-- \/ Yoast SEO plugin. -->","yoast_head_json":{"title":"\u00c9v\u00e9nements - Cultivons Biologique Canada","robots":{"index":"index","follow":"follow","max-snippet":"max-snippet:-1","max-image-preview":"max-image-preview:large","max-video-preview":"max-video-preview:-1"},"canonical":"https:\/\/cog.ca\/fr\/events\/","og_locale":"fr_FR","og_type":"article","og_title":"\u00c9v\u00e9nements - Cultivons Biologique Canada","og_url":"https:\/\/cog.ca\/fr\/events\/","og_site_name":"Cultivons Biologique Canada","article_modified_time":"2023-09-22T18:17:49+00:00","twitter_card":"summary_large_image","schema":{"@context":"https:\/\/schema.org","@graph":[{"@type":"WebPage","@id":"https:\/\/cog.ca\/fr\/events\/","url":"https:\/\/cog.ca\/fr\/events\/","name":"\u00c9v\u00e9nements - Cultivons Biologique Canada","isPartOf":{"@id":"https:\/\/cog.ca\/#website"},"datePublished":"2023-09-01T17:58:30+00:00","dateModified":"2023-09-22T18:17:49+00:00","breadcrumb":{"@id":"https:\/\/cog.ca\/fr\/events\/#breadcrumb"},"inLanguage":"fr-FR","potentialAction":[{"@type":"ReadAction","target":["https:\/\/cog.ca\/fr\/events\/"]}]},{"@type":"BreadcrumbList","@id":"https:\/\/cog.ca\/fr\/events\/#breadcrumb","itemListElement":[{"@type":"ListItem","position":1,"name":"Home","item":"https:\/\/cog.ca\/fr\/"},{"@type":"ListItem","position":2,"name":"\u00c9v\u00e9nements"}]},{"@type":"WebSite","@id":"https:\/\/cog.ca\/#website","url":"https:\/\/cog.ca\/","name":"Cultivons Biologique Canada","description":"","publisher":{"@id":"https:\/\/cog.ca\/#organization"},"potentialAction":[{"@type":"SearchAction","target":{"@type":"EntryPoint","urlTemplate":"https:\/\/cog.ca\/?s={search_term_string}"},"query-input":"required name=search_term_string"}],"inLanguage":"fr-FR"},{"@type":"Organization","@id":"https:\/\/cog.ca\/#organization","name":"Canadian Organic Growers","url":"https:\/\/cog.ca\/","logo":{"@type":"ImageObject","inLanguage":"fr-FR","@id":"https:\/\/cog.ca\/#\/schema\/logo\/image\/","url":"https:\/\/cog.ca\/wp-content\/uploads\/2023\/07\/COG_WhiteLogo_Transparent-1.png","contentUrl":"https:\/\/cog.ca\/wp-content\/uploads\/2023\/07\/COG_WhiteLogo_Transparent-1.png","width":208,"height":110,"caption":"Canadian Organic Growers"},"image":{"@id":"https:\/\/cog.ca\/#\/schema\/logo\/image\/"}}]}},"_links":{"self":[{"href":"https:\/\/cog.ca\/fr\/wp-json\/wp\/v2\/pages\/2334","targetHints":{"allow":["GET"]}}],"collection":[{"href":"https:\/\/cog.ca\/fr\/wp-json\/wp\/v2\/pages"}],"about":[{"href":"https:\/\/cog.ca\/fr\/wp-json\/wp\/v2\/types\/page"}],"author":[{"embeddable":true,"href":"https:\/\/cog.ca\/fr\/wp-json\/wp\/v2\/users\/1"}],"replies":[{"embeddable":true,"href":"https:\/\/cog.ca\/fr\/wp-json\/wp\/v2\/comments?post=2334"}],"version-history":[{"count":5,"href":"https:\/\/cog.ca\/fr\/wp-json\/wp\/v2\/pages\/2334\/revisions"}],"predecessor-version":[{"id":3252,"href":"https:\/\/cog.ca\/fr\/wp-json\/wp\/v2\/pages\/2334\/revisions\/3252"}],"wp:attachment":[{"href":"https:\/\/cog.ca\/fr\/wp-json\/wp\/v2\/media?parent=2334"}],"curies":[{"name":"wp","href":"https:\/\/api.w.org\/{rel}","templated":true}]}}