{"id":2238,"date":"2023-08-14T15:35:12","date_gmt":"2023-08-14T19:35:12","guid":{"rendered":"https:\/\/cog-01.eproofs.ca\/?page_id=2238"},"modified":"2023-09-07T13:35:15","modified_gmt":"2023-09-07T17:35:15","slug":"standard-guide-project-team","status":"publish","type":"page","link":"https:\/\/cog.ca\/fr\/standard-guide-project-team\/","title":{"rendered":"L&rsquo;\u00e9quipe de projet pour le guide du COG sur les normes biologiques canadiennes"},"content":{"rendered":"\n<div class=\"wp-block-group is-layout-constrained wp-block-group-is-layout-constrained\">\n<figure class=\"wp-block-table\"><table><tbody><tr><td>R\u00e9dacteur en chef<\/td><td>Janet Wallace<\/td><\/tr><tr><td>Traducteur<\/td><td>Nicole Boudreau<\/td><\/tr><tr><td>\u00c9crivains<\/td><td>Anne Macey<br>Rochelle Eisen<br>Janet Wallace<br>Maureen Bostock<br>Paddy Doherty<\/td><\/tr><tr><td>Principaux auteurs (2020)<\/td><td>Janet Wallace<br>Rochelle Eisen<\/td><\/tr><tr><td>R\u00e9dacteurs principaux (2015\/2018)<\/td><td>Anne Macey<br>Rochelle Eisen<br>et Maureen Bostock<\/td><\/tr><tr><td>Principaux auteurs (2010)<\/td><td>Paddy Doherty et Anne Macey<\/td><\/tr><tr><td>Autres r\u00e9dacteurs et r\u00e9viseurs pour le Guide 2020<\/td><td>Bill Barkley<br>Jo\u00ebl Boutin<br>Fran\u00e7ois Labelle<br>Hugh Martin<br>Kelly Monaghan<br>Karen Murchison<br>Annie St-Onge<\/td><\/tr><tr><td>R\u00e9viseurs et anciens membres de l&rsquo;\u00e9quipe<\/td><td>Ashley St. Hilaire<br>Nicole Boudreau<br>Rochelle Eisen<br>Anne Macey<br>Kristine Swaren<br>Maureen Bostock<br>Brenda Frick<br>Roxanne Beavers<br>Maureen Bostock<br>Jean Duval<br>Janine Gibson<br>Amy Kremen<br>Lorraine Bourry<\/td><\/tr><\/tbody><\/table><figcaption class=\"wp-element-caption\"><a href=\"https:\/\/cog.ca\/fr\/guide-to-cos\">Retour au guide standard<\/a><\/figcaption><\/figure>\n<\/div>\n","protected":false},"excerpt":{"rendered":"<p>R\u00e9dacteur en chef Janet Wallace Traducteur Nicole Boudreau \u00c9crivains Anne MaceyRochelle EisenJanet WallaceMaureen BostockPaddy Doherty Principaux auteurs (2020) Janet WallaceRochelle Eisen R\u00e9dacteurs principaux (2015\/2018) Anne MaceyRochelle Eisenet Maureen Bostock Principaux auteurs (2010) Paddy Doherty et Anne Macey Autres r\u00e9dacteurs et r\u00e9viseurs pour le Guide 2020 Bill BarkleyJo\u00ebl BoutinFran\u00e7ois LabelleHugh MartinKelly MonaghanKaren MurchisonAnnie St-Onge R\u00e9viseurs et [&hellip;]<\/p>\n","protected":false},"author":1,"featured_media":0,"parent":0,"menu_order":0,"comment_status":"closed","ping_status":"closed","template":"","meta":{"inline_featured_image":false,"footnotes":""},"class_list":["post-2238","page","type-page","status-publish","hentry"],"better_featured_image":null,"acf":[],"yoast_head":"<!-- This site is optimized with the Yoast SEO plugin v21.2 - https:\/\/yoast.com\/wordpress\/plugins\/seo\/ -->\n<title>L&#039;\u00e9quipe de projet pour le guide du COG sur les normes biologiques canadiennes - Cultivons Biologique Canada<\/title>\n<meta name=\"robots\" content=\"index, follow, max-snippet:-1, max-image-preview:large, max-video-preview:-1\" \/>\n<link rel=\"canonical\" href=\"https:\/\/cog.ca\/fr\/standard-guide-project-team\/\" \/>\n<meta property=\"og:locale\" content=\"fr_FR\" \/>\n<meta property=\"og:type\" content=\"article\" \/>\n<meta property=\"og:title\" content=\"L&#039;\u00e9quipe de projet pour le guide du COG sur les normes biologiques canadiennes - Cultivons Biologique Canada\" \/>\n<meta property=\"og:description\" content=\"R\u00e9dacteur en chef Janet Wallace Traducteur Nicole Boudreau \u00c9crivains Anne MaceyRochelle EisenJanet WallaceMaureen BostockPaddy Doherty Principaux auteurs (2020) Janet WallaceRochelle Eisen R\u00e9dacteurs principaux (2015\/2018) Anne MaceyRochelle Eisenet Maureen Bostock Principaux auteurs (2010) Paddy Doherty et Anne Macey Autres r\u00e9dacteurs et r\u00e9viseurs pour le Guide 2020 Bill BarkleyJo\u00ebl BoutinFran\u00e7ois LabelleHugh MartinKelly MonaghanKaren MurchisonAnnie St-Onge R\u00e9viseurs et [&hellip;]\" \/>\n<meta property=\"og:url\" content=\"https:\/\/cog.ca\/fr\/standard-guide-project-team\/\" \/>\n<meta property=\"og:site_name\" content=\"Cultivons Biologique Canada\" \/>\n<meta property=\"article:modified_time\" content=\"2023-09-07T17:35:15+00:00\" \/>\n<meta name=\"twitter:card\" content=\"summary_large_image\" \/>\n<meta name=\"twitter:label1\" content=\"Dur\u00e9e de lecture estim\u00e9e\" \/>\n\t<meta name=\"twitter:data1\" content=\"1 minute\" \/>\n<script type=\"application\/ld+json\" class=\"yoast-schema-graph\">{\"@context\":\"https:\/\/schema.org\",\"@graph\":[{\"@type\":\"WebPage\",\"@id\":\"https:\/\/cog.ca\/fr\/standard-guide-project-team\/\",\"url\":\"https:\/\/cog.ca\/fr\/standard-guide-project-team\/\",\"name\":\"L'\u00e9quipe de projet pour le guide du COG sur les normes biologiques canadiennes - Cultivons Biologique Canada\",\"isPartOf\":{\"@id\":\"https:\/\/cog.ca\/#website\"},\"datePublished\":\"2023-08-14T19:35:12+00:00\",\"dateModified\":\"2023-09-07T17:35:15+00:00\",\"breadcrumb\":{\"@id\":\"https:\/\/cog.ca\/fr\/standard-guide-project-team\/#breadcrumb\"},\"inLanguage\":\"fr-FR\",\"potentialAction\":[{\"@type\":\"ReadAction\",\"target\":[\"https:\/\/cog.ca\/fr\/standard-guide-project-team\/\"]}]},{\"@type\":\"BreadcrumbList\",\"@id\":\"https:\/\/cog.ca\/fr\/standard-guide-project-team\/#breadcrumb\",\"itemListElement\":[{\"@type\":\"ListItem\",\"position\":1,\"name\":\"Home\",\"item\":\"https:\/\/cog.ca\/fr\/\"},{\"@type\":\"ListItem\",\"position\":2,\"name\":\"L&#8217;\u00e9quipe de projet pour le guide du COG sur les normes biologiques canadiennes\"}]},{\"@type\":\"WebSite\",\"@id\":\"https:\/\/cog.ca\/#website\",\"url\":\"https:\/\/cog.ca\/\",\"name\":\"Cultivons Biologique Canada\",\"description\":\"\",\"publisher\":{\"@id\":\"https:\/\/cog.ca\/#organization\"},\"potentialAction\":[{\"@type\":\"SearchAction\",\"target\":{\"@type\":\"EntryPoint\",\"urlTemplate\":\"https:\/\/cog.ca\/?s={search_term_string}\"},\"query-input\":\"required name=search_term_string\"}],\"inLanguage\":\"fr-FR\"},{\"@type\":\"Organization\",\"@id\":\"https:\/\/cog.ca\/#organization\",\"name\":\"Canadian Organic Growers\",\"url\":\"https:\/\/cog.ca\/\",\"logo\":{\"@type\":\"ImageObject\",\"inLanguage\":\"fr-FR\",\"@id\":\"https:\/\/cog.ca\/#\/schema\/logo\/image\/\",\"url\":\"https:\/\/cog.ca\/wp-content\/uploads\/2023\/07\/COG_WhiteLogo_Transparent-1.png\",\"contentUrl\":\"https:\/\/cog.ca\/wp-content\/uploads\/2023\/07\/COG_WhiteLogo_Transparent-1.png\",\"width\":208,\"height\":110,\"caption\":\"Canadian Organic Growers\"},\"image\":{\"@id\":\"https:\/\/cog.ca\/#\/schema\/logo\/image\/\"}}]}<\/script>\n<!-- \/ Yoast SEO plugin. -->","yoast_head_json":{"title":"L'\u00e9quipe de projet pour le guide du COG sur les normes biologiques canadiennes - Cultivons Biologique Canada","robots":{"index":"index","follow":"follow","max-snippet":"max-snippet:-1","max-image-preview":"max-image-preview:large","max-video-preview":"max-video-preview:-1"},"canonical":"https:\/\/cog.ca\/fr\/standard-guide-project-team\/","og_locale":"fr_FR","og_type":"article","og_title":"L'\u00e9quipe de projet pour le guide du COG sur les normes biologiques canadiennes - Cultivons Biologique Canada","og_description":"R\u00e9dacteur en chef Janet Wallace Traducteur Nicole Boudreau \u00c9crivains Anne MaceyRochelle EisenJanet WallaceMaureen BostockPaddy Doherty Principaux auteurs (2020) Janet WallaceRochelle Eisen R\u00e9dacteurs principaux (2015\/2018) Anne MaceyRochelle Eisenet Maureen Bostock Principaux auteurs (2010) Paddy Doherty et Anne Macey Autres r\u00e9dacteurs et r\u00e9viseurs pour le Guide 2020 Bill BarkleyJo\u00ebl BoutinFran\u00e7ois LabelleHugh MartinKelly MonaghanKaren MurchisonAnnie St-Onge R\u00e9viseurs et [&hellip;]","og_url":"https:\/\/cog.ca\/fr\/standard-guide-project-team\/","og_site_name":"Cultivons Biologique Canada","article_modified_time":"2023-09-07T17:35:15+00:00","twitter_card":"summary_large_image","twitter_misc":{"Dur\u00e9e de lecture estim\u00e9e":"1 minute"},"schema":{"@context":"https:\/\/schema.org","@graph":[{"@type":"WebPage","@id":"https:\/\/cog.ca\/fr\/standard-guide-project-team\/","url":"https:\/\/cog.ca\/fr\/standard-guide-project-team\/","name":"L'\u00e9quipe de projet pour le guide du COG sur les normes biologiques canadiennes - Cultivons Biologique Canada","isPartOf":{"@id":"https:\/\/cog.ca\/#website"},"datePublished":"2023-08-14T19:35:12+00:00","dateModified":"2023-09-07T17:35:15+00:00","breadcrumb":{"@id":"https:\/\/cog.ca\/fr\/standard-guide-project-team\/#breadcrumb"},"inLanguage":"fr-FR","potentialAction":[{"@type":"ReadAction","target":["https:\/\/cog.ca\/fr\/standard-guide-project-team\/"]}]},{"@type":"BreadcrumbList","@id":"https:\/\/cog.ca\/fr\/standard-guide-project-team\/#breadcrumb","itemListElement":[{"@type":"ListItem","position":1,"name":"Home","item":"https:\/\/cog.ca\/fr\/"},{"@type":"ListItem","position":2,"name":"L&#8217;\u00e9quipe de projet pour le guide du COG sur les normes biologiques canadiennes"}]},{"@type":"WebSite","@id":"https:\/\/cog.ca\/#website","url":"https:\/\/cog.ca\/","name":"Cultivons Biologique Canada","description":"","publisher":{"@id":"https:\/\/cog.ca\/#organization"},"potentialAction":[{"@type":"SearchAction","target":{"@type":"EntryPoint","urlTemplate":"https:\/\/cog.ca\/?s={search_term_string}"},"query-input":"required name=search_term_string"}],"inLanguage":"fr-FR"},{"@type":"Organization","@id":"https:\/\/cog.ca\/#organization","name":"Canadian Organic Growers","url":"https:\/\/cog.ca\/","logo":{"@type":"ImageObject","inLanguage":"fr-FR","@id":"https:\/\/cog.ca\/#\/schema\/logo\/image\/","url":"https:\/\/cog.ca\/wp-content\/uploads\/2023\/07\/COG_WhiteLogo_Transparent-1.png","contentUrl":"https:\/\/cog.ca\/wp-content\/uploads\/2023\/07\/COG_WhiteLogo_Transparent-1.png","width":208,"height":110,"caption":"Canadian Organic Growers"},"image":{"@id":"https:\/\/cog.ca\/#\/schema\/logo\/image\/"}}]}},"_links":{"self":[{"href":"https:\/\/cog.ca\/fr\/wp-json\/wp\/v2\/pages\/2238","targetHints":{"allow":["GET"]}}],"collection":[{"href":"https:\/\/cog.ca\/fr\/wp-json\/wp\/v2\/pages"}],"about":[{"href":"https:\/\/cog.ca\/fr\/wp-json\/wp\/v2\/types\/page"}],"author":[{"embeddable":true,"href":"https:\/\/cog.ca\/fr\/wp-json\/wp\/v2\/users\/1"}],"replies":[{"embeddable":true,"href":"https:\/\/cog.ca\/fr\/wp-json\/wp\/v2\/comments?post=2238"}],"version-history":[{"count":3,"href":"https:\/\/cog.ca\/fr\/wp-json\/wp\/v2\/pages\/2238\/revisions"}],"predecessor-version":[{"id":2638,"href":"https:\/\/cog.ca\/fr\/wp-json\/wp\/v2\/pages\/2238\/revisions\/2638"}],"wp:attachment":[{"href":"https:\/\/cog.ca\/fr\/wp-json\/wp\/v2\/media?parent=2238"}],"curies":[{"name":"wp","href":"https:\/\/api.w.org\/{rel}","templated":true}]}}