{"id":2108,"date":"2023-08-29T20:22:12","date_gmt":"2023-08-30T00:22:12","guid":{"rendered":"https:\/\/cog-01.eproofs.ca\/?page_id=2108"},"modified":"2023-09-07T12:54:31","modified_gmt":"2023-09-07T16:54:31","slug":"sufo","status":"publish","type":"page","link":"https:\/\/cog.ca\/fr\/sufo\/","title":{"rendered":"D\u00e9fendez les produits biologiques"},"content":{"rendered":"\n<div class=\"wp-block-group alignfull has-theme-grey-background-color has-background is-layout-constrained wp-block-group-is-layout-constrained\">\n<h2 class=\"wp-block-heading\">L&rsquo;agriculture du futur<\/h2>\n\n\n\n<hr class=\"wp-block-separator has-alpha-channel-opacity is-style-accent\"\/>\n\n\n\n<p>La crise climatique est le probl\u00e8me le plus pressant de notre \u00e9poque. Les agriculteurs canadiens sont en premi\u00e8re ligne de la crise climatique et ont besoin de soutien pour adapter leurs productions afin de pr\u00e9server la s\u00e9curit\u00e9 alimentaire du Canada.<\/p>\n\n\n\n<h3 class=\"wp-block-heading is-style-h6\"><strong>Notre solution<\/strong><\/h3>\n\n\n\n<p>La bonne nouvelle, c&rsquo;est que Canadian Organic Growers (COG) pratique une agriculture tourn\u00e9e vers l&rsquo;avenir. COG guide les agriculteurs canadiens dans l&rsquo;adoption de pratiques agricoles biologiques r\u00e9g\u00e9n\u00e9ratrices qui contribuent \u00e0 att\u00e9nuer les changements climatiques et \u00e0 g\u00e9rer notre plan\u00e8te pour les g\u00e9n\u00e9rations futures. Gr\u00e2ce \u00e0 votre soutien, COG poursuivra ses programmes essentiels, la formation, la d\u00e9fense des int\u00e9r\u00eats et la recherche afin de soutenir les agriculteurs canadiens qui sont en premi\u00e8re ligne face au changement climatique.<\/p>\n<\/div>\n\n\n\n<div class=\"wp-block-group alignfull has-theme-light-background-color has-background is-layout-constrained wp-block-group-is-layout-constrained\">\n<h2 class=\"wp-block-heading has-text-align-center\">D\u00e9fendez les produits biologiques d\u00e8s aujourd&rsquo;hui<\/h2>\n\n\n\n<hr class=\"wp-block-separator has-alpha-channel-opacity is-style-accent-center\"\/>\n\n\n\n<div><script id=\"ch_cdn_embed\" type=\"text\/javascript\" src=\"https:\/\/www.canadahelps.org\/secure\/js\/cdf_embed.2.js\" charset=\"utf-8\" data-language=\"en\" data-page-id=\"75824\" data-root-url=\"https:\/\/www.canadahelps.org\" data-formtype=\"1\" data-cfasync=\"false\"><\/script><\/div>\n\n\n\n<p>Vous pouvez soutenir&nbsp;<strong>nos besoins les plus urgents<\/strong>&nbsp;en faisant un don de n&rsquo;importe quel ontant.&nbsp;<strong>Chaque<\/strong>&nbsp;don a un impact et est tr\u00e8s appr\u00e9ci\u00e9.&nbsp;<strong>Nous vous en remercions.<\/strong><\/p>\n\n\n\n<hr class=\"wp-block-separator has-alpha-channel-opacity\"\/>\n\n\n\n<p>Si vous rencontrez des difficult\u00e9s techniques, veuillez faire un don directement sur le&nbsp;<a href=\"http:\/\/www.canadahelps.org\/en\/charities\/canadian-organic-growers-inc\/\">profil CanaDon de COG<\/a>&nbsp;ou via le lien ci-dessous.<\/p>\n\n\n\n<p>(<a href=\"https:\/\/www.canadahelps.org\/en\/charities\/canadian-organic-growers-inc\/campaign\/stand-up-for-organics\/\">https:\/\/www.canadahelps.org\/en\/charities\/canadian-organic-growers-inc\/campaign\/stand-up-for-organics\/<\/a>).<\/p>\n\n\n\n<h3 class=\"wp-block-heading\">Donation par ch\u00e8que<\/h3>\n\n\n\n<p>Si vous pr\u00e9f\u00e9rez faire un don par ch\u00e8que, veuillez le libeller \u00e0 l&rsquo;ordre de \u00ab\u00a0Canadian Organic Growers\u00a0\u00bb et le poster \u00e0 notre bureau \u00e0 l&rsquo;adresse suivante :<\/p>\n\n\n\n<p>56, rue Sparks, bureau 600, Ottawa, ON K1P 5B1. Merci de votre soutien !<\/p>\n<\/div>\n\n\n\n<div class=\"wp-block-group alignfull has-theme-grey-background-color has-background is-layout-constrained wp-block-group-is-layout-constrained\">\n<h2 class=\"wp-block-heading alignwide has-text-align-center\">Votre don soutiendra<\/h2>\n\n\n\n<hr class=\"wp-block-separator has-alpha-channel-opacity is-style-accent-center\"\/>\n\n\n\n<div class=\"wp-block-eup-blocks-cards alignwide cards--wrapper is-grid graphic-icon orientation-vertical alignment-left design-flat size-medium\"><div class=\"cards--inner\">\n<div class=\"wp-block-eup-blocks-card card--wrapper\"><div class=\"card-header\"><div class=\"card-image--wrapper\"><img decoding=\"async\" class=\"card-image\" src=\"https:\/\/cog.ca\/wp-content\/uploads\/2023\/08\/leaf.svg\" alt=\"\" data-id=\"2121\"\/><\/div><div class=\"card-header--text\"><div class=\"card-title\">COG National<\/div><\/div><\/div><div class=\"card-content\"><div class=\"card-desc\">Notre politique et notre travail de d\u00e9fense des int\u00e9r\u00eats de plus de 7 000 producteurs biologiques r\u00e9g\u00e9n\u00e9ratifs.<\/div><\/div><\/div>\n\n\n\n<div class=\"wp-block-eup-blocks-card card--wrapper\"><div class=\"card-header\"><div class=\"card-image--wrapper\"><img decoding=\"async\" class=\"card-image\" src=\"https:\/\/cog.ca\/wp-content\/uploads\/2023\/08\/sprout-1.svg\" alt=\"\" data-id=\"2123\"\/><\/div><div class=\"card-header--text\"><div class=\"card-title\">Programmes de la COG<\/div><\/div><\/div><div class=\"card-content\"><div class=\"card-desc\">Formation, soutien, d\u00e9veloppement de ressources et services de vulgarisation pour les producteurs de tout le Canada. Y compris le soutien direct des producteurs dans le cadre des programmes de formation sur les cultures de couverture, d&rsquo;avoine biologique r\u00e9g\u00e9n\u00e9rative, de transition des agriculteurs vers le biologique r\u00e9g\u00e9n\u00e9ratif et de Growing Up Organic du COG.<\/div><\/div><\/div>\n\n\n\n<div class=\"wp-block-eup-blocks-card card--wrapper\"><div class=\"card-header\"><div class=\"card-image--wrapper\"><img decoding=\"async\" class=\"card-image\" src=\"https:\/\/cog.ca\/wp-content\/uploads\/2023\/08\/book.svg\" alt=\"\" data-id=\"2125\"\/><\/div><div class=\"card-header--text\"><div class=\"card-title\">Recherche COG<\/div><\/div><\/div><div class=\"card-content\"><div class=\"card-desc\">Projets de recherche pancanadiens et promotion d&rsquo;une strat\u00e9gie nationale de donn\u00e9es pour le secteur. Ainsi que la science citoyenne \u00e0 la ferme, la recherche sur la sant\u00e9 des sols, les rapports sur la cha\u00eene d&rsquo;approvisionnement, et plus encore.<\/div><\/div><\/div>\n<\/div><\/div>\n\n\n\n<figure class=\"wp-block-image aligncenter size-large\"><img loading=\"lazy\" decoding=\"async\" width=\"1024\" height=\"341\" src=\"https:\/\/cog.ca\/wp-content\/uploads\/2023\/08\/SUFO-Web-Banner_02-1-scaled-1-1024x341.webp\" alt=\"\" class=\"wp-image-2127\" srcset=\"https:\/\/cog.ca\/wp-content\/uploads\/2023\/08\/SUFO-Web-Banner_02-1-scaled-1-1024x341.webp 1024w, https:\/\/cog.ca\/wp-content\/uploads\/2023\/08\/SUFO-Web-Banner_02-1-scaled-1-300x100.webp 300w, https:\/\/cog.ca\/wp-content\/uploads\/2023\/08\/SUFO-Web-Banner_02-1-scaled-1-scaled.webp 1920w\" sizes=\"auto, (max-width: 1024px) 100vw, 1024px\" \/><\/figure>\n<\/div>\n\n\n\n<div class=\"wp-block-group alignfull has-theme-light-background-color has-background is-layout-constrained wp-block-group-is-layout-constrained\">\n<h2 class=\"wp-block-heading\">Autres moyens de soutenir la campagne<\/h2>\n\n\n\n<hr class=\"wp-block-separator has-alpha-channel-opacity is-style-accent\"\/>\n\n\n\n<p>Vous souhaitez montrer votre soutien \u00e0 la campagne Stand Up for Organics \u00e0 votre r\u00e9seau ? Le COG appr\u00e9cierait beaucoup que vous preniez quelques instants pour partager notre campagne Stand Up for Organics avec votre communaut\u00e9 via les m\u00e9dias sociaux ou par courriel.<\/p>\n\n\n\n<h3 class=\"wp-block-heading\">Voici ce dont vous aurez besoin :<\/h3>\n\n\n\n<div class=\"wp-block-buttons is-layout-flex wp-block-buttons-is-layout-flex\">\n<div class=\"wp-block-button\"><a class=\"wp-block-button__link has-inner-accent-background-color has-background wp-element-button\" href=\"https:\/\/cog.ca\/wp-content\/uploads\/2023\/08\/COG_SUFO-Campaign-Social-Media-Template_Oct2022.pdf\">Partager sur les m\u00e9dias sociaux<\/a><\/div>\n\n\n\n<div class=\"wp-block-button is-style-outline is-style-outline--1\"><a class=\"wp-block-button__link has-inner-black-background-color has-background wp-element-button\" href=\"https:\/\/cog.ca\/wp-content\/uploads\/2023\/08\/COG_SUFO-Campaign-Email-Template_Oct2022.pdf\">Partager par e-mail<\/a><\/div>\n<\/div>\n\n\n\n<h4 class=\"wp-block-heading\">Calendrier de la campagne<\/h4>\n\n\n\n<p>Notre campagne Stand Up for Organics est en cours jusqu&rsquo;au 30 novembre 2022. Montrez votre soutien \u00e0 COG et #standupfororganics aujourd&rsquo;hui !<\/p>\n\n\n\n<p>C&rsquo;est l&rsquo;heure du spectacle !<\/p>\n\n\n\n<h3 class=\"wp-block-heading\">\u00c0 propos de Canadian Organic Growers<\/h3>\n\n\n\n<p>COG est une association nationale d&rsquo;agriculteurs et de consommateurs de produits biologiques et un organisme de bienfaisance \u00e9ducatif enregistr\u00e9. COG propose des formations et des ressources pour sensibiliser aux pratiques agricoles \u00e9cologiques et aider les agriculteurs et les jardiniers \u00e0 adopter des m\u00e9thodes de production \u00e9cologiques durables et commercialement viables. Nous sommes engag\u00e9s dans le travail politique et le d\u00e9veloppement de l&rsquo;industrie au niveau local, r\u00e9gional et national et offrons une voix aux agriculteurs et aux consommateurs \u00e9cologiques aupr\u00e8s des gouvernements sur les questions li\u00e9es \u00e0 l&rsquo;alimentation et \u00e0 l&rsquo;agriculture.<\/p>\n\n\n\n<h4 class=\"wp-block-heading\">Notre vision<\/h4>\n\n\n\n<p>Cultivons Biologique Canada (COG) veut implanter au pays un syst\u00e8me alimentaire et agricole r\u00e9silient, selon les principes de l&rsquo;agriculture r\u00e9g\u00e9n\u00e9ratrice.<\/p>\n\n\n\n<h4 class=\"wp-block-heading\">Notre mission<\/h4>\n\n\n\n<p>COG fait de la sensibilisation, d\u00e9fend et prend l&rsquo;initiative de concevoir un syst\u00e8me agricole au b\u00e9n\u00e9fice des agriculteurs et des consommateurs, qui am\u00e9liore la sant\u00e9 humaine, qui rapproche les communaut\u00e9s et qui combat les changements climatiques tout en augmentant la souverainet\u00e9 alimentaire du Canada.<\/p>\n\n\n\n<p><a href=\"https:\/\/cog.ca\/wp-content\/uploads\/2022\/10\/COG_SUFO-Campaign-Social-Media-Template_Oct2022.pdf\" target=\"_blank\" rel=\"noreferrer noopener\"><\/a><\/p>\n<\/div>\n","protected":false},"excerpt":{"rendered":"<p>L&rsquo;agriculture du futur La crise climatique est le probl\u00e8me le plus pressant de notre \u00e9poque. Les agriculteurs canadiens sont en premi\u00e8re ligne de la crise climatique et ont besoin de soutien pour adapter leurs productions afin de pr\u00e9server la s\u00e9curit\u00e9 alimentaire du Canada. Notre solution La bonne nouvelle, c&rsquo;est que Canadian Organic Growers (COG) pratique [&hellip;]<\/p>\n","protected":false},"author":1,"featured_media":0,"parent":0,"menu_order":0,"comment_status":"closed","ping_status":"closed","template":"","meta":{"inline_featured_image":false,"footnotes":""},"class_list":["post-2108","page","type-page","status-publish","hentry"],"better_featured_image":null,"acf":[],"yoast_head":"<!-- This site is optimized with the Yoast SEO plugin v21.2 - https:\/\/yoast.com\/wordpress\/plugins\/seo\/ -->\n<title>D\u00e9fendez les produits biologiques - Cultivons Biologique Canada<\/title>\n<meta name=\"robots\" content=\"index, follow, max-snippet:-1, max-image-preview:large, max-video-preview:-1\" \/>\n<link rel=\"canonical\" href=\"https:\/\/cog.ca\/fr\/sufo\/\" \/>\n<meta property=\"og:locale\" content=\"fr_FR\" \/>\n<meta property=\"og:type\" content=\"article\" \/>\n<meta property=\"og:title\" content=\"D\u00e9fendez les produits biologiques - Cultivons Biologique Canada\" \/>\n<meta property=\"og:description\" content=\"L&rsquo;agriculture du futur La crise climatique est le probl\u00e8me le plus pressant de notre \u00e9poque. Les agriculteurs canadiens sont en premi\u00e8re ligne de la crise climatique et ont besoin de soutien pour adapter leurs productions afin de pr\u00e9server la s\u00e9curit\u00e9 alimentaire du Canada. Notre solution La bonne nouvelle, c&rsquo;est que Canadian Organic Growers (COG) pratique [&hellip;]\" \/>\n<meta property=\"og:url\" content=\"https:\/\/cog.ca\/fr\/sufo\/\" \/>\n<meta property=\"og:site_name\" content=\"Cultivons Biologique Canada\" \/>\n<meta property=\"article:modified_time\" content=\"2023-09-07T16:54:31+00:00\" \/>\n<meta property=\"og:image\" content=\"https:\/\/cog.ca\/wp-content\/uploads\/2023\/08\/leaf.svg\" \/>\n<meta name=\"twitter:card\" content=\"summary_large_image\" \/>\n<meta name=\"twitter:label1\" content=\"Dur\u00e9e de lecture estim\u00e9e\" \/>\n\t<meta name=\"twitter:data1\" content=\"4 minutes\" \/>\n<script type=\"application\/ld+json\" class=\"yoast-schema-graph\">{\"@context\":\"https:\/\/schema.org\",\"@graph\":[{\"@type\":\"WebPage\",\"@id\":\"https:\/\/cog.ca\/fr\/sufo\/\",\"url\":\"https:\/\/cog.ca\/fr\/sufo\/\",\"name\":\"D\u00e9fendez les produits biologiques - Cultivons Biologique Canada\",\"isPartOf\":{\"@id\":\"https:\/\/cog.ca\/#website\"},\"datePublished\":\"2023-08-30T00:22:12+00:00\",\"dateModified\":\"2023-09-07T16:54:31+00:00\",\"breadcrumb\":{\"@id\":\"https:\/\/cog.ca\/fr\/sufo\/#breadcrumb\"},\"inLanguage\":\"fr-FR\",\"potentialAction\":[{\"@type\":\"ReadAction\",\"target\":[\"https:\/\/cog.ca\/fr\/sufo\/\"]}]},{\"@type\":\"BreadcrumbList\",\"@id\":\"https:\/\/cog.ca\/fr\/sufo\/#breadcrumb\",\"itemListElement\":[{\"@type\":\"ListItem\",\"position\":1,\"name\":\"Home\",\"item\":\"https:\/\/cog.ca\/fr\/\"},{\"@type\":\"ListItem\",\"position\":2,\"name\":\"D\u00e9fendez les produits biologiques\"}]},{\"@type\":\"WebSite\",\"@id\":\"https:\/\/cog.ca\/#website\",\"url\":\"https:\/\/cog.ca\/\",\"name\":\"Cultivons Biologique Canada\",\"description\":\"\",\"publisher\":{\"@id\":\"https:\/\/cog.ca\/#organization\"},\"potentialAction\":[{\"@type\":\"SearchAction\",\"target\":{\"@type\":\"EntryPoint\",\"urlTemplate\":\"https:\/\/cog.ca\/?s={search_term_string}\"},\"query-input\":\"required name=search_term_string\"}],\"inLanguage\":\"fr-FR\"},{\"@type\":\"Organization\",\"@id\":\"https:\/\/cog.ca\/#organization\",\"name\":\"Canadian Organic Growers\",\"url\":\"https:\/\/cog.ca\/\",\"logo\":{\"@type\":\"ImageObject\",\"inLanguage\":\"fr-FR\",\"@id\":\"https:\/\/cog.ca\/#\/schema\/logo\/image\/\",\"url\":\"https:\/\/cog.ca\/wp-content\/uploads\/2023\/07\/COG_WhiteLogo_Transparent-1.png\",\"contentUrl\":\"https:\/\/cog.ca\/wp-content\/uploads\/2023\/07\/COG_WhiteLogo_Transparent-1.png\",\"width\":208,\"height\":110,\"caption\":\"Canadian Organic Growers\"},\"image\":{\"@id\":\"https:\/\/cog.ca\/#\/schema\/logo\/image\/\"}}]}<\/script>\n<!-- \/ Yoast SEO plugin. -->","yoast_head_json":{"title":"D\u00e9fendez les produits biologiques - Cultivons Biologique Canada","robots":{"index":"index","follow":"follow","max-snippet":"max-snippet:-1","max-image-preview":"max-image-preview:large","max-video-preview":"max-video-preview:-1"},"canonical":"https:\/\/cog.ca\/fr\/sufo\/","og_locale":"fr_FR","og_type":"article","og_title":"D\u00e9fendez les produits biologiques - Cultivons Biologique Canada","og_description":"L&rsquo;agriculture du futur La crise climatique est le probl\u00e8me le plus pressant de notre \u00e9poque. Les agriculteurs canadiens sont en premi\u00e8re ligne de la crise climatique et ont besoin de soutien pour adapter leurs productions afin de pr\u00e9server la s\u00e9curit\u00e9 alimentaire du Canada. Notre solution La bonne nouvelle, c&rsquo;est que Canadian Organic Growers (COG) pratique [&hellip;]","og_url":"https:\/\/cog.ca\/fr\/sufo\/","og_site_name":"Cultivons Biologique Canada","article_modified_time":"2023-09-07T16:54:31+00:00","og_image":[{"url":"https:\/\/cog.ca\/wp-content\/uploads\/2023\/08\/leaf.svg"}],"twitter_card":"summary_large_image","twitter_misc":{"Dur\u00e9e de lecture estim\u00e9e":"4 minutes"},"schema":{"@context":"https:\/\/schema.org","@graph":[{"@type":"WebPage","@id":"https:\/\/cog.ca\/fr\/sufo\/","url":"https:\/\/cog.ca\/fr\/sufo\/","name":"D\u00e9fendez les produits biologiques - Cultivons Biologique Canada","isPartOf":{"@id":"https:\/\/cog.ca\/#website"},"datePublished":"2023-08-30T00:22:12+00:00","dateModified":"2023-09-07T16:54:31+00:00","breadcrumb":{"@id":"https:\/\/cog.ca\/fr\/sufo\/#breadcrumb"},"inLanguage":"fr-FR","potentialAction":[{"@type":"ReadAction","target":["https:\/\/cog.ca\/fr\/sufo\/"]}]},{"@type":"BreadcrumbList","@id":"https:\/\/cog.ca\/fr\/sufo\/#breadcrumb","itemListElement":[{"@type":"ListItem","position":1,"name":"Home","item":"https:\/\/cog.ca\/fr\/"},{"@type":"ListItem","position":2,"name":"D\u00e9fendez les produits biologiques"}]},{"@type":"WebSite","@id":"https:\/\/cog.ca\/#website","url":"https:\/\/cog.ca\/","name":"Cultivons Biologique Canada","description":"","publisher":{"@id":"https:\/\/cog.ca\/#organization"},"potentialAction":[{"@type":"SearchAction","target":{"@type":"EntryPoint","urlTemplate":"https:\/\/cog.ca\/?s={search_term_string}"},"query-input":"required name=search_term_string"}],"inLanguage":"fr-FR"},{"@type":"Organization","@id":"https:\/\/cog.ca\/#organization","name":"Canadian Organic Growers","url":"https:\/\/cog.ca\/","logo":{"@type":"ImageObject","inLanguage":"fr-FR","@id":"https:\/\/cog.ca\/#\/schema\/logo\/image\/","url":"https:\/\/cog.ca\/wp-content\/uploads\/2023\/07\/COG_WhiteLogo_Transparent-1.png","contentUrl":"https:\/\/cog.ca\/wp-content\/uploads\/2023\/07\/COG_WhiteLogo_Transparent-1.png","width":208,"height":110,"caption":"Canadian Organic Growers"},"image":{"@id":"https:\/\/cog.ca\/#\/schema\/logo\/image\/"}}]}},"_links":{"self":[{"href":"https:\/\/cog.ca\/fr\/wp-json\/wp\/v2\/pages\/2108","targetHints":{"allow":["GET"]}}],"collection":[{"href":"https:\/\/cog.ca\/fr\/wp-json\/wp\/v2\/pages"}],"about":[{"href":"https:\/\/cog.ca\/fr\/wp-json\/wp\/v2\/types\/page"}],"author":[{"embeddable":true,"href":"https:\/\/cog.ca\/fr\/wp-json\/wp\/v2\/users\/1"}],"replies":[{"embeddable":true,"href":"https:\/\/cog.ca\/fr\/wp-json\/wp\/v2\/comments?post=2108"}],"version-history":[{"count":17,"href":"https:\/\/cog.ca\/fr\/wp-json\/wp\/v2\/pages\/2108\/revisions"}],"predecessor-version":[{"id":2617,"href":"https:\/\/cog.ca\/fr\/wp-json\/wp\/v2\/pages\/2108\/revisions\/2617"}],"wp:attachment":[{"href":"https:\/\/cog.ca\/fr\/wp-json\/wp\/v2\/media?parent=2108"}],"curies":[{"name":"wp","href":"https:\/\/api.w.org\/{rel}","templated":true}]}}