{"id":2106,"date":"2023-08-29T20:17:03","date_gmt":"2023-08-30T00:17:03","guid":{"rendered":"https:\/\/cog-01.eproofs.ca\/?page_id=2106"},"modified":"2023-09-07T12:41:35","modified_gmt":"2023-09-07T16:41:35","slug":"agriculture-regeneratrice","status":"publish","type":"page","link":"https:\/\/cog.ca\/fr\/agriculture-regeneratrice\/","title":{"rendered":"Agriculture r\u00e9g\u00e9n\u00e9ratrice"},"content":{"rendered":"\n<div class=\"wp-block-group alignfull has-theme-light-background-color has-background is-layout-constrained wp-block-group-is-layout-constrained\">\n<h2 class=\"wp-block-heading\">Pourquoi l\u2019agriculture doit-elle \u00eatre r\u00e9g\u00e9n\u00e9ratrice?<\/h2>\n\n\n\n<hr class=\"wp-block-separator has-alpha-channel-opacity is-style-accent\"\/>\n\n\n\n<p>Les syst\u00e8mes alimentaires du monde entier sont en difficult\u00e9 depuis longtemps.<\/p>\n\n\n\n<p>Les efforts ont \u00e9t\u00e9 mis sur le capital et la croissance illimit\u00e9e plut\u00f4t que sur la sant\u00e9, l&rsquo;\u00e9cologie, l&rsquo;\u00e9quit\u00e9 et la protection.<\/p>\n\n\n\n<p>L&rsquo;humain moderne est suraliment\u00e9, mais il souffre de malnutrition. La nourriture n&rsquo;a jamais \u00e9t\u00e9 aussi abordable, mais elle est aussi beaucoup moins nutritive qu&rsquo;avant.<\/p>\n\n\n\n<p>Les \u00e9cosyst\u00e8mes \u2013 en surface, dans les sols et l&rsquo;oc\u00e9an \u2013 ont \u00e9t\u00e9 mal compris et maltrait\u00e9s.<\/p>\n\n\n\n<p>Maintenant que ces \u00e9cosyst\u00e8mes sont gravement d\u00e9grad\u00e9s, nous ne pouvons nous contenter de \u00ab maintenir \u00bb cette d\u00e9gradation.<\/p>\n\n\n\n<p>La soci\u00e9t\u00e9 d\u00e9volue depuis trop longtemps, il faut maintenant commencer \u00e0 nous r\u00e9g\u00e9n\u00e9rer.<\/p>\n\n\n\n<p>Cultivons Biologique Canada repr\u00e9sente des agriculteurs qui sont t\u00e9moins de la d\u00e9gradation des terres agricoles depuis longtemps d\u00e9j\u00e0 et qui, contrairement \u00e0 la tendance g\u00e9n\u00e9rale, ont adopt\u00e9, appris et r\u00e9appris des m\u00e9thodes d&rsquo;exploitation agricole qui respectent la nature et les humains, qui tiennent compte du fait que nous ne sommes pas s\u00e9par\u00e9s de la nature.<\/p>\n<\/div>\n\n\n\n<div class=\"wp-block-media-text alignfull is-stacked-on-mobile is-image-fill is-style-smart-wide has-theme-grey-background-color has-background\"><figure class=\"wp-block-media-text__media\" style=\"background-image:url(https:\/\/cog.ca\/wp-content\/uploads\/2023\/08\/depth-of-field-1850206-scaled-2-1024x683.jpg);background-position:50% 50%\"><img loading=\"lazy\" decoding=\"async\" width=\"1024\" height=\"683\" src=\"https:\/\/cog.ca\/wp-content\/uploads\/2023\/08\/depth-of-field-1850206-scaled-2-1024x683.jpg\" alt=\"\" class=\"wp-image-2098 size-full\" srcset=\"https:\/\/cog.ca\/wp-content\/uploads\/2023\/08\/depth-of-field-1850206-scaled-2-1024x683.jpg 1024w, https:\/\/cog.ca\/wp-content\/uploads\/2023\/08\/depth-of-field-1850206-scaled-2-300x200.jpg 300w, https:\/\/cog.ca\/wp-content\/uploads\/2023\/08\/depth-of-field-1850206-scaled-2.jpg 1920w\" sizes=\"auto, (max-width: 1024px) 100vw, 1024px\" \/><\/figure><div class=\"wp-block-media-text__content\">\n<h2 class=\"wp-block-heading is-style-h4\">\u00c0 quoi ressemble l\u2019agriculture r\u00e9g\u00e9n\u00e9ratrice?<\/h2>\n\n\n\n<hr class=\"wp-block-separator has-alpha-channel-opacity is-style-accent\"\/>\n\n\n\n<p>L&rsquo;agriculture r\u00e9g\u00e9n\u00e9ratrice emploie des pratiques qui favorisent la densit\u00e9 nutritionnelle des cultures vivri\u00e8res plut\u00f4t que le rendement.<\/p>\n\n\n\n<p>Elle encourage \u00e0 vivre de la terre plut\u00f4t que tuer d&rsquo;autres vies au profit d&rsquo;une seule: celle de l&rsquo;humain.<\/p>\n\n\n\n<p>Ces pratiques comprennent le compostage, les cultures de couverture, les engrais verts de l\u00e9gumineuses, la rotation des cultures, l&rsquo;agriculture mixte, la culture peu profonde et r\u00e9duite, et l&rsquo;am\u00e9lioration de la biodiversit\u00e9.<\/p>\n\n\n\n<p>L&rsquo;agriculture r\u00e9g\u00e9n\u00e9ratrice exige davantage de savoir que d&rsquo;intrants. Il s&rsquo;agit notamment de tenter de comprendre le cycle biologique des insectes plut\u00f4t que de pulv\u00e9riser les \u00ab parasites \u00bb, ou d&rsquo;am\u00e9liorer les sols \u00e0 long terme plut\u00f4t que de fertiliser les plantes artificiellement et \u00e0 court terme.<\/p>\n\n\n\n<p>L&rsquo;agriculture r\u00e9g\u00e9n\u00e9ratrice respecte les millions d&rsquo;autres esp\u00e8ces avec lesquelles nous partageons la plan\u00e8te, \u00e0 la fois au-dessus et au-dessous du sol (m\u00eame si nous ne savons pas que ces esp\u00e8ces nous sont profitables). Elle respecte aussi les humains qui, par exemple, travaillent dans une ferme, distribuent ou pr\u00e9parent de la nourriture, ou encore qui vivent dans les communaut\u00e9s autour des fermes ou mines d&rsquo;o\u00f9 proviennent les intrants agricoles.<\/p>\n\n\n\n<p>L&rsquo;agriculture r\u00e9g\u00e9n\u00e9ratrice prend en compte toute la cha\u00eene des \u00e9v\u00e9nements n\u00e9cessaires \u00e0 la production d&rsquo;une culture, des intrants de fertilit\u00e9 aux semences, en passant par les outils et fournitures agricoles, au carbone utilis\u00e9 dans la production, l&#8217;emballage et la distribution.<\/p>\n\n\n\n<p>L&rsquo;agriculture r\u00e9g\u00e9n\u00e9ratrice cherche avant tout l&rsquo;am\u00e9lioration continue. Contrairement aux normes qu&rsquo;une exploitation classique peut atteindre, puis entretenir, la r\u00e9g\u00e9n\u00e9ration est un processus sans fin d&rsquo;apprentissage, d&rsquo;adaptation et d&rsquo;am\u00e9lioration.<\/p>\n<\/div><\/div>\n\n\n\n<div class=\"wp-block-media-text alignfull has-media-on-the-right is-stacked-on-mobile is-image-fill is-style-smart-wide\"><div class=\"wp-block-media-text__content\">\n<h2 class=\"wp-block-heading is-style-h4\">L\u2019agriculture biologique est-elle r\u00e9g\u00e9n\u00e9ratrice?<\/h2>\n\n\n\n<hr class=\"wp-block-separator has-alpha-channel-opacity is-style-accent\"\/>\n\n\n\n<p>Les fondements de l&rsquo;agriculture biologique reposent sur les pratiques d\u00e9crites ci-dessus.<\/p>\n\n\n\n<p>Bien que les normes et r\u00e8glements qui r\u00e9gissent l&rsquo;agriculture biologique les encouragent, ces pratiques ont \u00e9t\u00e9 adopt\u00e9es avec enthousiasme par les agriculteurs du monde entier qui sont passionn\u00e9s d&rsquo;agriculture bio, qui en adoptent la philosophie et les 4 principes (sant\u00e9, \u00e9cologie, \u00e9quit\u00e9 et protection), et ce, que la certification soit un mod\u00e8le appropri\u00e9 pour leur exploitation ou non.<\/p>\n\n\n\n<p>De plus, les 4 principes de la culture bio mettent en \u00e9vidence la n\u00e9cessit\u00e9 pour nos soci\u00e9t\u00e9s de cr\u00e9er des syst\u00e8mes alimentaires qui se r\u00e9g\u00e9n\u00e8rent afin d&rsquo;encourager la r\u00e9g\u00e9n\u00e9ration de la soci\u00e9t\u00e9 aussi, et ce, gr\u00e2ce au commerce \u00e9quitable, \u00e0 certaines pratiques de travail et en reconnaissant qu&rsquo;il faut penser aux g\u00e9n\u00e9rations futures &#8211; d&rsquo;humains comme de toutes les autres esp\u00e8ces.<\/p>\n\n\n\n<p>Les agriculteurs bio ont une longueur d&rsquo;avance sur la construction des fermes r\u00e9g\u00e9n\u00e9ratrices de l&rsquo;avenir. Gr\u00e2ce \u00e0 leur engagement envers l&rsquo;am\u00e9lioration continue par l&rsquo;acquisition de connaissances provenant de diverses sources et diff\u00e9rentes visions du monde, ainsi qu&rsquo;au soutien de clients enthousisastes et du gouvernement, au niveau communautaire comme national, les agriculteurs bio peuvent continuer de d\u00e9velopper leurs connaissances et d&rsquo;encadrer la prochaine g\u00e9n\u00e9ration tr\u00e8s attendue qui s&rsquo;adonnera aussi \u00e0 l&rsquo;agriculture bio r\u00e9g\u00e9n\u00e9ratrice.<\/p>\n<\/div><figure class=\"wp-block-media-text__media\" style=\"background-image:url(https:\/\/cog.ca\/wp-content\/uploads\/2023\/08\/macro-772387-1024x686.jpg);background-position:50% 50%\"><img loading=\"lazy\" decoding=\"async\" width=\"1024\" height=\"686\" src=\"https:\/\/cog.ca\/wp-content\/uploads\/2023\/08\/macro-772387-1024x686.jpg\" alt=\"\" class=\"wp-image-2100 size-full\" srcset=\"https:\/\/cog.ca\/wp-content\/uploads\/2023\/08\/macro-772387-1024x686.jpg 1024w, https:\/\/cog.ca\/wp-content\/uploads\/2023\/08\/macro-772387-300x201.jpg 300w, https:\/\/cog.ca\/wp-content\/uploads\/2023\/08\/macro-772387.jpg 1920w\" sizes=\"auto, (max-width: 1024px) 100vw, 1024px\" \/><\/figure><\/div>\n","protected":false},"excerpt":{"rendered":"<p>Pourquoi l\u2019agriculture doit-elle \u00eatre r\u00e9g\u00e9n\u00e9ratrice? Les syst\u00e8mes alimentaires du monde entier sont en difficult\u00e9 depuis longtemps. Les efforts ont \u00e9t\u00e9 mis sur le capital et la croissance illimit\u00e9e plut\u00f4t que sur la sant\u00e9, l&rsquo;\u00e9cologie, l&rsquo;\u00e9quit\u00e9 et la protection. L&rsquo;humain moderne est suraliment\u00e9, mais il souffre de malnutrition. La nourriture n&rsquo;a jamais \u00e9t\u00e9 aussi abordable, mais [&hellip;]<\/p>\n","protected":false},"author":1,"featured_media":0,"parent":0,"menu_order":120,"comment_status":"closed","ping_status":"closed","template":"","meta":{"inline_featured_image":false,"footnotes":""},"class_list":["post-2106","page","type-page","status-publish","hentry"],"better_featured_image":null,"acf":[],"yoast_head":"<!-- This site is optimized with the Yoast SEO plugin v21.2 - https:\/\/yoast.com\/wordpress\/plugins\/seo\/ -->\n<title>Agriculture r\u00e9g\u00e9n\u00e9ratrice - Cultivons Biologique Canada<\/title>\n<meta name=\"robots\" content=\"index, follow, max-snippet:-1, max-image-preview:large, max-video-preview:-1\" \/>\n<link rel=\"canonical\" href=\"https:\/\/cog.ca\/fr\/agriculture-regeneratrice\/\" \/>\n<meta property=\"og:locale\" content=\"fr_FR\" \/>\n<meta property=\"og:type\" content=\"article\" \/>\n<meta property=\"og:title\" content=\"Agriculture r\u00e9g\u00e9n\u00e9ratrice - Cultivons Biologique Canada\" \/>\n<meta property=\"og:description\" content=\"Pourquoi l\u2019agriculture doit-elle \u00eatre r\u00e9g\u00e9n\u00e9ratrice? Les syst\u00e8mes alimentaires du monde entier sont en difficult\u00e9 depuis longtemps. Les efforts ont \u00e9t\u00e9 mis sur le capital et la croissance illimit\u00e9e plut\u00f4t que sur la sant\u00e9, l&rsquo;\u00e9cologie, l&rsquo;\u00e9quit\u00e9 et la protection. L&rsquo;humain moderne est suraliment\u00e9, mais il souffre de malnutrition. La nourriture n&rsquo;a jamais \u00e9t\u00e9 aussi abordable, mais [&hellip;]\" \/>\n<meta property=\"og:url\" content=\"https:\/\/cog.ca\/fr\/agriculture-regeneratrice\/\" \/>\n<meta property=\"og:site_name\" content=\"Cultivons Biologique Canada\" \/>\n<meta property=\"article:modified_time\" content=\"2023-09-07T16:41:35+00:00\" \/>\n<meta property=\"og:image\" content=\"https:\/\/cog.ca\/wp-content\/uploads\/2023\/08\/depth-of-field-1850206-scaled-2-1024x683.jpg\" \/>\n<meta name=\"twitter:card\" content=\"summary_large_image\" \/>\n<meta name=\"twitter:label1\" content=\"Dur\u00e9e de lecture estim\u00e9e\" \/>\n\t<meta name=\"twitter:data1\" content=\"4 minutes\" \/>\n<script type=\"application\/ld+json\" class=\"yoast-schema-graph\">{\"@context\":\"https:\/\/schema.org\",\"@graph\":[{\"@type\":\"WebPage\",\"@id\":\"https:\/\/cog.ca\/fr\/agriculture-regeneratrice\/\",\"url\":\"https:\/\/cog.ca\/fr\/agriculture-regeneratrice\/\",\"name\":\"Agriculture r\u00e9g\u00e9n\u00e9ratrice - Cultivons Biologique Canada\",\"isPartOf\":{\"@id\":\"https:\/\/cog.ca\/#website\"},\"datePublished\":\"2023-08-30T00:17:03+00:00\",\"dateModified\":\"2023-09-07T16:41:35+00:00\",\"breadcrumb\":{\"@id\":\"https:\/\/cog.ca\/fr\/agriculture-regeneratrice\/#breadcrumb\"},\"inLanguage\":\"fr-FR\",\"potentialAction\":[{\"@type\":\"ReadAction\",\"target\":[\"https:\/\/cog.ca\/fr\/agriculture-regeneratrice\/\"]}]},{\"@type\":\"BreadcrumbList\",\"@id\":\"https:\/\/cog.ca\/fr\/agriculture-regeneratrice\/#breadcrumb\",\"itemListElement\":[{\"@type\":\"ListItem\",\"position\":1,\"name\":\"Home\",\"item\":\"https:\/\/cog.ca\/fr\/\"},{\"@type\":\"ListItem\",\"position\":2,\"name\":\"Agriculture r\u00e9g\u00e9n\u00e9ratrice\"}]},{\"@type\":\"WebSite\",\"@id\":\"https:\/\/cog.ca\/#website\",\"url\":\"https:\/\/cog.ca\/\",\"name\":\"Cultivons Biologique Canada\",\"description\":\"\",\"publisher\":{\"@id\":\"https:\/\/cog.ca\/#organization\"},\"potentialAction\":[{\"@type\":\"SearchAction\",\"target\":{\"@type\":\"EntryPoint\",\"urlTemplate\":\"https:\/\/cog.ca\/?s={search_term_string}\"},\"query-input\":\"required name=search_term_string\"}],\"inLanguage\":\"fr-FR\"},{\"@type\":\"Organization\",\"@id\":\"https:\/\/cog.ca\/#organization\",\"name\":\"Canadian Organic Growers\",\"url\":\"https:\/\/cog.ca\/\",\"logo\":{\"@type\":\"ImageObject\",\"inLanguage\":\"fr-FR\",\"@id\":\"https:\/\/cog.ca\/#\/schema\/logo\/image\/\",\"url\":\"https:\/\/cog.ca\/wp-content\/uploads\/2023\/07\/COG_WhiteLogo_Transparent-1.png\",\"contentUrl\":\"https:\/\/cog.ca\/wp-content\/uploads\/2023\/07\/COG_WhiteLogo_Transparent-1.png\",\"width\":208,\"height\":110,\"caption\":\"Canadian Organic Growers\"},\"image\":{\"@id\":\"https:\/\/cog.ca\/#\/schema\/logo\/image\/\"}}]}<\/script>\n<!-- \/ Yoast SEO plugin. -->","yoast_head_json":{"title":"Agriculture r\u00e9g\u00e9n\u00e9ratrice - Cultivons Biologique Canada","robots":{"index":"index","follow":"follow","max-snippet":"max-snippet:-1","max-image-preview":"max-image-preview:large","max-video-preview":"max-video-preview:-1"},"canonical":"https:\/\/cog.ca\/fr\/agriculture-regeneratrice\/","og_locale":"fr_FR","og_type":"article","og_title":"Agriculture r\u00e9g\u00e9n\u00e9ratrice - Cultivons Biologique Canada","og_description":"Pourquoi l\u2019agriculture doit-elle \u00eatre r\u00e9g\u00e9n\u00e9ratrice? Les syst\u00e8mes alimentaires du monde entier sont en difficult\u00e9 depuis longtemps. Les efforts ont \u00e9t\u00e9 mis sur le capital et la croissance illimit\u00e9e plut\u00f4t que sur la sant\u00e9, l&rsquo;\u00e9cologie, l&rsquo;\u00e9quit\u00e9 et la protection. L&rsquo;humain moderne est suraliment\u00e9, mais il souffre de malnutrition. La nourriture n&rsquo;a jamais \u00e9t\u00e9 aussi abordable, mais [&hellip;]","og_url":"https:\/\/cog.ca\/fr\/agriculture-regeneratrice\/","og_site_name":"Cultivons Biologique Canada","article_modified_time":"2023-09-07T16:41:35+00:00","og_image":[{"url":"https:\/\/cog.ca\/wp-content\/uploads\/2023\/08\/depth-of-field-1850206-scaled-2-1024x683.jpg"}],"twitter_card":"summary_large_image","twitter_misc":{"Dur\u00e9e de lecture estim\u00e9e":"4 minutes"},"schema":{"@context":"https:\/\/schema.org","@graph":[{"@type":"WebPage","@id":"https:\/\/cog.ca\/fr\/agriculture-regeneratrice\/","url":"https:\/\/cog.ca\/fr\/agriculture-regeneratrice\/","name":"Agriculture r\u00e9g\u00e9n\u00e9ratrice - Cultivons Biologique Canada","isPartOf":{"@id":"https:\/\/cog.ca\/#website"},"datePublished":"2023-08-30T00:17:03+00:00","dateModified":"2023-09-07T16:41:35+00:00","breadcrumb":{"@id":"https:\/\/cog.ca\/fr\/agriculture-regeneratrice\/#breadcrumb"},"inLanguage":"fr-FR","potentialAction":[{"@type":"ReadAction","target":["https:\/\/cog.ca\/fr\/agriculture-regeneratrice\/"]}]},{"@type":"BreadcrumbList","@id":"https:\/\/cog.ca\/fr\/agriculture-regeneratrice\/#breadcrumb","itemListElement":[{"@type":"ListItem","position":1,"name":"Home","item":"https:\/\/cog.ca\/fr\/"},{"@type":"ListItem","position":2,"name":"Agriculture r\u00e9g\u00e9n\u00e9ratrice"}]},{"@type":"WebSite","@id":"https:\/\/cog.ca\/#website","url":"https:\/\/cog.ca\/","name":"Cultivons Biologique Canada","description":"","publisher":{"@id":"https:\/\/cog.ca\/#organization"},"potentialAction":[{"@type":"SearchAction","target":{"@type":"EntryPoint","urlTemplate":"https:\/\/cog.ca\/?s={search_term_string}"},"query-input":"required name=search_term_string"}],"inLanguage":"fr-FR"},{"@type":"Organization","@id":"https:\/\/cog.ca\/#organization","name":"Canadian Organic Growers","url":"https:\/\/cog.ca\/","logo":{"@type":"ImageObject","inLanguage":"fr-FR","@id":"https:\/\/cog.ca\/#\/schema\/logo\/image\/","url":"https:\/\/cog.ca\/wp-content\/uploads\/2023\/07\/COG_WhiteLogo_Transparent-1.png","contentUrl":"https:\/\/cog.ca\/wp-content\/uploads\/2023\/07\/COG_WhiteLogo_Transparent-1.png","width":208,"height":110,"caption":"Canadian Organic Growers"},"image":{"@id":"https:\/\/cog.ca\/#\/schema\/logo\/image\/"}}]}},"_links":{"self":[{"href":"https:\/\/cog.ca\/fr\/wp-json\/wp\/v2\/pages\/2106","targetHints":{"allow":["GET"]}}],"collection":[{"href":"https:\/\/cog.ca\/fr\/wp-json\/wp\/v2\/pages"}],"about":[{"href":"https:\/\/cog.ca\/fr\/wp-json\/wp\/v2\/types\/page"}],"author":[{"embeddable":true,"href":"https:\/\/cog.ca\/fr\/wp-json\/wp\/v2\/users\/1"}],"replies":[{"embeddable":true,"href":"https:\/\/cog.ca\/fr\/wp-json\/wp\/v2\/comments?post=2106"}],"version-history":[{"count":2,"href":"https:\/\/cog.ca\/fr\/wp-json\/wp\/v2\/pages\/2106\/revisions"}],"predecessor-version":[{"id":2610,"href":"https:\/\/cog.ca\/fr\/wp-json\/wp\/v2\/pages\/2106\/revisions\/2610"}],"wp:attachment":[{"href":"https:\/\/cog.ca\/fr\/wp-json\/wp\/v2\/media?parent=2106"}],"curies":[{"name":"wp","href":"https:\/\/api.w.org\/{rel}","templated":true}]}}