{"id":2039,"date":"2023-08-14T16:12:55","date_gmt":"2023-08-14T20:12:55","guid":{"rendered":"https:\/\/cog-01.eproofs.ca\/?page_id=2039"},"modified":"2023-09-06T13:36:45","modified_gmt":"2023-09-06T17:36:45","slug":"agm-2022-members-access","status":"publish","type":"page","link":"https:\/\/cog.ca\/fr\/agm-2022-members-access\/","title":{"rendered":"2022 Assembl\u00e9e G\u00e9n\u00e9rale Annuelle"},"content":{"rendered":"\n<div class=\"wp-block-group alignfull has-theme-light-background-color has-background is-layout-constrained wp-block-group-is-layout-constrained\">\n<h2 class=\"wp-block-heading has-text-align-center\">R\u00e9capitulation de l&rsquo;AGA<\/h2>\n\n\n\n<h4 class=\"wp-block-heading has-text-align-center\">Tenue le mardi 31 mai 2022<\/h4>\n\n\n\n<p class=\"has-text-align-center\">L&rsquo;AGA 2022 de la COG a \u00e9t\u00e9 un grand succ\u00e8s ! Merci \u00e0 tous nos membres qui se sont joints et ont particip\u00e9 \u00e0 cet \u00e9v\u00e9nement important. Au cours de l&rsquo;AGA, les modifications apport\u00e9es aux statuts de la COG ont \u00e9t\u00e9 adopt\u00e9es et l&rsquo;\u00e9lection du conseil d&rsquo;administration de 2022 a eu lieu. Stuart Oke, Janine Gibson et Maryruth Thiong&rsquo;o ont tous \u00e9t\u00e9 r\u00e9\u00e9lus avec succ\u00e8s au conseil d&rsquo;administration de la COG. La COG accueille \u00e9galement chaleureusement les administrateurs nouvellement \u00e9lus, Iris Vaisman, Karen Klassen et Vijay Bhosekar, au sein du conseil d&rsquo;administration de la COG (voir leurs candidatures ci-dessous).<\/p>\n\n\n\n<p class=\"has-text-align-center\">Merci \u00e0 nos administrateurs sortants, Tara Scott, Av Singh, Shannon Jones et Wentsi Yeung. Nous tenons \u00e0 remercier tout particuli\u00e8rement Gillian Flies, qui, \u00e0 compter de la r\u00e9union du conseil d&rsquo;administration du 31 mai, a quitt\u00e9 la pr\u00e9sidence du COG, mais qui restera un administrateur actif. Nous sommes \u00e9galement ravis d&rsquo;annoncer qu&rsquo;Allison Squires a \u00e9t\u00e9 \u00e9lue \u00e0 la pr\u00e9sidence du conseil d&rsquo;administration de la COG.<\/p>\n\n\n\n<hr class=\"wp-block-separator has-alpha-channel-opacity\"\/>\n\n\n\n<p class=\"has-text-align-center\"><strong><em>\u00ab\u00a0Je suis tr\u00e8s honor\u00e9 d&rsquo;avoir \u00e9t\u00e9 \u00e9lu \u00e0 la pr\u00e9sidence de la Canadian Organic Growers. Le secteur biologique est un segment pr\u00e9cieux, dynamique et en expansion de l&rsquo;agriculture canadienne. J&rsquo;ai h\u00e2te de travailler avec tous les membres de notre conseil d&rsquo;administration et les intervenants pour continuer \u00e0 soutenir les agriculteurs biologiques et \u00e0 promouvoir l&rsquo;agriculture biologique au Canada. \u00ab\u00a0<\/em><\/strong><\/p>\n\n\n\n<p class=\"has-text-align-center\"><strong><em>&#8211;&nbsp;<strong>Allison Squires, pr\u00e9sidente de la COG<\/strong><\/em><\/strong><\/p>\n\n\n\n<hr class=\"wp-block-separator has-alpha-channel-opacity\"\/>\n\n\n\n<p class=\"has-text-align-center\"><strong><em>\u00ab\u00a0L&rsquo;\u00e9lection de l&rsquo;AGA 2022 de COG a donn\u00e9 naissance \u00e0 un conseil d&rsquo;administration de premier ordre et je tiens \u00e0 remercier tous ceux qui se sont joints \u00e0 nous pour \u00e9lire et r\u00e9\u00e9lire cette \u00e9quipe de classe mondiale. Neuf de nos 14 administrateurs sont des agriculteurs\/producteurs et tous nos administrateurs offrent un large \u00e9ventail de comp\u00e9tences et d&rsquo;expertise dont je suis reconnaissant. L&rsquo;\u00e9quipe est enthousiaste \u00e0 l&rsquo;id\u00e9e de travailler avec notre conseil d&rsquo;administration de 2022 afin d&rsquo;obtenir des r\u00e9sultats encore meilleurs pour Canadian Organic Growers. \u00ab\u00a0<\/em><\/strong><\/p>\n\n\n\n<p class=\"has-text-align-center\"><strong><em>&#8211;&nbsp;<strong>Deirdre Laframboise, directrice ex\u00e9cutive de COG<\/strong><\/em><\/strong><\/p>\n<\/div>\n\n\n\n<div class=\"wp-block-group alignfull has-theme-light-background-color has-background is-layout-constrained wp-block-group-is-layout-constrained\">\n<h2 class=\"wp-block-heading has-text-align-center\"><strong>Le conseil d&rsquo;administration du COG pour 2022<\/strong><\/h2>\n\n\n\n<h3 class=\"wp-block-heading has-text-align-center\">Comit\u00e9 ex\u00e9cutif<\/h3>\n\n\n\n<h6 class=\"wp-block-heading has-text-align-center\">ALLISON SQUIRES &#8211; PR\u00c9SIDENTE<\/h6>\n\n\n\n<h6 class=\"wp-block-heading has-text-align-center\">GILLIAN FLIES &#8211; DIRECTEUR (PR\u00c9SIDENT D&rsquo;OFFICE)<\/h6>\n\n\n\n<h6 class=\"wp-block-heading has-text-align-center\"><em>R\u00c9\u00c9LU<\/em>&nbsp;STUART OKE &#8211; VICE-PR\u00c9SIDENT<\/h6>\n\n\n\n<h6 class=\"wp-block-heading has-text-align-center\">DEBORAH WOLMAN &#8211; TR\u00c9SORI\u00c8RE<\/h6>\n\n\n\n<h6 class=\"wp-block-heading has-text-align-center\"><em>R\u00c9\u00c9LU<\/em>&nbsp;JANINE GIBSON &#8211; SECR\u00c9TAIRE<\/h6>\n\n\n\n<h3 class=\"wp-block-heading has-text-align-center\"><strong>Administrateurs ind\u00e9pendants<\/strong><\/h3>\n\n\n\n<h6 class=\"wp-block-heading has-text-align-center\">SAM APPLEBY &#8211; DIRECTEUR<\/h6>\n\n\n\n<h6 class=\"wp-block-heading has-text-align-center\">ANDREA BARNETT &#8211; DIRECTEUR<\/h6>\n\n\n\n<h6 class=\"wp-block-heading has-text-align-center\">NOUVEAU&nbsp;&#8211; VIJAY BHOSEKAR &#8211; DIRECTEUR<\/h6>\n\n\n\n<h6 class=\"wp-block-heading has-text-align-center\">ERIC CAMPBELL &#8211; DIRECTEUR<\/h6>\n\n\n\n<h6 class=\"wp-block-heading has-text-align-center\">NOUVEAU&nbsp;&#8211; KAREN KLASSEN &#8211; DIRECTRICE<\/h6>\n\n\n\n<h6 class=\"wp-block-heading has-text-align-center\">STEPHANIE KOHLS &#8211; DIRECTEUR<\/h6>\n\n\n\n<h6 class=\"wp-block-heading has-text-align-center\">CORINE SINGFIELD &#8211; DIRECTEUR<\/h6>\n\n\n\n<h6 class=\"wp-block-heading has-text-align-center\"><em>R\u00c9\u00c9LU<\/em>&nbsp;MARYRUTH THIONG&rsquo;O &#8211; ADMINISTRATEUR<\/h6>\n\n\n\n<h6 class=\"wp-block-heading has-text-align-center\">NOUVEAU&nbsp;&#8211; IRIS VAISMAN &#8211; DIRECTEUR<\/h6>\n<\/div>\n\n\n\n<div class=\"wp-block-group alignfull has-theme-light-background-color has-background is-layout-constrained wp-block-group-is-layout-constrained\">\n<h2 class=\"wp-block-heading has-text-align-center\"><strong>Informations g\u00e9n\u00e9rales<\/strong><\/h2>\n\n\n\n<h3 class=\"wp-block-heading has-text-align-center\">R\u00e8glements administratifs<\/h3>\n\n\n\n<div class=\"wp-block-buttons is-content-justification-center is-layout-flex wp-container-core-buttons-is-layout-16018d1d wp-block-buttons-is-layout-flex\">\n<div class=\"wp-block-button\"><a class=\"wp-block-button__link has-inner-accent-background-color has-background has-text-align-center wp-element-button\" href=\"https:\/\/cog.ca\/wp-content\/uploads\/2023\/08\/Bylaws.pdf\"><strong>STATUTS<\/strong><\/a><\/div>\n<\/div>\n\n\n\n<h3 class=\"wp-block-heading has-text-align-center\"><strong><strong>\u00c9tats financiers 2021<\/strong><\/strong><\/h3>\n\n\n\n<div class=\"wp-block-buttons is-content-justification-center is-layout-flex wp-container-core-buttons-is-layout-16018d1d wp-block-buttons-is-layout-flex\">\n<div class=\"wp-block-button\"><a class=\"wp-block-button__link has-inner-accent-background-color has-background has-text-align-center wp-element-button\" href=\"https:\/\/cog.ca\/wp-content\/uploads\/2023\/08\/FinancialStatements.pdf\"><strong><strong>\u00c9TATS FINANCIERS<\/strong><\/strong><\/a><\/div>\n<\/div>\n\n\n\n<h3 class=\"wp-block-heading has-text-align-center\"><strong><strong><strong>Plan strat\u00e9gique (2020-2025)<\/strong><\/strong><\/strong><\/h3>\n\n\n\n<div class=\"wp-block-buttons is-content-justification-center is-layout-flex wp-container-core-buttons-is-layout-16018d1d wp-block-buttons-is-layout-flex\">\n<div class=\"wp-block-button\"><a class=\"wp-block-button__link has-inner-accent-background-color has-background has-text-align-center wp-element-button\" href=\"https:\/\/cog.ca\/wp-content\/uploads\/2023\/08\/COG-StratPlan-Deck.pdf\"><strong><strong>PLAN STRAT\u00c9GIQUE<\/strong><\/strong><\/a><\/div>\n<\/div>\n<\/div>\n\n\n\n<div class=\"wp-block-group alignfull has-theme-light-background-color has-background is-layout-constrained wp-block-group-is-layout-constrained\">\n<h2 class=\"wp-block-heading has-text-align-center\">Candidatures au conseil d&rsquo;administration<\/h2>\n\n\n\n<p class=\"has-text-align-center\">Les formulaires de candidature pour les directeurs de la COG se trouvent ci-dessous.<\/p>\n\n\n\n<div class=\"wp-block-eup-blocks-accordion\"><div class=\"eup-folded-content accordion\" data-aria-accordion=\"\">\n<div class=\"wp-block-eup-blocks-fold-item eup-fold-toggle\" data-fold-toggle=\"\">IRIS WAISMAN<\/div><div class=\"eup-fold-panel\" data-fold-content=\"\">\n<p class=\"has-text-align-center\">Mon exp\u00e9rience dans le secteur a commenc\u00e9 en 2007, alors que j&rsquo;\u00e9tais \u00e9tudiant d&rsquo;\u00e9t\u00e9 avec le Dr Derek Lynch au CABC. J&rsquo;ai ensuite fait ma ma\u00eetrise en sciences avec le Dr Martin Entz \u00e0 l&rsquo;Universit\u00e9 du Manitoba, en me concentrant sur l&rsquo;agronomie biologique. J&rsquo;ai commenc\u00e9 \u00e0 travailler \u00e0 Organic Alberta en 2016. Jusqu&rsquo;au printemps 2021, j&rsquo;\u00e9tais gestionnaire de programme ainsi que coordinateur r\u00e9gional de l&rsquo;initiative Bauta sur la s\u00e9curit\u00e9 des semences canadiennes. Depuis le printemps 2021, j&rsquo;en suis le directeur ex\u00e9cutif. Je suis membre du conseil d&rsquo;administration de PODF.<\/p>\n\n\n\n<p class=\"has-text-align-center\"><a href=\"https:\/\/cog.ca\/wp-content\/uploads\/2023\/08\/Iris-Vaisman.pdf\" target=\"_blank\" rel=\"noreferrer noopener\">T\u00e9l\u00e9chargez l&rsquo;application compl\u00e8te ici.<\/a><\/p>\n<\/div>\n\n\n\n<div class=\"wp-block-eup-blocks-fold-item eup-fold-toggle\" data-fold-toggle=\"\">KAREN KLASSEN<\/div><div class=\"eup-fold-panel\" data-fold-content=\"\">\n<p class=\"has-text-align-center\">Je travaille pour la Manitoba Organic Alliance depuis fin 2019 et j&rsquo;ai r\u00e9cemment fait passer une partie de ma ferme c\u00e9r\u00e9ali\u00e8re en production biologique. Avant l&rsquo;agriculture, j&rsquo;ai \u00e9t\u00e9 di\u00e9t\u00e9tiste clinique, chercheur, conf\u00e9rencier et j&rsquo;ai t\u00e2t\u00e9 des r\u00f4les de gestion de projet. J&rsquo;esp\u00e8re que mes comp\u00e9tences polyvalentes et mon portefeuille d&rsquo;exp\u00e9riences contribueront \u00e0<br>\u00e0 la COG.<\/p>\n\n\n\n<p class=\"has-text-align-center\"><a href=\"https:\/\/cog.ca\/wp-content\/uploads\/2023\/08\/Karen-Klassen.pdf\" target=\"_blank\" rel=\"noreferrer noopener\">T\u00e9l\u00e9chargez l&rsquo;application compl\u00e8te ici.<\/a><\/p>\n<\/div>\n\n\n\n<div class=\"wp-block-eup-blocks-fold-item eup-fold-toggle\" data-fold-toggle=\"\">VIJAY BHOSEKAR<\/div><div class=\"eup-fold-panel\" data-fold-content=\"\">\n<p class=\"has-text-align-center\">Dot\u00e9 de comp\u00e9tences av\u00e9r\u00e9es en mati\u00e8re d&rsquo;intendance et de leadership visionnaire, centr\u00e9 sur l&rsquo;\u00e9quipe, avec une pens\u00e9e conceptuelle et de fortes capacit\u00e9s intellectuelles, des comp\u00e9tences en mati\u00e8re de fixation d&rsquo;objectifs et de relations publiques, un m\u00e9lange d&rsquo;exp\u00e9rience interculturelle et de compr\u00e9hension de la planification strat\u00e9gique et de la performance, ainsi qu&rsquo;une vaste exp\u00e9rience de l&rsquo;\u00e9tablissement de consensus en participant \u00e0 divers organes de parties prenantes, je pr\u00e9sente ma candidature pour le poste.<\/p>\n\n\n\n<p class=\"has-text-align-center\"><a href=\"https:\/\/cog.ca\/wp-content\/uploads\/2023\/08\/Dr.Vijay-Bhosekar.pdf\" target=\"_blank\" rel=\"noreferrer noopener\">T\u00e9l\u00e9chargez l&rsquo;application compl\u00e8te ici.<\/a><\/p>\n<\/div>\n<\/div><\/div>\n<\/div>\n","protected":false},"excerpt":{"rendered":"<p>R\u00e9capitulation de l&rsquo;AGA Tenue le mardi 31 mai 2022 L&rsquo;AGA 2022 de la COG a \u00e9t\u00e9 un grand succ\u00e8s ! Merci \u00e0 tous nos membres qui se sont joints et ont particip\u00e9 \u00e0 cet \u00e9v\u00e9nement important. Au cours de l&rsquo;AGA, les modifications apport\u00e9es aux statuts de la COG ont \u00e9t\u00e9 adopt\u00e9es et l&rsquo;\u00e9lection du conseil [&hellip;]<\/p>\n","protected":false},"author":1,"featured_media":0,"parent":0,"menu_order":999,"comment_status":"closed","ping_status":"closed","template":"","meta":{"inline_featured_image":false,"footnotes":""},"class_list":["post-2039","page","type-page","status-publish","hentry"],"better_featured_image":null,"acf":[],"yoast_head":"<!-- This site is optimized with the Yoast SEO plugin v21.2 - https:\/\/yoast.com\/wordpress\/plugins\/seo\/ -->\n<title>2022 Assembl\u00e9e G\u00e9n\u00e9rale Annuelle - Cultivons Biologique Canada<\/title>\n<meta name=\"robots\" content=\"index, follow, max-snippet:-1, max-image-preview:large, max-video-preview:-1\" \/>\n<link rel=\"canonical\" href=\"https:\/\/cog.ca\/fr\/agm-2022-members-access\/\" \/>\n<meta property=\"og:locale\" content=\"fr_FR\" \/>\n<meta property=\"og:type\" content=\"article\" \/>\n<meta property=\"og:title\" content=\"2022 Assembl\u00e9e G\u00e9n\u00e9rale Annuelle - Cultivons Biologique Canada\" \/>\n<meta property=\"og:description\" content=\"R\u00e9capitulation de l&rsquo;AGA Tenue le mardi 31 mai 2022 L&rsquo;AGA 2022 de la COG a \u00e9t\u00e9 un grand succ\u00e8s ! Merci \u00e0 tous nos membres qui se sont joints et ont particip\u00e9 \u00e0 cet \u00e9v\u00e9nement important. Au cours de l&rsquo;AGA, les modifications apport\u00e9es aux statuts de la COG ont \u00e9t\u00e9 adopt\u00e9es et l&rsquo;\u00e9lection du conseil [&hellip;]\" \/>\n<meta property=\"og:url\" content=\"https:\/\/cog.ca\/fr\/agm-2022-members-access\/\" \/>\n<meta property=\"og:site_name\" content=\"Cultivons Biologique Canada\" \/>\n<meta property=\"article:modified_time\" content=\"2023-09-06T17:36:45+00:00\" \/>\n<meta name=\"twitter:card\" content=\"summary_large_image\" \/>\n<meta name=\"twitter:label1\" content=\"Dur\u00e9e de lecture estim\u00e9e\" \/>\n\t<meta name=\"twitter:data1\" content=\"3 minutes\" \/>\n<script type=\"application\/ld+json\" class=\"yoast-schema-graph\">{\"@context\":\"https:\/\/schema.org\",\"@graph\":[{\"@type\":\"WebPage\",\"@id\":\"https:\/\/cog.ca\/fr\/agm-2022-members-access\/\",\"url\":\"https:\/\/cog.ca\/fr\/agm-2022-members-access\/\",\"name\":\"2022 Assembl\u00e9e G\u00e9n\u00e9rale Annuelle - Cultivons Biologique Canada\",\"isPartOf\":{\"@id\":\"https:\/\/cog.ca\/#website\"},\"datePublished\":\"2023-08-14T20:12:55+00:00\",\"dateModified\":\"2023-09-06T17:36:45+00:00\",\"breadcrumb\":{\"@id\":\"https:\/\/cog.ca\/fr\/agm-2022-members-access\/#breadcrumb\"},\"inLanguage\":\"fr-FR\",\"potentialAction\":[{\"@type\":\"ReadAction\",\"target\":[\"https:\/\/cog.ca\/fr\/agm-2022-members-access\/\"]}]},{\"@type\":\"BreadcrumbList\",\"@id\":\"https:\/\/cog.ca\/fr\/agm-2022-members-access\/#breadcrumb\",\"itemListElement\":[{\"@type\":\"ListItem\",\"position\":1,\"name\":\"Home\",\"item\":\"https:\/\/cog.ca\/fr\/\"},{\"@type\":\"ListItem\",\"position\":2,\"name\":\"2022 Assembl\u00e9e G\u00e9n\u00e9rale Annuelle\"}]},{\"@type\":\"WebSite\",\"@id\":\"https:\/\/cog.ca\/#website\",\"url\":\"https:\/\/cog.ca\/\",\"name\":\"Cultivons Biologique Canada\",\"description\":\"\",\"publisher\":{\"@id\":\"https:\/\/cog.ca\/#organization\"},\"potentialAction\":[{\"@type\":\"SearchAction\",\"target\":{\"@type\":\"EntryPoint\",\"urlTemplate\":\"https:\/\/cog.ca\/?s={search_term_string}\"},\"query-input\":\"required name=search_term_string\"}],\"inLanguage\":\"fr-FR\"},{\"@type\":\"Organization\",\"@id\":\"https:\/\/cog.ca\/#organization\",\"name\":\"Canadian Organic Growers\",\"url\":\"https:\/\/cog.ca\/\",\"logo\":{\"@type\":\"ImageObject\",\"inLanguage\":\"fr-FR\",\"@id\":\"https:\/\/cog.ca\/#\/schema\/logo\/image\/\",\"url\":\"https:\/\/cog.ca\/wp-content\/uploads\/2023\/07\/COG_WhiteLogo_Transparent-1.png\",\"contentUrl\":\"https:\/\/cog.ca\/wp-content\/uploads\/2023\/07\/COG_WhiteLogo_Transparent-1.png\",\"width\":208,\"height\":110,\"caption\":\"Canadian Organic Growers\"},\"image\":{\"@id\":\"https:\/\/cog.ca\/#\/schema\/logo\/image\/\"}}]}<\/script>\n<!-- \/ Yoast SEO plugin. -->","yoast_head_json":{"title":"2022 Assembl\u00e9e G\u00e9n\u00e9rale Annuelle - Cultivons Biologique Canada","robots":{"index":"index","follow":"follow","max-snippet":"max-snippet:-1","max-image-preview":"max-image-preview:large","max-video-preview":"max-video-preview:-1"},"canonical":"https:\/\/cog.ca\/fr\/agm-2022-members-access\/","og_locale":"fr_FR","og_type":"article","og_title":"2022 Assembl\u00e9e G\u00e9n\u00e9rale Annuelle - Cultivons Biologique Canada","og_description":"R\u00e9capitulation de l&rsquo;AGA Tenue le mardi 31 mai 2022 L&rsquo;AGA 2022 de la COG a \u00e9t\u00e9 un grand succ\u00e8s ! Merci \u00e0 tous nos membres qui se sont joints et ont particip\u00e9 \u00e0 cet \u00e9v\u00e9nement important. Au cours de l&rsquo;AGA, les modifications apport\u00e9es aux statuts de la COG ont \u00e9t\u00e9 adopt\u00e9es et l&rsquo;\u00e9lection du conseil [&hellip;]","og_url":"https:\/\/cog.ca\/fr\/agm-2022-members-access\/","og_site_name":"Cultivons Biologique Canada","article_modified_time":"2023-09-06T17:36:45+00:00","twitter_card":"summary_large_image","twitter_misc":{"Dur\u00e9e de lecture estim\u00e9e":"3 minutes"},"schema":{"@context":"https:\/\/schema.org","@graph":[{"@type":"WebPage","@id":"https:\/\/cog.ca\/fr\/agm-2022-members-access\/","url":"https:\/\/cog.ca\/fr\/agm-2022-members-access\/","name":"2022 Assembl\u00e9e G\u00e9n\u00e9rale Annuelle - Cultivons Biologique Canada","isPartOf":{"@id":"https:\/\/cog.ca\/#website"},"datePublished":"2023-08-14T20:12:55+00:00","dateModified":"2023-09-06T17:36:45+00:00","breadcrumb":{"@id":"https:\/\/cog.ca\/fr\/agm-2022-members-access\/#breadcrumb"},"inLanguage":"fr-FR","potentialAction":[{"@type":"ReadAction","target":["https:\/\/cog.ca\/fr\/agm-2022-members-access\/"]}]},{"@type":"BreadcrumbList","@id":"https:\/\/cog.ca\/fr\/agm-2022-members-access\/#breadcrumb","itemListElement":[{"@type":"ListItem","position":1,"name":"Home","item":"https:\/\/cog.ca\/fr\/"},{"@type":"ListItem","position":2,"name":"2022 Assembl\u00e9e G\u00e9n\u00e9rale Annuelle"}]},{"@type":"WebSite","@id":"https:\/\/cog.ca\/#website","url":"https:\/\/cog.ca\/","name":"Cultivons Biologique Canada","description":"","publisher":{"@id":"https:\/\/cog.ca\/#organization"},"potentialAction":[{"@type":"SearchAction","target":{"@type":"EntryPoint","urlTemplate":"https:\/\/cog.ca\/?s={search_term_string}"},"query-input":"required name=search_term_string"}],"inLanguage":"fr-FR"},{"@type":"Organization","@id":"https:\/\/cog.ca\/#organization","name":"Canadian Organic Growers","url":"https:\/\/cog.ca\/","logo":{"@type":"ImageObject","inLanguage":"fr-FR","@id":"https:\/\/cog.ca\/#\/schema\/logo\/image\/","url":"https:\/\/cog.ca\/wp-content\/uploads\/2023\/07\/COG_WhiteLogo_Transparent-1.png","contentUrl":"https:\/\/cog.ca\/wp-content\/uploads\/2023\/07\/COG_WhiteLogo_Transparent-1.png","width":208,"height":110,"caption":"Canadian Organic Growers"},"image":{"@id":"https:\/\/cog.ca\/#\/schema\/logo\/image\/"}}]}},"_links":{"self":[{"href":"https:\/\/cog.ca\/fr\/wp-json\/wp\/v2\/pages\/2039","targetHints":{"allow":["GET"]}}],"collection":[{"href":"https:\/\/cog.ca\/fr\/wp-json\/wp\/v2\/pages"}],"about":[{"href":"https:\/\/cog.ca\/fr\/wp-json\/wp\/v2\/types\/page"}],"author":[{"embeddable":true,"href":"https:\/\/cog.ca\/fr\/wp-json\/wp\/v2\/users\/1"}],"replies":[{"embeddable":true,"href":"https:\/\/cog.ca\/fr\/wp-json\/wp\/v2\/comments?post=2039"}],"version-history":[{"count":3,"href":"https:\/\/cog.ca\/fr\/wp-json\/wp\/v2\/pages\/2039\/revisions"}],"predecessor-version":[{"id":2522,"href":"https:\/\/cog.ca\/fr\/wp-json\/wp\/v2\/pages\/2039\/revisions\/2522"}],"wp:attachment":[{"href":"https:\/\/cog.ca\/fr\/wp-json\/wp\/v2\/media?parent=2039"}],"curies":[{"name":"wp","href":"https:\/\/api.w.org\/{rel}","templated":true}]}}