{"id":2037,"date":"2023-08-14T15:53:03","date_gmt":"2023-08-14T19:53:03","guid":{"rendered":"https:\/\/cog-01.eproofs.ca\/?page_id=2037"},"modified":"2023-09-07T12:34:27","modified_gmt":"2023-09-07T16:34:27","slug":"agm-2022","status":"publish","type":"page","link":"https:\/\/cog.ca\/fr\/agm-2022\/","title":{"rendered":"2022 Assembl\u00e9e G\u00e9n\u00e9rale Annuelle"},"content":{"rendered":"\n<div class=\"wp-block-group alignfull has-theme-light-background-color has-background is-layout-constrained wp-block-group-is-layout-constrained\">\n<h5 class=\"wp-block-heading has-text-align-center\"><strong><strong>Mardi 31 mai 2022<\/strong><\/strong><\/h5>\n\n\n\n<h5 class=\"wp-block-heading has-text-align-center\"><strong><strong>\u00c0 partir de 17 h 00 HNE<\/strong><\/strong><\/h5>\n\n\n\n<h5 class=\"wp-block-heading has-text-align-center\"><em><strong>Tenue en ligne<\/strong><\/em><\/h5>\n\n\n\n<p class=\"has-text-align-center\">La COG organisera une AGA 2022 virtuelle via Zoom. Pour y participer, vous devez vous inscrire en cliquant sur le bouton Eventbrite ci-dessous. Vous aurez besoin d&rsquo;un ordinateur\/portable ou d&rsquo;un smartphone pour regarder la pr\u00e9sentation visuelle ou appeler la r\u00e9union pour \u00e9couter la conversation et participer.<\/p>\n\n\n\n<p class=\"has-text-align-center\">Toutes les informations n\u00e9cessaires vous seront fournies dans un courriel de confirmation envoy\u00e9 apr\u00e8s votre inscription.<\/p>\n\n\n\n<p class=\"has-text-align-center\"><strong>VEUILLEZ NOTER :<\/strong>&nbsp;Pour pouvoir voter \u00e0 notre assembl\u00e9e g\u00e9n\u00e9rale annuelle, vous devez \u00eatre un membre en r\u00e8gle de la COG au&nbsp;<strong>31 mai 2022<\/strong>.<\/p>\n\n\n\n<p class=\"has-text-align-center\"><a href=\"https:\/\/cog-shop.myshopify.com\/products\/membership\" target=\"_blank\" rel=\"noreferrer noopener\"><strong>Cliquez ici pour<\/strong>&nbsp;<\/a>pour devenir membre de la COG.<\/p>\n\n\n\n<div class=\"wp-block-buttons is-content-justification-center is-layout-flex wp-container-core-buttons-is-layout-16018d1d wp-block-buttons-is-layout-flex\">\n<div class=\"wp-block-button is-style-fill\"><a class=\"wp-block-button__link has-inner-accent-background-color has-background has-text-align-center wp-element-button\" href=\"https:\/\/www.eventbrite.ca\/e\/cogs-annual-general-meeting-2022-tickets-318766879317\"><strong>INSCRIVEZ-VOUS ICI<\/strong><\/a><\/div>\n<\/div>\n<\/div>\n\n\n\n<div class=\"wp-block-group alignfull has-theme-light-background-color has-background is-layout-constrained wp-block-group-is-layout-constrained\">\n<h2 class=\"wp-block-heading has-text-align-center\">Processus de candidature<\/h2>\n\n\n\n<p class=\"has-text-align-center\">Si vous souhaitez devenir membre du conseil d&rsquo;administration de la COG, veuillez soumettre votre candidature via le bouton ci-dessous. &nbsp;<\/p>\n\n\n\n<p class=\"has-text-align-center\"><strong>VEUILLEZ NOTER :<\/strong>&nbsp;Les demandes doivent \u00eatre soumises au plus tard le&#8230;&nbsp;<strong>5PM EST &#8211;&nbsp;<\/strong><strong>27mai&nbsp;2022<\/strong>.<\/p>\n\n\n\n<p class=\"has-text-align-center\">Nous vous souhaitons le meilleur succ\u00e8s dans cette \u00e9lection.<\/p>\n\n\n\n<div class=\"wp-block-buttons is-content-justification-center is-layout-flex wp-container-core-buttons-is-layout-16018d1d wp-block-buttons-is-layout-flex\">\n<div class=\"wp-block-button is-style-fill\"><a class=\"wp-block-button__link has-inner-accent-background-color has-background has-text-align-center wp-element-button\" href=\"https:\/\/docs.google.com\/forms\/d\/e\/1FAIpQLSdVFaqtWno-tBa6oRLihXE1F1vFJm18Ymg_2XXLoOHzy9lCAg\/viewform\"><strong>POSTULEZ MAINTENANT<\/strong><\/a><\/div>\n<\/div>\n<\/div>\n\n\n\n<div class=\"wp-block-group alignfull has-theme-light-background-color has-background is-layout-constrained wp-block-group-is-layout-constrained\">\n<h3 class=\"wp-block-heading has-text-align-center\">Projet d&rsquo;ordre du jour de l&rsquo;AGM<\/h3>\n\n\n\n<figure class=\"wp-block-image aligncenter size-large\"><img loading=\"lazy\" decoding=\"async\" width=\"962\" height=\"1024\" src=\"https:\/\/cog.ca\/wp-content\/uploads\/2023\/08\/AGM-Agenda-1-962x1024.jpg\" alt=\"\" class=\"wp-image-1389\" srcset=\"https:\/\/cog.ca\/wp-content\/uploads\/2023\/08\/AGM-Agenda-1-962x1024.jpg 962w, https:\/\/cog.ca\/wp-content\/uploads\/2023\/08\/AGM-Agenda-1-282x300.jpg 282w, https:\/\/cog.ca\/wp-content\/uploads\/2023\/08\/AGM-Agenda-1.jpg 1762w\" sizes=\"auto, (max-width: 962px) 100vw, 962px\" \/><\/figure>\n\n\n\n<p>Si vous rencontrez des difficult\u00e9s techniques ou si vous avez des questions, n&rsquo;h\u00e9sitez pas \u00e0 nous contacter \u00e0 l&rsquo;adresse suivante&nbsp;<a href=\"mailto:support@cog.ca\" target=\"_blank\" rel=\"noreferrer noopener\"><strong>support@cog.ca<\/strong><\/a>.<\/p>\n<\/div>\n","protected":false},"excerpt":{"rendered":"<p>Mardi 31 mai 2022 \u00c0 partir de 17 h 00 HNE Tenue en ligne La COG organisera une AGA 2022 virtuelle via Zoom. Pour y participer, vous devez vous inscrire en cliquant sur le bouton Eventbrite ci-dessous. Vous aurez besoin d&rsquo;un ordinateur\/portable ou d&rsquo;un smartphone pour regarder la pr\u00e9sentation visuelle ou appeler la r\u00e9union pour [&hellip;]<\/p>\n","protected":false},"author":1,"featured_media":0,"parent":0,"menu_order":999,"comment_status":"closed","ping_status":"closed","template":"","meta":{"inline_featured_image":false,"footnotes":""},"class_list":["post-2037","page","type-page","status-publish","hentry"],"better_featured_image":null,"acf":[],"yoast_head":"<!-- This site is optimized with the Yoast SEO plugin v21.2 - https:\/\/yoast.com\/wordpress\/plugins\/seo\/ -->\n<title>2022 Assembl\u00e9e G\u00e9n\u00e9rale Annuelle - Cultivons Biologique Canada<\/title>\n<meta name=\"robots\" content=\"index, follow, max-snippet:-1, max-image-preview:large, max-video-preview:-1\" \/>\n<link rel=\"canonical\" href=\"https:\/\/cog.ca\/fr\/agm-2022\/\" \/>\n<meta property=\"og:locale\" content=\"fr_FR\" \/>\n<meta property=\"og:type\" content=\"article\" \/>\n<meta property=\"og:title\" content=\"2022 Assembl\u00e9e G\u00e9n\u00e9rale Annuelle - Cultivons Biologique Canada\" \/>\n<meta property=\"og:description\" content=\"Mardi 31 mai 2022 \u00c0 partir de 17 h 00 HNE Tenue en ligne La COG organisera une AGA 2022 virtuelle via Zoom. Pour y participer, vous devez vous inscrire en cliquant sur le bouton Eventbrite ci-dessous. Vous aurez besoin d&rsquo;un ordinateur\/portable ou d&rsquo;un smartphone pour regarder la pr\u00e9sentation visuelle ou appeler la r\u00e9union pour [&hellip;]\" \/>\n<meta property=\"og:url\" content=\"https:\/\/cog.ca\/fr\/agm-2022\/\" \/>\n<meta property=\"og:site_name\" content=\"Cultivons Biologique Canada\" \/>\n<meta property=\"article:modified_time\" content=\"2023-09-07T16:34:27+00:00\" \/>\n<meta property=\"og:image\" content=\"https:\/\/cog.ca\/wp-content\/uploads\/2023\/08\/AGM-Agenda-1-962x1024.jpg\" \/>\n<meta name=\"twitter:card\" content=\"summary_large_image\" \/>\n<meta name=\"twitter:label1\" content=\"Dur\u00e9e de lecture estim\u00e9e\" \/>\n\t<meta name=\"twitter:data1\" content=\"2 minutes\" \/>\n<script type=\"application\/ld+json\" class=\"yoast-schema-graph\">{\"@context\":\"https:\/\/schema.org\",\"@graph\":[{\"@type\":\"WebPage\",\"@id\":\"https:\/\/cog.ca\/fr\/agm-2022\/\",\"url\":\"https:\/\/cog.ca\/fr\/agm-2022\/\",\"name\":\"2022 Assembl\u00e9e G\u00e9n\u00e9rale Annuelle - Cultivons Biologique Canada\",\"isPartOf\":{\"@id\":\"https:\/\/cog.ca\/#website\"},\"datePublished\":\"2023-08-14T19:53:03+00:00\",\"dateModified\":\"2023-09-07T16:34:27+00:00\",\"breadcrumb\":{\"@id\":\"https:\/\/cog.ca\/fr\/agm-2022\/#breadcrumb\"},\"inLanguage\":\"fr-FR\",\"potentialAction\":[{\"@type\":\"ReadAction\",\"target\":[\"https:\/\/cog.ca\/fr\/agm-2022\/\"]}]},{\"@type\":\"BreadcrumbList\",\"@id\":\"https:\/\/cog.ca\/fr\/agm-2022\/#breadcrumb\",\"itemListElement\":[{\"@type\":\"ListItem\",\"position\":1,\"name\":\"Home\",\"item\":\"https:\/\/cog.ca\/fr\/\"},{\"@type\":\"ListItem\",\"position\":2,\"name\":\"2022 Assembl\u00e9e G\u00e9n\u00e9rale Annuelle\"}]},{\"@type\":\"WebSite\",\"@id\":\"https:\/\/cog.ca\/#website\",\"url\":\"https:\/\/cog.ca\/\",\"name\":\"Cultivons Biologique Canada\",\"description\":\"\",\"publisher\":{\"@id\":\"https:\/\/cog.ca\/#organization\"},\"potentialAction\":[{\"@type\":\"SearchAction\",\"target\":{\"@type\":\"EntryPoint\",\"urlTemplate\":\"https:\/\/cog.ca\/?s={search_term_string}\"},\"query-input\":\"required name=search_term_string\"}],\"inLanguage\":\"fr-FR\"},{\"@type\":\"Organization\",\"@id\":\"https:\/\/cog.ca\/#organization\",\"name\":\"Canadian Organic Growers\",\"url\":\"https:\/\/cog.ca\/\",\"logo\":{\"@type\":\"ImageObject\",\"inLanguage\":\"fr-FR\",\"@id\":\"https:\/\/cog.ca\/#\/schema\/logo\/image\/\",\"url\":\"https:\/\/cog.ca\/wp-content\/uploads\/2023\/07\/COG_WhiteLogo_Transparent-1.png\",\"contentUrl\":\"https:\/\/cog.ca\/wp-content\/uploads\/2023\/07\/COG_WhiteLogo_Transparent-1.png\",\"width\":208,\"height\":110,\"caption\":\"Canadian Organic Growers\"},\"image\":{\"@id\":\"https:\/\/cog.ca\/#\/schema\/logo\/image\/\"}}]}<\/script>\n<!-- \/ Yoast SEO plugin. -->","yoast_head_json":{"title":"2022 Assembl\u00e9e G\u00e9n\u00e9rale Annuelle - Cultivons Biologique Canada","robots":{"index":"index","follow":"follow","max-snippet":"max-snippet:-1","max-image-preview":"max-image-preview:large","max-video-preview":"max-video-preview:-1"},"canonical":"https:\/\/cog.ca\/fr\/agm-2022\/","og_locale":"fr_FR","og_type":"article","og_title":"2022 Assembl\u00e9e G\u00e9n\u00e9rale Annuelle - Cultivons Biologique Canada","og_description":"Mardi 31 mai 2022 \u00c0 partir de 17 h 00 HNE Tenue en ligne La COG organisera une AGA 2022 virtuelle via Zoom. Pour y participer, vous devez vous inscrire en cliquant sur le bouton Eventbrite ci-dessous. Vous aurez besoin d&rsquo;un ordinateur\/portable ou d&rsquo;un smartphone pour regarder la pr\u00e9sentation visuelle ou appeler la r\u00e9union pour [&hellip;]","og_url":"https:\/\/cog.ca\/fr\/agm-2022\/","og_site_name":"Cultivons Biologique Canada","article_modified_time":"2023-09-07T16:34:27+00:00","og_image":[{"url":"https:\/\/cog.ca\/wp-content\/uploads\/2023\/08\/AGM-Agenda-1-962x1024.jpg"}],"twitter_card":"summary_large_image","twitter_misc":{"Dur\u00e9e de lecture estim\u00e9e":"2 minutes"},"schema":{"@context":"https:\/\/schema.org","@graph":[{"@type":"WebPage","@id":"https:\/\/cog.ca\/fr\/agm-2022\/","url":"https:\/\/cog.ca\/fr\/agm-2022\/","name":"2022 Assembl\u00e9e G\u00e9n\u00e9rale Annuelle - Cultivons Biologique Canada","isPartOf":{"@id":"https:\/\/cog.ca\/#website"},"datePublished":"2023-08-14T19:53:03+00:00","dateModified":"2023-09-07T16:34:27+00:00","breadcrumb":{"@id":"https:\/\/cog.ca\/fr\/agm-2022\/#breadcrumb"},"inLanguage":"fr-FR","potentialAction":[{"@type":"ReadAction","target":["https:\/\/cog.ca\/fr\/agm-2022\/"]}]},{"@type":"BreadcrumbList","@id":"https:\/\/cog.ca\/fr\/agm-2022\/#breadcrumb","itemListElement":[{"@type":"ListItem","position":1,"name":"Home","item":"https:\/\/cog.ca\/fr\/"},{"@type":"ListItem","position":2,"name":"2022 Assembl\u00e9e G\u00e9n\u00e9rale Annuelle"}]},{"@type":"WebSite","@id":"https:\/\/cog.ca\/#website","url":"https:\/\/cog.ca\/","name":"Cultivons Biologique Canada","description":"","publisher":{"@id":"https:\/\/cog.ca\/#organization"},"potentialAction":[{"@type":"SearchAction","target":{"@type":"EntryPoint","urlTemplate":"https:\/\/cog.ca\/?s={search_term_string}"},"query-input":"required name=search_term_string"}],"inLanguage":"fr-FR"},{"@type":"Organization","@id":"https:\/\/cog.ca\/#organization","name":"Canadian Organic Growers","url":"https:\/\/cog.ca\/","logo":{"@type":"ImageObject","inLanguage":"fr-FR","@id":"https:\/\/cog.ca\/#\/schema\/logo\/image\/","url":"https:\/\/cog.ca\/wp-content\/uploads\/2023\/07\/COG_WhiteLogo_Transparent-1.png","contentUrl":"https:\/\/cog.ca\/wp-content\/uploads\/2023\/07\/COG_WhiteLogo_Transparent-1.png","width":208,"height":110,"caption":"Canadian Organic Growers"},"image":{"@id":"https:\/\/cog.ca\/#\/schema\/logo\/image\/"}}]}},"_links":{"self":[{"href":"https:\/\/cog.ca\/fr\/wp-json\/wp\/v2\/pages\/2037","targetHints":{"allow":["GET"]}}],"collection":[{"href":"https:\/\/cog.ca\/fr\/wp-json\/wp\/v2\/pages"}],"about":[{"href":"https:\/\/cog.ca\/fr\/wp-json\/wp\/v2\/types\/page"}],"author":[{"embeddable":true,"href":"https:\/\/cog.ca\/fr\/wp-json\/wp\/v2\/users\/1"}],"replies":[{"embeddable":true,"href":"https:\/\/cog.ca\/fr\/wp-json\/wp\/v2\/comments?post=2037"}],"version-history":[{"count":4,"href":"https:\/\/cog.ca\/fr\/wp-json\/wp\/v2\/pages\/2037\/revisions"}],"predecessor-version":[{"id":2605,"href":"https:\/\/cog.ca\/fr\/wp-json\/wp\/v2\/pages\/2037\/revisions\/2605"}],"wp:attachment":[{"href":"https:\/\/cog.ca\/fr\/wp-json\/wp\/v2\/media?parent=2037"}],"curies":[{"name":"wp","href":"https:\/\/api.w.org\/{rel}","templated":true}]}}