{"id":2035,"date":"2023-08-15T15:05:56","date_gmt":"2023-08-15T19:05:56","guid":{"rendered":"https:\/\/cog-01.eproofs.ca\/?page_id=2035"},"modified":"2023-09-19T14:44:44","modified_gmt":"2023-09-19T18:44:44","slug":"courses-webinars","status":"publish","type":"page","link":"https:\/\/cog.ca\/fr\/courses-webinars\/","title":{"rendered":"Cours et webinaires"},"content":{"rendered":"\n<div class=\"wp-block-group alignfull has-theme-light-background-color has-background is-layout-constrained wp-block-group-is-layout-constrained\">\n<h2 class=\"wp-block-heading has-text-align-center\">Cours et webinaires<\/h2>\n\n\n\n<p class=\"has-text-align-center\">Webinaires sur la cha\u00eene d&rsquo;approvisionnement du Canadian Access Project<\/p>\n\n\n\n<p class=\"has-text-align-center\">Profitez de nos webinaires sur la cha\u00eene d&rsquo;approvisionnement biologique, vous pouvez \u00e9galement les regarder sur notre cha\u00eene YouTube.<\/p>\n\n\n\n<div style=\"height:40px\" aria-hidden=\"true\" class=\"wp-block-spacer\"><\/div>\n\n\n\n<figure class=\"wp-block-embed aligncenter is-type-video is-provider-youtube wp-block-embed-youtube wp-embed-aspect-16-9 wp-has-aspect-ratio\"><div class=\"wp-block-embed__wrapper\">\n<iframe loading=\"lazy\" title=\"Barriers &amp; Opportunities in the Organic Carrot Supply Chain in Canada\" width=\"1778\" height=\"1000\" src=\"https:\/\/www.youtube.com\/embed\/Ixk9oNjOWAE?list=PLK0rNtCsF-V0-L9RJayIOqyP-UKb3k-xi\" frameborder=\"0\" allow=\"accelerometer; autoplay; clipboard-write; encrypted-media; gyroscope; picture-in-picture; web-share\" allowfullscreen><\/iframe>\n<\/div><\/figure>\n\n\n\n<div style=\"height:40px\" aria-hidden=\"true\" class=\"wp-block-spacer\"><\/div>\n\n\n\n<div class=\"wp-block-buttons is-content-justification-center is-layout-flex wp-container-core-buttons-is-layout-16018d1d wp-block-buttons-is-layout-flex\">\n<div class=\"wp-block-button\"><a class=\"wp-block-button__link has-inner-accent-background-color has-background has-text-align-center wp-element-button\" href=\"https:\/\/youtube.com\/playlist?list=PLK0rNtCsF-V0-L9RJayIOqyP-UKb3k-xi\">LISTE DE LECTURE DU WEBINAIRE DE CAP<\/a><\/div>\n<\/div>\n<\/div>\n\n\n\n<div class=\"wp-block-group alignfull has-theme-grey-background-color has-background is-layout-constrained wp-block-group-is-layout-constrained\">\n<p class=\"has-text-align-center\">Revenez plus tard pour d&rsquo;autres cours et webinaires.<\/p>\n<\/div>\n","protected":false},"excerpt":{"rendered":"<p>Cours et webinaires Webinaires sur la cha\u00eene d&rsquo;approvisionnement du Canadian Access Project Profitez de nos webinaires sur la cha\u00eene d&rsquo;approvisionnement biologique, vous pouvez \u00e9galement les regarder sur notre cha\u00eene YouTube. Revenez plus tard pour d&rsquo;autres cours et webinaires.<\/p>\n","protected":false},"author":1,"featured_media":0,"parent":0,"menu_order":150,"comment_status":"closed","ping_status":"closed","template":"","meta":{"inline_featured_image":false,"footnotes":""},"class_list":["post-2035","page","type-page","status-publish","hentry"],"better_featured_image":null,"acf":[],"yoast_head":"<!-- This site is optimized with the Yoast SEO plugin v21.2 - https:\/\/yoast.com\/wordpress\/plugins\/seo\/ -->\n<title>Cours et webinaires - Cultivons Biologique Canada<\/title>\n<meta name=\"robots\" content=\"index, follow, max-snippet:-1, max-image-preview:large, max-video-preview:-1\" \/>\n<link rel=\"canonical\" href=\"https:\/\/cog.ca\/fr\/courses-webinars\/\" \/>\n<meta property=\"og:locale\" content=\"fr_FR\" \/>\n<meta property=\"og:type\" content=\"article\" \/>\n<meta property=\"og:title\" content=\"Cours et webinaires - Cultivons Biologique Canada\" \/>\n<meta property=\"og:description\" content=\"Cours et webinaires Webinaires sur la cha\u00eene d&rsquo;approvisionnement du Canadian Access Project Profitez de nos webinaires sur la cha\u00eene d&rsquo;approvisionnement biologique, vous pouvez \u00e9galement les regarder sur notre cha\u00eene YouTube. Revenez plus tard pour d&rsquo;autres cours et webinaires.\" \/>\n<meta property=\"og:url\" content=\"https:\/\/cog.ca\/fr\/courses-webinars\/\" \/>\n<meta property=\"og:site_name\" content=\"Cultivons Biologique Canada\" \/>\n<meta property=\"article:modified_time\" content=\"2023-09-19T18:44:44+00:00\" \/>\n<meta name=\"twitter:card\" content=\"summary_large_image\" \/>\n<meta name=\"twitter:label1\" content=\"Dur\u00e9e de lecture estim\u00e9e\" \/>\n\t<meta name=\"twitter:data1\" content=\"1 minute\" \/>\n<script type=\"application\/ld+json\" class=\"yoast-schema-graph\">{\"@context\":\"https:\/\/schema.org\",\"@graph\":[{\"@type\":\"WebPage\",\"@id\":\"https:\/\/cog.ca\/fr\/courses-webinars\/\",\"url\":\"https:\/\/cog.ca\/fr\/courses-webinars\/\",\"name\":\"Cours et webinaires - Cultivons Biologique Canada\",\"isPartOf\":{\"@id\":\"https:\/\/cog.ca\/#website\"},\"datePublished\":\"2023-08-15T19:05:56+00:00\",\"dateModified\":\"2023-09-19T18:44:44+00:00\",\"breadcrumb\":{\"@id\":\"https:\/\/cog.ca\/fr\/courses-webinars\/#breadcrumb\"},\"inLanguage\":\"fr-FR\",\"potentialAction\":[{\"@type\":\"ReadAction\",\"target\":[\"https:\/\/cog.ca\/fr\/courses-webinars\/\"]}]},{\"@type\":\"BreadcrumbList\",\"@id\":\"https:\/\/cog.ca\/fr\/courses-webinars\/#breadcrumb\",\"itemListElement\":[{\"@type\":\"ListItem\",\"position\":1,\"name\":\"Home\",\"item\":\"https:\/\/cog.ca\/fr\/\"},{\"@type\":\"ListItem\",\"position\":2,\"name\":\"Cours et webinaires\"}]},{\"@type\":\"WebSite\",\"@id\":\"https:\/\/cog.ca\/#website\",\"url\":\"https:\/\/cog.ca\/\",\"name\":\"Cultivons Biologique Canada\",\"description\":\"\",\"publisher\":{\"@id\":\"https:\/\/cog.ca\/#organization\"},\"potentialAction\":[{\"@type\":\"SearchAction\",\"target\":{\"@type\":\"EntryPoint\",\"urlTemplate\":\"https:\/\/cog.ca\/?s={search_term_string}\"},\"query-input\":\"required name=search_term_string\"}],\"inLanguage\":\"fr-FR\"},{\"@type\":\"Organization\",\"@id\":\"https:\/\/cog.ca\/#organization\",\"name\":\"Canadian Organic Growers\",\"url\":\"https:\/\/cog.ca\/\",\"logo\":{\"@type\":\"ImageObject\",\"inLanguage\":\"fr-FR\",\"@id\":\"https:\/\/cog.ca\/#\/schema\/logo\/image\/\",\"url\":\"https:\/\/cog.ca\/wp-content\/uploads\/2023\/07\/COG_WhiteLogo_Transparent-1.png\",\"contentUrl\":\"https:\/\/cog.ca\/wp-content\/uploads\/2023\/07\/COG_WhiteLogo_Transparent-1.png\",\"width\":208,\"height\":110,\"caption\":\"Canadian Organic Growers\"},\"image\":{\"@id\":\"https:\/\/cog.ca\/#\/schema\/logo\/image\/\"}}]}<\/script>\n<!-- \/ Yoast SEO plugin. -->","yoast_head_json":{"title":"Cours et webinaires - Cultivons Biologique Canada","robots":{"index":"index","follow":"follow","max-snippet":"max-snippet:-1","max-image-preview":"max-image-preview:large","max-video-preview":"max-video-preview:-1"},"canonical":"https:\/\/cog.ca\/fr\/courses-webinars\/","og_locale":"fr_FR","og_type":"article","og_title":"Cours et webinaires - Cultivons Biologique Canada","og_description":"Cours et webinaires Webinaires sur la cha\u00eene d&rsquo;approvisionnement du Canadian Access Project Profitez de nos webinaires sur la cha\u00eene d&rsquo;approvisionnement biologique, vous pouvez \u00e9galement les regarder sur notre cha\u00eene YouTube. Revenez plus tard pour d&rsquo;autres cours et webinaires.","og_url":"https:\/\/cog.ca\/fr\/courses-webinars\/","og_site_name":"Cultivons Biologique Canada","article_modified_time":"2023-09-19T18:44:44+00:00","twitter_card":"summary_large_image","twitter_misc":{"Dur\u00e9e de lecture estim\u00e9e":"1 minute"},"schema":{"@context":"https:\/\/schema.org","@graph":[{"@type":"WebPage","@id":"https:\/\/cog.ca\/fr\/courses-webinars\/","url":"https:\/\/cog.ca\/fr\/courses-webinars\/","name":"Cours et webinaires - Cultivons Biologique Canada","isPartOf":{"@id":"https:\/\/cog.ca\/#website"},"datePublished":"2023-08-15T19:05:56+00:00","dateModified":"2023-09-19T18:44:44+00:00","breadcrumb":{"@id":"https:\/\/cog.ca\/fr\/courses-webinars\/#breadcrumb"},"inLanguage":"fr-FR","potentialAction":[{"@type":"ReadAction","target":["https:\/\/cog.ca\/fr\/courses-webinars\/"]}]},{"@type":"BreadcrumbList","@id":"https:\/\/cog.ca\/fr\/courses-webinars\/#breadcrumb","itemListElement":[{"@type":"ListItem","position":1,"name":"Home","item":"https:\/\/cog.ca\/fr\/"},{"@type":"ListItem","position":2,"name":"Cours et webinaires"}]},{"@type":"WebSite","@id":"https:\/\/cog.ca\/#website","url":"https:\/\/cog.ca\/","name":"Cultivons Biologique Canada","description":"","publisher":{"@id":"https:\/\/cog.ca\/#organization"},"potentialAction":[{"@type":"SearchAction","target":{"@type":"EntryPoint","urlTemplate":"https:\/\/cog.ca\/?s={search_term_string}"},"query-input":"required name=search_term_string"}],"inLanguage":"fr-FR"},{"@type":"Organization","@id":"https:\/\/cog.ca\/#organization","name":"Canadian Organic Growers","url":"https:\/\/cog.ca\/","logo":{"@type":"ImageObject","inLanguage":"fr-FR","@id":"https:\/\/cog.ca\/#\/schema\/logo\/image\/","url":"https:\/\/cog.ca\/wp-content\/uploads\/2023\/07\/COG_WhiteLogo_Transparent-1.png","contentUrl":"https:\/\/cog.ca\/wp-content\/uploads\/2023\/07\/COG_WhiteLogo_Transparent-1.png","width":208,"height":110,"caption":"Canadian Organic Growers"},"image":{"@id":"https:\/\/cog.ca\/#\/schema\/logo\/image\/"}}]}},"_links":{"self":[{"href":"https:\/\/cog.ca\/fr\/wp-json\/wp\/v2\/pages\/2035","targetHints":{"allow":["GET"]}}],"collection":[{"href":"https:\/\/cog.ca\/fr\/wp-json\/wp\/v2\/pages"}],"about":[{"href":"https:\/\/cog.ca\/fr\/wp-json\/wp\/v2\/types\/page"}],"author":[{"embeddable":true,"href":"https:\/\/cog.ca\/fr\/wp-json\/wp\/v2\/users\/1"}],"replies":[{"embeddable":true,"href":"https:\/\/cog.ca\/fr\/wp-json\/wp\/v2\/comments?post=2035"}],"version-history":[{"count":3,"href":"https:\/\/cog.ca\/fr\/wp-json\/wp\/v2\/pages\/2035\/revisions"}],"predecessor-version":[{"id":2979,"href":"https:\/\/cog.ca\/fr\/wp-json\/wp\/v2\/pages\/2035\/revisions\/2979"}],"wp:attachment":[{"href":"https:\/\/cog.ca\/fr\/wp-json\/wp\/v2\/media?parent=2035"}],"curies":[{"name":"wp","href":"https:\/\/api.w.org\/{rel}","templated":true}]}}