{"id":2029,"date":"2023-08-15T12:07:06","date_gmt":"2023-08-15T16:07:06","guid":{"rendered":"https:\/\/cog-01.eproofs.ca\/?page_id=2029"},"modified":"2024-03-12T17:03:52","modified_gmt":"2024-03-12T21:03:52","slug":"find-organics","status":"publish","type":"page","link":"https:\/\/cog.ca\/fr\/find-organics\/","title":{"rendered":"Trouver des produits biologiques"},"content":{"rendered":"\n<h2 class=\"wp-block-heading has-text-align-center\">O\u00f9 acheter des produits biologiques?<\/h2>\n\n\n\n<p>Les produits biologiques sont vendus dans la plupart des magasins d&rsquo;alimentation au Canada. Nous vous encourageons \u00e0 vous renseigner sur les produits biologiques locaux. <\/p>\n\n\n\n<div class=\"wp-block-group alignfull has-theme-grey-background-color has-background is-layout-constrained wp-block-group-is-layout-constrained\">\n<h2 class=\"wp-block-heading\">Liste des annuaires de l\u2019agriculture biologique au Canada<\/h2>\n\n\n\n<p>Nous avons fourni une liste des annuaires d&rsquo;entreprises biologiques tenus par d&rsquo;autres organisations. Si vous connaissez d&rsquo;autres sources d&rsquo;information qui devraient \u00eatre r\u00e9pertori\u00e9es ici, ou si vous souhaitez proposer une mise \u00e0 jour, veuillez contacter web@cog.ca.<\/p>\n\n\n\n<div class=\"wp-block-eup-blocks-accordion\"><div class=\"eup-folded-content accordion\" data-aria-accordion=\"\">\n<div class=\"wp-block-eup-blocks-fold-item eup-fold-toggle\" data-fold-toggle=\"\">Canada<\/div><div class=\"eup-fold-panel\" data-fold-content=\"\">\n<p><a href=\"https:\/\/www.ota.com\/canada-ota\"><strong>Association pour le commerce des produits biologiques<\/strong>(ACPB)<\/a><\/p>\n\n\n\n<p><a href=\"https:\/\/seeds.ca\/app\/seedexchange\/\"><strong>Semences de la diversit\u00e9 Canada<\/strong><\/a>&nbsp;\u2014 Liste des vendeurs de semences et de plantes du patrimoine<\/p>\n\n\n\n<p><a href=\"https:\/\/www.biodynamics.com\/directory2013\"><strong>Biodynamic Farming and Gardening Association (\u00c9.-U.)<\/strong><\/a><\/p>\n<\/div>\n\n\n\n<div class=\"wp-block-eup-blocks-fold-item eup-fold-toggle\" data-fold-toggle=\"\">Colombie-Britannique<\/div><div class=\"eup-fold-panel\" data-fold-content=\"\">\n<p><a href=\"https:\/\/organicbc.org\/findorganic\/\"><strong>Organic BC Directory<\/strong><\/a><\/p>\n<\/div>\n\n\n\n<div class=\"wp-block-eup-blocks-fold-item eup-fold-toggle\" data-fold-toggle=\"\">Ouest canadien<\/div><div class=\"eup-fold-panel\" data-fold-content=\"\">\n<p><strong><a href=\"http:\/\/www.pivotandgrow.com\/resources\/business-to-business-directory\/\">Pivot and Grow Directory<\/a>&nbsp;<\/strong><\/p>\n<\/div>\n\n\n\n<div class=\"wp-block-eup-blocks-fold-item eup-fold-toggle\" data-fold-toggle=\"\">Ontario<\/div><div class=\"eup-fold-panel\" data-fold-content=\"\">\n<p><strong><a href=\"https:\/\/directory.organiccouncil.ca\/directory?view=map\">R\u00e9pertoire du Organ<\/a><a href=\"https:\/\/directory.organiccouncil.ca\/\">ic Council of Ontario<\/a><\/strong><\/p>\n\n\n\n<p><strong><a href=\"http:\/\/justfood.ca\/buylocal\/\">Ottawa\u2013Just Food-Buy Local&nbsp;<\/a><\/strong><\/p>\n\n\n\n<p><a href=\"http:\/\/www.cogtoronto.org\/COG_Toronto\/Directory.html\"><strong>COG \u2013 Chapitre de Toronto<\/strong><\/a><\/p>\n<\/div>\n\n\n\n<div class=\"wp-block-eup-blocks-fold-item eup-fold-toggle\" data-fold-toggle=\"\">Qu\u00e9bec<\/div><div class=\"eup-fold-panel\" data-fold-content=\"\">\n<p><a href=\"https:\/\/www.fermierdefamille.com\/fr\/education\/?utm_campaign=VIGNETTE-2&amp;cvid=5\"><\/a><strong><a href=\"https:\/\/www.fermierdefamille.com\/fr\/education\/?utm_campaign=VIGNETTE-2&amp;cvid=5\" target=\"_blank\" rel=\"noreferrer noopener\"><strong>Fermier-\u00e8re de Famille<\/strong><\/a><\/strong><\/p>\n<\/div>\n\n\n\n<div class=\"wp-block-eup-blocks-fold-item eup-fold-toggle\" data-fold-toggle=\"\">Canada atlantique<\/div><div class=\"eup-fold-panel\" data-fold-content=\"\">\n<p><a href=\"http:\/\/www.acornorganic.org\/resources\/organicdirectory\"><strong>Atlantic Canadian Organic Regional Network (ACORN)<\/strong><\/a><\/p>\n<\/div>\n<\/div><\/div>\n<\/div>\n","protected":false},"excerpt":{"rendered":"<p>O\u00f9 acheter des produits biologiques? Les produits biologiques sont vendus dans la plupart des magasins d&rsquo;alimentation au Canada. Nous vous encourageons \u00e0 vous renseigner sur les produits biologiques locaux. Liste des annuaires de l\u2019agriculture biologique au Canada Nous avons fourni une liste des annuaires d&rsquo;entreprises biologiques tenus par d&rsquo;autres organisations. Si vous connaissez d&rsquo;autres sources [&hellip;]<\/p>\n","protected":false},"author":1,"featured_media":7072,"parent":0,"menu_order":102,"comment_status":"closed","ping_status":"closed","template":"","meta":{"inline_featured_image":false,"footnotes":""},"class_list":["post-2029","page","type-page","status-publish","has-post-thumbnail","hentry"],"better_featured_image":{"id":7072,"alt_text":"","caption":"","description":"","media_type":"image","media_details":{"width":978,"height":688,"file":"2024\/12\/Screen-Shot-2024-12-06-at-12.33.15-PM.png","filesize":1701711,"sizes":{"medium":{"file":"Screen-Shot-2024-12-06-at-12.33.15-PM-300x211.png","width":300,"height":211,"mime-type":"image\/png","filesize":160145,"source_url":"https:\/\/cog.ca\/wp-content\/uploads\/2024\/12\/Screen-Shot-2024-12-06-at-12.33.15-PM-300x211.png"},"thumbnail":{"file":"Screen-Shot-2024-12-06-at-12.33.15-PM-150x150.png","width":150,"height":150,"mime-type":"image\/png","filesize":56388,"source_url":"https:\/\/cog.ca\/wp-content\/uploads\/2024\/12\/Screen-Shot-2024-12-06-at-12.33.15-PM-150x150.png"},"post-thumbnail":{"file":"Screen-Shot-2024-12-06-at-12.33.15-PM-150x150.png","width":150,"height":150,"mime-type":"image\/png","filesize":56388,"source_url":"https:\/\/cog.ca\/wp-content\/uploads\/2024\/12\/Screen-Shot-2024-12-06-at-12.33.15-PM-150x150.png"},"gform-image-choice-sm":{"file":"Screen-Shot-2024-12-06-at-12.33.15-PM-300x300.png","width":300,"height":300,"mime-type":"image\/png","filesize":218746,"source_url":"https:\/\/cog.ca\/wp-content\/uploads\/2024\/12\/Screen-Shot-2024-12-06-at-12.33.15-PM-300x300.png"},"gform-image-choice-md":{"file":"Screen-Shot-2024-12-06-at-12.33.15-PM-400x400.png","width":400,"height":400,"mime-type":"image\/png","filesize":381663,"source_url":"https:\/\/cog.ca\/wp-content\/uploads\/2024\/12\/Screen-Shot-2024-12-06-at-12.33.15-PM-400x400.png"},"gform-image-choice-lg":{"file":"Screen-Shot-2024-12-06-at-12.33.15-PM-600x600.png","width":600,"height":600,"mime-type":"image\/png","filesize":822292,"source_url":"https:\/\/cog.ca\/wp-content\/uploads\/2024\/12\/Screen-Shot-2024-12-06-at-12.33.15-PM-600x600.png"}},"image_meta":{"aperture":"0","credit":"","camera":"","caption":"","created_timestamp":"0","copyright":"","focal_length":"0","iso":"0","shutter_speed":"0","title":"","orientation":"0","keywords":[]}},"post":2029,"source_url":"https:\/\/cog.ca\/wp-content\/uploads\/2024\/12\/Screen-Shot-2024-12-06-at-12.33.15-PM.png"},"acf":[],"yoast_head":"<!-- This site is optimized with the Yoast SEO plugin v21.2 - https:\/\/yoast.com\/wordpress\/plugins\/seo\/ -->\n<title>Trouver des produits biologiques - Cultivons Biologique Canada<\/title>\n<meta name=\"robots\" content=\"index, follow, max-snippet:-1, max-image-preview:large, max-video-preview:-1\" \/>\n<link rel=\"canonical\" href=\"https:\/\/cog.ca\/fr\/find-organics\/\" \/>\n<meta property=\"og:locale\" content=\"fr_FR\" \/>\n<meta property=\"og:type\" content=\"article\" \/>\n<meta property=\"og:title\" content=\"Trouver des produits biologiques - Cultivons Biologique Canada\" \/>\n<meta property=\"og:description\" content=\"O\u00f9 acheter des produits biologiques? Les produits biologiques sont vendus dans la plupart des magasins d&rsquo;alimentation au Canada. Nous vous encourageons \u00e0 vous renseigner sur les produits biologiques locaux. Liste des annuaires de l\u2019agriculture biologique au Canada Nous avons fourni une liste des annuaires d&rsquo;entreprises biologiques tenus par d&rsquo;autres organisations. Si vous connaissez d&rsquo;autres sources [&hellip;]\" \/>\n<meta property=\"og:url\" content=\"https:\/\/cog.ca\/fr\/find-organics\/\" \/>\n<meta property=\"og:site_name\" content=\"Cultivons Biologique Canada\" \/>\n<meta property=\"article:modified_time\" content=\"2024-03-12T21:03:52+00:00\" \/>\n<meta name=\"twitter:card\" content=\"summary_large_image\" \/>\n<meta name=\"twitter:label1\" content=\"Dur\u00e9e de lecture estim\u00e9e\" \/>\n\t<meta name=\"twitter:data1\" content=\"1 minute\" \/>\n<script type=\"application\/ld+json\" class=\"yoast-schema-graph\">{\"@context\":\"https:\/\/schema.org\",\"@graph\":[{\"@type\":\"WebPage\",\"@id\":\"https:\/\/cog.ca\/fr\/find-organics\/\",\"url\":\"https:\/\/cog.ca\/fr\/find-organics\/\",\"name\":\"Trouver des produits biologiques - Cultivons Biologique Canada\",\"isPartOf\":{\"@id\":\"https:\/\/cog.ca\/#website\"},\"datePublished\":\"2023-08-15T16:07:06+00:00\",\"dateModified\":\"2024-03-12T21:03:52+00:00\",\"breadcrumb\":{\"@id\":\"https:\/\/cog.ca\/fr\/find-organics\/#breadcrumb\"},\"inLanguage\":\"fr-FR\",\"potentialAction\":[{\"@type\":\"ReadAction\",\"target\":[\"https:\/\/cog.ca\/fr\/find-organics\/\"]}]},{\"@type\":\"BreadcrumbList\",\"@id\":\"https:\/\/cog.ca\/fr\/find-organics\/#breadcrumb\",\"itemListElement\":[{\"@type\":\"ListItem\",\"position\":1,\"name\":\"Home\",\"item\":\"https:\/\/cog.ca\/fr\/\"},{\"@type\":\"ListItem\",\"position\":2,\"name\":\"Trouver des produits biologiques\"}]},{\"@type\":\"WebSite\",\"@id\":\"https:\/\/cog.ca\/#website\",\"url\":\"https:\/\/cog.ca\/\",\"name\":\"Cultivons Biologique Canada\",\"description\":\"\",\"publisher\":{\"@id\":\"https:\/\/cog.ca\/#organization\"},\"potentialAction\":[{\"@type\":\"SearchAction\",\"target\":{\"@type\":\"EntryPoint\",\"urlTemplate\":\"https:\/\/cog.ca\/?s={search_term_string}\"},\"query-input\":\"required name=search_term_string\"}],\"inLanguage\":\"fr-FR\"},{\"@type\":\"Organization\",\"@id\":\"https:\/\/cog.ca\/#organization\",\"name\":\"Canadian Organic Growers\",\"url\":\"https:\/\/cog.ca\/\",\"logo\":{\"@type\":\"ImageObject\",\"inLanguage\":\"fr-FR\",\"@id\":\"https:\/\/cog.ca\/#\/schema\/logo\/image\/\",\"url\":\"https:\/\/cog.ca\/wp-content\/uploads\/2023\/07\/COG_WhiteLogo_Transparent-1.png\",\"contentUrl\":\"https:\/\/cog.ca\/wp-content\/uploads\/2023\/07\/COG_WhiteLogo_Transparent-1.png\",\"width\":208,\"height\":110,\"caption\":\"Canadian Organic Growers\"},\"image\":{\"@id\":\"https:\/\/cog.ca\/#\/schema\/logo\/image\/\"}}]}<\/script>\n<!-- \/ Yoast SEO plugin. -->","yoast_head_json":{"title":"Trouver des produits biologiques - Cultivons Biologique Canada","robots":{"index":"index","follow":"follow","max-snippet":"max-snippet:-1","max-image-preview":"max-image-preview:large","max-video-preview":"max-video-preview:-1"},"canonical":"https:\/\/cog.ca\/fr\/find-organics\/","og_locale":"fr_FR","og_type":"article","og_title":"Trouver des produits biologiques - Cultivons Biologique Canada","og_description":"O\u00f9 acheter des produits biologiques? Les produits biologiques sont vendus dans la plupart des magasins d&rsquo;alimentation au Canada. Nous vous encourageons \u00e0 vous renseigner sur les produits biologiques locaux. Liste des annuaires de l\u2019agriculture biologique au Canada Nous avons fourni une liste des annuaires d&rsquo;entreprises biologiques tenus par d&rsquo;autres organisations. Si vous connaissez d&rsquo;autres sources [&hellip;]","og_url":"https:\/\/cog.ca\/fr\/find-organics\/","og_site_name":"Cultivons Biologique Canada","article_modified_time":"2024-03-12T21:03:52+00:00","twitter_card":"summary_large_image","twitter_misc":{"Dur\u00e9e de lecture estim\u00e9e":"1 minute"},"schema":{"@context":"https:\/\/schema.org","@graph":[{"@type":"WebPage","@id":"https:\/\/cog.ca\/fr\/find-organics\/","url":"https:\/\/cog.ca\/fr\/find-organics\/","name":"Trouver des produits biologiques - Cultivons Biologique Canada","isPartOf":{"@id":"https:\/\/cog.ca\/#website"},"datePublished":"2023-08-15T16:07:06+00:00","dateModified":"2024-03-12T21:03:52+00:00","breadcrumb":{"@id":"https:\/\/cog.ca\/fr\/find-organics\/#breadcrumb"},"inLanguage":"fr-FR","potentialAction":[{"@type":"ReadAction","target":["https:\/\/cog.ca\/fr\/find-organics\/"]}]},{"@type":"BreadcrumbList","@id":"https:\/\/cog.ca\/fr\/find-organics\/#breadcrumb","itemListElement":[{"@type":"ListItem","position":1,"name":"Home","item":"https:\/\/cog.ca\/fr\/"},{"@type":"ListItem","position":2,"name":"Trouver des produits biologiques"}]},{"@type":"WebSite","@id":"https:\/\/cog.ca\/#website","url":"https:\/\/cog.ca\/","name":"Cultivons Biologique Canada","description":"","publisher":{"@id":"https:\/\/cog.ca\/#organization"},"potentialAction":[{"@type":"SearchAction","target":{"@type":"EntryPoint","urlTemplate":"https:\/\/cog.ca\/?s={search_term_string}"},"query-input":"required name=search_term_string"}],"inLanguage":"fr-FR"},{"@type":"Organization","@id":"https:\/\/cog.ca\/#organization","name":"Canadian Organic Growers","url":"https:\/\/cog.ca\/","logo":{"@type":"ImageObject","inLanguage":"fr-FR","@id":"https:\/\/cog.ca\/#\/schema\/logo\/image\/","url":"https:\/\/cog.ca\/wp-content\/uploads\/2023\/07\/COG_WhiteLogo_Transparent-1.png","contentUrl":"https:\/\/cog.ca\/wp-content\/uploads\/2023\/07\/COG_WhiteLogo_Transparent-1.png","width":208,"height":110,"caption":"Canadian Organic Growers"},"image":{"@id":"https:\/\/cog.ca\/#\/schema\/logo\/image\/"}}]}},"_links":{"self":[{"href":"https:\/\/cog.ca\/fr\/wp-json\/wp\/v2\/pages\/2029","targetHints":{"allow":["GET"]}}],"collection":[{"href":"https:\/\/cog.ca\/fr\/wp-json\/wp\/v2\/pages"}],"about":[{"href":"https:\/\/cog.ca\/fr\/wp-json\/wp\/v2\/types\/page"}],"author":[{"embeddable":true,"href":"https:\/\/cog.ca\/fr\/wp-json\/wp\/v2\/users\/1"}],"replies":[{"embeddable":true,"href":"https:\/\/cog.ca\/fr\/wp-json\/wp\/v2\/comments?post=2029"}],"version-history":[{"count":8,"href":"https:\/\/cog.ca\/fr\/wp-json\/wp\/v2\/pages\/2029\/revisions"}],"predecessor-version":[{"id":4027,"href":"https:\/\/cog.ca\/fr\/wp-json\/wp\/v2\/pages\/2029\/revisions\/4027"}],"wp:featuredmedia":[{"embeddable":true,"href":"https:\/\/cog.ca\/fr\/wp-json\/wp\/v2\/media\/7072"}],"wp:attachment":[{"href":"https:\/\/cog.ca\/fr\/wp-json\/wp\/v2\/media?parent=2029"}],"curies":[{"name":"wp","href":"https:\/\/api.w.org\/{rel}","templated":true}]}}