{"id":2018,"date":"2023-08-15T10:18:46","date_gmt":"2023-08-15T14:18:46","guid":{"rendered":"https:\/\/cog-01.eproofs.ca\/?page_id=2018"},"modified":"2023-09-18T15:35:44","modified_gmt":"2023-09-18T19:35:44","slug":"gulf-islands","status":"publish","type":"page","link":"https:\/\/cog.ca\/fr\/gulf-islands\/","title":{"rendered":"\u00celes du Golfe"},"content":{"rendered":"\n<div class=\"wp-block-group is-layout-constrained wp-block-group-is-layout-constrained\">\n<h2 class=\"wp-block-heading\">Qui sommes-nous et o\u00f9 sommes-nous situ\u00e9s ?<\/h2>\n\n\n\n<p>Island Natural Growers (ING) est la section des \u00eeles du Golfe du COG. Les \u00eeles Gulf comprennent Galiano, Mayne, North and South Pender, Salt Spring, Saturna et d&rsquo;autres \u00eeles situ\u00e9es entre la Colombie-Britannique continentale et l&rsquo;\u00eele de Vancouver. La majorit\u00e9 de nos 50 membres et plus se trouvent sur l&rsquo;\u00eele de Salt Spring.<\/p>\n<\/div>\n\n\n\n<div class=\"wp-block-group alignfull has-theme-secondary-background-color has-background is-content-justification-center is-layout-constrained wp-block-group-is-layout-constrained\">\n<h2 class=\"wp-block-heading\">Objectifs des producteurs naturels de l&rsquo;\u00eele<\/h2>\n\n\n\n<p>Cr\u00e9\u00e9e en 1992, ING promeut l&rsquo;agriculture biologique comme l&rsquo;un des principaux \u00e9l\u00e9ments de base pour \u00e9tablir une communaut\u00e9 durable. Les objectifs d&rsquo;ING sont les suivants :<\/p>\n\n\n\n<ol class=\"wp-block-list\">\n<li>Fonctionner comme une soci\u00e9t\u00e9 d&rsquo;entraide mutuelle qui prend en compte les int\u00e9r\u00eats des agriculteurs, des jardiniers et de l&rsquo;ensemble de la communaut\u00e9 rurale.<\/li>\n\n\n\n<li>Travailler en harmonie avec les processus naturels de croissance des plantes et des animaux, comme le meilleur moyen de maximiser la production d&rsquo;aliments non polluants pour la consommation locale.<\/li>\n\n\n\n<li>\u00c9changer des connaissances et de l&rsquo;expertise entre eux, et s&rsquo;engager \u00e0 informer le public sur les m\u00e9thodes de culture biologique.<\/li>\n\n\n\n<li>Soutenir le d\u00e9veloppement de syst\u00e8mes alimentaires bas\u00e9s sur la bior\u00e9gion, renforcer et stabiliser les \u00e9conomies locales et minimiser le transport des intrants et des produits agricoles.<\/li>\n<\/ol>\n<\/div>\n\n\n\n<div class=\"wp-block-group alignfull has-theme-primary-background-color has-background is-layout-constrained wp-block-group-is-layout-constrained\">\n<h2 class=\"wp-block-heading is-style-default\">Activit\u00e9s et projets des producteurs naturels de l&rsquo;\u00eele<\/h2>\n\n\n\n<div class=\"wp-block-eup-blocks-accordion\"><div class=\"eup-folded-content accordion\" data-aria-accordion=\"\">\n<div class=\"wp-block-eup-blocks-fold-item eup-fold-toggle\" data-fold-toggle=\"\">R\u00e9unions mensuelles<\/div><div class=\"eup-fold-panel\" data-fold-content=\"\">\n<p>ING tient des r\u00e9unions le premier mercredi du mois. Les membres se portent volontaires pour organiser un repas-partage, une visite de la ferme ou du jardin et une r\u00e9union d&rsquo;affaires afin de planifier des projets et des activit\u00e9s. La structure du groupe est informelle et fonctionne par consensus.<\/p>\n<\/div>\n\n\n\n<div class=\"wp-block-eup-blocks-fold-item eup-fold-toggle\" data-fold-toggle=\"\">Le Samedi des Semences<\/div><div class=\"eup-fold-panel\" data-fold-content=\"\">\n<p>Le Seedy Samedi, le plus grand \u00e9v\u00e9nement public organis\u00e9 par ING, a lieu chaque ann\u00e9e le deuxi\u00e8me samedi de f\u00e9vrier. Il comprend un \u00e9change communautaire de semences, des ateliers de conservation et de culture des semences, et la possibilit\u00e9 d&rsquo;acheter des semences aupr\u00e8s d&rsquo;entreprises locales.<\/p>\n<\/div>\n\n\n\n<div class=\"wp-block-eup-blocks-fold-item eup-fold-toggle\" data-fold-toggle=\"\">Les \u00celes Salt Spring<\/div><div class=\"eup-fold-panel\" data-fold-content=\"\">\n<ul class=\"wp-block-list\">\n<li>Le guide des aliments biologiques locaux de l&rsquo;\u00eele de Salt Spring, publi\u00e9 par ING, encourage tout le monde sur l&rsquo;\u00eele \u00e0 acheter, cultiver et manger davantage d&rsquo;aliments biologiques produits localement.<\/li>\n\n\n\n<li>Projet d&rsquo;abattoir de Salt Spring Island &#8211; en collaboration avec l&rsquo;Alliance agricole du SSI<\/li>\n<\/ul>\n<\/div>\n\n\n\n<div class=\"wp-block-eup-blocks-fold-item eup-fold-toggle\" data-fold-toggle=\"\">Le projet Produce<\/div><div class=\"eup-fold-panel\" data-fold-content=\"\">\n<p>Le projet Produce, de mars \u00e0 novembre 2005, a estim\u00e9 la quantit\u00e9 de fruits et l\u00e9gumes cultiv\u00e9s \u00e0 Salt Spring et le potentiel d&rsquo;expansion. L&rsquo;une des principales conclusions de l&rsquo;\u00e9tude \u00e9tait que les agriculteurs ne cultivaient qu&rsquo;environ 233 000 livres de produits par an, soit \u00e0 peine 4 % des produits vendus \u00e0 Salt Spring ! Lire le rapport complet (pdf) Des repr\u00e9sentants d&rsquo;ING sont directeurs de l&rsquo;Alliance agricole de l&rsquo;\u00eele de Salt Spring et du SSI Farmland Trust<\/p>\n<\/div>\n<\/div><\/div>\n<\/div>\n\n\n\n<div class=\"wp-block-group is-layout-constrained wp-block-group-is-layout-constrained\">\n<h2 class=\"wp-block-heading\">Comment s&rsquo;impliquer dans les producteurs naturels de l&rsquo;\u00eele<\/h2>\n\n\n\n<p>Le jardinage et l&rsquo;agriculture comprennent de nombreuses activit\u00e9s et pr\u00e9occupations diverses, ce qui se refl\u00e8te dans le large \u00e9ventail d&rsquo;int\u00e9r\u00eats des membres d&rsquo;ING. Toute personne qui soutient les objectifs du COG et d&rsquo;ING est la bienvenue. Si vous vivez dans les \u00eeles du Golfe, vous deviendrez automatiquement membre de Island Natural Growers lorsque vous adh\u00e9rerez au COG.<\/p>\n<\/div>\n\n\n\n<div class=\"wp-block-group alignfull is-layout-constrained wp-block-group-is-layout-constrained\">\n<h2 class=\"wp-block-heading has-text-align-center\">Contactez<\/h2>\n\n\n\n<hr class=\"wp-block-separator has-alpha-channel-opacity\"\/>\n\n\n\n<p class=\"has-text-align-center\">Anne Macey<br>106 Old Scott Rd<br>Salt Spring Island, BC<br>V8K 2L6<br>T\u00e9l\u00e9phone : (250) 537-5511<\/p>\n<\/div>\n","protected":false},"excerpt":{"rendered":"<p>Qui sommes-nous et o\u00f9 sommes-nous situ\u00e9s ? Island Natural Growers (ING) est la section des \u00eeles du Golfe du COG. Les \u00eeles Gulf comprennent Galiano, Mayne, North and South Pender, Salt Spring, Saturna et d&rsquo;autres \u00eeles situ\u00e9es entre la Colombie-Britannique continentale et l&rsquo;\u00eele de Vancouver. La majorit\u00e9 de nos 50 membres et plus se trouvent [&hellip;]<\/p>\n","protected":false},"author":1,"featured_media":0,"parent":0,"menu_order":514,"comment_status":"closed","ping_status":"closed","template":"","meta":{"inline_featured_image":false,"footnotes":""},"class_list":["post-2018","page","type-page","status-publish","hentry"],"better_featured_image":null,"acf":[],"yoast_head":"<!-- This site is optimized with the Yoast SEO plugin v21.2 - https:\/\/yoast.com\/wordpress\/plugins\/seo\/ -->\n<title>\u00celes du Golfe - Cultivons Biologique Canada<\/title>\n<meta name=\"robots\" content=\"index, follow, max-snippet:-1, max-image-preview:large, max-video-preview:-1\" \/>\n<link rel=\"canonical\" href=\"https:\/\/cog.ca\/fr\/gulf-islands\/\" \/>\n<meta property=\"og:locale\" content=\"fr_FR\" \/>\n<meta property=\"og:type\" content=\"article\" \/>\n<meta property=\"og:title\" content=\"\u00celes du Golfe - Cultivons Biologique Canada\" \/>\n<meta property=\"og:description\" content=\"Qui sommes-nous et o\u00f9 sommes-nous situ\u00e9s ? Island Natural Growers (ING) est la section des \u00eeles du Golfe du COG. Les \u00eeles Gulf comprennent Galiano, Mayne, North and South Pender, Salt Spring, Saturna et d&rsquo;autres \u00eeles situ\u00e9es entre la Colombie-Britannique continentale et l&rsquo;\u00eele de Vancouver. La majorit\u00e9 de nos 50 membres et plus se trouvent [&hellip;]\" \/>\n<meta property=\"og:url\" content=\"https:\/\/cog.ca\/fr\/gulf-islands\/\" \/>\n<meta property=\"og:site_name\" content=\"Cultivons Biologique Canada\" \/>\n<meta property=\"article:modified_time\" content=\"2023-09-18T19:35:44+00:00\" \/>\n<meta name=\"twitter:card\" content=\"summary_large_image\" \/>\n<meta name=\"twitter:label1\" content=\"Dur\u00e9e de lecture estim\u00e9e\" \/>\n\t<meta name=\"twitter:data1\" content=\"3 minutes\" \/>\n<script type=\"application\/ld+json\" class=\"yoast-schema-graph\">{\"@context\":\"https:\/\/schema.org\",\"@graph\":[{\"@type\":\"WebPage\",\"@id\":\"https:\/\/cog.ca\/fr\/gulf-islands\/\",\"url\":\"https:\/\/cog.ca\/fr\/gulf-islands\/\",\"name\":\"\u00celes du Golfe - Cultivons Biologique Canada\",\"isPartOf\":{\"@id\":\"https:\/\/cog.ca\/#website\"},\"datePublished\":\"2023-08-15T14:18:46+00:00\",\"dateModified\":\"2023-09-18T19:35:44+00:00\",\"breadcrumb\":{\"@id\":\"https:\/\/cog.ca\/fr\/gulf-islands\/#breadcrumb\"},\"inLanguage\":\"fr-FR\",\"potentialAction\":[{\"@type\":\"ReadAction\",\"target\":[\"https:\/\/cog.ca\/fr\/gulf-islands\/\"]}]},{\"@type\":\"BreadcrumbList\",\"@id\":\"https:\/\/cog.ca\/fr\/gulf-islands\/#breadcrumb\",\"itemListElement\":[{\"@type\":\"ListItem\",\"position\":1,\"name\":\"Home\",\"item\":\"https:\/\/cog.ca\/fr\/\"},{\"@type\":\"ListItem\",\"position\":2,\"name\":\"\u00celes du Golfe\"}]},{\"@type\":\"WebSite\",\"@id\":\"https:\/\/cog.ca\/#website\",\"url\":\"https:\/\/cog.ca\/\",\"name\":\"Cultivons Biologique Canada\",\"description\":\"\",\"publisher\":{\"@id\":\"https:\/\/cog.ca\/#organization\"},\"potentialAction\":[{\"@type\":\"SearchAction\",\"target\":{\"@type\":\"EntryPoint\",\"urlTemplate\":\"https:\/\/cog.ca\/?s={search_term_string}\"},\"query-input\":\"required name=search_term_string\"}],\"inLanguage\":\"fr-FR\"},{\"@type\":\"Organization\",\"@id\":\"https:\/\/cog.ca\/#organization\",\"name\":\"Canadian Organic Growers\",\"url\":\"https:\/\/cog.ca\/\",\"logo\":{\"@type\":\"ImageObject\",\"inLanguage\":\"fr-FR\",\"@id\":\"https:\/\/cog.ca\/#\/schema\/logo\/image\/\",\"url\":\"https:\/\/cog.ca\/wp-content\/uploads\/2023\/07\/COG_WhiteLogo_Transparent-1.png\",\"contentUrl\":\"https:\/\/cog.ca\/wp-content\/uploads\/2023\/07\/COG_WhiteLogo_Transparent-1.png\",\"width\":208,\"height\":110,\"caption\":\"Canadian Organic Growers\"},\"image\":{\"@id\":\"https:\/\/cog.ca\/#\/schema\/logo\/image\/\"}}]}<\/script>\n<!-- \/ Yoast SEO plugin. -->","yoast_head_json":{"title":"\u00celes du Golfe - Cultivons Biologique Canada","robots":{"index":"index","follow":"follow","max-snippet":"max-snippet:-1","max-image-preview":"max-image-preview:large","max-video-preview":"max-video-preview:-1"},"canonical":"https:\/\/cog.ca\/fr\/gulf-islands\/","og_locale":"fr_FR","og_type":"article","og_title":"\u00celes du Golfe - Cultivons Biologique Canada","og_description":"Qui sommes-nous et o\u00f9 sommes-nous situ\u00e9s ? Island Natural Growers (ING) est la section des \u00eeles du Golfe du COG. Les \u00eeles Gulf comprennent Galiano, Mayne, North and South Pender, Salt Spring, Saturna et d&rsquo;autres \u00eeles situ\u00e9es entre la Colombie-Britannique continentale et l&rsquo;\u00eele de Vancouver. La majorit\u00e9 de nos 50 membres et plus se trouvent [&hellip;]","og_url":"https:\/\/cog.ca\/fr\/gulf-islands\/","og_site_name":"Cultivons Biologique Canada","article_modified_time":"2023-09-18T19:35:44+00:00","twitter_card":"summary_large_image","twitter_misc":{"Dur\u00e9e de lecture estim\u00e9e":"3 minutes"},"schema":{"@context":"https:\/\/schema.org","@graph":[{"@type":"WebPage","@id":"https:\/\/cog.ca\/fr\/gulf-islands\/","url":"https:\/\/cog.ca\/fr\/gulf-islands\/","name":"\u00celes du Golfe - Cultivons Biologique Canada","isPartOf":{"@id":"https:\/\/cog.ca\/#website"},"datePublished":"2023-08-15T14:18:46+00:00","dateModified":"2023-09-18T19:35:44+00:00","breadcrumb":{"@id":"https:\/\/cog.ca\/fr\/gulf-islands\/#breadcrumb"},"inLanguage":"fr-FR","potentialAction":[{"@type":"ReadAction","target":["https:\/\/cog.ca\/fr\/gulf-islands\/"]}]},{"@type":"BreadcrumbList","@id":"https:\/\/cog.ca\/fr\/gulf-islands\/#breadcrumb","itemListElement":[{"@type":"ListItem","position":1,"name":"Home","item":"https:\/\/cog.ca\/fr\/"},{"@type":"ListItem","position":2,"name":"\u00celes du Golfe"}]},{"@type":"WebSite","@id":"https:\/\/cog.ca\/#website","url":"https:\/\/cog.ca\/","name":"Cultivons Biologique Canada","description":"","publisher":{"@id":"https:\/\/cog.ca\/#organization"},"potentialAction":[{"@type":"SearchAction","target":{"@type":"EntryPoint","urlTemplate":"https:\/\/cog.ca\/?s={search_term_string}"},"query-input":"required name=search_term_string"}],"inLanguage":"fr-FR"},{"@type":"Organization","@id":"https:\/\/cog.ca\/#organization","name":"Canadian Organic Growers","url":"https:\/\/cog.ca\/","logo":{"@type":"ImageObject","inLanguage":"fr-FR","@id":"https:\/\/cog.ca\/#\/schema\/logo\/image\/","url":"https:\/\/cog.ca\/wp-content\/uploads\/2023\/07\/COG_WhiteLogo_Transparent-1.png","contentUrl":"https:\/\/cog.ca\/wp-content\/uploads\/2023\/07\/COG_WhiteLogo_Transparent-1.png","width":208,"height":110,"caption":"Canadian Organic Growers"},"image":{"@id":"https:\/\/cog.ca\/#\/schema\/logo\/image\/"}}]}},"_links":{"self":[{"href":"https:\/\/cog.ca\/fr\/wp-json\/wp\/v2\/pages\/2018","targetHints":{"allow":["GET"]}}],"collection":[{"href":"https:\/\/cog.ca\/fr\/wp-json\/wp\/v2\/pages"}],"about":[{"href":"https:\/\/cog.ca\/fr\/wp-json\/wp\/v2\/types\/page"}],"author":[{"embeddable":true,"href":"https:\/\/cog.ca\/fr\/wp-json\/wp\/v2\/users\/1"}],"replies":[{"embeddable":true,"href":"https:\/\/cog.ca\/fr\/wp-json\/wp\/v2\/comments?post=2018"}],"version-history":[{"count":3,"href":"https:\/\/cog.ca\/fr\/wp-json\/wp\/v2\/pages\/2018\/revisions"}],"predecessor-version":[{"id":2874,"href":"https:\/\/cog.ca\/fr\/wp-json\/wp\/v2\/pages\/2018\/revisions\/2874"}],"wp:attachment":[{"href":"https:\/\/cog.ca\/fr\/wp-json\/wp\/v2\/media?parent=2018"}],"curies":[{"name":"wp","href":"https:\/\/api.w.org\/{rel}","templated":true}]}}