{"id":2008,"date":"2023-08-15T11:58:06","date_gmt":"2023-08-15T15:58:06","guid":{"rendered":"https:\/\/cog-01.eproofs.ca\/?page_id=2008"},"modified":"2023-09-19T14:04:54","modified_gmt":"2023-09-19T18:04:54","slug":"organic-research-and-statistics","status":"publish","type":"page","link":"https:\/\/cog.ca\/fr\/organic-research-and-statistics\/","title":{"rendered":"Recherches et statistiques sur l&rsquo;agriculture biologique"},"content":{"rendered":"\n<h2 class=\"wp-block-heading has-text-align-center\">La culture bio en statistiques<\/h2>\n\n\n\n<p><strong><a href=\"https:\/\/www.ota.com\/canada-ota\">L&rsquo;Association pour le commerce des produits biologiques (ACPB)<\/a>\u00a0<\/strong>produit des rapports complets sur le march\u00e9 canadien des produits biologiques, \u00e9tudie \u00e0 la fois les producteurs et les consommateurs. Leur\u00a0<a href=\"https:\/\/ota.com\/sites\/default\/files\/Canadian%20Organic%20Market%20Report%202017%20teaser.pdf\">rapport du consommateur de 2017<\/a>\u00a0fournit une s\u00e9rie de statistiques sur le comportement et les pr\u00e9f\u00e9rences des consommateurs de produits biologiques, ainsi que sur la croissance du commerce et des ventes. Leur\u00a0<a href=\"https:\/\/www.ota.com\/sites\/default\/files\/Org_Ag_Canada_overview_17.03.03-FINAL.pdf\">rapport du producteur de 2017<\/a>\u00a0propose des statistiques sur les producteurs, les transformateurs, les d\u00e9taillants et l&rsquo;acr\u00e9age.<\/p>\n\n\n\n<div class=\"wp-block-group alignfull has-theme-grey-background-color has-background is-layout-constrained wp-block-group-is-layout-constrained\">\n<div class=\"wp-block-eup-blocks-accordion\"><div class=\"eup-folded-content accordion\" data-aria-accordion=\"\">\n<div class=\"wp-block-eup-blocks-fold-item eup-fold-toggle\" data-fold-toggle=\"\">POINTS FORTS DU RAPPORT DE 2019 DE L&rsquo;ACPB<\/div><div class=\"eup-fold-panel\" data-fold-content=\"\">\n<figure class=\"wp-block-image size-full is-resized\"><img loading=\"lazy\" decoding=\"async\" src=\"https:\/\/cog.ca\/wp-content\/uploads\/2023\/08\/2019-factsheet.jpg\" alt=\"\" class=\"wp-image-1495\" style=\"width:814px;height:1053px\" width=\"814\" height=\"1053\" srcset=\"https:\/\/cog.ca\/wp-content\/uploads\/2023\/08\/2019-factsheet.jpg 612w, https:\/\/cog.ca\/wp-content\/uploads\/2023\/08\/2019-factsheet-232x300.jpg 232w\" sizes=\"auto, (max-width: 814px) 100vw, 814px\" \/><\/figure>\n<\/div>\n\n\n\n<div class=\"wp-block-eup-blocks-fold-item eup-fold-toggle\" data-fold-toggle=\"\">POINTS FORTS DU RAPPORT DE 2017 DE L&rsquo;ACPB SUR LA CONSOMMATION<\/div><div class=\"eup-fold-panel\" data-fold-content=\"\">\n<ul class=\"wp-block-list\">\n<li>Au Canada, le march\u00e9 des produits biologiques est estim\u00e9 \u00e0 5,4 milliards de dollars (contre 3,5 milliards en 2012)<\/li>\n\n\n\n<li>Les plus grands consommateurs hebdomadaires de produits biologiques au Canada en 2017:\n<ul class=\"wp-block-list\">\n<li>La g\u00e9n\u00e9ration Y &#8211; 83%<\/li>\n\n\n\n<li>Dipl\u00f4m\u00e9s universitaires &#8211; 78%<\/li>\n\n\n\n<li>Albertains &#8211; 74%<\/li>\n\n\n\n<li>Familles &#8211; 72%<\/li>\n\n\n\n<li>Hommes &#8211; 67%.<\/li>\n<\/ul>\n<\/li>\n<\/ul>\n\n\n\n<ul class=\"wp-block-list\">\n<li>4,4 milliards de dollars = taille du march\u00e9 des aliments et boissons biologiques<\/li>\n\n\n\n<li>66% = pourcentage de canadiens qui ach\u00e8tent des produits biologiques chaque semaine.<\/li>\n\n\n\n<li>41% = pourcentage de Canadiens qui sont&nbsp;<em>tr\u00e8s<\/em>&nbsp;ou&nbsp;<em>assez<\/em>&nbsp;familiers avec le logo Biologique Canada<\/li>\n\n\n\n<li>48% = pourcentage de Canadiens qui jugent le logo Biologique Canada digne de confiance<\/li>\n\n\n\n<li>637 millions de dollars = valeur des importations canadiennes de produits biologiques en 2016<\/li>\n\n\n\n<li>607 millions de dollars = valeur des exportations canadiennes de produits biologiques pr\u00e9vue d&rsquo;ici la fin de l&rsquo;ann\u00e9e 2017<\/li>\n<\/ul>\n\n\n\n<figure class=\"wp-block-image size-large is-resized\"><img loading=\"lazy\" decoding=\"async\" src=\"https:\/\/cog.ca\/wp-content\/uploads\/2023\/08\/Canadian-Organic-Market-Report-2017-teaser-1-791x1024.webp\" alt=\"\" class=\"wp-image-1497\" style=\"width:813px;height:1052px\" width=\"813\" height=\"1052\" srcset=\"https:\/\/cog.ca\/wp-content\/uploads\/2023\/08\/Canadian-Organic-Market-Report-2017-teaser-1-791x1024.webp 791w, https:\/\/cog.ca\/wp-content\/uploads\/2023\/08\/Canadian-Organic-Market-Report-2017-teaser-1-232x300.webp 232w, https:\/\/cog.ca\/wp-content\/uploads\/2023\/08\/Canadian-Organic-Market-Report-2017-teaser-1-scaled.webp 1484w\" sizes=\"auto, (max-width: 813px) 100vw, 813px\" \/><\/figure>\n<\/div>\n\n\n\n<div class=\"wp-block-eup-blocks-fold-item eup-fold-toggle\" data-fold-toggle=\"\">POINTS FORTS DU RAPPORT DU PRODUCTEUR DE 2017 DE L&rsquo;ACPB<\/div><div class=\"eup-fold-panel\" data-fold-content=\"\">\n<ul class=\"wp-block-list\">\n<li>En 2015, le Canada comptait plus de 5000 exploitations biologiques, dont 4045 producteurs primaires, 618 exploitations d&rsquo;\u00e9levage et 1542 transformateurs, fabricants et d\u00e9taillants.<\/li>\n\n\n\n<li>En 2015, \u00e0 la suite d&rsquo;une r\u00e9cession, le nombre de producteurs biologiques certifi\u00e9s au Canada a d\u00e9pass\u00e9 pour la premi\u00e8re fois le pic de 2009.<\/li>\n\n\n\n<li>C&rsquo;est au Qu\u00e9bec et en Colombie-Britannique que le plus grand nombre d&rsquo;agriculteurs sont pass\u00e9s \u00e0 au bio, et c&rsquo;est dans les provinces de l&rsquo;Atlantique que le nombre de transitions a le plus augment\u00e9 entre 2014 et 2015.<\/li>\n\n\n\n<li>La superficie consacr\u00e9e \u00e0 l&rsquo;agriculture biologique au Canada est pass\u00e9e de 70 000 \u00e0 2,43 millions d&rsquo;acres entre 2014 et 2015.<\/li>\n\n\n\n<li>Les provinces de l&rsquo;Atlantique ont connu la plus forte augmentation de la superficie consacr\u00e9e \u00e0 l&rsquo;agriculture biologique entre 2014 et 2015 avec l&rsquo;ajout de 10 000 acres, tandis que la Saskatchewan d\u00e9tient la plus grande part de la superficie consacr\u00e9e \u00e0 l&rsquo;agriculture biologique au Canada, soit environ 37%.<\/li>\n\n\n\n<li>Les cultures de grande production, fourrag\u00e8res et de p\u00e2ture demeurent l&rsquo;acr\u00e9age de culture bio le plus important, les fruits et les noix ayant subi une augmentation de 50%, les l\u00e9gumes et plantes racines ayant tripl\u00e9 de 2014 \u00e0 2015.<\/li>\n\n\n\n<li>Les importations de produits biologiques au Canada ont augment\u00e9 de 37% entre 2012 et 2015.<\/li>\n<\/ul>\n\n\n\n<figure class=\"wp-block-image size-large is-resized\"><img loading=\"lazy\" decoding=\"async\" src=\"https:\/\/cog.ca\/wp-content\/uploads\/2023\/08\/Org_Ag_Canada_overview_17.03.03-FINAL-page-001-768x1024.webp\" alt=\"\" class=\"wp-image-1499\" style=\"width:810px;height:1080px\" width=\"810\" height=\"1080\" srcset=\"https:\/\/cog.ca\/wp-content\/uploads\/2023\/08\/Org_Ag_Canada_overview_17.03.03-FINAL-page-001-768x1024.webp 768w, https:\/\/cog.ca\/wp-content\/uploads\/2023\/08\/Org_Ag_Canada_overview_17.03.03-FINAL-page-001-225x300.webp 225w, https:\/\/cog.ca\/wp-content\/uploads\/2023\/08\/Org_Ag_Canada_overview_17.03.03-FINAL-page-001.webp 1125w\" sizes=\"auto, (max-width: 810px) 100vw, 810px\" \/><\/figure>\n<\/div>\n<\/div><\/div>\n<\/div>\n\n\n\n<div class=\"wp-block-group alignfull has-theme-light-background-color has-background is-layout-constrained wp-block-group-is-layout-constrained\">\n<h2 class=\"wp-block-heading\">Recherche dans le secteur du bio<\/h2>\n\n\n\n<h3 class=\"wp-block-heading\">Ressources pour la recherche sur la culture biologique au Canada<\/h3>\n\n\n\n<p>Centre d&rsquo;agriculture biologique du Canada :\u00a0<\/p>\n\n\n\n<p>Le Centre d&rsquo;agriculture biologique du Canada (CABC) est un organisme national bas\u00e9 sur le Campus agricole de Dalhousie \u00e0 Truro, Nouvelle-\u00c9cosse. Fond\u00e9 en 2001, le CABC se met au service du secteur de l&rsquo;agriculture biologique au Canada par la science et la sensibilisation.<\/p>\n\n\n\n<p>Magazine Organic Science Canada [en anglais seulement] :<\/p>\n\n\n\n<p>La FBC et le CABC sont heureux de pr\u00e9senter Organic Science Canada, un magazine qui vulgarise les 37 activit\u00e9s de recherche men\u00e9es dans le cadre de la deuxi\u00e8me grappe scientifique sur la culture bio.<\/p>\n\n\n\n<p>Table ronde sur la cha\u00eene de valeur des produits biologiques :<\/p>\n\n\n\n<p>La Table ronde sur la cha\u00eene de valeur des produits biologiques permet de s&rsquo;entendre sur la conjoncture concurrentielle du secteur canadien de l&rsquo;agriculture biologique et d&rsquo;arriver \u00e0 un consensus sur la fa\u00e7on d&rsquo;en am\u00e9liorer la performance et la rentabilit\u00e9. Les membres repr\u00e9sentent de nombreux produits sur toute la cha\u00eene de valeur des produits bio au Canada, notamment des producteurs, des transformateurs, des distributeurs, des d\u00e9taillants, des services de restauration et des exportateurs, ainsi que des repr\u00e9sentants des gouvernements provinciaux et f\u00e9d\u00e9ral.<\/p>\n\n\n\n<p>Association canadienne du commerce biologique :<\/p>\n\n\n\n<p>Le programme de recherche de l&rsquo;ACPB fournit de l&rsquo;information et des analyses approfondies sur les diff\u00e9rents segments du secteur de l&rsquo;agriculture biologique canadien. L&rsquo;ACPB recueille des donn\u00e9es sur la superficie consacr\u00e9e \u00e0 l&rsquo;agriculture biologique et sur le nombre de producteurs biologiques au pays, tout en collaborant parfois avec les chefs de file du secteur pour \u00e9valuer les probl\u00e8mes critiques de l&rsquo;agriculture biologique et g\u00e9rer les priorit\u00e9s.<\/p>\n<\/div>\n","protected":false},"excerpt":{"rendered":"<p>La culture bio en statistiques L&rsquo;Association pour le commerce des produits biologiques (ACPB)\u00a0produit des rapports complets sur le march\u00e9 canadien des produits biologiques, \u00e9tudie \u00e0 la fois les producteurs et les consommateurs. Leur\u00a0rapport du consommateur de 2017\u00a0fournit une s\u00e9rie de statistiques sur le comportement et les pr\u00e9f\u00e9rences des consommateurs de produits biologiques, ainsi que sur [&hellip;]<\/p>\n","protected":false},"author":1,"featured_media":0,"parent":0,"menu_order":111,"comment_status":"closed","ping_status":"closed","template":"","meta":{"inline_featured_image":false,"footnotes":""},"class_list":["post-2008","page","type-page","status-publish","hentry"],"better_featured_image":null,"acf":[],"yoast_head":"<!-- This site is optimized with the Yoast SEO plugin v21.2 - https:\/\/yoast.com\/wordpress\/plugins\/seo\/ -->\n<title>Recherches et statistiques sur l&#039;agriculture biologique - Cultivons Biologique Canada<\/title>\n<meta name=\"robots\" content=\"index, follow, max-snippet:-1, max-image-preview:large, max-video-preview:-1\" \/>\n<link rel=\"canonical\" href=\"https:\/\/cog.ca\/fr\/organic-research-and-statistics\/\" \/>\n<meta property=\"og:locale\" content=\"fr_FR\" \/>\n<meta property=\"og:type\" content=\"article\" \/>\n<meta property=\"og:title\" content=\"Recherches et statistiques sur l&#039;agriculture biologique - Cultivons Biologique Canada\" \/>\n<meta property=\"og:description\" content=\"La culture bio en statistiques L&rsquo;Association pour le commerce des produits biologiques (ACPB)\u00a0produit des rapports complets sur le march\u00e9 canadien des produits biologiques, \u00e9tudie \u00e0 la fois les producteurs et les consommateurs. Leur\u00a0rapport du consommateur de 2017\u00a0fournit une s\u00e9rie de statistiques sur le comportement et les pr\u00e9f\u00e9rences des consommateurs de produits biologiques, ainsi que sur [&hellip;]\" \/>\n<meta property=\"og:url\" content=\"https:\/\/cog.ca\/fr\/organic-research-and-statistics\/\" \/>\n<meta property=\"og:site_name\" content=\"Cultivons Biologique Canada\" \/>\n<meta property=\"article:modified_time\" content=\"2023-09-19T18:04:54+00:00\" \/>\n<meta property=\"og:image\" content=\"https:\/\/cog.ca\/wp-content\/uploads\/2023\/08\/2019-factsheet.jpg\" \/>\n<meta name=\"twitter:card\" content=\"summary_large_image\" \/>\n<meta name=\"twitter:label1\" content=\"Dur\u00e9e de lecture estim\u00e9e\" \/>\n\t<meta name=\"twitter:data1\" content=\"4 minutes\" \/>\n<script type=\"application\/ld+json\" class=\"yoast-schema-graph\">{\"@context\":\"https:\/\/schema.org\",\"@graph\":[{\"@type\":\"WebPage\",\"@id\":\"https:\/\/cog.ca\/fr\/organic-research-and-statistics\/\",\"url\":\"https:\/\/cog.ca\/fr\/organic-research-and-statistics\/\",\"name\":\"Recherches et statistiques sur l'agriculture biologique - Cultivons Biologique Canada\",\"isPartOf\":{\"@id\":\"https:\/\/cog.ca\/#website\"},\"datePublished\":\"2023-08-15T15:58:06+00:00\",\"dateModified\":\"2023-09-19T18:04:54+00:00\",\"breadcrumb\":{\"@id\":\"https:\/\/cog.ca\/fr\/organic-research-and-statistics\/#breadcrumb\"},\"inLanguage\":\"fr-FR\",\"potentialAction\":[{\"@type\":\"ReadAction\",\"target\":[\"https:\/\/cog.ca\/fr\/organic-research-and-statistics\/\"]}]},{\"@type\":\"BreadcrumbList\",\"@id\":\"https:\/\/cog.ca\/fr\/organic-research-and-statistics\/#breadcrumb\",\"itemListElement\":[{\"@type\":\"ListItem\",\"position\":1,\"name\":\"Home\",\"item\":\"https:\/\/cog.ca\/fr\/\"},{\"@type\":\"ListItem\",\"position\":2,\"name\":\"Recherches et statistiques sur l&#8217;agriculture biologique\"}]},{\"@type\":\"WebSite\",\"@id\":\"https:\/\/cog.ca\/#website\",\"url\":\"https:\/\/cog.ca\/\",\"name\":\"Cultivons Biologique Canada\",\"description\":\"\",\"publisher\":{\"@id\":\"https:\/\/cog.ca\/#organization\"},\"potentialAction\":[{\"@type\":\"SearchAction\",\"target\":{\"@type\":\"EntryPoint\",\"urlTemplate\":\"https:\/\/cog.ca\/?s={search_term_string}\"},\"query-input\":\"required name=search_term_string\"}],\"inLanguage\":\"fr-FR\"},{\"@type\":\"Organization\",\"@id\":\"https:\/\/cog.ca\/#organization\",\"name\":\"Canadian Organic Growers\",\"url\":\"https:\/\/cog.ca\/\",\"logo\":{\"@type\":\"ImageObject\",\"inLanguage\":\"fr-FR\",\"@id\":\"https:\/\/cog.ca\/#\/schema\/logo\/image\/\",\"url\":\"https:\/\/cog.ca\/wp-content\/uploads\/2023\/07\/COG_WhiteLogo_Transparent-1.png\",\"contentUrl\":\"https:\/\/cog.ca\/wp-content\/uploads\/2023\/07\/COG_WhiteLogo_Transparent-1.png\",\"width\":208,\"height\":110,\"caption\":\"Canadian Organic Growers\"},\"image\":{\"@id\":\"https:\/\/cog.ca\/#\/schema\/logo\/image\/\"}}]}<\/script>\n<!-- \/ Yoast SEO plugin. -->","yoast_head_json":{"title":"Recherches et statistiques sur l'agriculture biologique - Cultivons Biologique Canada","robots":{"index":"index","follow":"follow","max-snippet":"max-snippet:-1","max-image-preview":"max-image-preview:large","max-video-preview":"max-video-preview:-1"},"canonical":"https:\/\/cog.ca\/fr\/organic-research-and-statistics\/","og_locale":"fr_FR","og_type":"article","og_title":"Recherches et statistiques sur l'agriculture biologique - Cultivons Biologique Canada","og_description":"La culture bio en statistiques L&rsquo;Association pour le commerce des produits biologiques (ACPB)\u00a0produit des rapports complets sur le march\u00e9 canadien des produits biologiques, \u00e9tudie \u00e0 la fois les producteurs et les consommateurs. Leur\u00a0rapport du consommateur de 2017\u00a0fournit une s\u00e9rie de statistiques sur le comportement et les pr\u00e9f\u00e9rences des consommateurs de produits biologiques, ainsi que sur [&hellip;]","og_url":"https:\/\/cog.ca\/fr\/organic-research-and-statistics\/","og_site_name":"Cultivons Biologique Canada","article_modified_time":"2023-09-19T18:04:54+00:00","og_image":[{"url":"https:\/\/cog.ca\/wp-content\/uploads\/2023\/08\/2019-factsheet.jpg"}],"twitter_card":"summary_large_image","twitter_misc":{"Dur\u00e9e de lecture estim\u00e9e":"4 minutes"},"schema":{"@context":"https:\/\/schema.org","@graph":[{"@type":"WebPage","@id":"https:\/\/cog.ca\/fr\/organic-research-and-statistics\/","url":"https:\/\/cog.ca\/fr\/organic-research-and-statistics\/","name":"Recherches et statistiques sur l'agriculture biologique - Cultivons Biologique Canada","isPartOf":{"@id":"https:\/\/cog.ca\/#website"},"datePublished":"2023-08-15T15:58:06+00:00","dateModified":"2023-09-19T18:04:54+00:00","breadcrumb":{"@id":"https:\/\/cog.ca\/fr\/organic-research-and-statistics\/#breadcrumb"},"inLanguage":"fr-FR","potentialAction":[{"@type":"ReadAction","target":["https:\/\/cog.ca\/fr\/organic-research-and-statistics\/"]}]},{"@type":"BreadcrumbList","@id":"https:\/\/cog.ca\/fr\/organic-research-and-statistics\/#breadcrumb","itemListElement":[{"@type":"ListItem","position":1,"name":"Home","item":"https:\/\/cog.ca\/fr\/"},{"@type":"ListItem","position":2,"name":"Recherches et statistiques sur l&#8217;agriculture biologique"}]},{"@type":"WebSite","@id":"https:\/\/cog.ca\/#website","url":"https:\/\/cog.ca\/","name":"Cultivons Biologique Canada","description":"","publisher":{"@id":"https:\/\/cog.ca\/#organization"},"potentialAction":[{"@type":"SearchAction","target":{"@type":"EntryPoint","urlTemplate":"https:\/\/cog.ca\/?s={search_term_string}"},"query-input":"required name=search_term_string"}],"inLanguage":"fr-FR"},{"@type":"Organization","@id":"https:\/\/cog.ca\/#organization","name":"Canadian Organic Growers","url":"https:\/\/cog.ca\/","logo":{"@type":"ImageObject","inLanguage":"fr-FR","@id":"https:\/\/cog.ca\/#\/schema\/logo\/image\/","url":"https:\/\/cog.ca\/wp-content\/uploads\/2023\/07\/COG_WhiteLogo_Transparent-1.png","contentUrl":"https:\/\/cog.ca\/wp-content\/uploads\/2023\/07\/COG_WhiteLogo_Transparent-1.png","width":208,"height":110,"caption":"Canadian Organic Growers"},"image":{"@id":"https:\/\/cog.ca\/#\/schema\/logo\/image\/"}}]}},"_links":{"self":[{"href":"https:\/\/cog.ca\/fr\/wp-json\/wp\/v2\/pages\/2008","targetHints":{"allow":["GET"]}}],"collection":[{"href":"https:\/\/cog.ca\/fr\/wp-json\/wp\/v2\/pages"}],"about":[{"href":"https:\/\/cog.ca\/fr\/wp-json\/wp\/v2\/types\/page"}],"author":[{"embeddable":true,"href":"https:\/\/cog.ca\/fr\/wp-json\/wp\/v2\/users\/1"}],"replies":[{"embeddable":true,"href":"https:\/\/cog.ca\/fr\/wp-json\/wp\/v2\/comments?post=2008"}],"version-history":[{"count":3,"href":"https:\/\/cog.ca\/fr\/wp-json\/wp\/v2\/pages\/2008\/revisions"}],"predecessor-version":[{"id":2963,"href":"https:\/\/cog.ca\/fr\/wp-json\/wp\/v2\/pages\/2008\/revisions\/2963"}],"wp:attachment":[{"href":"https:\/\/cog.ca\/fr\/wp-json\/wp\/v2\/media?parent=2008"}],"curies":[{"name":"wp","href":"https:\/\/api.w.org\/{rel}","templated":true}]}}