{"id":2004,"date":"2023-08-15T14:36:54","date_gmt":"2023-08-15T18:36:54","guid":{"rendered":"https:\/\/cog-01.eproofs.ca\/?page_id=2004"},"modified":"2023-09-19T16:41:13","modified_gmt":"2023-09-19T20:41:13","slug":"our-history","status":"publish","type":"page","link":"https:\/\/cog.ca\/fr\/our-history\/","title":{"rendered":"Notre histoire"},"content":{"rendered":"\n<div class=\"wp-block-group alignfull has-theme-light-background-color has-background is-layout-constrained wp-block-group-is-layout-constrained\">\n<h2 class=\"wp-block-heading\">Nos racines dans le mouvement biologique sont profondes.<\/h2>\n\n\n\n<hr class=\"wp-block-separator has-alpha-channel-opacity is-style-accent\"\/>\n\n\n\n<p>L&rsquo;impact de l&rsquo;agriculture et de nos syst\u00e8mes alimentaires est \u00e9norme. Selon les Nations unies, l&rsquo;agriculture (y compris l&rsquo;irrigation, l&rsquo;\u00e9levage et l&rsquo;aquaculture) repr\u00e9sente 69 % des pr\u00e9l\u00e8vements annuels d&rsquo;eau dans le monde &#8211; ce qui en fait le plus grand consommateur d&rsquo;eau au monde. Parall\u00e8lement, la d\u00e9gradation des terres, la baisse de la fertilit\u00e9 des sols, l&rsquo;utilisation non durable de l&rsquo;eau, la surp\u00eache et la d\u00e9gradation de l&rsquo;environnement marin r\u00e9duisent la capacit\u00e9 de la base de ressources naturelles \u00e0 fournir des aliments.<\/p>\n\n\n\n<p><\/p>\n\n\n\n<p>Alors que pr\u00e8s de 750 millions de personnes seront expos\u00e9es \u00e0 des niveaux \u00e9lev\u00e9s d&rsquo;ins\u00e9curit\u00e9 alimentaire en 2019, l&rsquo;\u00e9tat actuel de l&rsquo;agriculture et des syst\u00e8mes alimentaires constitue une menace imm\u00e9diate pour la sant\u00e9. Lancement d&rsquo;une action en justice contre Monsanto Lancement de FindOrganicSeed.ca et de OrganicPriceTracker.ca. COG lance Growing Up Organic pour promouvoir l&rsquo;alimentation et l&rsquo;\u00e9ducation aupr\u00e8s des enfants. Conf\u00e9rence \u00a0\u00bb An Organic Food System for Canada \u00a0\u00bb organis\u00e9e par COG pour \u00e9laborer une d\u00e9finition du terme \u00a0\u00bb biologique \u00ab\u00a0.<\/p>\n\n\n\n<p><\/p>\n\n\n\n<p>Embauche du premier directeur ex\u00e9cutif du COG National Le nom de l&rsquo;organisation est chang\u00e9 pour Canadian Organic Growers (COG) et la r\u00e9silience des gens et de la plan\u00e8te. Heureusement, la transformation de nos pratiques agricoles et de nos syst\u00e8mes alimentaires est l&rsquo;une des occasions les plus fortes d&rsquo;am\u00e9liorer la sant\u00e9 et l&rsquo;\u00e9quit\u00e9, de restaurer les \u00e9cosyst\u00e8mes biodiversifi\u00e9s et de cr\u00e9er des communaut\u00e9s r\u00e9silientes. L&rsquo;agriculture biologique r\u00e9g\u00e9n\u00e9ratrice offre une telle opportunit\u00e9 car sa philosophie va au-del\u00e0 de la durabilit\u00e9. Au lieu de se concentrer sur le maintien de l&rsquo;\u00e9quilibre actuel, elle vise \u00e0 r\u00e9g\u00e9n\u00e9rer et \u00e0 am\u00e9liorer le sol et d&rsquo;autres aspects de l&rsquo;environnement.<\/p>\n<\/div>\n\n\n\n<div class=\"wp-block-group alignfull has-theme-grey-background-color has-background is-layout-constrained wp-block-group-is-layout-constrained\">\n<ul class=\"wp-block-list\">\n<li><strong>2020 <\/strong>&#8211; Lancement du projet d&rsquo;acc\u00e8s canadien.<\/li>\n\n\n\n<li><strong>2019 <\/strong>&#8211; Fond\u00e9 Farmers for Climate Solutions.<\/li>\n\n\n\n<li><strong>2018 <\/strong>&#8211; Lancement du programme pilote de transition du COG pour les agriculteurs, Growing Eastern Ontario Organically.<\/li>\n\n\n\n<li><strong>2017 <\/strong>&#8211; Lancement d&rsquo;une action en justice contre Monsanto.<\/li>\n\n\n\n<li><strong>2009<\/strong>\n<ul class=\"wp-block-list\">\n<li>Lancement de FindOrganicSeed.ca et OrganicPriceTracker.ca<\/li>\n\n\n\n<li>COG National est repr\u00e9sent\u00e9 \u00e0 la table ronde sur la cha\u00eene de valeur des produits biologiques et participe \u00e0 l&rsquo;\u00e9laboration des normes biologiques canadiennes.<\/li>\n<\/ul>\n<\/li>\n\n\n\n<li><strong>2007<\/strong> &#8211; COG lance Growing Up Organic pour promouvoir l&rsquo;alimentation et l&rsquo;\u00e9ducation aupr\u00e8s des enfants<\/li>\n\n\n\n<li><strong>2004<\/strong> &#8211; Le COG compara\u00eet devant le Comit\u00e9 permanent de l&rsquo;agriculture et des for\u00eats pour r\u00e9clamer une r\u00e9glementation nationale du \u00ab\u00a0bio\u00a0\u00bb.<\/li>\n\n\n\n<li>\u00ab\u00a0An Organic Food System for Canada\u00a0\u00bb Conf\u00e9rence organis\u00e9e par le COG pour \u00e9laborer une d\u00e9finition du terme \u00ab\u00a0biologique\u00a0\u00bb.<\/li>\n\n\n\n<li><strong>1988<\/strong> &#8211; Premier directeur ex\u00e9cutif engag\u00e9 \u00e0 COG National<\/li>\n\n\n\n<li>Cognition&nbsp;commencer<\/li>\n\n\n\n<li>Les premi\u00e8res sections du COG sont cr\u00e9\u00e9es, notamment \u00e0 Waterloo-Wellington.<\/li>\n\n\n\n<li><strong>1980<\/strong> &#8211; Le \u00ab\u00a0swap\u00a0\u00bb de semences, pr\u00e9curseur du programme de semences du patrimoine de la COG et devenu ensuite Semences de la diversit\u00e9, a \u00e9t\u00e9 pr\u00e9sent\u00e9.<\/li>\n\n\n\n<li><strong>1978<\/strong> &#8211; Le nom de l&rsquo;organisation est devenu Canadian Organic Growers (COG).<\/li>\n\n\n\n<li><strong>1975<\/strong> &#8211; Organic Gardeners and Farmers Association, cr\u00e9\u00e9e par Peter McQueen pour promouvoir la culture biologique.<\/li>\n<\/ul>\n<\/div>\n","protected":false},"excerpt":{"rendered":"<p>Nos racines dans le mouvement biologique sont profondes. L&rsquo;impact de l&rsquo;agriculture et de nos syst\u00e8mes alimentaires est \u00e9norme. Selon les Nations unies, l&rsquo;agriculture (y compris l&rsquo;irrigation, l&rsquo;\u00e9levage et l&rsquo;aquaculture) repr\u00e9sente 69 % des pr\u00e9l\u00e8vements annuels d&rsquo;eau dans le monde &#8211; ce qui en fait le plus grand consommateur d&rsquo;eau au monde. Parall\u00e8lement, la d\u00e9gradation des [&hellip;]<\/p>\n","protected":false},"author":1,"featured_media":3217,"parent":0,"menu_order":414,"comment_status":"closed","ping_status":"closed","template":"","meta":{"inline_featured_image":false,"footnotes":""},"class_list":["post-2004","page","type-page","status-publish","has-post-thumbnail","hentry"],"better_featured_image":{"id":3217,"alt_text":"","caption":"","description":"","media_type":"image","media_details":{"width":1200,"height":801,"file":"2023\/09\/Copy-of-zoe-schaeffer-OY92ChKDo6U-unsplash-min.jpg","filesize":227744,"sizes":{"medium":{"file":"Copy-of-zoe-schaeffer-OY92ChKDo6U-unsplash-min-300x200.jpg","width":300,"height":200,"mime-type":"image\/jpeg","filesize":18919,"source_url":"https:\/\/cog.ca\/wp-content\/uploads\/2023\/09\/Copy-of-zoe-schaeffer-OY92ChKDo6U-unsplash-min-300x200.jpg"},"large":{"file":"Copy-of-zoe-schaeffer-OY92ChKDo6U-unsplash-min-1024x684.jpg","width":1024,"height":684,"mime-type":"image\/jpeg","filesize":146750,"source_url":"https:\/\/cog.ca\/wp-content\/uploads\/2023\/09\/Copy-of-zoe-schaeffer-OY92ChKDo6U-unsplash-min-1024x684.jpg"},"thumbnail":{"file":"Copy-of-zoe-schaeffer-OY92ChKDo6U-unsplash-min-150x150.jpg","width":150,"height":150,"mime-type":"image\/jpeg","filesize":8003,"source_url":"https:\/\/cog.ca\/wp-content\/uploads\/2023\/09\/Copy-of-zoe-schaeffer-OY92ChKDo6U-unsplash-min-150x150.jpg"},"post-thumbnail":{"file":"Copy-of-zoe-schaeffer-OY92ChKDo6U-unsplash-min-150x150.jpg","width":150,"height":150,"mime-type":"image\/jpeg","filesize":8003,"source_url":"https:\/\/cog.ca\/wp-content\/uploads\/2023\/09\/Copy-of-zoe-schaeffer-OY92ChKDo6U-unsplash-min-150x150.jpg"}},"image_meta":{"aperture":"0","credit":"","camera":"","caption":"","created_timestamp":"0","copyright":"","focal_length":"0","iso":"0","shutter_speed":"0","title":"","orientation":"0","keywords":[]}},"post":null,"source_url":"https:\/\/cog.ca\/wp-content\/uploads\/2023\/09\/Copy-of-zoe-schaeffer-OY92ChKDo6U-unsplash-min.jpg"},"acf":[],"yoast_head":"<!-- This site is optimized with the Yoast SEO plugin v21.2 - https:\/\/yoast.com\/wordpress\/plugins\/seo\/ -->\n<title>Notre histoire - Cultivons Biologique Canada<\/title>\n<meta name=\"robots\" content=\"index, follow, max-snippet:-1, max-image-preview:large, max-video-preview:-1\" \/>\n<link rel=\"canonical\" href=\"https:\/\/cog.ca\/fr\/our-history\/\" \/>\n<meta property=\"og:locale\" content=\"fr_FR\" \/>\n<meta property=\"og:type\" content=\"article\" \/>\n<meta property=\"og:title\" content=\"Notre histoire - Cultivons Biologique Canada\" \/>\n<meta property=\"og:description\" content=\"Nos racines dans le mouvement biologique sont profondes. L&rsquo;impact de l&rsquo;agriculture et de nos syst\u00e8mes alimentaires est \u00e9norme. Selon les Nations unies, l&rsquo;agriculture (y compris l&rsquo;irrigation, l&rsquo;\u00e9levage et l&rsquo;aquaculture) repr\u00e9sente 69 % des pr\u00e9l\u00e8vements annuels d&rsquo;eau dans le monde &#8211; ce qui en fait le plus grand consommateur d&rsquo;eau au monde. Parall\u00e8lement, la d\u00e9gradation des [&hellip;]\" \/>\n<meta property=\"og:url\" content=\"https:\/\/cog.ca\/fr\/our-history\/\" \/>\n<meta property=\"og:site_name\" content=\"Cultivons Biologique Canada\" \/>\n<meta property=\"article:modified_time\" content=\"2023-09-19T20:41:13+00:00\" \/>\n<meta name=\"twitter:card\" content=\"summary_large_image\" \/>\n<meta name=\"twitter:label1\" content=\"Dur\u00e9e de lecture estim\u00e9e\" \/>\n\t<meta name=\"twitter:data1\" content=\"2 minutes\" \/>\n<script type=\"application\/ld+json\" class=\"yoast-schema-graph\">{\"@context\":\"https:\/\/schema.org\",\"@graph\":[{\"@type\":\"WebPage\",\"@id\":\"https:\/\/cog.ca\/fr\/our-history\/\",\"url\":\"https:\/\/cog.ca\/fr\/our-history\/\",\"name\":\"Notre histoire - Cultivons Biologique Canada\",\"isPartOf\":{\"@id\":\"https:\/\/cog.ca\/#website\"},\"datePublished\":\"2023-08-15T18:36:54+00:00\",\"dateModified\":\"2023-09-19T20:41:13+00:00\",\"breadcrumb\":{\"@id\":\"https:\/\/cog.ca\/fr\/our-history\/#breadcrumb\"},\"inLanguage\":\"fr-FR\",\"potentialAction\":[{\"@type\":\"ReadAction\",\"target\":[\"https:\/\/cog.ca\/fr\/our-history\/\"]}]},{\"@type\":\"BreadcrumbList\",\"@id\":\"https:\/\/cog.ca\/fr\/our-history\/#breadcrumb\",\"itemListElement\":[{\"@type\":\"ListItem\",\"position\":1,\"name\":\"Home\",\"item\":\"https:\/\/cog.ca\/fr\/\"},{\"@type\":\"ListItem\",\"position\":2,\"name\":\"Notre histoire\"}]},{\"@type\":\"WebSite\",\"@id\":\"https:\/\/cog.ca\/#website\",\"url\":\"https:\/\/cog.ca\/\",\"name\":\"Cultivons Biologique Canada\",\"description\":\"\",\"publisher\":{\"@id\":\"https:\/\/cog.ca\/#organization\"},\"potentialAction\":[{\"@type\":\"SearchAction\",\"target\":{\"@type\":\"EntryPoint\",\"urlTemplate\":\"https:\/\/cog.ca\/?s={search_term_string}\"},\"query-input\":\"required name=search_term_string\"}],\"inLanguage\":\"fr-FR\"},{\"@type\":\"Organization\",\"@id\":\"https:\/\/cog.ca\/#organization\",\"name\":\"Canadian Organic Growers\",\"url\":\"https:\/\/cog.ca\/\",\"logo\":{\"@type\":\"ImageObject\",\"inLanguage\":\"fr-FR\",\"@id\":\"https:\/\/cog.ca\/#\/schema\/logo\/image\/\",\"url\":\"https:\/\/cog.ca\/wp-content\/uploads\/2023\/07\/COG_WhiteLogo_Transparent-1.png\",\"contentUrl\":\"https:\/\/cog.ca\/wp-content\/uploads\/2023\/07\/COG_WhiteLogo_Transparent-1.png\",\"width\":208,\"height\":110,\"caption\":\"Canadian Organic Growers\"},\"image\":{\"@id\":\"https:\/\/cog.ca\/#\/schema\/logo\/image\/\"}}]}<\/script>\n<!-- \/ Yoast SEO plugin. -->","yoast_head_json":{"title":"Notre histoire - Cultivons Biologique Canada","robots":{"index":"index","follow":"follow","max-snippet":"max-snippet:-1","max-image-preview":"max-image-preview:large","max-video-preview":"max-video-preview:-1"},"canonical":"https:\/\/cog.ca\/fr\/our-history\/","og_locale":"fr_FR","og_type":"article","og_title":"Notre histoire - Cultivons Biologique Canada","og_description":"Nos racines dans le mouvement biologique sont profondes. L&rsquo;impact de l&rsquo;agriculture et de nos syst\u00e8mes alimentaires est \u00e9norme. Selon les Nations unies, l&rsquo;agriculture (y compris l&rsquo;irrigation, l&rsquo;\u00e9levage et l&rsquo;aquaculture) repr\u00e9sente 69 % des pr\u00e9l\u00e8vements annuels d&rsquo;eau dans le monde &#8211; ce qui en fait le plus grand consommateur d&rsquo;eau au monde. Parall\u00e8lement, la d\u00e9gradation des [&hellip;]","og_url":"https:\/\/cog.ca\/fr\/our-history\/","og_site_name":"Cultivons Biologique Canada","article_modified_time":"2023-09-19T20:41:13+00:00","twitter_card":"summary_large_image","twitter_misc":{"Dur\u00e9e de lecture estim\u00e9e":"2 minutes"},"schema":{"@context":"https:\/\/schema.org","@graph":[{"@type":"WebPage","@id":"https:\/\/cog.ca\/fr\/our-history\/","url":"https:\/\/cog.ca\/fr\/our-history\/","name":"Notre histoire - Cultivons Biologique Canada","isPartOf":{"@id":"https:\/\/cog.ca\/#website"},"datePublished":"2023-08-15T18:36:54+00:00","dateModified":"2023-09-19T20:41:13+00:00","breadcrumb":{"@id":"https:\/\/cog.ca\/fr\/our-history\/#breadcrumb"},"inLanguage":"fr-FR","potentialAction":[{"@type":"ReadAction","target":["https:\/\/cog.ca\/fr\/our-history\/"]}]},{"@type":"BreadcrumbList","@id":"https:\/\/cog.ca\/fr\/our-history\/#breadcrumb","itemListElement":[{"@type":"ListItem","position":1,"name":"Home","item":"https:\/\/cog.ca\/fr\/"},{"@type":"ListItem","position":2,"name":"Notre histoire"}]},{"@type":"WebSite","@id":"https:\/\/cog.ca\/#website","url":"https:\/\/cog.ca\/","name":"Cultivons Biologique Canada","description":"","publisher":{"@id":"https:\/\/cog.ca\/#organization"},"potentialAction":[{"@type":"SearchAction","target":{"@type":"EntryPoint","urlTemplate":"https:\/\/cog.ca\/?s={search_term_string}"},"query-input":"required name=search_term_string"}],"inLanguage":"fr-FR"},{"@type":"Organization","@id":"https:\/\/cog.ca\/#organization","name":"Canadian Organic Growers","url":"https:\/\/cog.ca\/","logo":{"@type":"ImageObject","inLanguage":"fr-FR","@id":"https:\/\/cog.ca\/#\/schema\/logo\/image\/","url":"https:\/\/cog.ca\/wp-content\/uploads\/2023\/07\/COG_WhiteLogo_Transparent-1.png","contentUrl":"https:\/\/cog.ca\/wp-content\/uploads\/2023\/07\/COG_WhiteLogo_Transparent-1.png","width":208,"height":110,"caption":"Canadian Organic Growers"},"image":{"@id":"https:\/\/cog.ca\/#\/schema\/logo\/image\/"}}]}},"_links":{"self":[{"href":"https:\/\/cog.ca\/fr\/wp-json\/wp\/v2\/pages\/2004","targetHints":{"allow":["GET"]}}],"collection":[{"href":"https:\/\/cog.ca\/fr\/wp-json\/wp\/v2\/pages"}],"about":[{"href":"https:\/\/cog.ca\/fr\/wp-json\/wp\/v2\/types\/page"}],"author":[{"embeddable":true,"href":"https:\/\/cog.ca\/fr\/wp-json\/wp\/v2\/users\/1"}],"replies":[{"embeddable":true,"href":"https:\/\/cog.ca\/fr\/wp-json\/wp\/v2\/comments?post=2004"}],"version-history":[{"count":5,"href":"https:\/\/cog.ca\/fr\/wp-json\/wp\/v2\/pages\/2004\/revisions"}],"predecessor-version":[{"id":3033,"href":"https:\/\/cog.ca\/fr\/wp-json\/wp\/v2\/pages\/2004\/revisions\/3033"}],"wp:featuredmedia":[{"embeddable":true,"href":"https:\/\/cog.ca\/fr\/wp-json\/wp\/v2\/media\/3217"}],"wp:attachment":[{"href":"https:\/\/cog.ca\/fr\/wp-json\/wp\/v2\/media?parent=2004"}],"curies":[{"name":"wp","href":"https:\/\/api.w.org\/{rel}","templated":true}]}}