{"id":1965,"date":"2023-08-14T15:14:22","date_gmt":"2023-08-14T19:14:22","guid":{"rendered":"https:\/\/cog-01.eproofs.ca\/?page_id=1965"},"modified":"2023-09-20T14:37:08","modified_gmt":"2023-09-20T18:37:08","slug":"transitioning-to-organic","status":"publish","type":"page","link":"https:\/\/cog.ca\/fr\/transitioning-to-organic\/","title":{"rendered":"Transition vers le bio"},"content":{"rendered":"\n<div class=\"wp-block-group is-layout-constrained wp-block-group-is-layout-constrained\">\n<h2 class=\"wp-block-heading\">Passage \u00e0 l&rsquo;agriculture biologique certifi\u00e9e<\/h2>\n\n\n\n<p><strong>Vous pensez passer \u00e0 l&rsquo;agriculture biologique certifi\u00e9e? Voici ce que vous devez savoir pour vous lancer.<\/strong><\/p>\n\n\n\n<p><strong>\u00c9tape 1:<\/strong>&nbsp;Conna\u00eetre les nouvelles&nbsp;<a href=\"https:\/\/cog.ca\/fr\/the-canadian-organic-standards\/\">normes et les nouveaux r\u00e8glements au Canada<\/a><\/p>\n\n\n\n<p><strong>\u00c9tape 2:<\/strong>&nbsp;Apprendre les m\u00e9thodes d&rsquo;agriculture biologique. Les ressources de COG pourront vous y aider, mais il existe de nombreuses autres ressources.<\/p>\n\n\n\n<ol class=\"wp-block-list\">\n<li>Si vous commencez \u00e0 envisager la possibilit\u00e9 de passer \u00e0 l&rsquo;agriculture biologique et souhaitez parler directement \u00e0 des agriculteurs, la meilleure fa\u00e7on de le faire est de participer \u00e0 l&rsquo;une des visites d&rsquo;exploitations agricoles de COG ou de nos affili\u00e9s. En plus de vous donner l&rsquo;occasion de parler directement avec des agriculteurs bio, une visite d&rsquo;exploitation permet de voir et d&rsquo;observer soi-m\u00eame les m\u00e9thodes de production biologique.<\/li>\n\n\n\n<li>Assistez \u00e0 une conf\u00e9rence sur l&rsquo;agriculture biologique. Les conf\u00e9rences sont une excellente occasion de rencontrer des organismes \u0153uvrant dans le secteur du bio et des agriculteurs biologiques. La plus importante est la&nbsp;<a href=\"http:\/\/www.guelphorganicconf.ca\/\">Guelph Organic Conference qui se tient&nbsp;<\/a>\u00e0 Guelph, Ontario. Pour la r\u00e9gion des Prairies, c&rsquo;est l&rsquo;\u00e9v\u00e9nement&nbsp;<a href=\"http:\/\/www.organicconnections.ca\/\">Organic Connections&nbsp;<\/a>qui se tient tous les deux ans. Dans l&rsquo;est de l&rsquo;Ontario, c&rsquo;est&nbsp;l&rsquo;Eco Farm Day&nbsp;de COG qui se tient annuellement \u00e0 Cornwall. Au Canada atlantique, participez \u00e0 la conf\u00e9rence annuelle d&rsquo;<a href=\"http:\/\/www.acornorganic.org\/conference\/\">ACORN<\/a>&nbsp;et en Colombie-Britannique, \u00e0 la&nbsp;<a href=\"http:\/\/www.certifiedorganic.bc.ca\/infonews\/conferenceagm.php\">conf\u00e9rence\/assembl\u00e9e g\u00e9n\u00e9rale annuelle de COABC<\/a><\/li>\n\n\n\n<li><a href=\"http:\/\/www.certifiedorganic.bc.ca\/infonews\/conferenceagm.php\">Pour en savoir plus sur le processus de transition, nous vous recommandons de consulter les&nbsp;<\/a><a href=\"https:\/\/cog-shop.myshopify.com\/collections\/all-publications\">manuels de comp\u00e9tences pratiques<\/a>&nbsp;de&nbsp;COG&nbsp;et&nbsp;<a href=\"https:\/\/cog.ca\/fr\/guide-to-cos\/\">Guide de COG sur les Normes canadiennes sur la culture biologique.<\/a><\/li>\n\n\n\n<li><a href=\"https:\/\/cog.ca\/fr\/guide-to-cos\/\"><\/a><a href=\"http:\/\/cog-shop.myshopify.com\/pages\/become-a-cog-supporter\" target=\"_blank\" rel=\"noreferrer noopener\">Devenez membre de COG<\/a>&nbsp;et consultez notre&nbsp;biblioth\u00e8que de vente par correspondance gratuite. Vous pouvez emprunter des documents de notre collection de plus de 1000 titres et nous payons les frais de port dans les deux sens. Si vous \u00eates abonn\u00e9 \u00e0 notre magazine, vous recevrez aussi&nbsp;le magazine Canadian Organic Grower&nbsp;et, surtout, gr\u00e2ce aux r\u00e9unions et aux activit\u00e9s de notre chapitre, vous ferez connaissance avec d&rsquo;autres agriculteurs bio de votre r\u00e9gion susceptibles de vous aider.<\/li>\n\n\n\n<li>Utilisez notre&nbsp;<a href=\"https:\/\/cog.ca\/fr\/find-organics\/\">r\u00e9pertoire en ligne<\/a>&nbsp;des produits biologiques vendus au pays pour savoir qui pratique d\u00e9j\u00e0 l&rsquo;agriculture biologique au Canada, o\u00f9 se trouvent ces producteurs et la nature de leur production.<\/li>\n\n\n\n<li>Visitez notre page&nbsp;<a href=\"https:\/\/cog.ca\/fr\/organic-organizations-in-canada\/\">Cartographie du secteur du bio<\/a>&nbsp;pour obtenir d&rsquo;autres ressources&nbsp;et en savoir plus sur les organismes gouvernementaux f\u00e9d\u00e9raux, ainsi que les associations nationales, provinciales et internationales qui \u0153uvrent dans le secteur&nbsp;de l&rsquo;agriculture biologique.<\/li>\n\n\n\n<li>Si cela ne suffit pas, composez ce num\u00e9ro sans frais 1 888 375-7383 pour obtenir de l&rsquo;aide.<\/li>\n<\/ol>\n\n\n\n<p><strong>\u00c9tape 3:<\/strong>&nbsp;Faire un relev\u00e9 des terres. Vos terres se pr\u00eatent \u00e0 quel type de culture? \u00c0 quoi servaient-elles auparavant? Des produits chimiques synth\u00e9tiques ont-ils \u00e9t\u00e9 utilis\u00e9s? Il y a combien de temps? Il vous faudra peut-\u00eatre proc\u00e9der \u00e0 une analyse des sols.<\/p>\n\n\n\n<p><strong>\u00c9tape 4:<\/strong>&nbsp;D\u00e9cider de la production \u00e0 cultiver. Faire une \u00e9tude de march\u00e9. D\u00e9terminer comment commercialiser les produits. Par exemple, vous pouvez d\u00e9cider d&rsquo;exporter vos produits, de les vendre dans d&rsquo;autres provinces ou dans un march\u00e9 local de producteurs, ou par l&rsquo;interm\u00e9diaire d&rsquo;une entreprise agricole communautaire.<\/p>\n\n\n\n<p><strong>\u00c9tape 5:<\/strong>&nbsp;Trouver un&nbsp;<a href=\"http:\/\/www.inspection.gc.ca\/food\/organic-products\/certification-and-verification\/certification-bodies\/eng\/1327860541218\/1327860730201\">organisme<\/a>&nbsp;de certification et lancer le processus de certification. Consulter aussi la liste des questions \u00e0 poser pour&nbsp;<a href=\"https:\/\/cog.ca\/fr\/choosing-a-certifier\/\">choisir le bon organisme de certification<\/a>.<\/p>\n<\/div>\n","protected":false},"excerpt":{"rendered":"<p>Vous pensez passer \u00e0 l&rsquo;agriculture biologique certifi\u00e9e? Voici ce que vous devez savoir pour vous lancer.<\/p>\n","protected":false},"author":1,"featured_media":1344,"parent":0,"menu_order":131,"comment_status":"closed","ping_status":"closed","template":"","meta":{"inline_featured_image":false,"footnotes":""},"class_list":["post-1965","page","type-page","status-publish","has-post-thumbnail","hentry"],"better_featured_image":{"id":1344,"alt_text":"","caption":"","description":"","media_type":"image","media_details":{"width":1920,"height":1280,"file":"2023\/08\/Oats-LB0808_8950-scaled-1.jpg","filesize":117811,"sizes":{"medium":{"file":"Oats-LB0808_8950-scaled-1-300x200.jpg","width":300,"height":200,"mime-type":"image\/jpeg","filesize":15981,"source_url":"https:\/\/cog.ca\/wp-content\/uploads\/2023\/08\/Oats-LB0808_8950-scaled-1-300x200.jpg"},"large":{"file":"Oats-LB0808_8950-scaled-1-1024x683.jpg","width":1024,"height":683,"mime-type":"image\/jpeg","filesize":119707,"source_url":"https:\/\/cog.ca\/wp-content\/uploads\/2023\/08\/Oats-LB0808_8950-scaled-1-1024x683.jpg"},"thumbnail":{"file":"Oats-LB0808_8950-scaled-1-150x150.jpg","width":150,"height":150,"mime-type":"image\/jpeg","filesize":7322,"source_url":"https:\/\/cog.ca\/wp-content\/uploads\/2023\/08\/Oats-LB0808_8950-scaled-1-150x150.jpg"},"post-thumbnail":{"file":"Oats-LB0808_8950-scaled-1-150x150.jpg","width":150,"height":150,"mime-type":"image\/jpeg","filesize":7322,"source_url":"https:\/\/cog.ca\/wp-content\/uploads\/2023\/08\/Oats-LB0808_8950-scaled-1-150x150.jpg"}},"image_meta":{"aperture":"0","credit":"","camera":"","caption":"","created_timestamp":"0","copyright":"","focal_length":"0","iso":"0","shutter_speed":"0","title":"","orientation":"0","keywords":[]}},"post":1965,"source_url":"https:\/\/cog.ca\/wp-content\/uploads\/2023\/08\/Oats-LB0808_8950-scaled-1.jpg"},"acf":[],"yoast_head":"<!-- This site is optimized with the Yoast SEO plugin v21.2 - https:\/\/yoast.com\/wordpress\/plugins\/seo\/ -->\n<title>Transition vers le bio - Cultivons Biologique Canada<\/title>\n<meta name=\"robots\" content=\"index, follow, max-snippet:-1, max-image-preview:large, max-video-preview:-1\" \/>\n<link rel=\"canonical\" href=\"https:\/\/cog.ca\/fr\/transitioning-to-organic\/\" \/>\n<meta property=\"og:locale\" content=\"fr_FR\" \/>\n<meta property=\"og:type\" content=\"article\" \/>\n<meta property=\"og:title\" content=\"Transition vers le bio - Cultivons Biologique Canada\" \/>\n<meta property=\"og:description\" content=\"Vous pensez passer \u00e0 l&#039;agriculture biologique certifi\u00e9e? Voici ce que vous devez savoir pour vous lancer.\" \/>\n<meta property=\"og:url\" content=\"https:\/\/cog.ca\/fr\/transitioning-to-organic\/\" \/>\n<meta property=\"og:site_name\" content=\"Cultivons Biologique Canada\" \/>\n<meta property=\"article:modified_time\" content=\"2023-09-20T18:37:08+00:00\" \/>\n<meta property=\"og:image\" content=\"https:\/\/cog.ca\/wp-content\/uploads\/2023\/08\/Oats-LB0808_8950-scaled-1.jpg\" \/>\n\t<meta property=\"og:image:width\" content=\"1920\" \/>\n\t<meta property=\"og:image:height\" content=\"1280\" \/>\n\t<meta property=\"og:image:type\" content=\"image\/jpeg\" \/>\n<meta name=\"twitter:card\" content=\"summary_large_image\" \/>\n<meta name=\"twitter:label1\" content=\"Dur\u00e9e de lecture estim\u00e9e\" \/>\n\t<meta name=\"twitter:data1\" content=\"3 minutes\" \/>\n<script type=\"application\/ld+json\" class=\"yoast-schema-graph\">{\"@context\":\"https:\/\/schema.org\",\"@graph\":[{\"@type\":\"WebPage\",\"@id\":\"https:\/\/cog.ca\/fr\/transitioning-to-organic\/\",\"url\":\"https:\/\/cog.ca\/fr\/transitioning-to-organic\/\",\"name\":\"Transition vers le bio - Cultivons Biologique Canada\",\"isPartOf\":{\"@id\":\"https:\/\/cog.ca\/#website\"},\"datePublished\":\"2023-08-14T19:14:22+00:00\",\"dateModified\":\"2023-09-20T18:37:08+00:00\",\"breadcrumb\":{\"@id\":\"https:\/\/cog.ca\/fr\/transitioning-to-organic\/#breadcrumb\"},\"inLanguage\":\"fr-FR\",\"potentialAction\":[{\"@type\":\"ReadAction\",\"target\":[\"https:\/\/cog.ca\/fr\/transitioning-to-organic\/\"]}]},{\"@type\":\"BreadcrumbList\",\"@id\":\"https:\/\/cog.ca\/fr\/transitioning-to-organic\/#breadcrumb\",\"itemListElement\":[{\"@type\":\"ListItem\",\"position\":1,\"name\":\"Home\",\"item\":\"https:\/\/cog.ca\/fr\/\"},{\"@type\":\"ListItem\",\"position\":2,\"name\":\"Transition vers le bio\"}]},{\"@type\":\"WebSite\",\"@id\":\"https:\/\/cog.ca\/#website\",\"url\":\"https:\/\/cog.ca\/\",\"name\":\"Cultivons Biologique Canada\",\"description\":\"\",\"publisher\":{\"@id\":\"https:\/\/cog.ca\/#organization\"},\"potentialAction\":[{\"@type\":\"SearchAction\",\"target\":{\"@type\":\"EntryPoint\",\"urlTemplate\":\"https:\/\/cog.ca\/?s={search_term_string}\"},\"query-input\":\"required name=search_term_string\"}],\"inLanguage\":\"fr-FR\"},{\"@type\":\"Organization\",\"@id\":\"https:\/\/cog.ca\/#organization\",\"name\":\"Canadian Organic Growers\",\"url\":\"https:\/\/cog.ca\/\",\"logo\":{\"@type\":\"ImageObject\",\"inLanguage\":\"fr-FR\",\"@id\":\"https:\/\/cog.ca\/#\/schema\/logo\/image\/\",\"url\":\"https:\/\/cog.ca\/wp-content\/uploads\/2023\/07\/COG_WhiteLogo_Transparent-1.png\",\"contentUrl\":\"https:\/\/cog.ca\/wp-content\/uploads\/2023\/07\/COG_WhiteLogo_Transparent-1.png\",\"width\":208,\"height\":110,\"caption\":\"Canadian Organic Growers\"},\"image\":{\"@id\":\"https:\/\/cog.ca\/#\/schema\/logo\/image\/\"}}]}<\/script>\n<!-- \/ Yoast SEO plugin. -->","yoast_head_json":{"title":"Transition vers le bio - Cultivons Biologique Canada","robots":{"index":"index","follow":"follow","max-snippet":"max-snippet:-1","max-image-preview":"max-image-preview:large","max-video-preview":"max-video-preview:-1"},"canonical":"https:\/\/cog.ca\/fr\/transitioning-to-organic\/","og_locale":"fr_FR","og_type":"article","og_title":"Transition vers le bio - Cultivons Biologique Canada","og_description":"Vous pensez passer \u00e0 l'agriculture biologique certifi\u00e9e? Voici ce que vous devez savoir pour vous lancer.","og_url":"https:\/\/cog.ca\/fr\/transitioning-to-organic\/","og_site_name":"Cultivons Biologique Canada","article_modified_time":"2023-09-20T18:37:08+00:00","og_image":[{"width":1920,"height":1280,"url":"https:\/\/cog.ca\/wp-content\/uploads\/2023\/08\/Oats-LB0808_8950-scaled-1.jpg","type":"image\/jpeg"}],"twitter_card":"summary_large_image","twitter_misc":{"Dur\u00e9e de lecture estim\u00e9e":"3 minutes"},"schema":{"@context":"https:\/\/schema.org","@graph":[{"@type":"WebPage","@id":"https:\/\/cog.ca\/fr\/transitioning-to-organic\/","url":"https:\/\/cog.ca\/fr\/transitioning-to-organic\/","name":"Transition vers le bio - Cultivons Biologique Canada","isPartOf":{"@id":"https:\/\/cog.ca\/#website"},"datePublished":"2023-08-14T19:14:22+00:00","dateModified":"2023-09-20T18:37:08+00:00","breadcrumb":{"@id":"https:\/\/cog.ca\/fr\/transitioning-to-organic\/#breadcrumb"},"inLanguage":"fr-FR","potentialAction":[{"@type":"ReadAction","target":["https:\/\/cog.ca\/fr\/transitioning-to-organic\/"]}]},{"@type":"BreadcrumbList","@id":"https:\/\/cog.ca\/fr\/transitioning-to-organic\/#breadcrumb","itemListElement":[{"@type":"ListItem","position":1,"name":"Home","item":"https:\/\/cog.ca\/fr\/"},{"@type":"ListItem","position":2,"name":"Transition vers le bio"}]},{"@type":"WebSite","@id":"https:\/\/cog.ca\/#website","url":"https:\/\/cog.ca\/","name":"Cultivons Biologique Canada","description":"","publisher":{"@id":"https:\/\/cog.ca\/#organization"},"potentialAction":[{"@type":"SearchAction","target":{"@type":"EntryPoint","urlTemplate":"https:\/\/cog.ca\/?s={search_term_string}"},"query-input":"required name=search_term_string"}],"inLanguage":"fr-FR"},{"@type":"Organization","@id":"https:\/\/cog.ca\/#organization","name":"Canadian Organic Growers","url":"https:\/\/cog.ca\/","logo":{"@type":"ImageObject","inLanguage":"fr-FR","@id":"https:\/\/cog.ca\/#\/schema\/logo\/image\/","url":"https:\/\/cog.ca\/wp-content\/uploads\/2023\/07\/COG_WhiteLogo_Transparent-1.png","contentUrl":"https:\/\/cog.ca\/wp-content\/uploads\/2023\/07\/COG_WhiteLogo_Transparent-1.png","width":208,"height":110,"caption":"Canadian Organic Growers"},"image":{"@id":"https:\/\/cog.ca\/#\/schema\/logo\/image\/"}}]}},"_links":{"self":[{"href":"https:\/\/cog.ca\/fr\/wp-json\/wp\/v2\/pages\/1965","targetHints":{"allow":["GET"]}}],"collection":[{"href":"https:\/\/cog.ca\/fr\/wp-json\/wp\/v2\/pages"}],"about":[{"href":"https:\/\/cog.ca\/fr\/wp-json\/wp\/v2\/types\/page"}],"author":[{"embeddable":true,"href":"https:\/\/cog.ca\/fr\/wp-json\/wp\/v2\/users\/1"}],"replies":[{"embeddable":true,"href":"https:\/\/cog.ca\/fr\/wp-json\/wp\/v2\/comments?post=1965"}],"version-history":[{"count":4,"href":"https:\/\/cog.ca\/fr\/wp-json\/wp\/v2\/pages\/1965\/revisions"}],"predecessor-version":[{"id":3171,"href":"https:\/\/cog.ca\/fr\/wp-json\/wp\/v2\/pages\/1965\/revisions\/3171"}],"wp:featuredmedia":[{"embeddable":true,"href":"https:\/\/cog.ca\/fr\/wp-json\/wp\/v2\/media\/1344"}],"wp:attachment":[{"href":"https:\/\/cog.ca\/fr\/wp-json\/wp\/v2\/media?parent=1965"}],"curies":[{"name":"wp","href":"https:\/\/api.w.org\/{rel}","templated":true}]}}