{"id":1960,"date":"2023-08-14T15:33:54","date_gmt":"2023-08-14T19:33:54","guid":{"rendered":"https:\/\/cog-01.eproofs.ca\/?page_id=1960"},"modified":"2023-09-20T14:37:38","modified_gmt":"2023-09-20T18:37:38","slug":"the-canadian-organic-standards","status":"publish","type":"page","link":"https:\/\/cog.ca\/fr\/the-canadian-organic-standards\/","title":{"rendered":"Notre nature est biologique"},"content":{"rendered":"\n<div class=\"wp-block-group alignwide has-theme-light-background-color has-background is-layout-constrained wp-block-group-is-layout-constrained\">\n<h2 class=\"wp-block-heading is-style-h2\">Normes et r\u00e8glements canadiens sur la culture biologique<\/h2>\n\n\n\n<p>Le secteur agricole biologique canadien est r\u00e9glement\u00e9 par le&nbsp;<a href=\"http:\/\/laws-lois.justice.gc.ca\/eng\/regulations\/SOR-2009-176\/\" target=\"_blank\" rel=\"noreferrer noopener\">R\u00e8glement sur les produits biologiques (2009)<\/a>.<\/p>\n\n\n\n<p>Le R\u00e8glement sur les produits biologiques appuie les Normes canadiennes sur la culture biologique qui sont entr\u00e9es en vigueur le 20 juin 2009 et qui \u00e9noncent des exigences pr\u00e9cises pour les produits alimentaires, les aliments pour animaux et les semences \u00e9tiquet\u00e9es biologiques.<\/p>\n\n\n\n<p>Les normes visent les produits agricoles suivants:<\/p>\n\n\n\n<ul class=\"wp-block-list\">\n<li>produit qui se dit biologique et qui est import\u00e9 ou export\u00e9 \u00e0 l&rsquo;\u00e9tranger ou entre provinces; ou<\/li>\n\n\n\n<li>produit qui porte le&nbsp;<a href=\"http:\/\/www.inspection.gc.ca\/food\/labelling\/food-labelling-for-industry\/organic-claims\/eng\/1389725994094\/1389726052482?chap=5\" target=\"_blank\" rel=\"noreferrer noopener\">logo<\/a>&nbsp;\u00ab Biologique Canada \u00bb.<\/li>\n<\/ul>\n\n\n\n<p>Les normes comportent deux volets:<\/p>\n\n\n\n<ol class=\"wp-block-list\">\n<li><a href=\"https:\/\/cog.ca\/wp-content\/uploads\/2023\/08\/032_0310_2015-e_Amended-in-2018.pdf\">Principes g\u00e9n\u00e9raux et normes de gestion (CAN\/CGSB-32.310-2015 modifi\u00e9 en 2018)<\/a><\/li>\n\n\n\n<li><a href=\"http:\/\/www.certifiedorganic.bc.ca\/standards\/docs\/CAN-CGSB-32.311-2015E.pdf\">Listes des substances permises (CAN\/CGSB-32.310-2015 modifi\u00e9es en 2018)<\/a><\/li>\n<\/ol>\n\n\n\n<p>L&rsquo;Agence canadienne d&rsquo;inspection des aliments (ACIA) est l&rsquo;organisme de r\u00e9glementation qui supervise, contr\u00f4le et fait respecter les exigences du programme R\u00e9gime Bio-Canada.<\/p>\n\n\n\n<h3 class=\"wp-block-heading\">Pour vous aider \u00e0 comprendre les normes biologiques canadiennes, consultez le Guide des normes biologiques canadiennes du COG.<\/h3>\n\n\n\n<div style=\"height:40px\" aria-hidden=\"true\" class=\"wp-block-spacer\"><\/div>\n\n\n\n<div class=\"wp-block-buttons is-layout-flex wp-block-buttons-is-layout-flex\">\n<div class=\"wp-block-button is-style-fill\"><a class=\"wp-block-button__link has-inner-accent-background-color has-background wp-element-button\">GUIDE DE COG SUR LES NORMES CANADIENNES SUR LA CULTURE BIOLOGIQUE<\/a><\/div>\n<\/div>\n<\/div>\n\n\n\n<div class=\"wp-block-group alignwide has-theme-primary-background-color has-background is-layout-constrained wp-block-group-is-layout-constrained\">\n<h2 class=\"wp-block-heading\">R\u00e8glements f\u00e9d\u00e9raux et provinciaux<\/h2>\n\n\n\n<p>Le R\u00e8glement sur les produits biologiques ne vise pas les produits \u00e9tiquet\u00e9s biologiques qui sont vendus dans une province ou un territoire.<\/p>\n\n\n\n<p>Cela ne signifie pas que tout un chacun peut vendre n&rsquo;importe quel produit dans une province en affirmant qu&rsquo;il est bio. Les raisons?<br><\/p>\n\n\n\n<p><strong>Un &#8211; R\u00e8glements provinciaux.<\/strong><br>Plusieurs provinces ont mis en \u0153uvre une l\u00e9gislation provinciale, r\u00e9glementant l&rsquo;utilisation du terme \u00ab\u00a0biologique\u00a0\u00bb pour tous les produits alimentaires cultiv\u00e9s ou transform\u00e9s.<br><\/p>\n\n\n\n<p><strong>Deux &#8211; Le&nbsp;<em>Federal Food and Drugs Act<\/em>&nbsp;et le&nbsp;<em>Consumer Packaging and Labelling Act<\/em><\/strong>.<br>Ces deux lois prot\u00e8gent le droit des consommateurs \u00e0 des informations v\u00e9ridiques et permettent \u00e0 l&rsquo;Agence canadienne d&rsquo;inspection des aliments (ACIA) d&rsquo;enqu\u00eater sur les plaintes. Les op\u00e9rations ne peuvent pas faire de fausses d\u00e9clarations sur les produits en ce qui concerne leur \u00ab\u00a0caract\u00e8re, leur valeur, leur quantit\u00e9, leur composition, leur m\u00e9rite ou leur s\u00e9curit\u00e9\u00a0\u00bb. Cela inclut les all\u00e9gations biologiques fausses, trompeuses ou mensong\u00e8res.<\/p>\n<\/div>\n\n\n\n<div class=\"wp-block-group alignwide has-theme-light-background-color has-background is-layout-constrained wp-block-group-is-layout-constrained\">\n<h2 class=\"wp-block-heading\">Produits biologiques par province<\/h2>\n\n\n\n<div class=\"wp-block-eup-blocks-accordion\"><div class=\"eup-folded-content accordion\" data-aria-accordion=\"\">\n<div class=\"wp-block-eup-blocks-fold-item eup-fold-toggle\" data-fold-toggle=\"\">Alberta<\/div><div class=\"eup-fold-panel\" data-fold-content=\"\">\n<p>R\u00e9glementation provinciale : aucune.<\/p>\n\n\n\n<p>Organismes de certification:&nbsp;<a href=\"http:\/\/organicalberta.org\/grow-organics\/getting-started\/transitioning-your-farm-to-organics\/certifying-bodies\/\">Liste des organismes de certification actifs d&rsquo;Organic Alberta<\/a><\/p>\n\n\n\n<p>Les organismes:<\/p>\n\n\n\n<ul class=\"wp-block-list\">\n<li><a href=\"http:\/\/www1.agric.gov.ab.ca\/$department\/deptdocs.nsf\/all\/agdex10031\">Alberta Agriculture and Rural Development \u2013 Organic Agriculture: Getting Started<\/a><\/li>\n\n\n\n<li><a href=\"http:\/\/organicalberta.org\/\">Organic Alberta<\/a><\/li>\n<\/ul>\n<\/div>\n\n\n\n<div class=\"wp-block-eup-blocks-fold-item eup-fold-toggle\" data-fold-toggle=\"\">Colombie-Britannique<\/div><div class=\"eup-fold-panel\" data-fold-content=\"\">\n<p>R\u00e9glementation provinciale : Oui.<\/p>\n\n\n\n<ul class=\"wp-block-list\">\n<li>Le programme de certification biologique de la Colombie-Britannique (BCCOP). Le BCCOP est un programme volontaire de qualit\u00e9 en agroalimentaire sanctionn\u00e9 par le gouvernement de la Colombie-Britannique par le r\u00e8glement sur la certification des produits agricoles biologiques et la loi \u00ab Agri-Food Choice and Quality Act \u00bb.<\/li>\n\n\n\n<li>Le logo form\u00e9 d&rsquo;une \u00ab case coch\u00e9e \u00bb est le symbole officiel du programme BCCOP. Il peut servir, avec la mention \u00ab British Columbia Certified Organic \u00bb, \u00e0 identifier les produits fabriqu\u00e9s en Colombie-Britannique contenant de 95 \u00e0 100% d&rsquo;ingr\u00e9dients certifi\u00e9s bio et certifi\u00e9s par des organismes de certification accr\u00e9dit\u00e9s par COABC.<\/li>\n\n\n\n<li>Passage \u00e0 une r\u00e9glementation obligatoire \u00e0 compter de novembre 2018 conform\u00e9ment \u00e0 la loi&nbsp;<a href=\"http:\/\/www2.gov.bc.ca\/gov\/content\/industry\/agriculture-seafood\/animals-and-crops\/organic-food-and-beverages\/certification\">BC Food and Agricultural Products Classification<\/a>.<\/li>\n\n\n\n<li>Cette modification apport\u00e9e \u00e0 la r\u00e9glementation exigera que tous les produits alimentaires et boissons \u00e9tiquet\u00e9s \u00ab biologique \u00bb ou \u00ab bio \u00bb, ou qui sont commercialis\u00e9s comme tel, soient certifi\u00e9s.&nbsp;Pour en savoir&nbsp;<a href=\"http:\/\/www2.gov.bc.ca\/gov\/content\/industry\/agriculture-seafood\/animals-and-crops\/organic-food-and-beverages\/organic-policy-update\">plus sur la nouvelle r\u00e9glementation<\/a><\/li>\n<\/ul>\n\n\n\n<p>Organismes de certification: s\u00e9lection d&rsquo;un organisme de certification (pour la C.-B.) pr\u00e9par\u00e9 par&nbsp;<a href=\"http:\/\/www.certifiedorganic.bc.ca\/cb\/certification.php#Selecting-a-certification-body\">COABC<\/a><\/p>\n\n\n\n<p>Les organismes:<\/p>\n\n\n\n<p><a href=\"https:\/\/www.certifiedorganic.bc.ca\/\">COABC &#8211; Certified Organic Associations of British Columbia<\/a><\/p>\n\n\n\n<p><a href=\"http:\/\/www2.gov.bc.ca\/gov\/content\/industry\/agriculture-seafood\/animals-and-crops\/organic-food-and-beverages\">Gouvernement de la Colombie-Britannique, minist\u00e8re de l&rsquo;Agriculture, des Ressources naturelles et de l&rsquo;Industrie<\/a><\/p>\n<\/div>\n\n\n\n<div class=\"wp-block-eup-blocks-fold-item eup-fold-toggle\" data-fold-toggle=\"\">Manitoba<\/div><div class=\"eup-fold-panel\" data-fold-content=\"\">\n<p>R\u00e9glementation provinciale : Oui.<\/p>\n\n\n\n<p>En 2013, le Manitoba a promulgu\u00e9&nbsp;<a href=\"http:\/\/web2.gov.mb.ca\/laws\/statutes\/2007\/c01507e.php\">la loi sur les produits agricoles biologiques<\/a>&nbsp;qui met en application le r\u00e8glement national sur les produits biologiques.<\/p>\n\n\n\n<p>Organismes de certification:&nbsp;<a href=\"http:\/\/www.inspection.gc.ca\/food\/organic-products\/certification-and-verification\/certification-bodies\/in-canada\/eng\/1327861534754\/1327861629954\">Liste des organismes de certification accr\u00e9dit\u00e9s par l&rsquo;ACIA au Canada<\/a><\/p>\n\n\n\n<p>Les organismes:<\/p>\n\n\n\n<p><a href=\"https:\/\/www.gov.mb.ca\/agriculture\/crops\/production\/organic-crops.html\">Gouvernement du Manitoba, minist\u00e8re de l&rsquo;Agriculture<\/a><\/p>\n<\/div>\n\n\n\n<div class=\"wp-block-eup-blocks-fold-item eup-fold-toggle\" data-fold-toggle=\"\">Nouvelle-\u00c9cosse<\/div><div class=\"eup-fold-panel\" data-fold-content=\"\">\n<p>R\u00e9glementation provinciale : Oui.<\/p>\n\n\n\n<p>En 2015, la Nouvelle-\u00c9cosse a promulgu\u00e9 un r\u00e8glement sur le classement des produits biologiques conform\u00e9ment \u00e0 la loi sur l&rsquo;agriculture et la commercialisation, qui mettent en application les Normes canadiennes sur la culture biologique dans la province. Les r\u00e8glements sont administr\u00e9s et appliqu\u00e9s par la&nbsp;<a href=\"http:\/\/novascotia.ca\/agri\/about-us\/agencies-boards-and-commissions\/natural-products-marketing\/\">Natural Products Marketing Commission<\/a><\/p>\n\n\n\n<p>Organismes de certification:&nbsp;<a href=\"https:\/\/novascotia.ca\/thinkfarm\/documents\/fsheets\/33-organic-cert.pdf\">Liste<\/a>des organismes de certification r\u00e9gionaux du gouvernement de la Nouvelle-\u00c9cosse<\/p>\n\n\n\n<p>Organismes:<a href=\"https:\/\/novascotia.ca\/agri\/about-us\/agencies-boards-and-commissions\/natural-products-marketing\/\">&nbsp;Commission de commercialisation des produits naturels<\/a><\/p>\n<\/div>\n\n\n\n<div class=\"wp-block-eup-blocks-fold-item eup-fold-toggle\" data-fold-toggle=\"\">Territoires du Nord-Ouest<\/div><div class=\"eup-fold-panel\" data-fold-content=\"\">\n<p>R\u00e9glementation provinciale : aucune.<\/p>\n\n\n\n<p>Organismes de certification:&nbsp;<a href=\"http:\/\/www.inspection.gc.ca\/food\/organic-products\/certification-and-verification\/certification-bodies\/eng\/1327860541218\/1327860730201\">Liste des organismes de certification accr\u00e9dit\u00e9s par l&rsquo;ACIA au Canada<\/a><\/p>\n\n\n\n<p>Organismes : aucune.<\/p>\n<\/div>\n\n\n\n<div class=\"wp-block-eup-blocks-fold-item eup-fold-toggle\" data-fold-toggle=\"\">Nunavut<\/div><div class=\"eup-fold-panel\" data-fold-content=\"\">\n<p>R\u00e9glementation provinciale : aucune.<\/p>\n\n\n\n<p>Organismes de certification:&nbsp;<a href=\"http:\/\/www.inspection.gc.ca\/food\/organic-products\/certification-and-verification\/certification-bodies\/eng\/1327860541218\/1327860730201\">Liste des organismes de certification accr\u00e9dit\u00e9s par l&rsquo;ACIA au&nbsp;<\/a>Canada<\/p>\n\n\n\n<p>Organismes : aucune.<\/p>\n<\/div>\n\n\n\n<div class=\"wp-block-eup-blocks-fold-item eup-fold-toggle\" data-fold-toggle=\"\">Terre-Neuve et Labrador<\/div><div class=\"eup-fold-panel\" data-fold-content=\"\">\n<p>R\u00e9glementation provinciale : aucune.<\/p>\n\n\n\n<p>Organismes de certification:&nbsp;<a href=\"http:\/\/www.inspection.gc.ca\/food\/organic-products\/certification-and-verification\/certification-bodies\/eng\/1327860541218\/1327860730201\">Liste des organismes de certification accr\u00e9dit\u00e9s par l&rsquo;ACIA au Canada<\/a><\/p>\n\n\n\n<p>Organismes : aucune.<\/p>\n<\/div>\n\n\n\n<div class=\"wp-block-eup-blocks-fold-item eup-fold-toggle\" data-fold-toggle=\"\">Nouveau-Brunswick<\/div><div class=\"eup-fold-panel\" data-fold-content=\"\">\n<p>R\u00e9glementation provinciale : Oui.<\/p>\n\n\n\n<p><a href=\"http:\/\/www2.gnb.ca\/content\/gnb\/en\/contacts\/dept_renderer.137.739.867.html\">La Commission des produits de ferme du Nouveau-Brunswick<\/a>&nbsp;r\u00e9glemente et applique les Normes canadiennes sur la culture biologique qui sont mises en \u0153uvre conform\u00e9ment au r\u00e8glement sur le classement des produits biologiques du Nouveau-Brunswick dans le cadre de la&nbsp;<a href=\"http:\/\/laws.gnb.ca\/en\/showdoc\/cr\/2014-50\">Loi sur les produits naturels<\/a>&nbsp;(2014).<\/p>\n\n\n\n<p>Organismes de certification:&nbsp;<a href=\"http:\/\/www.inspection.gc.ca\/food\/organic-products\/certification-and-verification\/certification-bodies\/eng\/1327860541218\/1327860730201\">Liste des organismes de certification accr\u00e9dit\u00e9s par l&rsquo;ACIA au Canada<\/a><\/p>\n\n\n\n<p>Les organismes:<\/p>\n\n\n\n<p><a href=\"http:\/\/www2.gnb.ca\/content\/gnb\/en\/contacts\/dept_renderer.137.739.867.html\">Commission des produits de ferme du Nouveau-Brunswick<\/a><\/p>\n\n\n\n<p><a href=\"http:\/\/www2.gnb.ca\/content\/gnb\/en\/contacts\/dept_renderer.137.202437.745.781.202066.12003.html\">Agriculture, Aquaculture et P\u00eaches Nouveau-Brunswick, d\u00e9veloppement biologique<\/a><\/p>\n<\/div>\n\n\n\n<div class=\"wp-block-eup-blocks-fold-item eup-fold-toggle\" data-fold-toggle=\"\">Ontario<\/div><div class=\"eup-fold-panel\" data-fold-content=\"\">\n<p>R\u00e9glementation provinciale : aucune.<\/p>\n\n\n\n<p>Organismes de certification:<\/p>\n\n\n\n<p><a href=\"http:\/\/www.inspection.gc.ca\/food\/organic-products\/certification-and-verification\/certification-bodies\/eng\/1327860541218\/1327860730201\">Liste des organismes de certification accr\u00e9dit\u00e9s par l&rsquo;ACIA au Canada<\/a><\/p>\n\n\n\n<p>Organismes:&nbsp;<a href=\"http:\/\/www.omafra.gov.on.ca\/english\/crops\/organic\/organic.html\">minist\u00e8re de l&rsquo;Agriculture, de l&rsquo;Alimentation et des Affaires rurales de l&rsquo;Ontario &#8211; Agriculture biologique<\/a><\/p>\n<\/div>\n\n\n\n<div class=\"wp-block-eup-blocks-fold-item eup-fold-toggle\" data-fold-toggle=\"\">\u00cele-du-Prince-\u00c9douard<\/div><div class=\"eup-fold-panel\" data-fold-content=\"\">\n<p>R\u00e9glementation provinciale : aucune.<\/p>\n\n\n\n<p>Organismes de certification:<\/p>\n\n\n\n<p><a href=\"http:\/\/www.inspection.gc.ca\/food\/organic-products\/certification-and-verification\/certification-bodies\/eng\/1327860541218\/1327860730201\">Liste des organismes de certification accr\u00e9dit\u00e9s par l&rsquo;ACIA au Canada<\/a><\/p>\n\n\n\n<p>Les organismes:<\/p>\n\n\n\n<p><a href=\"http:\/\/organicpei.com\/\">Coop\u00e9rative de producteurs biologiques certifi\u00e9s de l&rsquo;\u00ce.-P.-\u00c9.<\/a><\/p>\n<\/div>\n\n\n\n<div class=\"wp-block-eup-blocks-fold-item eup-fold-toggle\" data-fold-toggle=\"\">Qu\u00e9bec<\/div><div class=\"eup-fold-panel\" data-fold-content=\"\">\n<p>R\u00e9glementation provinciale : Oui.<\/p>\n\n\n\n<p>Le Qu\u00e9bec est la premi\u00e8re province \u00e0 promulguer et \u00e0 r\u00e9glementer la certification biologique obligatoire. Elle est appliqu\u00e9e conform\u00e9ment \u00e0 la&nbsp;<a href=\"http:\/\/legisquebec.gouv.qc.ca\/en\/ShowDoc\/cs\/A-20.03\">Loi sur les appellations r\u00e9serv\u00e9es et les termes valorisants (2006)<\/a>.<\/p>\n\n\n\n<p>Le Qu\u00e9bec poss\u00e8de sa propre appellation \u00ab bio \u00bb,&nbsp;<a href=\"http:\/\/www.cartv.gouv.qc.ca\/en\/logo-bio-quebec\">Bio Qu\u00e9bec<\/a>, qui peut \u00eatre utilis\u00e9e pour \u00e9tiqueter les produits fabriqu\u00e9s au Qu\u00e9bec contenant de 95 \u00e0 100% d&rsquo;ingr\u00e9dients biologiques certifi\u00e9s, et certifi\u00e9s par des organismes de certification accr\u00e9dit\u00e9s par le Conseil des appellations r\u00e9serves et des termes valorisants (CARTV).<\/p>\n\n\n\n<p>Organismes de certification:&nbsp;<a href=\"http:\/\/www.cartv.gouv.qc.ca\/en\/accredited-certification-bodies-quebec-organic-designation\">Liste des organismes de certification accr\u00e9dit\u00e9s&nbsp;<\/a>au Qu\u00e9bec<\/p>\n\n\n\n<p>Les organismes:<\/p>\n\n\n\n<p><a href=\"https:\/\/equiterre.org\/\">\u00c9quiterre<\/a><\/p>\n\n\n\n<p><a href=\"https:\/\/www.upa.qc.ca\/en\/\">Union des producteurs agricoles (UPA)<\/a><\/p>\n\n\n\n<p><a href=\"http:\/\/www.cartv.gouv.qc.ca\/\">Conseil des appellations r\u00e9serves et des termes valorisants (CARTV)<\/a><\/p>\n<\/div>\n\n\n\n<div class=\"wp-block-eup-blocks-fold-item eup-fold-toggle\" data-fold-toggle=\"\">Saskatchewan<\/div><div class=\"eup-fold-panel\" data-fold-content=\"\">\n<p>R\u00e9glementation provinciale : aucune.<\/p>\n\n\n\n<p>Organismes de certification:&nbsp;<a href=\"http:\/\/saskorganics.org\/choosing-a-certifying-body\/\">Liste des organismes de certification de SaskOrganics<\/a><\/p>\n\n\n\n<p>Organisme: aucun<\/p>\n<\/div>\n<\/div><\/div>\n<\/div>\n","protected":false},"excerpt":{"rendered":"<p>Le secteur agricole biologique canadien est r\u00e9glement\u00e9 par le\u00a0R\u00e8glement sur les produits biologiques (2009).<\/p>\n","protected":false},"author":1,"featured_media":7969,"parent":0,"menu_order":133,"comment_status":"closed","ping_status":"closed","template":"","meta":{"inline_featured_image":false,"footnotes":""},"class_list":["post-1960","page","type-page","status-publish","has-post-thumbnail","hentry"],"better_featured_image":{"id":7969,"alt_text":"","caption":"","description":"","media_type":"image","media_details":{"width":1920,"height":1282,"file":"2025\/03\/thomas-iversen-4W8FgDVyUME-unsplash-scaled.jpg","filesize":214712,"sizes":{"medium":{"file":"thomas-iversen-4W8FgDVyUME-unsplash-300x200.jpg","width":300,"height":200,"mime-type":"image\/jpeg","filesize":12953,"source_url":"https:\/\/cog.ca\/wp-content\/uploads\/2025\/03\/thomas-iversen-4W8FgDVyUME-unsplash-300x200.jpg"},"large":{"file":"thomas-iversen-4W8FgDVyUME-unsplash-1024x684.jpg","width":1024,"height":684,"mime-type":"image\/jpeg","filesize":83498,"source_url":"https:\/\/cog.ca\/wp-content\/uploads\/2025\/03\/thomas-iversen-4W8FgDVyUME-unsplash-1024x684.jpg"},"thumbnail":{"file":"thomas-iversen-4W8FgDVyUME-unsplash-150x150.jpg","width":150,"height":150,"mime-type":"image\/jpeg","filesize":6013,"source_url":"https:\/\/cog.ca\/wp-content\/uploads\/2025\/03\/thomas-iversen-4W8FgDVyUME-unsplash-150x150.jpg"},"post-thumbnail":{"file":"thomas-iversen-4W8FgDVyUME-unsplash-150x150.jpg","width":150,"height":150,"mime-type":"image\/jpeg","filesize":6013,"source_url":"https:\/\/cog.ca\/wp-content\/uploads\/2025\/03\/thomas-iversen-4W8FgDVyUME-unsplash-150x150.jpg"}},"image_meta":{"aperture":"0","credit":"","camera":"","caption":"","created_timestamp":"0","copyright":"","focal_length":"0","iso":"0","shutter_speed":"0","title":"","orientation":"0","keywords":[]},"original_image":"thomas-iversen-4W8FgDVyUME-unsplash.jpg"},"post":1960,"source_url":"https:\/\/cog.ca\/wp-content\/uploads\/2025\/03\/thomas-iversen-4W8FgDVyUME-unsplash-scaled.jpg"},"acf":[],"yoast_head":"<!-- This site is optimized with the Yoast SEO plugin v21.2 - https:\/\/yoast.com\/wordpress\/plugins\/seo\/ -->\n<title>Notre nature est biologique - Cultivons Biologique Canada<\/title>\n<meta name=\"robots\" content=\"index, follow, max-snippet:-1, max-image-preview:large, max-video-preview:-1\" \/>\n<link rel=\"canonical\" href=\"https:\/\/cog.ca\/fr\/the-canadian-organic-standards\/\" \/>\n<meta property=\"og:locale\" content=\"fr_FR\" \/>\n<meta property=\"og:type\" content=\"article\" \/>\n<meta property=\"og:title\" content=\"Notre nature est biologique - Cultivons Biologique Canada\" \/>\n<meta property=\"og:description\" content=\"Le secteur agricole biologique canadien est r\u00e9glement\u00e9 par le\u00a0R\u00e8glement sur les produits biologiques (2009).\" \/>\n<meta property=\"og:url\" content=\"https:\/\/cog.ca\/fr\/the-canadian-organic-standards\/\" \/>\n<meta property=\"og:site_name\" content=\"Cultivons Biologique Canada\" \/>\n<meta property=\"article:modified_time\" content=\"2023-09-20T18:37:38+00:00\" \/>\n<meta property=\"og:image\" content=\"https:\/\/cog.ca\/wp-content\/uploads\/2023\/09\/AdobeStock_327857551-scaled-1.jpeg\" \/>\n\t<meta property=\"og:image:width\" content=\"1920\" \/>\n\t<meta property=\"og:image:height\" content=\"1080\" \/>\n\t<meta property=\"og:image:type\" content=\"image\/jpeg\" \/>\n<meta name=\"twitter:card\" content=\"summary_large_image\" \/>\n<meta name=\"twitter:label1\" content=\"Dur\u00e9e de lecture estim\u00e9e\" \/>\n\t<meta name=\"twitter:data1\" content=\"5 minutes\" \/>\n<script type=\"application\/ld+json\" class=\"yoast-schema-graph\">{\"@context\":\"https:\/\/schema.org\",\"@graph\":[{\"@type\":\"WebPage\",\"@id\":\"https:\/\/cog.ca\/fr\/the-canadian-organic-standards\/\",\"url\":\"https:\/\/cog.ca\/fr\/the-canadian-organic-standards\/\",\"name\":\"Notre nature est biologique - Cultivons Biologique Canada\",\"isPartOf\":{\"@id\":\"https:\/\/cog.ca\/#website\"},\"datePublished\":\"2023-08-14T19:33:54+00:00\",\"dateModified\":\"2023-09-20T18:37:38+00:00\",\"breadcrumb\":{\"@id\":\"https:\/\/cog.ca\/fr\/the-canadian-organic-standards\/#breadcrumb\"},\"inLanguage\":\"fr-FR\",\"potentialAction\":[{\"@type\":\"ReadAction\",\"target\":[\"https:\/\/cog.ca\/fr\/the-canadian-organic-standards\/\"]}]},{\"@type\":\"BreadcrumbList\",\"@id\":\"https:\/\/cog.ca\/fr\/the-canadian-organic-standards\/#breadcrumb\",\"itemListElement\":[{\"@type\":\"ListItem\",\"position\":1,\"name\":\"Home\",\"item\":\"https:\/\/cog.ca\/fr\/\"},{\"@type\":\"ListItem\",\"position\":2,\"name\":\"Notre nature est biologique\"}]},{\"@type\":\"WebSite\",\"@id\":\"https:\/\/cog.ca\/#website\",\"url\":\"https:\/\/cog.ca\/\",\"name\":\"Cultivons Biologique Canada\",\"description\":\"\",\"publisher\":{\"@id\":\"https:\/\/cog.ca\/#organization\"},\"potentialAction\":[{\"@type\":\"SearchAction\",\"target\":{\"@type\":\"EntryPoint\",\"urlTemplate\":\"https:\/\/cog.ca\/?s={search_term_string}\"},\"query-input\":\"required name=search_term_string\"}],\"inLanguage\":\"fr-FR\"},{\"@type\":\"Organization\",\"@id\":\"https:\/\/cog.ca\/#organization\",\"name\":\"Canadian Organic Growers\",\"url\":\"https:\/\/cog.ca\/\",\"logo\":{\"@type\":\"ImageObject\",\"inLanguage\":\"fr-FR\",\"@id\":\"https:\/\/cog.ca\/#\/schema\/logo\/image\/\",\"url\":\"https:\/\/cog.ca\/wp-content\/uploads\/2023\/07\/COG_WhiteLogo_Transparent-1.png\",\"contentUrl\":\"https:\/\/cog.ca\/wp-content\/uploads\/2023\/07\/COG_WhiteLogo_Transparent-1.png\",\"width\":208,\"height\":110,\"caption\":\"Canadian Organic Growers\"},\"image\":{\"@id\":\"https:\/\/cog.ca\/#\/schema\/logo\/image\/\"}}]}<\/script>\n<!-- \/ Yoast SEO plugin. -->","yoast_head_json":{"title":"Notre nature est biologique - Cultivons Biologique Canada","robots":{"index":"index","follow":"follow","max-snippet":"max-snippet:-1","max-image-preview":"max-image-preview:large","max-video-preview":"max-video-preview:-1"},"canonical":"https:\/\/cog.ca\/fr\/the-canadian-organic-standards\/","og_locale":"fr_FR","og_type":"article","og_title":"Notre nature est biologique - Cultivons Biologique Canada","og_description":"Le secteur agricole biologique canadien est r\u00e9glement\u00e9 par le\u00a0R\u00e8glement sur les produits biologiques (2009).","og_url":"https:\/\/cog.ca\/fr\/the-canadian-organic-standards\/","og_site_name":"Cultivons Biologique Canada","article_modified_time":"2023-09-20T18:37:38+00:00","og_image":[{"width":1920,"height":1080,"url":"https:\/\/cog.ca\/wp-content\/uploads\/2023\/09\/AdobeStock_327857551-scaled-1.jpeg","type":"image\/jpeg"}],"twitter_card":"summary_large_image","twitter_misc":{"Dur\u00e9e de lecture estim\u00e9e":"5 minutes"},"schema":{"@context":"https:\/\/schema.org","@graph":[{"@type":"WebPage","@id":"https:\/\/cog.ca\/fr\/the-canadian-organic-standards\/","url":"https:\/\/cog.ca\/fr\/the-canadian-organic-standards\/","name":"Notre nature est biologique - Cultivons Biologique Canada","isPartOf":{"@id":"https:\/\/cog.ca\/#website"},"datePublished":"2023-08-14T19:33:54+00:00","dateModified":"2023-09-20T18:37:38+00:00","breadcrumb":{"@id":"https:\/\/cog.ca\/fr\/the-canadian-organic-standards\/#breadcrumb"},"inLanguage":"fr-FR","potentialAction":[{"@type":"ReadAction","target":["https:\/\/cog.ca\/fr\/the-canadian-organic-standards\/"]}]},{"@type":"BreadcrumbList","@id":"https:\/\/cog.ca\/fr\/the-canadian-organic-standards\/#breadcrumb","itemListElement":[{"@type":"ListItem","position":1,"name":"Home","item":"https:\/\/cog.ca\/fr\/"},{"@type":"ListItem","position":2,"name":"Notre nature est biologique"}]},{"@type":"WebSite","@id":"https:\/\/cog.ca\/#website","url":"https:\/\/cog.ca\/","name":"Cultivons Biologique Canada","description":"","publisher":{"@id":"https:\/\/cog.ca\/#organization"},"potentialAction":[{"@type":"SearchAction","target":{"@type":"EntryPoint","urlTemplate":"https:\/\/cog.ca\/?s={search_term_string}"},"query-input":"required name=search_term_string"}],"inLanguage":"fr-FR"},{"@type":"Organization","@id":"https:\/\/cog.ca\/#organization","name":"Canadian Organic Growers","url":"https:\/\/cog.ca\/","logo":{"@type":"ImageObject","inLanguage":"fr-FR","@id":"https:\/\/cog.ca\/#\/schema\/logo\/image\/","url":"https:\/\/cog.ca\/wp-content\/uploads\/2023\/07\/COG_WhiteLogo_Transparent-1.png","contentUrl":"https:\/\/cog.ca\/wp-content\/uploads\/2023\/07\/COG_WhiteLogo_Transparent-1.png","width":208,"height":110,"caption":"Canadian Organic Growers"},"image":{"@id":"https:\/\/cog.ca\/#\/schema\/logo\/image\/"}}]}},"_links":{"self":[{"href":"https:\/\/cog.ca\/fr\/wp-json\/wp\/v2\/pages\/1960","targetHints":{"allow":["GET"]}}],"collection":[{"href":"https:\/\/cog.ca\/fr\/wp-json\/wp\/v2\/pages"}],"about":[{"href":"https:\/\/cog.ca\/fr\/wp-json\/wp\/v2\/types\/page"}],"author":[{"embeddable":true,"href":"https:\/\/cog.ca\/fr\/wp-json\/wp\/v2\/users\/1"}],"replies":[{"embeddable":true,"href":"https:\/\/cog.ca\/fr\/wp-json\/wp\/v2\/comments?post=1960"}],"version-history":[{"count":5,"href":"https:\/\/cog.ca\/fr\/wp-json\/wp\/v2\/pages\/1960\/revisions"}],"predecessor-version":[{"id":3172,"href":"https:\/\/cog.ca\/fr\/wp-json\/wp\/v2\/pages\/1960\/revisions\/3172"}],"wp:featuredmedia":[{"embeddable":true,"href":"https:\/\/cog.ca\/fr\/wp-json\/wp\/v2\/media\/7969"}],"wp:attachment":[{"href":"https:\/\/cog.ca\/fr\/wp-json\/wp\/v2\/media?parent=1960"}],"curies":[{"name":"wp","href":"https:\/\/api.w.org\/{rel}","templated":true}]}}