{"id":1958,"date":"2023-08-15T15:54:01","date_gmt":"2023-08-15T19:54:01","guid":{"rendered":"https:\/\/cog-01.eproofs.ca\/?page_id=1958"},"modified":"2023-09-19T13:41:40","modified_gmt":"2023-09-19T17:41:40","slug":"donate-today","status":"publish","type":"page","link":"https:\/\/cog.ca\/fr\/donate-today\/","title":{"rendered":"Soutenir la COG"},"content":{"rendered":"\n<div class=\"wp-block-group alignfull has-theme-grey-background-color has-background is-layout-constrained wp-block-group-is-layout-constrained\">\n<h2 class=\"wp-block-heading\">Aidez-nous \u00e0 d\u00e9velopper le mouvement biologique<\/h2>\n\n\n\n<hr class=\"wp-block-separator has-alpha-channel-opacity is-style-accent\"\/>\n\n\n\n<p>COG est la plaque tournante de l&rsquo;agriculture biologique au Canada. Depuis plus de 45 ans, nous faisons cro\u00eetre le mouvement biologique au Canada. Nous mettons en relation les communaut\u00e9s \u00e0 travers le Canada pour construire un syst\u00e8me alimentaire guid\u00e9 par les principes biologiques de sant\u00e9, de durabilit\u00e9 et d&rsquo;\u00e9quit\u00e9. Nous fournissons une plateforme pour partager les connaissances, cr\u00e9er une communaut\u00e9, informer les d\u00e9cideurs et les consommateurs et, en fin de compte, faire cro\u00eetre le mouvement biologique au Canada. Un don offre une fa\u00e7on ouverte de soutenir nos activit\u00e9s. Chez Canadian Organic Growers, nous aidons les agriculteurs \u00e0 faire la transition de leur exploitation vers le biologique. Tous les fonds que nous recueillons servent \u00e0 soutenir les agriculteurs biologiques actuels et en transition \u00e0 travers le pays.<\/p>\n<\/div>\n\n\n\n<div class=\"wp-block-group alignfull has-theme-light-background-color has-background is-layout-constrained wp-block-group-is-layout-constrained\">\n<div class=\"wp-block-columns alignwide is-layout-flex wp-container-core-columns-is-layout-9d6595d7 wp-block-columns-is-layout-flex\">\n<div class=\"wp-block-column is-layout-flow wp-block-column-is-layout-flow\">\n<script data-cfasync=\"false\" data-formtype=\"1\" data-root-url=\"https:\/\/www.canadahelps.org\" data-page-id=\"4888\" data-language=\"fr\" charset=\"utf-8\" src=\"https:\/\/www.canadahelps.org\/secure\/js\/cdf_embed.js\" type=\"text\/javascript\" id=\"ch_cdn_embed\" class=\"tco-element-preview is-draggable has-empty-placeholder\" data-cs-observeable-id=\"cs29\" data-cs-observe=\"true\" data-cs-observeable=\"{&quot;mode&quot;:&quot;inspect&quot;,&quot;label&quot;:&quot;Raw Content&quot;}\"><div class=\"tco-empty-element\"><div class=\"tco-empty-element-icon\"><svg role=\"img\" viewBox=\"0 0 16 16\" class=\"tco-svg tco-svg-elements\"><title>html5<\/title><g><path d=\"M14.738,0.326C14.549,0.118,14.281,0,14,0H2C1.719,0,1.451,0.118,1.262,0.326S0.979,0.811,1.004,1.09l1,11 c0.029,0.317,0.208,0.603,0.481,0.767l5,3C7.644,15.952,7.822,16,8,16s0.356-0.048,0.515-0.143l5-3 c0.273-0.164,0.452-0.449,0.481-0.767l1-11C15.021,0.811,14.928,0.533,14.738,0.326z M12,4H6v2h6v5.721l-4,1.333l-4-1.333V9h2v1.279 l2,0.667l2-0.667V8H4V2h8V4z\"><\/path><\/g><\/svg><\/div><\/div><\/script>\n<\/div>\n\n\n\n<div class=\"wp-block-column is-layout-flow wp-block-column-is-layout-flow\">\n<div class=\"wp-block-eup-blocks-cards cards--wrapper is-grid graphic-icon orientation-horizontal alignment-left design-flat size-medium\"><div class=\"cards--inner\">\n<div class=\"wp-block-eup-blocks-card card--wrapper\"><div class=\"card-header\"><a class=\"card-image--wrapper\" href=\"https:\/\/www.canadahelps.org\/en\/dn\/t\/65269\"><img decoding=\"async\" class=\"card-image\" src=\"https:\/\/cog.ca\/wp-content\/uploads\/2023\/08\/giftbox.svg\" alt=\"\" data-id=\"1739\"\/><\/a><div class=\"card-header--text\"><div class=\"card-title\"><a href=\"https:\/\/www.canadahelps.org\/en\/dn\/t\/65269\">Cadeau hommage<\/a><\/div><\/div><\/div><div class=\"card-content\"><div class=\"card-desc\">Faites un don comme cadeau significatif pour toute occasion sp\u00e9ciale. Nous enverrons une carte avec votre message sp\u00e9cial \u00e0 la personne \u00e0 qui vous d\u00e9diez votre cadeau.<\/div><div class=\"card-more\"><a href=\"https:\/\/www.canadahelps.org\/en\/dn\/t\/65269\">Faites un don maintenant<\/a><\/div><\/div><\/div>\n\n\n\n<div class=\"wp-block-eup-blocks-card card--wrapper\"><div class=\"card-header\"><a class=\"card-image--wrapper\" href=\"https:\/\/www.canadahelps.org\/en\/dn\/t\/65269\"><img decoding=\"async\" class=\"card-image\" src=\"https:\/\/cog.ca\/wp-content\/uploads\/2023\/08\/love.svg\" alt=\"\" data-id=\"1741\"\/><\/a><div class=\"card-header--text\"><div class=\"card-title\"><a href=\"https:\/\/www.canadahelps.org\/en\/dn\/t\/65269\">Cadeau en m\u00e9moire<\/a><\/div><\/div><\/div><div class=\"card-content\"><div class=\"card-desc\">Faites un don \u00e0 la m\u00e9moire d&rsquo;une personne d\u00e9c\u00e9d\u00e9e. Nous enverrons une carte de remerciement \u00e0 la famille ou \u00e0 l&rsquo;ami en deuil.<\/div><div class=\"card-more\"><a href=\"https:\/\/www.canadahelps.org\/en\/dn\/t\/65269\">Faites un don maintenant<\/a><\/div><\/div><\/div>\n\n\n\n<div class=\"wp-block-eup-blocks-card card--wrapper\"><div class=\"card-header\"><a class=\"card-image--wrapper\" href=\"https:\/\/www.canadahelps.org\/en\/dn\/m\/65271\"><img decoding=\"async\" class=\"card-image\" src=\"https:\/\/cog.ca\/wp-content\/uploads\/2023\/08\/calendar.svg\" alt=\"\" data-id=\"1743\"\/><\/a><div class=\"card-header--text\"><div class=\"card-title\"><a href=\"https:\/\/www.canadahelps.org\/en\/dn\/m\/65271\">Cadeau mensuel<\/a><\/div><\/div><\/div><div class=\"card-content\"><div class=\"card-desc\">En tant que donateur mensuel, vous aidez les agriculteurs biologiques \u00e0 prot\u00e9ger la plan\u00e8te.<\/div><div class=\"card-more\"><a href=\"https:\/\/www.canadahelps.org\/en\/dn\/m\/65271\">Faites un don maintenant<\/a><\/div><\/div><\/div>\n\n\n\n<div class=\"wp-block-eup-blocks-card card--wrapper\"><div class=\"card-header\"><a class=\"card-image--wrapper\" href=\"https:\/\/www.canadahelps.org\/en\/dn\/s\/65285\/donate\"><img decoding=\"async\" class=\"card-image\" src=\"https:\/\/cog.ca\/wp-content\/uploads\/2023\/08\/gift.svg\" alt=\"\" data-id=\"1745\"\/><\/a><div class=\"card-header--text\"><div class=\"card-title\"><a href=\"https:\/\/www.canadahelps.org\/en\/dn\/s\/65285\/donate\">Don de titres<\/a><\/div><\/div><\/div><div class=\"card-content\"><div class=\"card-desc\">Nous pouvons vous fournir un formulaire de don de titres afin que vous puissiez facilement transf\u00e9rer les actions que vous souhaitez donner.<\/div><div class=\"card-more\"><a href=\"https:\/\/www.canadahelps.org\/en\/dn\/s\/65285\/donate\">Faites un don maintenant<\/a><\/div><\/div><\/div>\n<\/div><\/div>\n<\/div>\n<\/div>\n<\/div>\n\n\n\n<div class=\"wp-block-media-text alignfull is-stacked-on-mobile is-image-fill is-style-smart-wide has-theme-grey-background-color has-background\"><figure class=\"wp-block-media-text__media\" style=\"background-image:url(https:\/\/cog.ca\/wp-content\/uploads\/2023\/08\/jen-theodore-P96rE0gVVLs-unsplash-scaled-1-1024x683.jpg);background-position:50% 50%\"><img loading=\"lazy\" decoding=\"async\" width=\"1024\" height=\"683\" src=\"https:\/\/cog.ca\/wp-content\/uploads\/2023\/08\/jen-theodore-P96rE0gVVLs-unsplash-scaled-1-1024x683.jpg\" alt=\"\" class=\"wp-image-1750 size-full\" srcset=\"https:\/\/cog.ca\/wp-content\/uploads\/2023\/08\/jen-theodore-P96rE0gVVLs-unsplash-scaled-1-1024x683.jpg 1024w, https:\/\/cog.ca\/wp-content\/uploads\/2023\/08\/jen-theodore-P96rE0gVVLs-unsplash-scaled-1-300x200.jpg 300w, https:\/\/cog.ca\/wp-content\/uploads\/2023\/08\/jen-theodore-P96rE0gVVLs-unsplash-scaled-1.jpg 1920w\" sizes=\"auto, (max-width: 1024px) 100vw, 1024px\" \/><\/figure><div class=\"wp-block-media-text__content\">\n<h2 class=\"wp-block-heading is-style-h3\">Lorsque vous soutenez la COG, vous nous soutenez en tant que nous :<\/h2>\n\n\n\n<hr class=\"wp-block-separator has-alpha-channel-opacity is-style-accent\"\/>\n\n\n\n<div class=\"wp-block-eup-blocks-cards cards--wrapper is-grid graphic-icon orientation-horizontal alignment-left design-flat size-medium\"><div class=\"cards--inner\">\n<div class=\"wp-block-eup-blocks-card card--wrapper\"><div class=\"card-header\"><div class=\"card-image--wrapper\"><img decoding=\"async\" class=\"card-image\" src=\"https:\/\/cog.ca\/wp-content\/uploads\/2023\/08\/books.svg\" alt=\"\" data-id=\"1752\"\/><\/div><div class=\"card-header--text\"><div class=\"card-title\">Cr\u00e9er et publier du mat\u00e9riel \u00e9ducatif pour les agriculteurs.<\/div><\/div><\/div><div class=\"card-content\"><\/div><\/div>\n\n\n\n<div class=\"wp-block-eup-blocks-card card--wrapper\"><div class=\"card-header\"><div class=\"card-image--wrapper\"><img decoding=\"async\" class=\"card-image\" src=\"https:\/\/cog.ca\/wp-content\/uploads\/2023\/08\/file.svg\" alt=\"\" data-id=\"1754\"\/><\/div><div class=\"card-header--text\"><div class=\"card-title\">Plaider en faveur de politiques agricoles gouvernementales qui soutiennent le secteur biologique.<\/div><\/div><\/div><div class=\"card-content\"><\/div><\/div>\n\n\n\n<div class=\"wp-block-eup-blocks-card card--wrapper\"><div class=\"card-header\"><div class=\"card-image--wrapper\"><img decoding=\"async\" class=\"card-image\" src=\"https:\/\/cog.ca\/wp-content\/uploads\/2023\/08\/under-construction.svg\" alt=\"\" data-id=\"1756\"\/><\/div><div class=\"card-header--text\"><div class=\"card-title\">R\u00e9unir les principaux acteurs du secteur pour d\u00e9couvrir et \u00e9liminer les obstacles dans la cha\u00eene d&rsquo;approvisionnement en produits biologiques.<\/div><\/div><\/div><div class=\"card-content\"><\/div><\/div>\n\n\n\n<div class=\"wp-block-eup-blocks-card card--wrapper\"><div class=\"card-header\"><div class=\"card-image--wrapper\"><img decoding=\"async\" class=\"card-image\" src=\"https:\/\/cog.ca\/wp-content\/uploads\/2023\/08\/megaphone-1.svg\" alt=\"\" data-id=\"1758\"\/><\/div><div class=\"card-header--text\"><div class=\"card-title\">Sensibiliser aux avantages des pratiques biologiques r\u00e9g\u00e9n\u00e9ratrices.<\/div><\/div><\/div><div class=\"card-content\"><\/div><\/div>\n<\/div><\/div>\n<\/div><\/div>\n\n\n\n<div class=\"wp-block-group alignfull has-theme-light-background-color has-background is-layout-constrained wp-block-group-is-layout-constrained\">\n<h2 class=\"wp-block-heading\">Devenez un membre<\/h2>\n\n\n\n<hr class=\"wp-block-separator has-alpha-channel-opacity is-style-accent\"\/>\n\n\n\n<p>Vous pouvez \u00e9galement contribuer \u00e0 la croissance du mouvement biologique et en faire partie en devenant membre de la COG ! Tout le monde est le bienvenu, et&nbsp;<strong>si vous \u00eates un agriculteur en transition ou d\u00e9j\u00e0 certifi\u00e9 biologique, votre adh\u00e9sion \u00e0 la COG est pour nous !<\/strong><\/p>\n\n\n\n<div class=\"wp-block-buttons is-layout-flex wp-block-buttons-is-layout-flex\">\n<div class=\"wp-block-button is-style-outline is-style-outline--1\"><a class=\"wp-block-button__link has-inner-interact-background-color has-background wp-element-button\" href=\"https:\/\/cog.ca\/fr\/become-a-member\/\">ADH\u00c9RER EN TANT QUE MEMBRE<\/a><\/div>\n<\/div>\n<\/div>\n\n\n\n<div class=\"wp-block-group alignfull has-theme-primary-background-color has-background is-layout-constrained wp-block-group-is-layout-constrained\">\n<h2 class=\"wp-block-heading\">FAQ sur les dons<\/h2>\n\n\n\n<div class=\"wp-block-eup-blocks-accordion\"><div class=\"eup-folded-content accordion\" data-aria-accordion=\"\">\n<div class=\"wp-block-eup-blocks-fold-item eup-fold-toggle\" data-fold-toggle=\"\">Pourquoi le traitement de mon don prend-il plus de temps que d&rsquo;habitude ?<\/div><div class=\"eup-fold-panel\" data-fold-content=\"\">\n<p>De temps en temps, les dons sont envoy\u00e9s pour une r\u00e9vision manuelle par l&rsquo;\u00e9quipe de CanadaHelps Charity &amp; Donor Relations. Si cela se produit, veuillez \u00eatre patient. L&rsquo;\u00e9quipe examine les transactions du lundi au vendredi de 9 h \u00e0 17 h (heure de l&rsquo;Est) et cela prend g\u00e9n\u00e9ralement moins de 24 heures ouvrables. Il n&rsquo;est pas n\u00e9cessaire de r\u00e9essayer votre don, car ils examineront le premier don et une deuxi\u00e8me tentative pourrait entra\u00eener une transaction en double.<\/p>\n\n\n\n<p>Une fois que la transaction a \u00e9t\u00e9 examin\u00e9e, vous recevrez un courriel de CanaDon. Si la transaction a \u00e9t\u00e9 trait\u00e9e, vous recevrez votre re\u00e7u fiscal et un courriel de confirmation. Si CanaDon n&rsquo;a pas pu traiter votre don, vous recevrez un courriel indiquant les prochaines \u00e9tapes \u00e0 suivre.<\/p>\n<\/div>\n\n\n\n<div class=\"wp-block-eup-blocks-fold-item eup-fold-toggle\" data-fold-toggle=\"\">Y a-t-il un don minimum pour que je puisse obtenir un re\u00e7u fiscal ?<\/div><div class=\"eup-fold-panel\" data-fold-content=\"\">\n<p>Les montants de 20 $ ou plus peuvent faire l&rsquo;objet d&rsquo;un re\u00e7u fiscal pour activit\u00e9s de bienfaisance (envoy\u00e9 par courrier en f\u00e9vrier suivant). Les donateurs re\u00e7oivent \u00e9galement des mises \u00e0 jour sur les derniers d\u00e9veloppements dans le secteur biologique.<\/p>\n<\/div>\n\n\n\n<div class=\"wp-block-eup-blocks-fold-item eup-fold-toggle\" data-fold-toggle=\"\">Puis-je faire un don par t\u00e9l\u00e9phone ou par courrier ?<\/div><div class=\"eup-fold-panel\" data-fold-content=\"\">\n<p>Vous pouvez nous appeler pour faire un don par carte de cr\u00e9dit au t\u00e9l\u00e9phone ou vous pouvez envoyer un ch\u00e8que ou un mandat postal \u00e0 notre bureau.<\/p>\n\n\n\n<p>1-888-375-7383<\/p>\n\n\n\n<p>56, rue Sparks, bureau 600<br>Ottawa, ON K1P 5B1<\/p>\n<\/div>\n\n\n\n<div class=\"wp-block-eup-blocks-fold-item eup-fold-toggle\" data-fold-toggle=\"\">Puis-je soutenir la COG chaque mois par pr\u00e9l\u00e8vement automatique ?<\/div><div class=\"eup-fold-panel\" data-fold-content=\"\">\n<p>Oui, si vous souhaitez soutenir la COG mensuellement par pr\u00e9l\u00e8vement direct, veuillez nous contacter au 613-216-0741.<\/p>\n<\/div>\n<\/div><\/div>\n\n\n\n<p>Pour plus d&rsquo;informations sur la plateforme de dons, visitez&nbsp;<a href=\"https:\/\/donorhelp.canadahelps.org\/en\/\">CanadaHelps<\/a>.<\/p>\n<\/div>\n","protected":false},"excerpt":{"rendered":"<p>Aidez-nous \u00e0 d\u00e9velopper le mouvement biologique COG est la plaque tournante de l&rsquo;agriculture biologique au Canada. Depuis plus de 45 ans, nous faisons cro\u00eetre le mouvement biologique au Canada. Nous mettons en relation les communaut\u00e9s \u00e0 travers le Canada pour construire un syst\u00e8me alimentaire guid\u00e9 par les principes biologiques de sant\u00e9, de durabilit\u00e9 et d&rsquo;\u00e9quit\u00e9. [&hellip;]<\/p>\n","protected":false},"author":1,"featured_media":0,"parent":0,"menu_order":700,"comment_status":"closed","ping_status":"closed","template":"","meta":{"inline_featured_image":false,"footnotes":""},"class_list":["post-1958","page","type-page","status-publish","hentry"],"better_featured_image":null,"acf":[],"yoast_head":"<!-- This site is optimized with the Yoast SEO plugin v21.2 - https:\/\/yoast.com\/wordpress\/plugins\/seo\/ -->\n<title>Soutenir la COG - Cultivons Biologique Canada<\/title>\n<meta name=\"robots\" content=\"index, follow, max-snippet:-1, max-image-preview:large, max-video-preview:-1\" \/>\n<link rel=\"canonical\" href=\"https:\/\/cog.ca\/fr\/donate-today\/\" \/>\n<meta property=\"og:locale\" content=\"fr_FR\" \/>\n<meta property=\"og:type\" content=\"article\" \/>\n<meta property=\"og:title\" content=\"Soutenir la COG - Cultivons Biologique Canada\" \/>\n<meta property=\"og:description\" content=\"Aidez-nous \u00e0 d\u00e9velopper le mouvement biologique COG est la plaque tournante de l&rsquo;agriculture biologique au Canada. Depuis plus de 45 ans, nous faisons cro\u00eetre le mouvement biologique au Canada. Nous mettons en relation les communaut\u00e9s \u00e0 travers le Canada pour construire un syst\u00e8me alimentaire guid\u00e9 par les principes biologiques de sant\u00e9, de durabilit\u00e9 et d&rsquo;\u00e9quit\u00e9. [&hellip;]\" \/>\n<meta property=\"og:url\" content=\"https:\/\/cog.ca\/fr\/donate-today\/\" \/>\n<meta property=\"og:site_name\" content=\"Cultivons Biologique Canada\" \/>\n<meta property=\"article:modified_time\" content=\"2023-09-19T17:41:40+00:00\" \/>\n<meta property=\"og:image\" content=\"https:\/\/cog.ca\/wp-content\/uploads\/2023\/08\/giftbox.svg\" \/>\n<meta name=\"twitter:card\" content=\"summary_large_image\" \/>\n<meta name=\"twitter:label1\" content=\"Dur\u00e9e de lecture estim\u00e9e\" \/>\n\t<meta name=\"twitter:data1\" content=\"5 minutes\" \/>\n<script type=\"application\/ld+json\" class=\"yoast-schema-graph\">{\"@context\":\"https:\/\/schema.org\",\"@graph\":[{\"@type\":\"WebPage\",\"@id\":\"https:\/\/cog.ca\/fr\/donate-today\/\",\"url\":\"https:\/\/cog.ca\/fr\/donate-today\/\",\"name\":\"Soutenir la COG - Cultivons Biologique Canada\",\"isPartOf\":{\"@id\":\"https:\/\/cog.ca\/#website\"},\"datePublished\":\"2023-08-15T19:54:01+00:00\",\"dateModified\":\"2023-09-19T17:41:40+00:00\",\"breadcrumb\":{\"@id\":\"https:\/\/cog.ca\/fr\/donate-today\/#breadcrumb\"},\"inLanguage\":\"fr-FR\",\"potentialAction\":[{\"@type\":\"ReadAction\",\"target\":[\"https:\/\/cog.ca\/fr\/donate-today\/\"]}]},{\"@type\":\"BreadcrumbList\",\"@id\":\"https:\/\/cog.ca\/fr\/donate-today\/#breadcrumb\",\"itemListElement\":[{\"@type\":\"ListItem\",\"position\":1,\"name\":\"Home\",\"item\":\"https:\/\/cog.ca\/fr\/\"},{\"@type\":\"ListItem\",\"position\":2,\"name\":\"Soutenir la COG\"}]},{\"@type\":\"WebSite\",\"@id\":\"https:\/\/cog.ca\/#website\",\"url\":\"https:\/\/cog.ca\/\",\"name\":\"Cultivons Biologique Canada\",\"description\":\"\",\"publisher\":{\"@id\":\"https:\/\/cog.ca\/#organization\"},\"potentialAction\":[{\"@type\":\"SearchAction\",\"target\":{\"@type\":\"EntryPoint\",\"urlTemplate\":\"https:\/\/cog.ca\/?s={search_term_string}\"},\"query-input\":\"required name=search_term_string\"}],\"inLanguage\":\"fr-FR\"},{\"@type\":\"Organization\",\"@id\":\"https:\/\/cog.ca\/#organization\",\"name\":\"Canadian Organic Growers\",\"url\":\"https:\/\/cog.ca\/\",\"logo\":{\"@type\":\"ImageObject\",\"inLanguage\":\"fr-FR\",\"@id\":\"https:\/\/cog.ca\/#\/schema\/logo\/image\/\",\"url\":\"https:\/\/cog.ca\/wp-content\/uploads\/2023\/07\/COG_WhiteLogo_Transparent-1.png\",\"contentUrl\":\"https:\/\/cog.ca\/wp-content\/uploads\/2023\/07\/COG_WhiteLogo_Transparent-1.png\",\"width\":208,\"height\":110,\"caption\":\"Canadian Organic Growers\"},\"image\":{\"@id\":\"https:\/\/cog.ca\/#\/schema\/logo\/image\/\"}}]}<\/script>\n<!-- \/ Yoast SEO plugin. -->","yoast_head_json":{"title":"Soutenir la COG - Cultivons Biologique Canada","robots":{"index":"index","follow":"follow","max-snippet":"max-snippet:-1","max-image-preview":"max-image-preview:large","max-video-preview":"max-video-preview:-1"},"canonical":"https:\/\/cog.ca\/fr\/donate-today\/","og_locale":"fr_FR","og_type":"article","og_title":"Soutenir la COG - Cultivons Biologique Canada","og_description":"Aidez-nous \u00e0 d\u00e9velopper le mouvement biologique COG est la plaque tournante de l&rsquo;agriculture biologique au Canada. Depuis plus de 45 ans, nous faisons cro\u00eetre le mouvement biologique au Canada. Nous mettons en relation les communaut\u00e9s \u00e0 travers le Canada pour construire un syst\u00e8me alimentaire guid\u00e9 par les principes biologiques de sant\u00e9, de durabilit\u00e9 et d&rsquo;\u00e9quit\u00e9. [&hellip;]","og_url":"https:\/\/cog.ca\/fr\/donate-today\/","og_site_name":"Cultivons Biologique Canada","article_modified_time":"2023-09-19T17:41:40+00:00","og_image":[{"url":"https:\/\/cog.ca\/wp-content\/uploads\/2023\/08\/giftbox.svg"}],"twitter_card":"summary_large_image","twitter_misc":{"Dur\u00e9e de lecture estim\u00e9e":"5 minutes"},"schema":{"@context":"https:\/\/schema.org","@graph":[{"@type":"WebPage","@id":"https:\/\/cog.ca\/fr\/donate-today\/","url":"https:\/\/cog.ca\/fr\/donate-today\/","name":"Soutenir la COG - Cultivons Biologique Canada","isPartOf":{"@id":"https:\/\/cog.ca\/#website"},"datePublished":"2023-08-15T19:54:01+00:00","dateModified":"2023-09-19T17:41:40+00:00","breadcrumb":{"@id":"https:\/\/cog.ca\/fr\/donate-today\/#breadcrumb"},"inLanguage":"fr-FR","potentialAction":[{"@type":"ReadAction","target":["https:\/\/cog.ca\/fr\/donate-today\/"]}]},{"@type":"BreadcrumbList","@id":"https:\/\/cog.ca\/fr\/donate-today\/#breadcrumb","itemListElement":[{"@type":"ListItem","position":1,"name":"Home","item":"https:\/\/cog.ca\/fr\/"},{"@type":"ListItem","position":2,"name":"Soutenir la COG"}]},{"@type":"WebSite","@id":"https:\/\/cog.ca\/#website","url":"https:\/\/cog.ca\/","name":"Cultivons Biologique Canada","description":"","publisher":{"@id":"https:\/\/cog.ca\/#organization"},"potentialAction":[{"@type":"SearchAction","target":{"@type":"EntryPoint","urlTemplate":"https:\/\/cog.ca\/?s={search_term_string}"},"query-input":"required name=search_term_string"}],"inLanguage":"fr-FR"},{"@type":"Organization","@id":"https:\/\/cog.ca\/#organization","name":"Canadian Organic Growers","url":"https:\/\/cog.ca\/","logo":{"@type":"ImageObject","inLanguage":"fr-FR","@id":"https:\/\/cog.ca\/#\/schema\/logo\/image\/","url":"https:\/\/cog.ca\/wp-content\/uploads\/2023\/07\/COG_WhiteLogo_Transparent-1.png","contentUrl":"https:\/\/cog.ca\/wp-content\/uploads\/2023\/07\/COG_WhiteLogo_Transparent-1.png","width":208,"height":110,"caption":"Canadian Organic Growers"},"image":{"@id":"https:\/\/cog.ca\/#\/schema\/logo\/image\/"}}]}},"_links":{"self":[{"href":"https:\/\/cog.ca\/fr\/wp-json\/wp\/v2\/pages\/1958","targetHints":{"allow":["GET"]}}],"collection":[{"href":"https:\/\/cog.ca\/fr\/wp-json\/wp\/v2\/pages"}],"about":[{"href":"https:\/\/cog.ca\/fr\/wp-json\/wp\/v2\/types\/page"}],"author":[{"embeddable":true,"href":"https:\/\/cog.ca\/fr\/wp-json\/wp\/v2\/users\/1"}],"replies":[{"embeddable":true,"href":"https:\/\/cog.ca\/fr\/wp-json\/wp\/v2\/comments?post=1958"}],"version-history":[{"count":9,"href":"https:\/\/cog.ca\/fr\/wp-json\/wp\/v2\/pages\/1958\/revisions"}],"predecessor-version":[{"id":2928,"href":"https:\/\/cog.ca\/fr\/wp-json\/wp\/v2\/pages\/1958\/revisions\/2928"}],"wp:attachment":[{"href":"https:\/\/cog.ca\/fr\/wp-json\/wp\/v2\/media?parent=1958"}],"curies":[{"name":"wp","href":"https:\/\/api.w.org\/{rel}","templated":true}]}}