{"id":1956,"date":"2023-08-15T16:10:35","date_gmt":"2023-08-15T20:10:35","guid":{"rendered":"https:\/\/cog-01.eproofs.ca\/?page_id=1956"},"modified":"2026-01-09T15:10:05","modified_gmt":"2026-01-09T20:10:05","slug":"become-a-member","status":"publish","type":"page","link":"https:\/\/cog.ca\/fr\/become-a-member\/","title":{"rendered":"Devenir membre du COG"},"content":{"rendered":"\n<div class=\"wp-block-group alignfull has-theme-light-background-color has-background is-layout-constrained wp-block-group-is-layout-constrained\">\n<p>Rejoignez une communaut\u00e9 nationale diversifi\u00e9e compos\u00e9e d&rsquo;agriculteurs, de jardiniers, de consommateurs, de d\u00e9fenseurs du syst\u00e8me alimentaire, de gourmets et bien d&rsquo;autres passionn\u00e9s. Ensemble, nous pouvons b\u00e2tir un syst\u00e8me alimentaire et agricole biologique et r\u00e9g\u00e9n\u00e9ratif r\u00e9silient \u00e0 travers le Canada !<\/p>\n\n\n\n<p>Depuis 50 ans, le COG est anim\u00e9 par les connaissances, l&rsquo;expertise et la passion de ses membres. En adh\u00e9rant ou en renouvelant votre adh\u00e9sion au COG, vous rejoignez une incroyable communaut\u00e9 nationale d&rsquo;agriculteurs et de sympathisants.<\/p>\n\n\n\n<p>L&rsquo;adh\u00e9sion au COG offre de nombreux avantages, qui sont \u00e9num\u00e9r\u00e9s ci-dessous. Si vous avez des questions sur notre programme d&rsquo;adh\u00e9sion, veuillez nous contacter \u00e0 l&rsquo;adresse membership@cog.ca.<\/p>\n<\/div>\n\n\n\n<div class=\"wp-block-group alignfull has-theme-grey-background-color has-background is-layout-constrained wp-block-group-is-layout-constrained\">\n<div class=\"wp-block-columns alignwide is-layout-flex wp-container-core-columns-is-layout-9d6595d7 wp-block-columns-is-layout-flex\">\n<div class=\"wp-block-column is-layout-flow wp-block-column-is-layout-flow\" style=\"flex-basis:33.33%\">\n<figure class=\"wp-block-image size-large\"><img loading=\"lazy\" decoding=\"async\" width=\"768\" height=\"1024\" src=\"https:\/\/cog.ca\/wp-content\/uploads\/2026\/01\/IMG_8277-3-768x1024.jpg\" alt=\"\" class=\"wp-image-10951\" style=\"aspect-ratio:1;object-fit:cover\" srcset=\"https:\/\/cog.ca\/wp-content\/uploads\/2026\/01\/IMG_8277-3-768x1024.jpg 768w, https:\/\/cog.ca\/wp-content\/uploads\/2026\/01\/IMG_8277-3-225x300.jpg 225w, https:\/\/cog.ca\/wp-content\/uploads\/2026\/01\/IMG_8277-3-scaled.jpg 1440w\" sizes=\"auto, (max-width: 768px) 100vw, 768px\" \/><figcaption class=\"wp-element-caption\">The New Farm, Creemore, ON<\/figcaption><\/figure>\n<\/div>\n\n\n\n<div class=\"wp-block-column is-vertically-aligned-center is-layout-flow wp-block-column-is-layout-flow\" style=\"flex-basis:66.66%\">\n<h4 class=\"wp-block-heading\">Agriculteurs : si vous \u00eates membre actif de l&rsquo;un de nos partenaires provinciaux en agriculture biologique, vous avez droit \u00e0 une adh\u00e9sion GRATUITE \u00e0 COG Farmer.<\/h4>\n\n\n\n<p>Envoyez un courriel \u00e0 membership@cog.ca pour vous inscrire et obtenir plus d&rsquo;informations.<\/p>\n<\/div>\n<\/div>\n<\/div>\n\n\n\n<div class=\"wp-block-cover alignfull is-light\"><img loading=\"lazy\" decoding=\"async\" width=\"1920\" height=\"1280\" class=\"wp-block-cover__image-background wp-image-1779\" alt=\"\" src=\"https:\/\/cog.ca\/wp-content\/uploads\/2023\/08\/vegetables-1948264_1920.jpg\" data-object-fit=\"cover\" srcset=\"https:\/\/cog.ca\/wp-content\/uploads\/2023\/08\/vegetables-1948264_1920.jpg 1920w, https:\/\/cog.ca\/wp-content\/uploads\/2023\/08\/vegetables-1948264_1920-300x200.jpg 300w, https:\/\/cog.ca\/wp-content\/uploads\/2023\/08\/vegetables-1948264_1920-1024x683.jpg 1024w\" sizes=\"auto, (max-width: 1920px) 100vw, 1920px\" \/><span aria-hidden=\"true\" class=\"wp-block-cover__background has-theme-light-background-color has-background-dim-100 has-background-dim\"><\/span><div class=\"wp-block-cover__inner-container is-layout-flow wp-block-cover-is-layout-flow\">\n<div style=\"height:100px\" aria-hidden=\"true\" class=\"wp-block-spacer\"><\/div>\n\n\n\n<div class=\"wp-block-eup-blocks-cards alignwide cards--wrapper is-grid graphic-icon orientation-horizontal alignment-left design-border size-large\"><div class=\"cards--inner\">\n<div class=\"wp-block-eup-blocks-card card--wrapper\"><div class=\"card-header\"><div class=\"card-image--wrapper\"><img decoding=\"async\" class=\"card-image\" src=\"https:\/\/cog.ca\/wp-content\/uploads\/2023\/08\/farmer.svg\" alt=\"\" data-id=\"1241\"\/><\/div><div class=\"card-header--text\"><div class=\"card-title\">Membre agriculteur<\/div><\/div><\/div><div class=\"card-content\"><div class=\"card-desc\"><strong>60 $ par an<\/strong><\/div><div class=\"card-meta2\">Pour toutes les fermes et tous les agriculteurs \u00e9cologiques.<br><br>Avantages :<br>\u2013 R\u00e9ductions incitatives<br>\u2013 R\u00e9duction sur la boutique en ligne du COG (15 %)<br>\u2013 R\u00e9ductions sur les \u00e9v\u00e9nements et conf\u00e9rences agricoles<br>\u2013 Droit de vote \u00e0 l&rsquo;assembl\u00e9e g\u00e9n\u00e9rale annuelle du COG (2 votes par ferme)<br>\u2013 \u00c9v\u00e9nements et webinaires r\u00e9serv\u00e9s aux membres (y compris soutien agronomique, aide \u00e0 la certification biologique et plus encore !)<br>\u2013 Communications aux membres<br>\u2013 Vitrines promotionnelles pour les membres<br>\u2013 Ressources et guides pour les membres<br>\u2013 Acc\u00e8s au logo \u00ab Membre du COG \u00bb<br>\u2013 Connexion \u00e0 notre r\u00e9seau biologique national<br>\u2013 Mises \u00e0 jour sur les politiques et la r\u00e9glementation<br>\u2013 Invitations \u00e0 contribuer au programme politique du COG<br>\u2013 Invitations \u00e0 soumettre des propositions politiques au COG<br>\u2013 Possibilit\u00e9s de participer \u00e0 des r\u00e9unions de d\u00e9fense des int\u00e9r\u00eats<br>\u2013 Invitations \u00e0 participer \u00e0 des projets de recherche et \u00e0 des sondages<\/div><div class=\"card-more\"><a href=\"https:\/\/shop.cog.ca\/products\/farmer-membership\">devenir membre<\/a><\/div><\/div><\/div>\n\n\n\n<div class=\"wp-block-eup-blocks-card card--wrapper\"><div class=\"card-header\"><div class=\"card-image--wrapper\"><img decoding=\"async\" class=\"card-image\" src=\"https:\/\/cog.ca\/wp-content\/uploads\/2023\/08\/plant.svg\" alt=\"\" data-id=\"1010\"\/><\/div><div class=\"card-header--text\"><div class=\"card-title\">Membre jardinier<\/div><\/div><\/div><div class=\"card-content\"><div class=\"card-desc\"><strong>60 $ par an<\/strong><\/div><div class=\"card-meta2\">Pour les jardiniers \u00e9cologiques, les fermiers, les jardiniers communautaires et les associations de jardins communautaires.<br><br>Avantages :<br>\u2013 R\u00e9ductions incitatives<br>\u2013 R\u00e9duction sur la boutique en ligne du COG (15 %)<br>\u2013 R\u00e9ductions pour les \u00e9v\u00e9nements et conf\u00e9rences agricoles<br>\u2013 Droit de vote \u00e0 l&rsquo;assembl\u00e9e g\u00e9n\u00e9rale annuelle du COG<br>\u2013 \u00c9v\u00e9nements et webinaires r\u00e9serv\u00e9s aux membres<br>\u2013 Communications r\u00e9serv\u00e9es aux membres<br>\u2013 Ressources et guides r\u00e9serv\u00e9s aux membres<br>\u2013 Connexion \u00e0 notre r\u00e9seau national biologique<br>\u2013 Mises \u00e0 jour sur les politiques et la r\u00e9glementation<br>\u2013 Invitations \u00e0 contribuer au programme politique du COG<br>\u2013 Invitations \u00e0 soumettre des propositions politiques au COG<\/div><div class=\"card-more\"><a href=\"https:\/\/shop.cog.ca\/products\/gardener-membership\">devenir membre<\/a><\/div><\/div><\/div>\n\n\n\n<div class=\"wp-block-eup-blocks-card card--wrapper\"><div class=\"card-header\"><div class=\"card-image--wrapper\"><img decoding=\"async\" class=\"card-image\" src=\"https:\/\/cog.ca\/wp-content\/uploads\/2023\/08\/megaphone-1.svg\" alt=\"\" data-id=\"1758\"\/><\/div><div class=\"card-header--text\"><div class=\"card-title\">Membre champion<\/div><\/div><\/div><div class=\"card-content\"><div class=\"card-desc\"><strong>60 $ par an<\/strong><\/div><div class=\"card-meta2\">Pour les champions de notre syst\u00e8me alimentaire ! Nous accueillons les consommateurs conscients, les familles, les d\u00e9fenseurs du syst\u00e8me alimentaire et ceux qui soutiennent notre travail.<br><br>Avantages :<br>\u2013 R\u00e9ductions incitatives<br>\u2013 R\u00e9duction sur la boutique en ligne du COG (15 %)<br>\u2013 R\u00e9ductions pour les \u00e9v\u00e9nements et conf\u00e9rences agricoles<br>\u2013 Droit de vote \u00e0 l&rsquo;assembl\u00e9e g\u00e9n\u00e9rale annuelle du COG<br>\u2013 \u00c9v\u00e9nements et webinaires r\u00e9serv\u00e9s aux membres<br>\u2013 Communications r\u00e9serv\u00e9es aux membres<br>\u2013 Ressources et guides r\u00e9serv\u00e9s aux membres<br>\u2013 Connexion \u00e0 notre r\u00e9seau national biologique<br>\u2013 Mises \u00e0 jour sur les politiques et la r\u00e9glementation<br>\u2013 Invitations \u00e0 contribuer au programme politique du COG<br>\u2013 Invitations \u00e0 soumettre des propositions politiques au COG<\/div><div class=\"card-more\"><a href=\"https:\/\/shop.cog.ca\/products\/champion\">devenir membre<\/a><\/div><\/div><\/div>\n\n\n\n<div class=\"wp-block-eup-blocks-card card--wrapper\"><div class=\"card-header\"><div class=\"card-image--wrapper\"><img decoding=\"async\" class=\"card-image\" src=\"https:\/\/cog.ca\/wp-content\/uploads\/2023\/08\/love.svg\" alt=\"\" data-id=\"1741\"\/><\/div><div class=\"card-header--text\"><div class=\"card-title\">Supporter<\/div><\/div><\/div><div class=\"card-content\"><div class=\"card-desc\"><br><strong>D\u00e9finissez le montant de votre don mensuel<\/strong><\/div><div class=\"card-meta2\">Les donateurs mensuels apportent un soutien essentiel au COG et \u00e0 l&rsquo;agriculture biologique r\u00e9g\u00e9n\u00e9rative \u00e0 travers le pays.<br><br>Avantages :<br>\u2013 Re\u00e7us fiscaux pour les dons sup\u00e9rieurs \u00e0 25 $<br>\u2013 Newsletter bihebdomadaire (facultative)<br><br><br>Les dons de 1 000 $ ou plus donnent \u00e9galement droit \u00e0 :<br>\u2013 Des remises incitatives<br>\u2013 Une remise sur la boutique en ligne du COG (15 %)<br>\u2013 Une mention dans le rapport annuel du COG (facultative)<\/div><div class=\"card-more\"><a href=\"https:\/\/cog.ca\/donate-today\/\">devenir donateur<\/a><\/div><\/div><\/div>\n\n\n\n<div class=\"wp-block-eup-blocks-card card--wrapper\"><div class=\"card-header\"><div class=\"card-image--wrapper\"><img decoding=\"async\" class=\"card-image\" src=\"https:\/\/cog.ca\/wp-content\/uploads\/2023\/08\/handshake.svg\" alt=\"\" data-id=\"1162\"\/><\/div><div class=\"card-header--text\"><div class=\"card-title\">Membre \u00e0 but non lucratif<\/div><\/div><\/div><div class=\"card-content\"><div class=\"card-desc\"><strong>\u00c0 partir de 150 $ par an<\/strong><\/div><div class=\"card-meta2\">*Les cotisations des membres \u00e0 but non lucratif sont calcul\u00e9es en fonction des revenus, comme indiqu\u00e9 ci-dessous, et sont soumises \u00e0 l&rsquo;approbation du COG.<br><br>Avantages :<br>\u2013 Droit secondaire d&rsquo;acceptation des opportunit\u00e9s de parrainage, y compris nos programmes r\u00e9gionaux et nationaux, nos recherches, nos livres, nos \u00e9v\u00e9nements et bien plus encore<br>\u2013 Droit de vote \u00e0 l&rsquo;assembl\u00e9e g\u00e9n\u00e9rale annuelle du COG et \u00e0 toute assembl\u00e9e extraordinaire des membres (1 vote)<br>\u2013 Reconnaissance de la marque dans les rapports annuels et les documents de l&rsquo;AGA<br>\u2013 Reconnaissance de la marque lors des conf\u00e9rences r\u00e9gionales \u00e0 travers le Canada o\u00f9 le COG expose\/pr\u00e9sente<br>\u2013 2 mises en avant de la marque sur les r\u00e9seaux sociaux par ann\u00e9e d&rsquo;adh\u00e9sion<br>\u2013 R\u00e9ductions sur la publicit\u00e9 num\u00e9rique<br>\u2013 Acc\u00e8s exclusif \u00e0 certains rapports et publications du COG avant leur diffusion au grand public<\/div><div class=\"card-more\"><a href=\"https:\/\/shop.cog.ca\/products\/not-for-profit-membership\">devenir membre<\/a><\/div><\/div><\/div>\n\n\n\n<div class=\"wp-block-eup-blocks-card card--wrapper\"><div class=\"card-header\"><div class=\"card-image--wrapper\"><img decoding=\"async\" class=\"card-image\" src=\"https:\/\/cog.ca\/wp-content\/uploads\/2023\/08\/handshake.svg\" alt=\"\" data-id=\"1162\"\/><\/div><div class=\"card-header--text\"><div class=\"card-title\">Membre professionnel<\/div><\/div><\/div><div class=\"card-content\"><div class=\"card-desc\"><strong>\u00c0 partir de 750 $ par an<\/strong><\/div><div class=\"card-meta2\">*Les frais d&rsquo;adh\u00e9sion pour les entreprises sont calcul\u00e9s en fonction des revenus, comme indiqu\u00e9 ci-dessous, et sont soumis \u00e0 l&rsquo;approbation du COG.<br><br>Avantages :<br>\u2013 Droit de priorit\u00e9 pour les opportunit\u00e9s de parrainage, notamment nos programmes r\u00e9gionaux et nationaux, nos recherches, nos livres, nos \u00e9v\u00e9nements et bien plus encore<br>\u2013 Droit de vote \u00e0 l&rsquo;assembl\u00e9e g\u00e9n\u00e9rale annuelle du COG et \u00e0 toute assembl\u00e9e extraordinaire des membres (1 vote)<br>\u2013 Reconnaissance de la marque dans les rapports annuels et les documents de l&rsquo;AGA<br>\u2013 Reconnaissance de la marque lors des conf\u00e9rences r\u00e9gionales \u00e0 travers le Canada o\u00f9 le COG expose\/pr\u00e9sente<br>\u2013 2 mises en avant de la marque sur les r\u00e9seaux sociaux par ann\u00e9e d&rsquo;adh\u00e9sion<br>\u2013 R\u00e9ductions sur la publicit\u00e9 num\u00e9rique<br>\u2013 Acc\u00e8s exclusif \u00e0 certains rapports et publications du COG avant leur diffusion au grand public<\/div><div class=\"card-more\"><a href=\"https:\/\/shop.cog.ca\/products\/business-membership\">devenir membre<\/a><\/div><\/div><\/div>\n<\/div><\/div>\n\n\n\n<div style=\"height:100px\" aria-hidden=\"true\" class=\"wp-block-spacer\"><\/div>\n<\/div><\/div>\n","protected":false},"excerpt":{"rendered":"<p>Rejoignez une communaut\u00e9 nationale diversifi\u00e9e compos\u00e9e d&rsquo;agriculteurs, de jardiniers, de consommateurs, de d\u00e9fenseurs du syst\u00e8me alimentaire, de gourmets et bien d&rsquo;autres passionn\u00e9s. Ensemble, nous pouvons b\u00e2tir un syst\u00e8me alimentaire et agricole biologique et r\u00e9g\u00e9n\u00e9ratif r\u00e9silient \u00e0 travers le Canada ! Depuis 50 ans, le COG est anim\u00e9 par les connaissances, l&rsquo;expertise et la passion de [&hellip;]<\/p>\n","protected":false},"author":1,"featured_media":3728,"parent":0,"menu_order":600,"comment_status":"closed","ping_status":"closed","template":"","meta":{"inline_featured_image":false,"footnotes":""},"class_list":["post-1956","page","type-page","status-publish","has-post-thumbnail","hentry"],"better_featured_image":{"id":3728,"alt_text":"","caption":"","description":"","media_type":"image","media_details":{"width":1920,"height":1280,"file":"2023\/12\/Copy-of-zoe-schaeffer-D_VjFp1ds1Y-unsplash-scaled.jpg","filesize":402480,"sizes":{"medium":{"file":"Copy-of-zoe-schaeffer-D_VjFp1ds1Y-unsplash-300x200.jpg","width":300,"height":200,"mime-type":"image\/jpeg","filesize":18372,"source_url":"https:\/\/cog.ca\/wp-content\/uploads\/2023\/12\/Copy-of-zoe-schaeffer-D_VjFp1ds1Y-unsplash-300x200.jpg"},"large":{"file":"Copy-of-zoe-schaeffer-D_VjFp1ds1Y-unsplash-1024x683.jpg","width":1024,"height":683,"mime-type":"image\/jpeg","filesize":143067,"source_url":"https:\/\/cog.ca\/wp-content\/uploads\/2023\/12\/Copy-of-zoe-schaeffer-D_VjFp1ds1Y-unsplash-1024x683.jpg"},"thumbnail":{"file":"Copy-of-zoe-schaeffer-D_VjFp1ds1Y-unsplash-150x150.jpg","width":150,"height":150,"mime-type":"image\/jpeg","filesize":7916,"source_url":"https:\/\/cog.ca\/wp-content\/uploads\/2023\/12\/Copy-of-zoe-schaeffer-D_VjFp1ds1Y-unsplash-150x150.jpg"},"post-thumbnail":{"file":"Copy-of-zoe-schaeffer-D_VjFp1ds1Y-unsplash-150x150.jpg","width":150,"height":150,"mime-type":"image\/jpeg","filesize":7916,"source_url":"https:\/\/cog.ca\/wp-content\/uploads\/2023\/12\/Copy-of-zoe-schaeffer-D_VjFp1ds1Y-unsplash-150x150.jpg"}},"image_meta":{"aperture":"0","credit":"","camera":"","caption":"","created_timestamp":"0","copyright":"","focal_length":"0","iso":"0","shutter_speed":"0","title":"","orientation":"0","keywords":[]},"original_image":"Copy-of-zoe-schaeffer-D_VjFp1ds1Y-unsplash.jpg"},"post":1956,"source_url":"https:\/\/cog.ca\/wp-content\/uploads\/2023\/12\/Copy-of-zoe-schaeffer-D_VjFp1ds1Y-unsplash-scaled.jpg"},"acf":[],"yoast_head":"<!-- This site is optimized with the Yoast SEO plugin v21.2 - https:\/\/yoast.com\/wordpress\/plugins\/seo\/ -->\n<title>Devenir membre du COG - Cultivons Biologique Canada<\/title>\n<meta name=\"robots\" content=\"index, follow, max-snippet:-1, max-image-preview:large, max-video-preview:-1\" \/>\n<link rel=\"canonical\" href=\"https:\/\/cog.ca\/fr\/become-a-member\/\" \/>\n<meta property=\"og:locale\" content=\"fr_FR\" \/>\n<meta property=\"og:type\" content=\"article\" \/>\n<meta property=\"og:title\" content=\"Devenir membre du COG - Cultivons Biologique Canada\" \/>\n<meta property=\"og:description\" content=\"Rejoignez une communaut\u00e9 nationale diversifi\u00e9e compos\u00e9e d&rsquo;agriculteurs, de jardiniers, de consommateurs, de d\u00e9fenseurs du syst\u00e8me alimentaire, de gourmets et bien d&rsquo;autres passionn\u00e9s. Ensemble, nous pouvons b\u00e2tir un syst\u00e8me alimentaire et agricole biologique et r\u00e9g\u00e9n\u00e9ratif r\u00e9silient \u00e0 travers le Canada ! Depuis 50 ans, le COG est anim\u00e9 par les connaissances, l&rsquo;expertise et la passion de [&hellip;]\" \/>\n<meta property=\"og:url\" content=\"https:\/\/cog.ca\/fr\/become-a-member\/\" \/>\n<meta property=\"og:site_name\" content=\"Cultivons Biologique Canada\" \/>\n<meta property=\"article:modified_time\" content=\"2026-01-09T20:10:05+00:00\" \/>\n<meta property=\"og:image\" content=\"https:\/\/cog.ca\/wp-content\/uploads\/2023\/12\/Copy-of-zoe-schaeffer-D_VjFp1ds1Y-unsplash-scaled.jpg\" \/>\n\t<meta property=\"og:image:width\" content=\"1920\" \/>\n\t<meta property=\"og:image:height\" content=\"1280\" \/>\n\t<meta property=\"og:image:type\" content=\"image\/jpeg\" \/>\n<meta name=\"twitter:card\" content=\"summary_large_image\" \/>\n<meta name=\"twitter:label1\" content=\"Dur\u00e9e de lecture estim\u00e9e\" \/>\n\t<meta name=\"twitter:data1\" content=\"6 minutes\" \/>\n<script type=\"application\/ld+json\" class=\"yoast-schema-graph\">{\"@context\":\"https:\/\/schema.org\",\"@graph\":[{\"@type\":\"WebPage\",\"@id\":\"https:\/\/cog.ca\/fr\/become-a-member\/\",\"url\":\"https:\/\/cog.ca\/fr\/become-a-member\/\",\"name\":\"Devenir membre du COG - Cultivons Biologique Canada\",\"isPartOf\":{\"@id\":\"https:\/\/cog.ca\/#website\"},\"datePublished\":\"2023-08-15T20:10:35+00:00\",\"dateModified\":\"2026-01-09T20:10:05+00:00\",\"breadcrumb\":{\"@id\":\"https:\/\/cog.ca\/fr\/become-a-member\/#breadcrumb\"},\"inLanguage\":\"fr-FR\",\"potentialAction\":[{\"@type\":\"ReadAction\",\"target\":[\"https:\/\/cog.ca\/fr\/become-a-member\/\"]}]},{\"@type\":\"BreadcrumbList\",\"@id\":\"https:\/\/cog.ca\/fr\/become-a-member\/#breadcrumb\",\"itemListElement\":[{\"@type\":\"ListItem\",\"position\":1,\"name\":\"Home\",\"item\":\"https:\/\/cog.ca\/fr\/\"},{\"@type\":\"ListItem\",\"position\":2,\"name\":\"Devenir membre du COG\"}]},{\"@type\":\"WebSite\",\"@id\":\"https:\/\/cog.ca\/#website\",\"url\":\"https:\/\/cog.ca\/\",\"name\":\"Cultivons Biologique Canada\",\"description\":\"\",\"publisher\":{\"@id\":\"https:\/\/cog.ca\/#organization\"},\"potentialAction\":[{\"@type\":\"SearchAction\",\"target\":{\"@type\":\"EntryPoint\",\"urlTemplate\":\"https:\/\/cog.ca\/?s={search_term_string}\"},\"query-input\":\"required name=search_term_string\"}],\"inLanguage\":\"fr-FR\"},{\"@type\":\"Organization\",\"@id\":\"https:\/\/cog.ca\/#organization\",\"name\":\"Canadian Organic Growers\",\"url\":\"https:\/\/cog.ca\/\",\"logo\":{\"@type\":\"ImageObject\",\"inLanguage\":\"fr-FR\",\"@id\":\"https:\/\/cog.ca\/#\/schema\/logo\/image\/\",\"url\":\"https:\/\/cog.ca\/wp-content\/uploads\/2023\/07\/COG_WhiteLogo_Transparent-1.png\",\"contentUrl\":\"https:\/\/cog.ca\/wp-content\/uploads\/2023\/07\/COG_WhiteLogo_Transparent-1.png\",\"width\":208,\"height\":110,\"caption\":\"Canadian Organic Growers\"},\"image\":{\"@id\":\"https:\/\/cog.ca\/#\/schema\/logo\/image\/\"}}]}<\/script>\n<!-- \/ Yoast SEO plugin. -->","yoast_head_json":{"title":"Devenir membre du COG - Cultivons Biologique Canada","robots":{"index":"index","follow":"follow","max-snippet":"max-snippet:-1","max-image-preview":"max-image-preview:large","max-video-preview":"max-video-preview:-1"},"canonical":"https:\/\/cog.ca\/fr\/become-a-member\/","og_locale":"fr_FR","og_type":"article","og_title":"Devenir membre du COG - Cultivons Biologique Canada","og_description":"Rejoignez une communaut\u00e9 nationale diversifi\u00e9e compos\u00e9e d&rsquo;agriculteurs, de jardiniers, de consommateurs, de d\u00e9fenseurs du syst\u00e8me alimentaire, de gourmets et bien d&rsquo;autres passionn\u00e9s. Ensemble, nous pouvons b\u00e2tir un syst\u00e8me alimentaire et agricole biologique et r\u00e9g\u00e9n\u00e9ratif r\u00e9silient \u00e0 travers le Canada ! Depuis 50 ans, le COG est anim\u00e9 par les connaissances, l&rsquo;expertise et la passion de [&hellip;]","og_url":"https:\/\/cog.ca\/fr\/become-a-member\/","og_site_name":"Cultivons Biologique Canada","article_modified_time":"2026-01-09T20:10:05+00:00","og_image":[{"width":1920,"height":1280,"url":"https:\/\/cog.ca\/wp-content\/uploads\/2023\/12\/Copy-of-zoe-schaeffer-D_VjFp1ds1Y-unsplash-scaled.jpg","type":"image\/jpeg"}],"twitter_card":"summary_large_image","twitter_misc":{"Dur\u00e9e de lecture estim\u00e9e":"6 minutes"},"schema":{"@context":"https:\/\/schema.org","@graph":[{"@type":"WebPage","@id":"https:\/\/cog.ca\/fr\/become-a-member\/","url":"https:\/\/cog.ca\/fr\/become-a-member\/","name":"Devenir membre du COG - Cultivons Biologique Canada","isPartOf":{"@id":"https:\/\/cog.ca\/#website"},"datePublished":"2023-08-15T20:10:35+00:00","dateModified":"2026-01-09T20:10:05+00:00","breadcrumb":{"@id":"https:\/\/cog.ca\/fr\/become-a-member\/#breadcrumb"},"inLanguage":"fr-FR","potentialAction":[{"@type":"ReadAction","target":["https:\/\/cog.ca\/fr\/become-a-member\/"]}]},{"@type":"BreadcrumbList","@id":"https:\/\/cog.ca\/fr\/become-a-member\/#breadcrumb","itemListElement":[{"@type":"ListItem","position":1,"name":"Home","item":"https:\/\/cog.ca\/fr\/"},{"@type":"ListItem","position":2,"name":"Devenir membre du COG"}]},{"@type":"WebSite","@id":"https:\/\/cog.ca\/#website","url":"https:\/\/cog.ca\/","name":"Cultivons Biologique Canada","description":"","publisher":{"@id":"https:\/\/cog.ca\/#organization"},"potentialAction":[{"@type":"SearchAction","target":{"@type":"EntryPoint","urlTemplate":"https:\/\/cog.ca\/?s={search_term_string}"},"query-input":"required name=search_term_string"}],"inLanguage":"fr-FR"},{"@type":"Organization","@id":"https:\/\/cog.ca\/#organization","name":"Canadian Organic Growers","url":"https:\/\/cog.ca\/","logo":{"@type":"ImageObject","inLanguage":"fr-FR","@id":"https:\/\/cog.ca\/#\/schema\/logo\/image\/","url":"https:\/\/cog.ca\/wp-content\/uploads\/2023\/07\/COG_WhiteLogo_Transparent-1.png","contentUrl":"https:\/\/cog.ca\/wp-content\/uploads\/2023\/07\/COG_WhiteLogo_Transparent-1.png","width":208,"height":110,"caption":"Canadian Organic Growers"},"image":{"@id":"https:\/\/cog.ca\/#\/schema\/logo\/image\/"}}]}},"_links":{"self":[{"href":"https:\/\/cog.ca\/fr\/wp-json\/wp\/v2\/pages\/1956","targetHints":{"allow":["GET"]}}],"collection":[{"href":"https:\/\/cog.ca\/fr\/wp-json\/wp\/v2\/pages"}],"about":[{"href":"https:\/\/cog.ca\/fr\/wp-json\/wp\/v2\/types\/page"}],"author":[{"embeddable":true,"href":"https:\/\/cog.ca\/fr\/wp-json\/wp\/v2\/users\/1"}],"replies":[{"embeddable":true,"href":"https:\/\/cog.ca\/fr\/wp-json\/wp\/v2\/comments?post=1956"}],"version-history":[{"count":10,"href":"https:\/\/cog.ca\/fr\/wp-json\/wp\/v2\/pages\/1956\/revisions"}],"predecessor-version":[{"id":10972,"href":"https:\/\/cog.ca\/fr\/wp-json\/wp\/v2\/pages\/1956\/revisions\/10972"}],"wp:featuredmedia":[{"embeddable":true,"href":"https:\/\/cog.ca\/fr\/wp-json\/wp\/v2\/media\/3728"}],"wp:attachment":[{"href":"https:\/\/cog.ca\/fr\/wp-json\/wp\/v2\/media?parent=1956"}],"curies":[{"name":"wp","href":"https:\/\/api.w.org\/{rel}","templated":true}]}}