{"id":10533,"date":"2024-07-05T17:11:45","date_gmt":"2024-07-05T21:11:45","guid":{"rendered":"https:\/\/cog.ca\/policy\/organic-action-plan\/"},"modified":"2025-10-28T16:49:11","modified_gmt":"2025-10-28T20:49:11","slug":"organic-action-plan","status":"publish","type":"page","link":"https:\/\/cog.ca\/fr\/policy\/organic-action-plan\/","title":{"rendered":"Plan d&rsquo;action biologique pour le Canada"},"content":{"rendered":"\n<div class=\"wp-block-group alignfull has-theme-light-background-color has-background is-layout-constrained wp-block-group-is-layout-constrained\">\n<h5 class=\"wp-block-heading has-text-align-center is-style-h2\">Une feuille de route commune pour d\u00e9velopper le secteur de l&rsquo;alimentation et de l&rsquo;agriculture biologiques au Canada<\/h5>\n\n\n\n<hr class=\"wp-block-separator has-alpha-channel-opacity is-style-accent-center\"\/>\n\n\n\n<div style=\"height:20px\" aria-hidden=\"true\" class=\"wp-block-spacer\"><\/div>\n\n\n\n<p>L&rsquo;Alliance biologique canadienne (ABC) \u2013 une coalition nationale regroupant l&rsquo;Association pour le commerce biologique du Canada (COTA), Canadian Organic Growers (COG) et la F\u00e9d\u00e9ration biologique du Canada (FBC) \u2013 et ses partenaires ont publi\u00e9 le Plan d&rsquo;action biologique pour le Canada.&nbsp;<\/p>\n\n\n\n<p><\/p>\n\n\n\n<p>\u00c9labor\u00e9 gr\u00e2ce \u00e0 une large contribution du secteur biologique, le Plan \u00e9tablit un cadre national et une vision commune pour d\u00e9velopper l&rsquo;alimentation et l&rsquo;agriculture biologiques \u00e0 travers le Canada.<\/p>\n<\/div>\n\n\n\n<div class=\"wp-block-group alignfull has-theme-grey-background-color has-background is-layout-constrained wp-block-group-is-layout-constrained\">\n<h3 class=\"wp-block-heading\">Pourquoi un Plan d&rsquo;action biologique ?<\/h3>\n\n\n\n<p>Les syst\u00e8mes alimentaires et agricoles du Canada sont soumis \u00e0 des pressions croissantes, qu&rsquo;il s&rsquo;agisse des perturbations du march\u00e9, des barri\u00e8res commerciales, des faibles marges agricoles, de l&rsquo;ins\u00e9curit\u00e9 alimentaire, de l&rsquo;acc\u00e9l\u00e9ration du changement climatique ou de la perte de biodiversit\u00e9. <strong>La mise en place d&rsquo;un syst\u00e8me agricole et alimentaire r\u00e9silient et durable est d\u00e9sormais une priorit\u00e9 urgente au niveau national.&nbsp;<\/strong><\/p>\n\n\n\n<p><\/p>\n\n\n\n<p>L&rsquo;alimentation et l&rsquo;agriculture biologiques offrent des avantages \u00e9conomiques, environnementaux et sociaux av\u00e9r\u00e9s. Le march\u00e9 biologique canadien d\u00e9passe d\u00e9sormais 9,75 milliards de dollars par an, mais le Canada ne dispose toujours pas d&rsquo;une strat\u00e9gie nationale pour tirer parti de cette opportunit\u00e9.<\/p>\n\n\n\n<p><\/p>\n\n\n\n<p>Alors que la demande augmente, la production nationale stagne et ce sont les concurrents qui comblent le vide. Les \u00c9tats-Unis investissent huit fois plus par acre dans l&rsquo;agriculture biologique que le Canada, et l&rsquo;Union europ\u00e9enne investit plus de 200 fois plus.<\/p>\n\n\n\n<p><\/p>\n\n\n\n<p>Le Plan d&rsquo;action biologique identifie les mesures n\u00e9cessaires pour renforcer et d\u00e9velopper la production et les march\u00e9s biologiques au Canada, et rendre les aliments biologiques accessibles aux Canadiens.<\/p>\n\n\n\n<div style=\"height:20px\" aria-hidden=\"true\" class=\"wp-block-spacer\"><\/div>\n\n\n\n<div class=\"wp-block-columns is-layout-flex wp-container-core-columns-is-layout-9d6595d7 wp-block-columns-is-layout-flex\">\n<div class=\"wp-block-column is-layout-flow wp-block-column-is-layout-flow\">\n<div class=\"wp-block-buttons is-content-justification-center is-layout-flex wp-container-core-buttons-is-layout-16018d1d wp-block-buttons-is-layout-flex\">\n<div class=\"wp-block-button\"><a class=\"wp-block-button__link has-inner-accent-background-color has-background wp-element-button\" href=\"https:\/\/cog.ca\/wp-content\/uploads\/2025\/10\/COA_OAP_FR.pdf\"><strong>Lire le plan d&rsquo;action biologique<\/strong><\/a><\/div>\n<\/div>\n<\/div>\n\n\n\n<div class=\"wp-block-column is-layout-flow wp-block-column-is-layout-flow\">\n<div class=\"wp-block-buttons is-content-justification-center is-layout-flex wp-container-core-buttons-is-layout-16018d1d wp-block-buttons-is-layout-flex\">\n<div class=\"wp-block-button\"><a class=\"wp-block-button__link has-inner-accent-background-color has-background wp-element-button\" href=\"https:\/\/cog.ca\/wp-content\/uploads\/2025\/10\/FR_Final-Press-Release-Organic-Action-Plan.pdf\"><strong>Lire le communiqu\u00e9 de presse<\/strong><\/a><\/div>\n<\/div>\n<\/div>\n<\/div>\n\n\n\n<div style=\"height:20px\" aria-hidden=\"true\" class=\"wp-block-spacer\"><\/div>\n\n\n\n<p>Le Plan pr\u00e9conise la collaboration entre le gouvernement, l&rsquo;industrie et la soci\u00e9t\u00e9 civile afin de lib\u00e9rer tout le potentiel de l&rsquo;alimentation et de l&rsquo;agriculture biologiques pour faire progresser les objectifs \u00e9conomiques, environnementaux et sociaux du Canada. Il trace une voie claire pour des investissements et des mesures politiques coordonn\u00e9s.<\/p>\n<\/div>\n\n\n\n<div class=\"wp-block-group alignfull has-theme-light-background-color has-background is-layout-constrained wp-block-group-is-layout-constrained\">\n<h3 class=\"wp-block-heading\">Les trois piliers du plan<\/h3>\n\n\n\n<hr class=\"wp-block-separator has-alpha-channel-opacity\"\/>\n\n\n\n<div class=\"wp-block-columns is-layout-flex wp-container-core-columns-is-layout-9d6595d7 wp-block-columns-is-layout-flex\">\n<div class=\"wp-block-column is-layout-flow wp-block-column-is-layout-flow\" style=\"flex-basis:33.33%\">\n<figure class=\"wp-block-image size-large\"><img loading=\"lazy\" decoding=\"async\" width=\"819\" height=\"1024\" src=\"https:\/\/cog.ca\/wp-content\/uploads\/2025\/10\/00_Title-Page_Left-Square_EN-819x1024.png\" alt=\"\" class=\"wp-image-10535\" style=\"aspect-ratio:1;object-fit:cover\" srcset=\"https:\/\/cog.ca\/wp-content\/uploads\/2025\/10\/00_Title-Page_Left-Square_EN-819x1024.png 819w, https:\/\/cog.ca\/wp-content\/uploads\/2025\/10\/00_Title-Page_Left-Square_EN-240x300.png 240w, https:\/\/cog.ca\/wp-content\/uploads\/2025\/10\/00_Title-Page_Left-Square_EN.png 1080w\" sizes=\"auto, (max-width: 819px) 100vw, 819px\" \/><\/figure>\n<\/div>\n\n\n\n<div class=\"wp-block-column is-vertically-aligned-top is-layout-flow wp-block-column-is-layout-flow\" style=\"flex-basis:66.66%\">\n<h6 class=\"wp-block-heading\"><strong>1. Acc\u00e9l\u00e9rer la croissance et l&rsquo;innovation dans la production biologique<\/strong><\/h6>\n\n\n\n<p>D\u00e9velopper la recherche, la formation et le soutien \u00e0 la conversion vers le bio afin de stimuler la productivit\u00e9 et l&rsquo;approvisionnement au niveau national.<\/p>\n<\/div>\n<\/div>\n\n\n\n<hr class=\"wp-block-separator has-alpha-channel-opacity\"\/>\n\n\n\n<div class=\"wp-block-columns is-layout-flex wp-container-core-columns-is-layout-9d6595d7 wp-block-columns-is-layout-flex\">\n<div class=\"wp-block-column is-layout-flow wp-block-column-is-layout-flow\" style=\"flex-basis:33.33%\">\n<figure class=\"wp-block-image size-large\"><img loading=\"lazy\" decoding=\"async\" width=\"819\" height=\"1024\" src=\"https:\/\/cog.ca\/wp-content\/uploads\/2025\/10\/00_Title-Page_Centre-Square_EN-819x1024.png\" alt=\"\" class=\"wp-image-10537\" style=\"aspect-ratio:1;object-fit:cover\" srcset=\"https:\/\/cog.ca\/wp-content\/uploads\/2025\/10\/00_Title-Page_Centre-Square_EN-819x1024.png 819w, https:\/\/cog.ca\/wp-content\/uploads\/2025\/10\/00_Title-Page_Centre-Square_EN-240x300.png 240w, https:\/\/cog.ca\/wp-content\/uploads\/2025\/10\/00_Title-Page_Centre-Square_EN.png 1080w\" sizes=\"auto, (max-width: 819px) 100vw, 819px\" \/><\/figure>\n<\/div>\n\n\n\n<div class=\"wp-block-column is-vertically-aligned-top is-layout-flow wp-block-column-is-layout-flow\" style=\"flex-basis:66.66%\">\n<h6 class=\"wp-block-heading\"><strong><strong>2. D\u00e9velopper les march\u00e9s et la demande des produits biologiques<\/strong><\/strong><\/h6>\n\n\n\n<p>Renforcer les march\u00e9s nationaux et d\u2019exportation gr\u00e2ce \u00e0 l&rsquo;am\u00e9lioration des infrastructures de transformation et de distribution, \u00e0 l\u2019approvisionnement public et \u00e0 l\u2019\u00e9ducation en mati\u00e8re d&rsquo;agriculture biologique, tout en garantissant un acc\u00e8s abordable aux consommateurs.<\/p>\n<\/div>\n<\/div>\n\n\n\n<hr class=\"wp-block-separator has-alpha-channel-opacity\"\/>\n\n\n\n<div class=\"wp-block-columns is-layout-flex wp-container-core-columns-is-layout-9d6595d7 wp-block-columns-is-layout-flex\">\n<div class=\"wp-block-column is-layout-flow wp-block-column-is-layout-flow\" style=\"flex-basis:33.33%\">\n<figure class=\"wp-block-image size-large\"><img loading=\"lazy\" decoding=\"async\" width=\"819\" height=\"1024\" src=\"https:\/\/cog.ca\/wp-content\/uploads\/2025\/10\/00_Title-Page_Right-Square_EN-819x1024.png\" alt=\"\" class=\"wp-image-10539\" style=\"aspect-ratio:1;object-fit:cover\" srcset=\"https:\/\/cog.ca\/wp-content\/uploads\/2025\/10\/00_Title-Page_Right-Square_EN-819x1024.png 819w, https:\/\/cog.ca\/wp-content\/uploads\/2025\/10\/00_Title-Page_Right-Square_EN-240x300.png 240w, https:\/\/cog.ca\/wp-content\/uploads\/2025\/10\/00_Title-Page_Right-Square_EN.png 1080w\" sizes=\"auto, (max-width: 819px) 100vw, 819px\" \/><\/figure>\n<\/div>\n\n\n\n<div class=\"wp-block-column is-vertically-aligned-top is-layout-flow wp-block-column-is-layout-flow\" style=\"flex-basis:66.66%\">\n<h6 class=\"wp-block-heading\"><strong><strong>3. Renforcer les politiques, la r\u00e9glementation et les infrastructures de donn\u00e9es relatives \u00e0 l&rsquo;agriculture biologique<\/strong><\/strong><\/h6>\n\n\n\n<p>\u00c9tablir des mesures politiques, moderniser la r\u00e9glementation et am\u00e9liorer l&rsquo;acc\u00e8s aux donn\u00e9es afin d&rsquo;orienter le d\u00e9veloppement du secteur biologique et de pr\u00e9server son int\u00e9grit\u00e9.<\/p>\n<\/div>\n<\/div>\n\n\n\n<hr class=\"wp-block-separator has-alpha-channel-opacity\"\/>\n\n\n\n<div style=\"height:20px\" aria-hidden=\"true\" class=\"wp-block-spacer\"><\/div>\n\n\n\n<p>Ces trois piliers d\u00e9finissent une feuille de route visant \u00e0 d\u00e9velopper la production biologique, \u00e0 accro\u00eetre les march\u00e9s nationaux et d&rsquo;exportation, et \u00e0 renforcer la contribution du secteur \u00e0 l&rsquo;\u00e9conomie canadienne. Le plan vise \u00e0 positionner l&rsquo;agriculture biologique comme un syst\u00e8me pr\u00eat \u00e0 \u00eatre d\u00e9velopp\u00e9 \u00e0 grande \u00e9chelle, ax\u00e9 sur le march\u00e9, qui cr\u00e9e des emplois, assure la prosp\u00e9rit\u00e9 et garantit la comp\u00e9titivit\u00e9 \u00e0 long terme.<\/p>\n<\/div>\n\n\n\n<div class=\"wp-block-group alignfull has-theme-grey-background-color has-background is-layout-constrained wp-block-group-is-layout-constrained\">\n<h3 class=\"wp-block-heading\">\u00c0 propos de l&rsquo;Alliance biologique canadienne<\/h3>\n\n\n\n<p>L&rsquo;Alliance biologique canadienne (ABC) regroupe les organisations biologiques nationales du Canada et repr\u00e9sente et soutient plus de 7 500 exploitants biologiques \u00e0 travers le pays. Ensemble, les partenaires de l&rsquo;ABC travaillent \u00e0 renforcer le secteur biologique canadien et \u00e0 garantir aux Canadiens l&rsquo;acc\u00e8s \u00e0 une alimentation saine et durable.<\/p>\n\n\n\n<div style=\"height:20px\" aria-hidden=\"true\" class=\"wp-block-spacer\"><\/div>\n\n\n\n<div class=\"wp-block-columns is-layout-flex wp-container-core-columns-is-layout-9d6595d7 wp-block-columns-is-layout-flex\">\n<div class=\"wp-block-column is-layout-flow wp-block-column-is-layout-flow\">\n<figure class=\"wp-block-image size-large\"><img loading=\"lazy\" decoding=\"async\" width=\"1024\" height=\"478\" src=\"https:\/\/cog.ca\/wp-content\/uploads\/2025\/10\/Bilingual-2-1024x478.png\" alt=\"\" class=\"wp-image-10543\" srcset=\"https:\/\/cog.ca\/wp-content\/uploads\/2025\/10\/Bilingual-2-1024x478.png 1024w, https:\/\/cog.ca\/wp-content\/uploads\/2025\/10\/Bilingual-2-300x140.png 300w, https:\/\/cog.ca\/wp-content\/uploads\/2025\/10\/Bilingual-2.png 1158w\" sizes=\"auto, (max-width: 1024px) 100vw, 1024px\" \/><\/figure>\n<\/div>\n\n\n\n<div class=\"wp-block-column is-layout-flow wp-block-column-is-layout-flow\">\n<figure class=\"wp-block-image size-full\"><img loading=\"lazy\" decoding=\"async\" width=\"1009\" height=\"531\" src=\"https:\/\/cog.ca\/wp-content\/uploads\/2025\/10\/COG_GreenLogo_Transparent-6.png\" alt=\"\" class=\"wp-image-10541\" srcset=\"https:\/\/cog.ca\/wp-content\/uploads\/2025\/10\/COG_GreenLogo_Transparent-6.png 1009w, https:\/\/cog.ca\/wp-content\/uploads\/2025\/10\/COG_GreenLogo_Transparent-6-300x158.png 300w\" sizes=\"auto, (max-width: 1009px) 100vw, 1009px\" \/><\/figure>\n<\/div>\n\n\n\n<div class=\"wp-block-column is-layout-flow wp-block-column-is-layout-flow\">\n<figure class=\"wp-block-image size-full\"><img loading=\"lazy\" decoding=\"async\" width=\"800\" height=\"300\" src=\"https:\/\/cog.ca\/wp-content\/uploads\/2025\/10\/Organic-Federation-of-Canada-OFC-Logo-3.png\" alt=\"\" class=\"wp-image-10545\" srcset=\"https:\/\/cog.ca\/wp-content\/uploads\/2025\/10\/Organic-Federation-of-Canada-OFC-Logo-3.png 800w, https:\/\/cog.ca\/wp-content\/uploads\/2025\/10\/Organic-Federation-of-Canada-OFC-Logo-3-300x113.png 300w\" sizes=\"auto, (max-width: 800px) 100vw, 800px\" \/><\/figure>\n<\/div>\n<\/div>\n\n\n\n<p><strong>Si vous souhaitez contribuer aux prochaines \u00e9tapes du plan d&rsquo;action biologique et \u00e0 sa mise en \u0153uvre, veuillez contacter<\/strong> <strong><a href=\"mailto:info@cog.ca\">info@cog.ca<\/a>.<\/strong><\/p>\n\n\n\n<div style=\"height:20px\" aria-hidden=\"true\" class=\"wp-block-spacer\"><\/div>\n<\/div>\n\n\n\n<p><\/p>\n","protected":false},"excerpt":{"rendered":"<p>A National Organic Action Plan for Canada. As Canada\u2019s organic sector advances, a focused plan is needed to ensure that our future food systems include a strong foundation in organic.<\/p>\n","protected":false},"author":4,"featured_media":10535,"parent":9904,"menu_order":313,"comment_status":"closed","ping_status":"closed","template":"","meta":{"inline_featured_image":false,"footnotes":""},"class_list":["post-10533","page","type-page","status-publish","has-post-thumbnail","hentry"],"better_featured_image":{"id":10535,"alt_text":"","caption":"","description":"","media_type":"image","media_details":{"width":1080,"height":1350,"file":"2025\/10\/00_Title-Page_Left-Square_EN.png","filesize":1871030,"sizes":{"medium":{"file":"00_Title-Page_Left-Square_EN-240x300.png","width":240,"height":300,"mime-type":"image\/png","filesize":113296,"source_url":"https:\/\/cog.ca\/wp-content\/uploads\/2025\/10\/00_Title-Page_Left-Square_EN-240x300.png"},"large":{"file":"00_Title-Page_Left-Square_EN-819x1024.png","width":819,"height":1024,"mime-type":"image\/png","filesize":1160436,"source_url":"https:\/\/cog.ca\/wp-content\/uploads\/2025\/10\/00_Title-Page_Left-Square_EN-819x1024.png"},"thumbnail":{"file":"00_Title-Page_Left-Square_EN-150x150.png","width":150,"height":150,"mime-type":"image\/png","filesize":35340,"source_url":"https:\/\/cog.ca\/wp-content\/uploads\/2025\/10\/00_Title-Page_Left-Square_EN-150x150.png"},"post-thumbnail":{"file":"00_Title-Page_Left-Square_EN-150x150.png","width":150,"height":150,"mime-type":"image\/png","filesize":35340,"source_url":"https:\/\/cog.ca\/wp-content\/uploads\/2025\/10\/00_Title-Page_Left-Square_EN-150x150.png"}},"image_meta":{"aperture":"0","credit":"","camera":"","caption":"","created_timestamp":"0","copyright":"","focal_length":"0","iso":"0","shutter_speed":"0","title":"","orientation":"0","keywords":[]}},"post":10533,"source_url":"https:\/\/cog.ca\/wp-content\/uploads\/2025\/10\/00_Title-Page_Left-Square_EN.png"},"acf":[],"yoast_head":"<!-- This site is optimized with the Yoast SEO plugin v21.2 - https:\/\/yoast.com\/wordpress\/plugins\/seo\/ -->\n<title>Plan d&#039;action biologique pour le Canada - Cultivons Biologique Canada<\/title>\n<meta name=\"robots\" content=\"index, follow, max-snippet:-1, max-image-preview:large, max-video-preview:-1\" \/>\n<link rel=\"canonical\" href=\"https:\/\/cog.ca\/fr\/policy\/organic-action-plan\/\" \/>\n<meta property=\"og:locale\" content=\"fr_FR\" \/>\n<meta property=\"og:type\" content=\"article\" \/>\n<meta property=\"og:title\" content=\"Plan d&#039;action biologique pour le Canada - Cultivons Biologique Canada\" \/>\n<meta property=\"og:description\" content=\"A National Organic Action Plan for Canada. As Canada\u2019s organic sector advances, a focused plan is needed to ensure that our future food systems include a strong foundation in organic.\" \/>\n<meta property=\"og:url\" content=\"https:\/\/cog.ca\/fr\/policy\/organic-action-plan\/\" \/>\n<meta property=\"og:site_name\" content=\"Cultivons Biologique Canada\" \/>\n<meta property=\"article:modified_time\" content=\"2025-10-28T20:49:11+00:00\" \/>\n<meta property=\"og:image\" content=\"https:\/\/cog.ca\/wp-content\/uploads\/2025\/10\/00_Title-Page_Left-Square_EN.png\" \/>\n\t<meta property=\"og:image:width\" content=\"1080\" \/>\n\t<meta property=\"og:image:height\" content=\"1350\" \/>\n\t<meta property=\"og:image:type\" content=\"image\/png\" \/>\n<meta name=\"twitter:card\" content=\"summary_large_image\" \/>\n<meta name=\"twitter:label1\" content=\"Dur\u00e9e de lecture estim\u00e9e\" \/>\n\t<meta name=\"twitter:data1\" content=\"4 minutes\" \/>\n<script type=\"application\/ld+json\" class=\"yoast-schema-graph\">{\"@context\":\"https:\/\/schema.org\",\"@graph\":[{\"@type\":\"WebPage\",\"@id\":\"https:\/\/cog.ca\/fr\/policy\/organic-action-plan\/\",\"url\":\"https:\/\/cog.ca\/fr\/policy\/organic-action-plan\/\",\"name\":\"Plan d'action biologique pour le Canada - Cultivons Biologique Canada\",\"isPartOf\":{\"@id\":\"https:\/\/cog.ca\/#website\"},\"datePublished\":\"2024-07-05T21:11:45+00:00\",\"dateModified\":\"2025-10-28T20:49:11+00:00\",\"breadcrumb\":{\"@id\":\"https:\/\/cog.ca\/fr\/policy\/organic-action-plan\/#breadcrumb\"},\"inLanguage\":\"fr-FR\",\"potentialAction\":[{\"@type\":\"ReadAction\",\"target\":[\"https:\/\/cog.ca\/fr\/policy\/organic-action-plan\/\"]}]},{\"@type\":\"BreadcrumbList\",\"@id\":\"https:\/\/cog.ca\/fr\/policy\/organic-action-plan\/#breadcrumb\",\"itemListElement\":[{\"@type\":\"ListItem\",\"position\":1,\"name\":\"Home\",\"item\":\"https:\/\/cog.ca\/fr\/\"},{\"@type\":\"ListItem\",\"position\":2,\"name\":\"Politiques\",\"item\":\"https:\/\/cog.ca\/fr\/policy\/\"},{\"@type\":\"ListItem\",\"position\":3,\"name\":\"Plan d&#8217;action biologique pour le Canada\"}]},{\"@type\":\"WebSite\",\"@id\":\"https:\/\/cog.ca\/#website\",\"url\":\"https:\/\/cog.ca\/\",\"name\":\"Cultivons Biologique Canada\",\"description\":\"\",\"publisher\":{\"@id\":\"https:\/\/cog.ca\/#organization\"},\"potentialAction\":[{\"@type\":\"SearchAction\",\"target\":{\"@type\":\"EntryPoint\",\"urlTemplate\":\"https:\/\/cog.ca\/?s={search_term_string}\"},\"query-input\":\"required name=search_term_string\"}],\"inLanguage\":\"fr-FR\"},{\"@type\":\"Organization\",\"@id\":\"https:\/\/cog.ca\/#organization\",\"name\":\"Canadian Organic Growers\",\"url\":\"https:\/\/cog.ca\/\",\"logo\":{\"@type\":\"ImageObject\",\"inLanguage\":\"fr-FR\",\"@id\":\"https:\/\/cog.ca\/#\/schema\/logo\/image\/\",\"url\":\"https:\/\/cog.ca\/wp-content\/uploads\/2023\/07\/COG_WhiteLogo_Transparent-1.png\",\"contentUrl\":\"https:\/\/cog.ca\/wp-content\/uploads\/2023\/07\/COG_WhiteLogo_Transparent-1.png\",\"width\":208,\"height\":110,\"caption\":\"Canadian Organic Growers\"},\"image\":{\"@id\":\"https:\/\/cog.ca\/#\/schema\/logo\/image\/\"}}]}<\/script>\n<!-- \/ Yoast SEO plugin. -->","yoast_head_json":{"title":"Plan d'action biologique pour le Canada - Cultivons Biologique Canada","robots":{"index":"index","follow":"follow","max-snippet":"max-snippet:-1","max-image-preview":"max-image-preview:large","max-video-preview":"max-video-preview:-1"},"canonical":"https:\/\/cog.ca\/fr\/policy\/organic-action-plan\/","og_locale":"fr_FR","og_type":"article","og_title":"Plan d'action biologique pour le Canada - Cultivons Biologique Canada","og_description":"A National Organic Action Plan for Canada. As Canada\u2019s organic sector advances, a focused plan is needed to ensure that our future food systems include a strong foundation in organic.","og_url":"https:\/\/cog.ca\/fr\/policy\/organic-action-plan\/","og_site_name":"Cultivons Biologique Canada","article_modified_time":"2025-10-28T20:49:11+00:00","og_image":[{"width":1080,"height":1350,"url":"https:\/\/cog.ca\/wp-content\/uploads\/2025\/10\/00_Title-Page_Left-Square_EN.png","type":"image\/png"}],"twitter_card":"summary_large_image","twitter_misc":{"Dur\u00e9e de lecture estim\u00e9e":"4 minutes"},"schema":{"@context":"https:\/\/schema.org","@graph":[{"@type":"WebPage","@id":"https:\/\/cog.ca\/fr\/policy\/organic-action-plan\/","url":"https:\/\/cog.ca\/fr\/policy\/organic-action-plan\/","name":"Plan d'action biologique pour le Canada - Cultivons Biologique Canada","isPartOf":{"@id":"https:\/\/cog.ca\/#website"},"datePublished":"2024-07-05T21:11:45+00:00","dateModified":"2025-10-28T20:49:11+00:00","breadcrumb":{"@id":"https:\/\/cog.ca\/fr\/policy\/organic-action-plan\/#breadcrumb"},"inLanguage":"fr-FR","potentialAction":[{"@type":"ReadAction","target":["https:\/\/cog.ca\/fr\/policy\/organic-action-plan\/"]}]},{"@type":"BreadcrumbList","@id":"https:\/\/cog.ca\/fr\/policy\/organic-action-plan\/#breadcrumb","itemListElement":[{"@type":"ListItem","position":1,"name":"Home","item":"https:\/\/cog.ca\/fr\/"},{"@type":"ListItem","position":2,"name":"Politiques","item":"https:\/\/cog.ca\/fr\/policy\/"},{"@type":"ListItem","position":3,"name":"Plan d&#8217;action biologique pour le Canada"}]},{"@type":"WebSite","@id":"https:\/\/cog.ca\/#website","url":"https:\/\/cog.ca\/","name":"Cultivons Biologique Canada","description":"","publisher":{"@id":"https:\/\/cog.ca\/#organization"},"potentialAction":[{"@type":"SearchAction","target":{"@type":"EntryPoint","urlTemplate":"https:\/\/cog.ca\/?s={search_term_string}"},"query-input":"required name=search_term_string"}],"inLanguage":"fr-FR"},{"@type":"Organization","@id":"https:\/\/cog.ca\/#organization","name":"Canadian Organic Growers","url":"https:\/\/cog.ca\/","logo":{"@type":"ImageObject","inLanguage":"fr-FR","@id":"https:\/\/cog.ca\/#\/schema\/logo\/image\/","url":"https:\/\/cog.ca\/wp-content\/uploads\/2023\/07\/COG_WhiteLogo_Transparent-1.png","contentUrl":"https:\/\/cog.ca\/wp-content\/uploads\/2023\/07\/COG_WhiteLogo_Transparent-1.png","width":208,"height":110,"caption":"Canadian Organic Growers"},"image":{"@id":"https:\/\/cog.ca\/#\/schema\/logo\/image\/"}}]}},"_links":{"self":[{"href":"https:\/\/cog.ca\/fr\/wp-json\/wp\/v2\/pages\/10533","targetHints":{"allow":["GET"]}}],"collection":[{"href":"https:\/\/cog.ca\/fr\/wp-json\/wp\/v2\/pages"}],"about":[{"href":"https:\/\/cog.ca\/fr\/wp-json\/wp\/v2\/types\/page"}],"author":[{"embeddable":true,"href":"https:\/\/cog.ca\/fr\/wp-json\/wp\/v2\/users\/4"}],"replies":[{"embeddable":true,"href":"https:\/\/cog.ca\/fr\/wp-json\/wp\/v2\/comments?post=10533"}],"version-history":[{"count":6,"href":"https:\/\/cog.ca\/fr\/wp-json\/wp\/v2\/pages\/10533\/revisions"}],"predecessor-version":[{"id":10599,"href":"https:\/\/cog.ca\/fr\/wp-json\/wp\/v2\/pages\/10533\/revisions\/10599"}],"up":[{"embeddable":true,"href":"https:\/\/cog.ca\/fr\/wp-json\/wp\/v2\/pages\/9904"}],"wp:featuredmedia":[{"embeddable":true,"href":"https:\/\/cog.ca\/fr\/wp-json\/wp\/v2\/media\/10535"}],"wp:attachment":[{"href":"https:\/\/cog.ca\/fr\/wp-json\/wp\/v2\/media?parent=10533"}],"curies":[{"name":"wp","href":"https:\/\/api.w.org\/{rel}","templated":true}]}}